{"id":785,"date":"2021-08-30T00:43:57","date_gmt":"2021-08-29T22:43:57","guid":{"rendered":"https:\/\/chartreux.org\/moniales\/?page_id=785"},"modified":"2023-05-03T15:33:38","modified_gmt":"2023-05-03T13:33:38","slug":"texts","status":"publish","type":"page","link":"https:\/\/chartreux.org\/moniales\/resources\/texts\/","title":{"rendered":"Textes"},"content":{"rendered":"\n<h3 class=\"wp-block-heading\">1. Statuts des moniales chartreuses<\/h3>\n\n\n\n<p style=\"font-size:21px\"><a href=\"https:\/\/chartreux.org\/moniales\/wp-content\/plugins\/pdfjs-viewer-shortcode\/pdfjs\/web\/viewer.php?file=\/moniales\/wp-content\/uploads\/2020\/08\/Statuts-Moniales-Textes-pour-Internet.pdf&amp;dButton=false&amp;pButton=false&amp;oButton=false&amp;sButton=true&amp;v=1.5.4#zoom=auto&amp;pagemode=bookmarks\" target=\"_blank\" rel=\"noreferrer noopener\"><strong>Statuts des Moniales Chartreuses<\/strong><\/a><\/p>\n\n\n\n<h3 class=\"wp-block-heading\">2. Textes liturgiques<\/h3>\n\n\n\n<h4 class=\"wp-block-heading\"><mark style=\"background-color:rgba(0, 0, 0, 0)\" class=\"has-inline-color has-vivid-red-color\">Avertissement<\/mark><\/h4>\n\n\n\n<p><mark style=\"background-color:rgba(0, 0, 0, 0)\" class=\"has-inline-color has-vivid-red-color\">Nos livres liturgiques n&rsquo;ont pas encore re\u00e7u la reconnaissance officielle de Rome (apr\u00e8s la r\u00e9novation de la liturgie demand\u00e9e par le Concile Vatican\u00a0II). Ils sont donn\u00e9s sur le site \u00e0 titre purement indicatif et sans pr\u00e9sumer aucunement de la dite reconnaissance.<\/mark><\/p>\n\n\n\n<ul class=\"f2 ecarteur3 nopuce\">\n \t<li>Graduale cartusiense\n<ul class=\"f0 nopuce\">\n \t<li><a class=\"pdf\" href=\"https:\/\/chartreux.org\/moniales\/wp-content\/plugins\/pdfjs-viewer-shortcode\/pdfjs\/web\/viewer.php?file=\/moniales\/wp-content\/uploads\/2020\/08\/Graduel_1.pdf&amp;dButton=true&amp;pButton=true&amp;oButton=false&amp;sButton=true&amp;v=1.5.4#zoom=auto&amp;pagemode=none\">Graduel 1 (temporal)<\/a> <\/li>\n \t<li><a class=\"pdf\" href=\"https:\/\/chartreux.org\/moniales\/wp-content\/plugins\/pdfjs-viewer-shortcode\/pdfjs\/web\/viewer.php?file=https:\/\/chartreux.org\/la\/scriptum\/graduel_2.pdf&amp;dButton=true&amp;pButton=true&amp;oButton=false&amp;sButton=true&amp;v=1.5.4#zoom=auto&amp;pagemode=bookmarks\">Graduel 2 (sanctoral)<\/a> <\/li>\n<\/ul>\n<\/li>\n \t<li><a class=\"pdf\" href=\"https:\/\/chartreux.org\/moniales\/wp-content\/plugins\/pdfjs-viewer-shortcode\/pdfjs\/web\/viewer.php?file=https:\/\/chartreux.org\/la\/scriptum\/psalterium_nocturnum.pdf&amp;dButton=true&amp;pButton=true&amp;oButton=false&amp;sButton=true&amp;v=1.5.4#zoom=auto&amp;pagemode=bookmarks\">Psalterium nocturnum<\/a> <\/li>\n \t<li>Antiphonarium nocturnum\n<ul class=\"f0 nopuce\">\n \t<li><a class=\"pdf\" href=\"https:\/\/chartreux.org\/moniales\/wp-content\/plugins\/pdfjs-viewer-shortcode\/pdfjs\/web\/viewer.php?file=https:\/\/chartreux.org\/la\/scriptum\/antiphonarium_nocturnum_1-105_temporal_1.pdf&amp;dButton=true&amp;pButton=true&amp;oButton=false&amp;sButton=true&amp;v=1.5.4#zoom=auto&amp;pagemode=bookmarks\">Temporal jusqu&rsquo;\u00e0 P\u00e2ques <\/a> <\/li>\n \t<li><a class=\"pdf\" href=\"https:\/\/chartreux.org\/moniales\/wp-content\/plugins\/pdfjs-viewer-shortcode\/pdfjs\/web\/viewer.php?file=https:\/\/chartreux.org\/la\/scriptum\/antiphonarium_nocturnum_106-163_temporal_2.pdf&amp;dButton=true&amp;pButton=true&amp;oButton=false&amp;sButton=true&amp;v=1.5.4#zoom=auto&amp;pagemode=bookmarks\">Temporal apr\u00e8s P\u00e2ques<\/a> <\/li>\n \t<li><a class=\"pdf\" href=\"https:\/\/chartreux.org\/moniales\/wp-content\/plugins\/pdfjs-viewer-shortcode\/pdfjs\/web\/viewer.php?file=https:\/\/chartreux.org\/la\/scriptum\/antiphonarium_nocturnum_164-297_sanctoral.pdf&amp;dButton=true&amp;pButton=true&amp;oButton=false&amp;sButton=true&amp;v=1.5.4#zoom=auto&amp;pagemode=bookmarks\">Sanctoral<\/a> <\/li>\n<\/ul>\n<\/li>\n \t<li><a class=\"pdf\" href=\"https:\/\/chartreux.org\/moniales\/wp-content\/plugins\/pdfjs-viewer-shortcode\/pdfjs\/web\/viewer.php?file=https:\/\/chartreux.org\/la\/scriptum\/vesperale_cartusiense.pdf&amp;dButton=true&amp;pButton=true&amp;oButton=false&amp;sButton=true&amp;v=1.5.4#zoom=auto&amp;pagemode=bookmarks\">Vesperale cartusiense<\/a><\/li>\n \t<li><a class=\"pdf\" href=\"https:\/\/chartreux.org\/moniales\/wp-content\/plugins\/pdfjs-viewer-shortcode\/pdfjs\/web\/viewer.php?file=https:\/\/chartreux.org\/la\/scriptum\/hymni_v16.pdf&amp;dButton=true&amp;pButton=true&amp;oButton=false&amp;sButton=true&amp;v=1.5.4#zoom=auto&amp;pagemode=bookmarks\">Hymnarium<\/a> <\/li>\n \t<li><a class=\"zip\" href=\"\/la\/scriptum\/diurnale_cartusiense.zip\">Diurnale Cartusiense<\/a> [ZIP]<\/li>\n \t<li><a class=\"pdf\" href=\"https:\/\/chartreux.org\/moniales\/wp-content\/plugins\/pdfjs-viewer-shortcode\/pdfjs\/web\/viewer.php?file=https:\/\/chartreux.org\/fr\/textes\/diurnal_francais.pdf&amp;dButton=true&amp;pButton=true&amp;oButton=false&amp;sButton=true&amp;v=1.5.4#zoom=auto&amp;pagemode=bookmarks\n\">Diurnal Cartusien<\/a> <\/li>\n \t<li>Diurnal : <a href=\"https:\/\/chartreux.org\/en\/texts\/diurnal_anglais_complet_v7.zip\">Anglais<\/a>[ZIP]<\/li>\n \t<li>Lectionnaires\n<ul class=\"f0 nopuce\">\n \t<li><a class=\"zip\" href=\"\/fr\/textes\/temporal_a.zip\">Temporal A<\/a> [ZIP]<\/li>\n \t<li><a class=\"zip\" href=\"\/fr\/textes\/sanctoral_a.zip\">Sanctoral A<\/a> [ZIP]<\/li>\n \t<li><a class=\"zip\" href=\"\/fr\/textes\/temporal_b.zip\">Temporal B<\/a> [ZIP]<\/li>\n \t<li><a class=\"zip\" href=\"\/fr\/textes\/sanctoral_b.zip\">Sanctoral B<\/a> [ZIP]<\/li>\n \t<li><a class=\"zip\" href=\"\/fr\/textes\/temporal_c.zip\">Temporal C<\/a> [ZIP]<\/li>\n \t<li><a class=\"zip\" href=\"\/fr\/textes\/sanctoral_c.zip\">Sanctoral C<\/a> [ZIP]<\/li>\n \t<li><a class=\"zip\" href=\"\/fr\/textes\/lectionnaire_2e_nocturne_b.zip\">2e nocturne B<\/a> [ZIP]<\/li>\n \t<li><a class=\"pdf\" href=\"https:\/\/chartreux.org\/moniales\/wp-content\/plugins\/pdfjs-viewer-shortcode\/pdfjs\/web\/viewer.php?file=https:\/\/chartreux.org\/fr\/textes\/lectionnaire_2e_nocturne_c.pdf&amp;dButton=true&amp;pButton=true&amp;oButton=false&amp;sButton=true&amp;v=1.5.4#zoom=auto&amp;pagemode=bookmarks\">2e nocturne C<\/a> <\/li>\n \t<li><a class=\"pdf\" href=\"https:\/\/chartreux.org\/moniales\/wp-content\/plugins\/pdfjs-viewer-shortcode\/pdfjs\/web\/viewer.php?file=https:\/\/chartreux.org\/fr\/textes\/lectionnaire_supplement_2006.pdf&amp;dButton=true&amp;pButton=true&amp;oButton=false&amp;sButton=true&amp;v=1.5.4#zoom=auto&amp;pagemode=bookmarks\">Suppl\u00e9ment<\/a> <\/li>\n<\/ul>\n<\/li>\n<\/ul>\n<a href=\"\/fr\/textes\/liturgie-question-frequentes.php\">Questions fr\u00e9quentes sur la liturgie<\/a>\n\n\n\n<div style=\"height:20px\" aria-hidden=\"true\" class=\"wp-block-spacer\"><\/div>\n\n\n\n<h3 class=\"wp-block-heading\">3. Documents du Saint-Si\u00e8ge<\/h3>\n\n\n\n<ul class=\"wp-block-list\">\n<li><a href=\"https:\/\/chartreux.org\/moniales\/wp-content\/plugins\/pdfjs-viewer-shortcode\/pdfjs\/web\/viewer.php?file=\/moniales\/wp-content\/uploads\/2020\/08\/Jean-Paul-II_Vita_Consecrata-Extraits.pdf&amp;dButton=true&amp;pButton=true&amp;oButton=false&amp;sButton=true&amp;v=1.5.4#zoom=auto&amp;pagemode=none\">Jean-Paul II : Vita Consecrata (Extraits)<\/a><\/li>\n\n\n\n<li><a href=\"https:\/\/chartreux.org\/moniales\/wp-content\/plugins\/pdfjs-viewer-shortcode\/pdfjs\/web\/viewer.php?file=\/moniales\/wp-content\/uploads\/2020\/09\/Francois_Vultum-dei-quaerere_fr.pdf&amp;dButton=true&amp;pButton=true&amp;oButton=false&amp;sButton=true&amp;v=1.5.4#zoom=auto&amp;pagemode=none\">Pape Fran\u00e7ois : Vultum Dei quaerere<\/a><\/li>\n<\/ul>\n\n\n\n<p>Pour les textes adress\u00e9s \u00e0 l&rsquo;Ordre Cartusien, voir la page moines<\/p>\n\n\n\n<h3 class=\"wp-block-heading\">4. Spiritualit\u00e9<\/h3>\n\n\n\n<ul class=\"wp-block-list\">\n<li><a href=\"https:\/\/chartreux.org\/moniales\/wp-content\/plugins\/pdfjs-viewer-shortcode\/pdfjs\/web\/viewer.php?file=\/moniales\/wp-content\/uploads\/2020\/09\/Le-Masson_Retraites-pour-religieuses-chartreuses.pdf&amp;dButton=true&amp;pButton=true&amp;oButton=false&amp;sButton=true&amp;v=1.5.4#zoom=auto&amp;pagemode=none\">Dom Le Masson : Retraites pour religieuses chartreuses<\/a><\/li>\n\n\n\n<li><a href=\"https:\/\/chartreux.org\/moniales\/wp-content\/plugins\/pdfjs-viewer-shortcode\/pdfjs\/web\/viewer.php?file=\/moniales\/wp-content\/uploads\/2020\/09\/Marguerite-dOingt_Le-miroir.pdf&amp;dButton=true&amp;pButton=true&amp;oButton=false&amp;sButton=true&amp;v=1.5.4#zoom=auto&amp;pagemode=none\">Marguerite d&rsquo; Oingt : Le miroir<\/a><\/li>\n\n\n\n<li><a href=\"https:\/\/chartreux.org\/moniales\/wp-content\/plugins\/pdfjs-viewer-shortcode\/pdfjs\/web\/viewer.php?file=\/moniales\/wp-content\/uploads\/2020\/09\/D.-Andre-Poisson-a-une-moniale.pdf&amp;dButton=true&amp;pButton=true&amp;oButton=false&amp;sButton=true&amp;v=1.5.4#zoom=auto&amp;pagemode=none\">D. Andre Poisson \u00e0 une moniale<\/a> <\/li>\n\n\n\n<li><a href=\"https:\/\/chartreux.org\/moniales\/wp-content\/plugins\/pdfjs-viewer-shortcode\/pdfjs\/web\/viewer.php?file=\/moniales\/wp-content\/uploads\/2020\/09\/Neuvaine-St-Roseline-bklt.pdf&amp;dButton=true&amp;pButton=true&amp;oButton=false&amp;sButton=true&amp;v=1.5.4#zoom=auto&amp;pagemode=none\">Neuvaine \u00e0 Sainte Roseline<\/a><\/li>\n<\/ul>\n\n\n\n<p class=\"has-medium-font-size\"><a rel=\"noreferrer noopener\" href=\"http:\/\/textes.chartreux.org\/fr\/textes\/bibliographie.php\" target=\"_blank\"><strong>Textes spirituels et autres<\/strong><\/a><\/p>\n\n\n\n<h3 class=\"wp-block-heading\">5. Conf\u00e9rences<\/h3>\n\n\n\n<p>Nathalie Nabert : \u00c9prises de Dieu: les Moniales Chartreuses, la vocation f\u00e9minine dans l\u2019Ordre des Chartreux.<\/p>\n\n\n\n<figure class=\"wp-block-audio\"><audio controls src=\"https:\/\/chartreux.org\/moniales\/wp-content\/uploads\/2020\/09\/Eprises-de-Dieu_Conference-N.-Nabert.mp3\"><\/audio><\/figure>\n\n\n\n<p><\/p>\n","protected":false},"excerpt":{"rendered":"<p>1. Statuts des moniales chartreuses Statuts des Moniales Chartreuses 2. Textes liturgiques Avertissement Nos livres liturgiques [&hellip;]<\/p>\n","protected":false},"author":1,"featured_media":0,"parent":2066,"menu_order":3,"comment_status":"closed","ping_status":"closed","template":"template-full-width.php","meta":{"footnotes":""},"class_list":["post-785","page","type-page","status-publish","hentry"],"_links":{"self":[{"href":"https:\/\/chartreux.org\/moniales\/wp-json\/wp\/v2\/pages\/785","targetHints":{"allow":["GET"]}}],"collection":[{"href":"https:\/\/chartreux.org\/moniales\/wp-json\/wp\/v2\/pages"}],"about":[{"href":"https:\/\/chartreux.org\/moniales\/wp-json\/wp\/v2\/types\/page"}],"author":[{"embeddable":true,"href":"https:\/\/chartreux.org\/moniales\/wp-json\/wp\/v2\/users\/1"}],"replies":[{"embeddable":true,"href":"https:\/\/chartreux.org\/moniales\/wp-json\/wp\/v2\/comments?post=785"}],"version-history":[{"count":69,"href":"https:\/\/chartreux.org\/moniales\/wp-json\/wp\/v2\/pages\/785\/revisions"}],"predecessor-version":[{"id":3943,"href":"https:\/\/chartreux.org\/moniales\/wp-json\/wp\/v2\/pages\/785\/revisions\/3943"}],"up":[{"embeddable":true,"href":"https:\/\/chartreux.org\/moniales\/wp-json\/wp\/v2\/pages\/2066"}],"wp:attachment":[{"href":"https:\/\/chartreux.org\/moniales\/wp-json\/wp\/v2\/media?parent=785"}],"curies":[{"name":"wp","href":"https:\/\/api.w.org\/{rel}","templated":true}]}}