{"id":3668,"date":"2021-11-10T19:46:32","date_gmt":"2021-11-10T18:46:32","guid":{"rendered":"https:\/\/chartreux.org\/moniales\/?page_id=3668"},"modified":"2022-08-19T17:53:00","modified_gmt":"2022-08-19T15:53:00","slug":"humor","status":"publish","type":"page","link":"https:\/\/chartreux.org\/moniales\/de\/ressourcen\/humor\/","title":{"rendered":"Humor"},"content":{"rendered":"<div class=\"wp-block-image\">\n<figure class=\"aligncenter size-full\"><img loading=\"lazy\" decoding=\"async\" width=\"773\" height=\"900\" src=\"https:\/\/chartreux.org\/moniales\/wp-content\/uploads\/2021\/11\/mon01bonrecOK.jpg\" alt=\"\" class=\"wp-image-3235\" srcset=\"https:\/\/chartreux.org\/moniales\/wp-content\/uploads\/2021\/11\/mon01bonrecOK.jpg 773w, https:\/\/chartreux.org\/moniales\/wp-content\/uploads\/2021\/11\/mon01bonrecOK-258x300.jpg 258w, https:\/\/chartreux.org\/moniales\/wp-content\/uploads\/2021\/11\/mon01bonrecOK-768x894.jpg 768w\" sizes=\"auto, (max-width: 773px) 100vw, 773px\" \/><\/figure>\n<\/div>\n\n\n<div class=\"wp-block-columns is-layout-flex wp-container-core-columns-is-layout-9d6595d7 wp-block-columns-is-layout-flex\">\n<div class=\"wp-block-column is-layout-flow wp-block-column-is-layout-flow\">\n<figure class=\"wp-block-image size-full\"><img loading=\"lazy\" decoding=\"async\" width=\"593\" height=\"830\" src=\"https:\/\/chartreux.org\/moniales\/wp-content\/uploads\/2022\/05\/Una-Vida-Cov_ESP.jpg\" alt=\"\" class=\"wp-image-3605\" srcset=\"https:\/\/chartreux.org\/moniales\/wp-content\/uploads\/2022\/05\/Una-Vida-Cov_ESP.jpg 593w, https:\/\/chartreux.org\/moniales\/wp-content\/uploads\/2022\/05\/Una-Vida-Cov_ESP-214x300.jpg 214w\" sizes=\"auto, (max-width: 593px) 100vw, 593px\" \/><\/figure>\n\n\n\n<p class=\"has-text-align-center\"><em>Una vida y un mensaje<\/em><br>[<a href=\"https:\/\/chartreux.org\/moniales\/wp-content\/uploads\/2022\/06\/English_UNA-VIDA-Y-UN-MENSAJE.pdf\">Anglais<\/a> &#8211; <a href=\"https:\/\/chartreux.org\/moniales\/wp-content\/uploads\/2022\/05\/UNA-VIDA-Y-UN-MENSAJE_ESP-1.pdf\">Espa\u00f1ol<\/a>]<\/p>\n<\/div>\n\n\n\n<div class=\"wp-block-column is-layout-flow wp-block-column-is-layout-flow\">\n<figure class=\"wp-block-image size-large\"><img loading=\"lazy\" decoding=\"async\" width=\"1024\" height=\"724\" src=\"https:\/\/chartreux.org\/moniales\/wp-content\/uploads\/2022\/03\/couv_PrebayonII-e1648926062727-1024x724.jpg\" alt=\"\" class=\"wp-image-3548\" srcset=\"https:\/\/chartreux.org\/moniales\/wp-content\/uploads\/2022\/03\/couv_PrebayonII-e1648926062727-1024x724.jpg 1024w, https:\/\/chartreux.org\/moniales\/wp-content\/uploads\/2022\/03\/couv_PrebayonII-e1648926062727-300x212.jpg 300w, https:\/\/chartreux.org\/moniales\/wp-content\/uploads\/2022\/03\/couv_PrebayonII-e1648926062727-768x543.jpg 768w, https:\/\/chartreux.org\/moniales\/wp-content\/uploads\/2022\/03\/couv_PrebayonII-e1648926062727.jpg 1244w\" sizes=\"auto, (max-width: 1024px) 100vw, 1024px\" \/><\/figure>\n\n\n\n<p class=\"has-text-align-center\"><em>La vie quotidienne des<br>hyper-petites soeurs<br>de Pr\u00e9bayon II<\/em><br>[<a href=\"https:\/\/chartreux.org\/moniales\/wp-content\/uploads\/2022\/04\/La-vie-quotidienne-Prebayon-II.pdf\">Fran\u00e7ais<\/a>]<\/p>\n<\/div>\n\n\n\n<div class=\"wp-block-column is-layout-flow wp-block-column-is-layout-flow\">\n<figure class=\"wp-block-image size-full\"><img loading=\"lazy\" decoding=\"async\" width=\"643\" height=\"643\" src=\"https:\/\/chartreux.org\/moniales\/wp-content\/uploads\/2022\/04\/Echelle_couv.jpg\" alt=\"\" class=\"wp-image-3569\" srcset=\"https:\/\/chartreux.org\/moniales\/wp-content\/uploads\/2022\/04\/Echelle_couv.jpg 643w, https:\/\/chartreux.org\/moniales\/wp-content\/uploads\/2022\/04\/Echelle_couv-300x300.jpg 300w, https:\/\/chartreux.org\/moniales\/wp-content\/uploads\/2022\/04\/Echelle_couv-150x150.jpg 150w\" sizes=\"auto, (max-width: 643px) 100vw, 643px\" \/><\/figure>\n\n\n\n<p class=\"has-text-align-center\"><em>L&rsquo;\u00e9chelle du Paradis<br>des moniales chartreuses<\/em><br>[<a href=\"https:\/\/chartreux.org\/moniales\/wp-content\/uploads\/2022\/04\/FR-E\u0301chelle-du-Paradis-des-Moniales-Chartreuses.pdf\">Fran\u00e7ais<\/a> &#8211; <a href=\"https:\/\/chartreux.org\/moniales\/wp-content\/uploads\/2022\/04\/IT-La-scala-del-paradiso-delle-monache-certosine.pdf\">Italiano<\/a>]<\/p>\n<\/div>\n<\/div>\n\n\n\n<p><\/p>\n","protected":false},"excerpt":{"rendered":"<p>Una vida y un mensaje[Anglais &#8211; Espa\u00f1ol] La vie quotidienne deshyper-petites soeursde Pr\u00e9bayon II[Fran\u00e7ais] L&rsquo;\u00e9chelle du [&hellip;]<\/p>\n","protected":false},"author":1,"featured_media":0,"parent":3655,"menu_order":5,"comment_status":"closed","ping_status":"closed","template":"template-full-width.php","meta":{"footnotes":""},"class_list":["post-3668","page","type-page","status-publish","hentry"],"_links":{"self":[{"href":"https:\/\/chartreux.org\/moniales\/wp-json\/wp\/v2\/pages\/3668","targetHints":{"allow":["GET"]}}],"collection":[{"href":"https:\/\/chartreux.org\/moniales\/wp-json\/wp\/v2\/pages"}],"about":[{"href":"https:\/\/chartreux.org\/moniales\/wp-json\/wp\/v2\/types\/page"}],"author":[{"embeddable":true,"href":"https:\/\/chartreux.org\/moniales\/wp-json\/wp\/v2\/users\/1"}],"replies":[{"embeddable":true,"href":"https:\/\/chartreux.org\/moniales\/wp-json\/wp\/v2\/comments?post=3668"}],"version-history":[{"count":3,"href":"https:\/\/chartreux.org\/moniales\/wp-json\/wp\/v2\/pages\/3668\/revisions"}],"predecessor-version":[{"id":3816,"href":"https:\/\/chartreux.org\/moniales\/wp-json\/wp\/v2\/pages\/3668\/revisions\/3816"}],"up":[{"embeddable":true,"href":"https:\/\/chartreux.org\/moniales\/wp-json\/wp\/v2\/pages\/3655"}],"wp:attachment":[{"href":"https:\/\/chartreux.org\/moniales\/wp-json\/wp\/v2\/media?parent=3668"}],"curies":[{"name":"wp","href":"https:\/\/api.w.org\/{rel}","templated":true}]}}