{"id":3661,"date":"2021-08-30T00:43:21","date_gmt":"2021-08-29T22:43:21","guid":{"rendered":"https:\/\/chartreux.org\/moniales\/?page_id=3661"},"modified":"2025-07-27T11:22:24","modified_gmt":"2025-07-27T09:22:24","slug":"renten","status":"publish","type":"page","link":"https:\/\/chartreux.org\/moniales\/de\/ressourcen\/renten\/","title":{"rendered":"Aufenthalte im Kloster"},"content":{"rendered":"\n<p>Nur potentielle Kandidatinnen f\u00fcr das kartusianische Leben k\u00f6nnen nach vorheriger Absprache mit der Priorin oder der Novizenmeisterin des Hauses Aufenthalte innerhalb des Klosters machen (Details siehe unten).<\/p>\n\n\n\n<h3 class=\"wp-block-heading\">Geistliche Exerzitien (Einkehrtage)<\/h3>\n\n\n\n<p>Die Berufung zur Einsamkeit erlaubt es uns nicht, jene, die nur eine geistliche Erneuerung suchen, zu Exerzitien im Kloster zu empfangen. Aber es gibt nun eine M\u00f6glichkeit, geistliche Exerzitien im Geist des Heiligen Bruno im Rahmen des Kart\u00e4userlebens zu machen:<\/p>\n\n\n\n<h4 class=\"wp-block-heading\">Haus des Heiligen Bruno (ehemalige Kartause von Selignac)<\/h4>\n\n\n\n<h4 class=\"wp-block-heading\"><figure><img loading=\"lazy\" decoding=\"async\" class=\" wp-image-2628 alignright\" src=\"https:\/\/chartreux.org\/moniales\/wp-content\/uploads\/2020\/12\/FullSizeRender_8-300x300.jpg\" alt=\"\" width=\"338\" height=\"338\" srcset=\"https:\/\/chartreux.org\/moniales\/wp-content\/uploads\/2020\/12\/FullSizeRender_8-300x300.jpg 300w, https:\/\/chartreux.org\/moniales\/wp-content\/uploads\/2020\/12\/FullSizeRender_8-1024x1024.jpg 1024w, https:\/\/chartreux.org\/moniales\/wp-content\/uploads\/2020\/12\/FullSizeRender_8-150x150.jpg 150w, https:\/\/chartreux.org\/moniales\/wp-content\/uploads\/2020\/12\/FullSizeRender_8-768x768.jpg 768w, https:\/\/chartreux.org\/moniales\/wp-content\/uploads\/2020\/12\/FullSizeRender_8.jpg 1280w\" sizes=\"auto, (max-width: 338px) 100vw, 338px\" \/><\/figure><\/h4>\n\n\n\n<p>Einige werden es wohl als ein Zeichen der Vorsehung Gottes betrachten, ja sogar als eine gewisse Gnade und ein Augenzwinkern des heiligen Bruno zu seinen Freunden in der Welt, dass das Haus Sankt Bruno eingerichtet wurde. Es wird gemeinsam vom Kart\u00e4userorden und der Di\u00f6zese Belley-Ars getragen. Die Idee zu diesem Haus \u2013 ein Novum in der Geschichte der Kart\u00e4user \u2013 wurde dem Generalkapitel des Ordens im Jahre 2001 unterworfen und von diesem angenommen; es war das Jahr des <a href=\"https:\/\/chartreux.org\/de\/text\/botschaft-papst-2001.php\">neunhundertsten Todestages des heiligen Bruno<\/a> (6. Oktober 1101 &#8211; 2001).<\/p>\n\n\n\n<p>Dieses Haus nimmt sowohl M\u00e4nner als auch Frauen auf, die Einkehrtage\/Exerzitien in einer Kart\u00e4userzelle machen wollen. Insgesamt \u00e4hnelt der Lebensrhythmus des Hauses so sehr wie m\u00f6glich dem Leben in einer echten Kartause. F\u00fcr weitere Details, siehe die Internetseite <a href=\"http:\/\/selignac.chartreux.org\/\">http:\/\/selignac.chartreux.org<\/a><\/p>\n\n\n\n<figure class=\"wp-block-embed is-type-video is-provider-vimeo wp-block-embed-vimeo wp-embed-aspect-16-9 wp-has-aspect-ratio\"><div class=\"wp-block-embed__wrapper\">\n<iframe loading=\"lazy\" src=\"https:\/\/player.vimeo.com\/video\/1015410107?dnt=1&amp;app_id=122963\" width=\"680\" height=\"383\" frameborder=\"0\" allow=\"autoplay; fullscreen; picture-in-picture; clipboard-write; encrypted-media; web-share\" referrerpolicy=\"strict-origin-when-cross-origin\"><\/iframe>\n<\/div><\/figure>\n\n\n\n<p><!--\n\n\n\n\n\n\n\n\n\n\n\n\n\n\n\n\n\n\n\n\n\n\n\n\n\n\n\n\n\n\n\n\n\n\n\n\n\n\n\n\n\n\n<h4>Fr\u00e8res et S&oelig;urs de Bethl\u00e9em<\/h4>\n\n\n\n\n\n\n\n\n\n\n\n\n\n\n\n\n\n\n\n\n\n\n\n\n\n\n\n\n\n\n\n\n\n\n\n\n\n\n\n\n\n\nLes Fr\u00e8res et s&oelig;urs de Bethl\u00e9em offrent la possibilit\u00e9s \u00e0 des retraitants de vivre une retraite en solitude tout en participant \u00e0 la liturgie de la communaut\u00e9.\nPour plus de d\u00e9tails, veuillez contacter&nbsp;:\n\n\n\n\n\n\n\n\n\n\n\n\n\n\n\n\n\n\n\n\n\n\n\n\n\n\n\n\n\n\n\n\n\n\n\n\n\n\n\n\n\n\n<div id=\"adresses\">\n\n\n\n\n\n\n\n\n\n\n\n\n\n\n\n\n\n\n\n\n\n\n\n\n\n\n\n\n\n\n\n\n\n\n\n\n\n\n\n\n\n\n<div class=\"bloc2\">\n\n\n\n\n\n\n\n\n\n\n\n\n\n\n\n\n\n\n\n\n\n\n\n\n\n\n\n\n\n\n\n\n\n\n\n\n\n\n\n\n\n\n<p class=\"t0 gras\">Monast\u00e8re de Bethl\u00e9em<\/p>\n\n\n\n\n\n\n\n\n\n\n\n\n\n\n\n\n\n\n\n\n\n\n\n\n\n\n\n\n\n\n\n\n\n\n\n\n\n\n\n\n\n\n\n\n\n\n\n\n\n\n\n\n\n\n\n\n\n\n\n\n\n\n\n\n\n\n\n\n\n\n\n\n\n\n\n\n\n\n\n\n\n\n\n\n<p class=\"t0\">Curri\u00e8re en Chartreuse\n38380 St Laurent du Pont\nFrance\nT\u00e9l&nbsp;: +33 (0)4 76 55 40 55\nFax&nbsp;: +33 (0)4 76 55 29 50\n<a class=\"external\" href=\"http:\/\/www.bethleem.org\/monasteres\/curriere_soeurs.php\">http:\/\/www.bethleem.org<\/a><\/p>\n\n\n\n\n\n\n\n\n\n\n\n\n\n\n\n\n\n\n\n\n\n\n\n\n\n\n\n\n\n\n\n\n\n\n\n\n\n\n\n\n\n\n\n<\/div>\n\n\n\n\n\n\n\n\n\n\n\n\n\n\n\n\n\n\n\n\n\n\n\n\n\n\n\n\n\n\n\n\n\n\n\n\n\n\n\n\n\n\n<\/div>\n\n\n\n\n\n\n\n\n\n\n\n\n\n\n\n\n\n\n\n\n\n\n\n\n\n\n\n\n\n\n\n\n\n\n\n\n\n\n\n\n\n\n\n\n\n\n\n\n\n\n\n\n\n\n\n\n\n\n\n\n\n\n\n\n\n\n\n\n\n\n\n\n\n\n\n\n\n\n\n\n\n\n\n\n<p class=\"center\">(St Laurent du Pont, proche du Monast\u00e8re)<\/p>\n\n\n\n\n\n\n\n\n\n\n\n\n\n\n\n\n\n\n\n\n\n\n\n\n\n\n\n\n\n\n\n\n\n\n\n\n\n\n\n\n\n\n\n--><\/p>\n\n\n\n<h3 class=\"wp-block-heading\">Aufenthalte zur Berufungskl\u00e4rung<\/h3>\n\n\n\n<p>Wie bereits erw\u00e4hnt, k\u00f6nnen wir in \u00dcbereinstimmung mit unserer eremitischen Lebensweise nur Kandidatinnen zu Aufenthalten zulassen, die an eine m\u00f6gliche Berufung denken. Ein Mindestma\u00df an vorheriger Unterscheidung ist jedoch notwendig um sicherzustellen, dass ein solcher Aufenthalt zweckm\u00e4\u00dfig sind.<\/p>\n\n\n\n<p>Wenn Sie also der M\u00f6glichkeit einer derartigen Berufung nachgehen wollen, ist es w\u00fcnschenswert, dass Sie dar\u00fcber mit Ihrem geistlichen Begleiter sprechen \u2013 sofern Sie einen solchen haben. Seine Zustimmung ist nicht zwingend notwendig, doch ist es besser, wenn dem so ist. Anschlie\u00dfend k\u00f6nnen Sie eines der H\u00e4user anschreiben und dabei versuchen, Ihre Person und Ihre Situation so gut wie m\u00f6glich darzustellen, indem sie beispielsweise Ihr Alter, Ihr Studium bzw. Berufsausbildung, Ihre famili\u00e4re und gegebenenfalls auch berufliche Situation angeben. Bitte teilen Sie uns vor allem etwas \u00fcber Ihren geistlichen Werdegang und Ihren Weg in Richtung Klosterleben mit (Seit wann haben Sie daran gedacht? Waren Sie bereits mit anderen Kl\u00f6stern in Kontakt?), und auch, was Sie zur Kartause gef\u00fchrt hat (Wie haben Sie die Kart\u00e4user kennengelernt? Aus welchen Gr\u00fcnden f\u00fchlen Sie sich vom Kart\u00e4userleben angezogen?). Bitte beachten Sie, dass die Altersgrenze f\u00fcr Frauen bei 35 Jahren liegt.<\/p>\n\n\n\n<p>F\u00fcr diejenigen, denen es schwerf\u00e4llt, dies schriftlich zu tun, besteht die M\u00f6glichkeit, einen halben Tag ins Kloster zu kommen, um direkt mit der Novizenmeisterin zu sprechen. Sollte es eine andere Schwierigkeit geben, so erkl\u00e4ren Sie bitte die Angelegenheit und wir werden sehen, was wir tun k\u00f6nnen.<\/p>\n\n\n\n<p>Wir w\u00fcrden auch gerne einen Priester oder Ordensmann kontaktieren k\u00f6nnen, der Sie gut kennt und der die Ernsthaftigkeit Ihres Schrittes bezeugen kann. Wenn dieser Schritt seit einiger Zeit von einem geistlichen Begleiter mitgetragen wird, w\u00e4re es nat\u00fcrlich am besten, wenn Sie uns dessen Kontaktadresse oder auch einen Brief von ihm geben k\u00f6nnten. Dies ist jedoch keine unabdingbare Voraussetzung, da nicht jede einen geistlichen Begleiter hat.<\/p>\n\n\n\n<p>Wenn nach diesem ersten Schritt ein Aufenthalt im Kloster in Frage zu kommen scheint, gibt es zwei M\u00f6glichkeiten:<\/p>\n\n\n\n<ul class=\"wp-block-list f2j\">\n<li>Wenn Sie eine einfache Kontaktaufnahme w\u00fcnschen, k\u00f6nnen wir Ihnen einen einw\u00f6chigen Aufenthalt vorschlagen, aber diese Zeit ist zu kurz, um das Kart\u00e4userleben richtig kennenzulernen oder eine Entscheidung zu erm\u00f6glichen.<\/li>\n\n\n\n<li>Wenn Sie einen Aufenthalt zur Berufungskl\u00e4rung w\u00fcnschen &#8211; der dazu bestimmt ist, die Frage zu beantworten: Ist das meine Berufung oder nicht? -, sollten Sie etwa einen Monat einplanen. Wir verlangen nichts f\u00fcr diesen Aufenthalt, aber Sie m\u00fcssen die An- und Abreise selbst bezahlen. Die Einzelheiten werden Ihnen von dem Haus mitgeteilt, mit dem Sie sich in Verbindung setzen.<\/li>\n<\/ul>\n\n\n\n<p>Hier stellt sich oft die Frage: Welches Haus soll ich w\u00e4hlen? Normalerweise werden die Kandidatinnen an ein Haus in ihrem eigenen Kulturraum verwiesen, um die Anpassung zu erleichtern. Da es nur wenige Kl\u00f6ster gibt, in denen nicht alle Weltsprachen gesprochen werden, ist es immer m\u00f6glich, Ausl\u00e4nderinnen in unseren Kl\u00f6stern aufzunehmen. Jede Gemeinschaft hat nat\u00fcrlich ihr eigenes Gepr\u00e4ge, aber in jedem dieser H\u00e4user wird das Wesentliche des Kart\u00e4userlebens in \u00e4hnlicher Weise gelebt; alle Kl\u00f6ster folgen derselben Regel und die Unterschiede sind nicht markant.<\/p>\n\n\n\n<h3 class=\"wp-block-heading\">Klosteraufenthalte f\u00fcr Kandidatinnen aus einem fernen Land<\/h3>\n\n\n\n<p>F\u00fcr Kandidatinnen aus fernen L\u00e4ndern m\u00fcssen besondere Bedingungen in Betracht gezogen werden.<\/p>\n\n\n\n<p>Diejenigen, die die M\u00f6glichkeit haben, die Hin- und R\u00fcckreise selbst zu bezahlen, k\u00f6nnen sich unter denselben Bedingungen an uns wenden wie diejenigen, die aus Frankreich kommen, wobei es jedoch einen Unterschied gibt zwischen denjenigen, die aus einem Land kommen, das zu Europa geh\u00f6rt (dann gibt es keine besonderen Schwierigkeiten), und denjenigen, die au\u00dferhalb Europas wohnen. In diesem Fall ist ein Visum erforderlich, was einige Komplikationen mit sich bringt.<\/p>\n\n\n\n<p>Diejenigen, die nicht in der Lage sind, ihre Reise f\u00fcr eine solche Erfahrung zu bezahlen, m\u00fcssen deshalb mit einer viel intensiveren Vorpr\u00fcfung beginnen. Normalerweise ist es dem Kloster nicht m\u00f6glich, die Reise f\u00fcr Aufenthalte zu bezahlen, da die Kosten hoch sind und die Reisen in den meisten F\u00e4llen unfruchtbar ist, da sich nur wenige der Kandidatinnen f\u00fcr ein Postulat entscheiden. Wir k\u00f6nnen aber eventuell eine L\u00f6sung finden, wenn dies sinnvoll scheint.<\/p>\n\n\n\n<ol class=\"wp-block-list f2j\">\n<li>Das \u00dcbernehmen der Reisekosten.<\/li>\n\n\n\n<li>Hilfe bei der Erlangung eines Visums. Die notwendigen Schritte k\u00f6nnen allerdings viel Zeit erfordern.<\/li>\n<\/ol>\n\n\n\n<p><\/p>\n","protected":false},"excerpt":{"rendered":"<p>Nur potentielle Kandidatinnen f\u00fcr das kartusianische Leben k\u00f6nnen nach vorheriger Absprache mit der Priorin oder der [&hellip;]<\/p>\n","protected":false},"author":1,"featured_media":0,"parent":3655,"menu_order":2,"comment_status":"closed","ping_status":"closed","template":"template-full-width.php","meta":{"footnotes":""},"class_list":["post-3661","page","type-page","status-publish","hentry"],"_links":{"self":[{"href":"https:\/\/chartreux.org\/moniales\/wp-json\/wp\/v2\/pages\/3661","targetHints":{"allow":["GET"]}}],"collection":[{"href":"https:\/\/chartreux.org\/moniales\/wp-json\/wp\/v2\/pages"}],"about":[{"href":"https:\/\/chartreux.org\/moniales\/wp-json\/wp\/v2\/types\/page"}],"author":[{"embeddable":true,"href":"https:\/\/chartreux.org\/moniales\/wp-json\/wp\/v2\/users\/1"}],"replies":[{"embeddable":true,"href":"https:\/\/chartreux.org\/moniales\/wp-json\/wp\/v2\/comments?post=3661"}],"version-history":[{"count":11,"href":"https:\/\/chartreux.org\/moniales\/wp-json\/wp\/v2\/pages\/3661\/revisions"}],"predecessor-version":[{"id":4183,"href":"https:\/\/chartreux.org\/moniales\/wp-json\/wp\/v2\/pages\/3661\/revisions\/4183"}],"up":[{"embeddable":true,"href":"https:\/\/chartreux.org\/moniales\/wp-json\/wp\/v2\/pages\/3655"}],"wp:attachment":[{"href":"https:\/\/chartreux.org\/moniales\/wp-json\/wp\/v2\/media?parent=3661"}],"curies":[{"name":"wp","href":"https:\/\/api.w.org\/{rel}","templated":true}]}}