{"id":3659,"date":"2021-08-30T00:42:29","date_gmt":"2021-08-29T22:42:29","guid":{"rendered":"https:\/\/chartreux.org\/moniales\/?page_id=3659"},"modified":"2023-05-02T17:07:53","modified_gmt":"2023-05-02T15:07:53","slug":"bucher","status":"publish","type":"page","link":"https:\/\/chartreux.org\/moniales\/de\/ressourcen\/bucher\/","title":{"rendered":"B\u00fccher"},"content":{"rendered":"\n<h4 class=\"wp-block-heading titre\">Wichtige Bibliographie auf Deutsch<\/h4>\n\n\n\n<h3 class=\"wp-block-heading librairie\">B\u00fccher<\/h3>\n\n\n\n<p><em>Das Leben der Kart\u00e4user<\/em>; Kartause Hain, 1960<\/p>\n\n\n\n<p><em>Gott allein ; Andachts-, Gebets- und Betrachtungsbuch in der Tradition der Kart\u00e4user ; <\/em><em>[das Marianische Offizium der Kart\u00e4user] ; ausgew\u00e4hlte Kart\u00e4user-Texte ; <\/em>zusammengestellt, bearbeitet und herausgegeben von Hans Jakob B\u00fcrger. Fe-medienverlag,&nbsp; Kisslegg, 2017. 204 p.<\/p>\n\n\n\n<p><em>Kartause Marienau ; Stat crux, dum volvitur orbis &#8211; das Kreuz steht, w\u00e4hrend die Welt sich dreht. <\/em>Kartause Marienau, Bad Wurzach, 2016. 64 p.<\/p>\n\n\n\n<p><em>Kartause Marienau<\/em> ; photos : Hermann M\u00fcller, Dietmannsried ; Text : M\u00f6nche der Kartause Marienau. Fink, Beuron, 2004. 48 p.<\/p>\n\n\n\n<p><em>Chartreuse de La Valsainte &#8211; Kartause La Valsainte. La Valsainte, Cerniat, 2011. 44 p.&nbsp; <\/em><\/p>\n\n\n\n<p><em>Gott Schauen ; Kart\u00e4userm\u00f6nche beschreiben den Weg zur Kontemplation<\/em> ; herausgegeben von Gabriel di Lorenzi. Echter, W\u00fcrzburg, 86 p. (Un camino di contemplazione. Antologia di autori certosini).<\/p>\n\n\n\n<p><strong>BAIER, Walter<\/strong><em>, Ludolf von Sachsen oder der Kart\u00e4user, einer der ersten und gr\u00f6ssten Kart\u00e4userautoren mit kirchlicher Breitenwirkung<\/em>. &nbsp;Cistercienser Chronik&nbsp; n\u00b0&nbsp; 147, Bregenz, 1980. 27 p.<\/p>\n\n\n\n<p><strong>BECK, Otto<\/strong><em>, Kartause Marienau ; ein Ort des Stille und des Gebets<\/em>. Thorbecke, Sigmaringen, 1985. 48 p.&nbsp;<\/p>\n\n\n\n<p><strong>B\u00d6SEN, Willibald<\/strong><em>, Auf einsamer Strasse zu Gott ; das Geheimnis der Kart\u00e4user<\/em> ; mit Illustrationen von Gordana K\u00f6llner. Herder, Freiburg im Breisgau, 1987. 191 p.&nbsp;<\/p>\n\n\n\n<p><strong>EISELE, Jutta<\/strong><em>, Die Kart\u00e4user, Geschichte und Lebensweise<\/em>, Ludwigsburg, 1997<\/p>\n\n\n\n<p><strong>FELLINGHAUER, Brigitte<\/strong><em>, Bruno der Kart\u00e4user ; ein Heiliger, der die Welt bewegte<\/em>. Verlag Alois Fellinghauer, W\u00fclfrath, 1986. 15 p.&nbsp;<\/p>\n\n\n\n<p><strong>FELLINGHAUER, Brigitte<\/strong><em>, Der heilige Bruno von K\u00f6ln, Gr\u00fcnder der ersten Kartause im Jahre<\/em> <em>1084<\/em> ; <em>ein Versuch, sein geistiges Erbe bewahren zu helfen<\/em>. Johannes, Leutesdorf am Rhein, 1984. 64 p.&nbsp;<\/p>\n\n\n\n<p><strong>FR\u00dcH, Margrit<\/strong><em>, Der heilige Bruno, der erste Kart\u00e4user<\/em>, Museum Ittingen, 1996<\/p>\n\n\n\n<p><strong>GUILLERAND, Augustin<\/strong><em>, Im Angesicht Gottes ; Gebetserfahrungen eines<\/em> <em>Kart\u00e4userm\u00f6nchs<\/em>. Echter, W\u00fcrzburg, 1989. 108 p.<\/p>\n\n\n\n<p><strong>HELLY, Ange<\/strong>, <em>Bruno von K\u00f6ln, der Vater der Kart\u00e4user<\/em>. Echter,&nbsp; W\u00fcrzburg, 1992. 88 p.<\/p>\n\n\n\n<p><strong>HILDEBRAND, Walter<\/strong><em>, Der hl. Bruno, Vater der Kart\u00e4user<\/em>, Verlag Walter Hildebrand, 1995<\/p>\n\n\n\n<p><strong>HOLLENSTEIN, Janez; LAUKO,Toma\u017e<\/strong><em>, Wo die Stille spricht<\/em>. Pleterje Kartause, 1986. 88 p.&nbsp;<\/p>\n\n\n\n<p><strong>KLINKHAMMER, Karl Joseph, S.J.<\/strong><em>, Adolf von Essen und seine Werke ; der Rosenkranz in der geschichtlichen Situation seiner Entstehung und in seinem bleibenden Anliegen<\/em> ; eine Quellenforschung. Frankfurter theologische Studien n\u00b0&nbsp; 13, Knecht, Frankfurt am Main, 1972. 434 p.<\/p>\n\n\n\n<p><strong>LOCKHART, Robin Bruce<\/strong><em>, Botschaft des Schweigens ; das verborgene Leben des Kart\u00e4user<\/em> ; mit einem Nachwort zur deutschen Ausgabe von einem Kart\u00e4user. Echter, W\u00fcrzburg, 1987. 208 p.<\/p>\n\n\n\n<p><strong>LORENZI, Gabriel Di<\/strong><em>, Gott schauen, Kart\u00e4userm\u00f6nche beschreiben den Weg zur Kontemplation<\/em>, Echter Verlag, 1996<\/p>\n\n\n\n<p><strong>MEER de WALCHEREN, Peter van der<\/strong><em>, Das weisse Paradies<\/em>. Thomas Verlag, Zurich, 1949.<\/p>\n\n\n\n<p><strong>POSADA, Gerardo Mar\u00eda<\/strong><em>, Der heilige Bruno, Vater der Kart\u00e4user, ein Sohn der Stadt K\u00f6ln <\/em>; mit Beitr\u00e4gen von Adam Wienand und Otto Beck. Wienand, K\u00f6ln, 1987. 334 p.&nbsp;<\/p>\n\n\n\n<p><strong>POISSON, Andr\u00e9<\/strong>, <em>\u00dcber das Herzensgebet und \u00fcber das g\u00f6ttliche Gebet ; Meditationen eines Kart\u00e4users<\/em> ; &nbsp;&nbsp;&nbsp;\u00fcbersetzt, erl\u00e4utert und bebildert von J\u00f6rg Schneider. Eos, Sankt Ottilien, 2013. 127 p.<\/p>\n\n\n\n<p><strong>ROTH, Hermann Josef<\/strong>, <em>900 Jahre Kart\u00e4userorden<\/em>, Cistercienser-Chronik, Verlag der Zisterzienser in Mehrerau, 1984<\/p>\n\n\n\n<p><strong>SERROU, Robert; VALS, Pierre<\/strong><em>, Kart\u00e4user, Vom Leben in der W\u00fcste<\/em>, Echter Verlag, 1997<\/p>\n\n\n\n<p><strong>TIMMERMANS, Francis; GAENS, Tom, editores<\/strong><em> ; Magister Bruno ; negen eeuwen uitstraling van de kartuizerorde<\/em>. Peeters, Louvain, 2003. xxix+367 p.<\/p>\n\n\n\n<p><strong>WEBER, Johannes Berchmans Maria<\/strong><em>, Kart\u00e4user-Sammlung<\/em>, Chartreuse La Valsainte, 1977<\/p>\n\n\n\n<p><strong>WIRTH, Volker<\/strong><em>, Bruno und der Kart\u00e4userorden, Theologische Grundlegung kartusianischer Physiognomie-Mentalit\u00e4t-Spiritualit\u00e4t<\/em>, Universit\u00e4t des Saarlandes, Saarbr\u00fccken, 1986<\/p>\n\n\n\n<p><strong>ZADNIKAR, Marijan&nbsp;; WIENAND, Adam<\/strong><em>, Die Kart\u00e4user, der Orden der schweigenden M\u00f6nche<\/em> ; herausgegeben von Marijan Zadnikar, in Verbindung mit Adam Wienand. Wienand, K\u00f6ln, 1983.<\/p>\n\n\n\n<div style=\"height:40px\" aria-hidden=\"true\" class=\"wp-block-spacer\"><\/div>\n\n\n\n<h3 class=\"wp-block-heading has-text-align-left\">DVDs<\/h3>\n\n\n\n<iframe loading=\"lazy\" src=\"https:\/\/www.youtube.com\/embed\/40d4urx7GpY\" allow=\"accelerometer; autoplay; clipboard-write; encrypted-media; gyroscope; picture-in-picture\" allowfullscreen=\"\" width=\"560\" height=\"315\" frameborder=\"0\"><\/iframe>\n\n\n\n<div class=\"wp-block-columns is-layout-flex wp-container-core-columns-is-layout-9d6595d7 wp-block-columns-is-layout-flex\">\n<div class=\"wp-block-column is-layout-flow wp-block-column-is-layout-flow\">\n<figure class=\"wp-block-image size-large\"><img loading=\"lazy\" decoding=\"async\" width=\"380\" height=\"488\" src=\"https:\/\/chartreux.org\/moniales\/wp-content\/uploads\/2020\/09\/DVD-annonce.jpg\" alt=\"\" class=\"wp-image-1071\" srcset=\"https:\/\/chartreux.org\/moniales\/wp-content\/uploads\/2020\/09\/DVD-annonce.jpg 380w, https:\/\/chartreux.org\/moniales\/wp-content\/uploads\/2020\/09\/DVD-annonce-234x300.jpg 234w\" sizes=\"auto, (max-width: 380px) 100vw, 380px\" \/><\/figure>\n<\/div>\n\n\n\n<div class=\"wp-block-column is-layout-flow wp-block-column-is-layout-flow\">\n<div style=\"height:25px\" aria-hidden=\"true\" class=\"wp-block-spacer\"><\/div>\n\n\n\n<p>DVD  <strong>Saint Bruno, P\u00e8re des Chartreux<\/strong> (franz\u00f6sisch)<br>Ein Film von Marc Jeanson.  50 min.<br>Bestellung auf:<br><a rel=\"noreferrer noopener\" href=\"http:\/\/www.musee-grande-chartreuse.fr\/fr\/vente-en-ligne\" target=\"_blank\">www.musee-grande-chartreuse.fr\/fr\/vente-en-ligne<\/a><br>oder:<br><a rel=\"noreferrer noopener\" href=\"http:\/\/www.dcx.fr\" target=\"_blank\">www.dcx.fr<\/a><\/p>\n\n\n\n<p>Italienische Version: <br>DVD  <strong>San Bruno, Padre dei certosini<\/strong><br>Bestellung:<br>Museo della Certosa, Serra San Bruno, Italia<\/p>\n\n\n\n<p><a href=\"http:\/\/www.museocertosa.org\/serra-gift.html\">http:\/\/www.museocertosa.org\/serra-gift.html<\/a><\/p>\n<\/div>\n<\/div>\n\n\n\n<iframe loading=\"lazy\" src=\"https:\/\/player.vimeo.com\/video\/244650113\" allow=\"autoplay; fullscreen\" allowfullscreen=\"\" width=\"640\" height=\"360\" frameborder=\"0\"><\/iframe>\n\n\n\n<div class=\"wp-block-columns is-layout-flex wp-container-core-columns-is-layout-9d6595d7 wp-block-columns-is-layout-flex\">\n<div class=\"wp-block-column is-layout-flow wp-block-column-is-layout-flow\">\n<figure class=\"wp-block-image size-large\"><img loading=\"lazy\" decoding=\"async\" width=\"997\" height=\"1024\" src=\"https:\/\/chartreux.org\/moniales\/wp-content\/uploads\/2020\/10\/DSCN0041b-997x1024.jpg\" alt=\"\" class=\"wp-image-1745\" srcset=\"https:\/\/chartreux.org\/moniales\/wp-content\/uploads\/2020\/10\/DSCN0041b-997x1024.jpg 997w, https:\/\/chartreux.org\/moniales\/wp-content\/uploads\/2020\/10\/DSCN0041b-292x300.jpg 292w, https:\/\/chartreux.org\/moniales\/wp-content\/uploads\/2020\/10\/DSCN0041b-768x789.jpg 768w, https:\/\/chartreux.org\/moniales\/wp-content\/uploads\/2020\/10\/DSCN0041b-1496x1536.jpg 1496w, https:\/\/chartreux.org\/moniales\/wp-content\/uploads\/2020\/10\/DSCN0041b.jpg 1820w\" sizes=\"auto, (max-width: 997px) 100vw, 997px\" \/><\/figure>\n<\/div>\n\n\n\n<div class=\"wp-block-column is-layout-flow wp-block-column-is-layout-flow\">\n<div style=\"height:25px\" aria-hidden=\"true\" class=\"wp-block-spacer\"><\/div>\n\n\n\n<p>DVD  <strong>Une vie en Chartreuse: de la nuit du monde \u00e0 la Nuit Pascale.<\/strong><br>Umsetzung: Les Ateliers des Forges. 49 min. Bestellung:<br><\/p>\n\n\n\n<p><a rel=\"noreferrer noopener\" href=\"http:\/\/www.musee-grande-chartreuse.fr\/fr\/vente-en-ligne\" target=\"_blank\">Mus\u00e9e de la Grande Chartreuse<\/a><br><a rel=\"noreferrer noopener\" href=\"http:\/\/www.musee-grande-chartreuse.fr\/fr\/vente-en-ligne\" target=\"_blank\">www.musee-grande-chartreuse.fr\/fr\/vente-en-ligne<\/a><\/p>\n<\/div>\n<\/div>\n\n\n\n<p><\/p>\n","protected":false},"excerpt":{"rendered":"<p>Wichtige Bibliographie auf Deutsch B\u00fccher Das Leben der Kart\u00e4user; Kartause Hain, 1960 Gott allein ; Andachts-, [&hellip;]<\/p>\n","protected":false},"author":1,"featured_media":0,"parent":3655,"menu_order":1,"comment_status":"closed","ping_status":"closed","template":"template-full-width.php","meta":{"footnotes":""},"class_list":["post-3659","page","type-page","status-publish","hentry"],"_links":{"self":[{"href":"https:\/\/chartreux.org\/moniales\/wp-json\/wp\/v2\/pages\/3659","targetHints":{"allow":["GET"]}}],"collection":[{"href":"https:\/\/chartreux.org\/moniales\/wp-json\/wp\/v2\/pages"}],"about":[{"href":"https:\/\/chartreux.org\/moniales\/wp-json\/wp\/v2\/types\/page"}],"author":[{"embeddable":true,"href":"https:\/\/chartreux.org\/moniales\/wp-json\/wp\/v2\/users\/1"}],"replies":[{"embeddable":true,"href":"https:\/\/chartreux.org\/moniales\/wp-json\/wp\/v2\/comments?post=3659"}],"version-history":[{"count":3,"href":"https:\/\/chartreux.org\/moniales\/wp-json\/wp\/v2\/pages\/3659\/revisions"}],"predecessor-version":[{"id":3896,"href":"https:\/\/chartreux.org\/moniales\/wp-json\/wp\/v2\/pages\/3659\/revisions\/3896"}],"up":[{"embeddable":true,"href":"https:\/\/chartreux.org\/moniales\/wp-json\/wp\/v2\/pages\/3655"}],"wp:attachment":[{"href":"https:\/\/chartreux.org\/moniales\/wp-json\/wp\/v2\/media?parent=3659"}],"curies":[{"name":"wp","href":"https:\/\/api.w.org\/{rel}","templated":true}]}}