{"id":3657,"date":"2021-08-30T00:41:58","date_gmt":"2021-08-29T22:41:58","guid":{"rendered":"https:\/\/chartreux.org\/moniales\/?page_id=3657"},"modified":"2023-12-29T01:52:42","modified_gmt":"2023-12-29T00:52:42","slug":"kontakte","status":"publish","type":"page","link":"https:\/\/chartreux.org\/moniales\/de\/ressourcen\/kontakte\/","title":{"rendered":"Kontakte"},"content":{"rendered":"\n<p><\/p>\n\n\n\n<p>Die Kart\u00e4userinnen, die ein einsames Leben gew\u00e4hlt haben, werden Ihnen dankbar sein, wenn Sie ihre Einsamkeit respektieren. Regelm\u00e4\u00dfiger Briefverkehr ist mit ihrem Leben unvereinbar und selbst ihren engsten Verwandten schreiben sie nur selten. Wenn Sie sich jedoch Gedanken \u00fcber eine m\u00f6gliche Berufung zu ihrem Leben machen, k\u00f6nnen Sie eines der H\u00e4user anschreiben, deren Adresse Sie auf der Seite \u00ab\u00a0Die Kl\u00f6ster\u00a0\u00bb finden.<\/p>\n\n\n\n<p>Wenn Sie an eine Berufung denken und Schwierigkeiten haben, eines der H\u00e4user des Ordens zu kontaktieren oder nicht wissen, an welches Sie sich wenden sollen, schicken Sie Ihre Post an: <img loading=\"lazy\" decoding=\"async\" width=\"250\" height=\"21\" class=\"wp-image-3990\" style=\"width: 250px;\" src=\"https:\/\/chartreux.org\/moniales\/wp-content\/uploads\/2023\/12\/vacations_new2.png\" alt=\"vacations\"><img decoding=\"async\" class=\"email\" src=\"\/$\/email\/vocations2chartreuseinfo.png\" alt=\"\">  <em>(Adresse ausschlie\u00dflich f\u00fcr Berufungen; Nachrichten zu anderen Themen werden nicht beantwortet)<\/em>. Die Information wird an das am besten geeignete Haus weitergeleitet.<\/p>\n\n\n\n<p>Um Feedback oder W\u00fcnsche zu dieser Website zu \u00e4u\u00dfern, k\u00f6nnen Sie dem Webmaster schreiben: <img loading=\"lazy\" decoding=\"async\" width=\"250\" height=\"21\" class=\"wp-image-3991\" style=\"width: 250px;\" src=\"https:\/\/chartreux.org\/moniales\/wp-content\/uploads\/2023\/12\/contact_new2.png\" alt=\"contact\"> <img decoding=\"async\" class=\"email\" src=\"\/$\/email\/contact2chartreuseinfo.png\" alt=\"\">Es wird jedoch nur selten geantwortet <em>(Danke f\u00fcr Ihr Verst\u00e4ndnis).<\/em><\/p>\n\n\n\n<p class=\"has-text-align-center\">***<\/p>\n\n\n\n<p><strong>F\u00fcr historische und wissenschaftliche Fragen wenden Sie sich bitte an:&nbsp;<\/strong><\/p>\n\n\n\n<p>Centre de Recherches Cartusiennes<br>Mus\u00e9e<br>30130 Pont-Saint-Esprit<br>France<\/p>\n\n\n\n<p><strong>oder:<\/strong><br>Alain Girard<br>Maison des chevaliers<br>30130 Pont-Saint-Esprit<br>France<\/p>\n\n\n\n<p><strong>oder auch<\/strong>:<br>Nathalie Nabert<br>CRESC &#8211; Centre de recherches et d&rsquo;\u00e9tudes de spiritualit\u00e9 cartusienne,<br>UR Religion, Culture et Soci\u00e9t\u00e9 &#8211; Ea 7403<br>Institut Catholique de Paris<br>France<\/p>\n","protected":false},"excerpt":{"rendered":"<p>Die Kart\u00e4userinnen, die ein einsames Leben gew\u00e4hlt haben, werden Ihnen dankbar sein, wenn Sie ihre Einsamkeit [&hellip;]<\/p>\n","protected":false},"author":1,"featured_media":0,"parent":3655,"menu_order":0,"comment_status":"closed","ping_status":"closed","template":"template-full-width.php","meta":{"footnotes":""},"class_list":["post-3657","page","type-page","status-publish","hentry"],"_links":{"self":[{"href":"https:\/\/chartreux.org\/moniales\/wp-json\/wp\/v2\/pages\/3657","targetHints":{"allow":["GET"]}}],"collection":[{"href":"https:\/\/chartreux.org\/moniales\/wp-json\/wp\/v2\/pages"}],"about":[{"href":"https:\/\/chartreux.org\/moniales\/wp-json\/wp\/v2\/types\/page"}],"author":[{"embeddable":true,"href":"https:\/\/chartreux.org\/moniales\/wp-json\/wp\/v2\/users\/1"}],"replies":[{"embeddable":true,"href":"https:\/\/chartreux.org\/moniales\/wp-json\/wp\/v2\/comments?post=3657"}],"version-history":[{"count":7,"href":"https:\/\/chartreux.org\/moniales\/wp-json\/wp\/v2\/pages\/3657\/revisions"}],"predecessor-version":[{"id":4000,"href":"https:\/\/chartreux.org\/moniales\/wp-json\/wp\/v2\/pages\/3657\/revisions\/4000"}],"up":[{"embeddable":true,"href":"https:\/\/chartreux.org\/moniales\/wp-json\/wp\/v2\/pages\/3655"}],"wp:attachment":[{"href":"https:\/\/chartreux.org\/moniales\/wp-json\/wp\/v2\/media?parent=3657"}],"curies":[{"name":"wp","href":"https:\/\/api.w.org\/{rel}","templated":true}]}}