{"id":3655,"date":"2021-11-10T20:09:19","date_gmt":"2021-11-10T19:09:19","guid":{"rendered":"https:\/\/chartreux.org\/moniales\/?page_id=3655"},"modified":"2024-03-18T18:33:52","modified_gmt":"2024-03-18T17:33:52","slug":"ressourcen","status":"publish","type":"page","link":"https:\/\/chartreux.org\/moniales\/de\/ressourcen\/","title":{"rendered":"Ressourcen"},"content":{"rendered":"\n<div class=\"wp-block-group alignwide res_btns\"><div class=\"wp-block-group__inner-container is-layout-constrained wp-block-group-is-layout-constrained\">\n<div class=\"wp-block-columns alignwide is-layout-flex wp-container-core-columns-is-layout-9d6595d7 wp-block-columns-is-layout-flex\">\n<div class=\"wp-block-column is-layout-flow wp-block-column-is-layout-flow\" style=\"flex-basis:50%\">\n<h4 class=\"wp-block-heading has-text-align-center has-medium-font-size\">Kartusianische Texte: liturgische,<br>monastische und geistliche Texte<\/h4>\n\n\n\n<div class=\"wp-block-buttons has-custom-font-size has-medium-font-size is-horizontal is-content-justification-center is-layout-flex wp-container-core-buttons-is-layout-499968f5 wp-block-buttons-is-layout-flex\">\n<div class=\"wp-block-button has-custom-width wp-block-button__width-75 has-custom-font-size is-style-outline has-medium-font-size is-style-outline--1\"><a class=\"wp-block-button__link has-text-color has-text-align-center wp-element-button\" href=\"https:\/\/chartreux.org\/moniales\/de\/ressourcen\/texte\/\" style=\"border-radius:50px;color:#ba0c49\">Texte<\/a><\/div>\n<\/div>\n<\/div>\n\n\n\n<div class=\"wp-block-column is-layout-flow wp-block-column-is-layout-flow\" style=\"flex-basis:50%\">\n<h4 class=\"wp-block-heading has-text-align-center has-medium-font-size\">Bibliographie \u00fcber die Kart\u00e4user<br>(B\u00fccher, DVDs)<\/h4>\n\n\n\n<div class=\"wp-block-buttons has-custom-font-size has-medium-font-size is-horizontal is-content-justification-center is-layout-flex wp-container-core-buttons-is-layout-499968f5 wp-block-buttons-is-layout-flex\">\n<div class=\"wp-block-button has-custom-width wp-block-button__width-75 has-custom-font-size is-style-outline has-medium-font-size is-style-outline--2\"><a class=\"wp-block-button__link has-text-color wp-element-button\" href=\"https:\/\/chartreux.org\/moniales\/de\/ressourcen\/bucher\/\" style=\"border-radius:50px;color:#ba0c49\" rel=\"https:\/\/chartreux.org\/moniales\/index.php\/resources\/books\/\">B\u00fccher, DVDs<\/a><\/div>\n<\/div>\n<\/div>\n<\/div>\n\n\n\n<div style=\"height:32px\" aria-hidden=\"true\" class=\"wp-block-spacer\"><\/div>\n\n\n\n<div class=\"wp-block-columns alignwide is-layout-flex wp-container-core-columns-is-layout-9d6595d7 wp-block-columns-is-layout-flex\">\n<div class=\"wp-block-column is-layout-flow wp-block-column-is-layout-flow\">\n<h4 class=\"wp-block-heading has-text-align-center has-medium-font-size\">An wen kann man sich wenden?<\/h4>\n\n\n\n<div class=\"wp-block-buttons has-custom-font-size has-medium-font-size is-horizontal is-content-justification-center is-layout-flex wp-container-core-buttons-is-layout-499968f5 wp-block-buttons-is-layout-flex\">\n<div class=\"wp-block-button has-custom-width wp-block-button__width-75 has-custom-font-size is-style-outline has-medium-font-size is-style-outline--3\"><a class=\"wp-block-button__link has-text-color wp-element-button\" href=\"https:\/\/chartreux.org\/moniales\/de\/ressourcen\/kontakte\/\" style=\"color:#ba0c49\" rel=\"https:\/\/chartreux.org\/moniales\/index.php\/resources\/contacts\/\">Kontakte<\/a><\/div>\n<\/div>\n<\/div>\n\n\n\n<div class=\"wp-block-column is-layout-flow wp-block-column-is-layout-flow\">\n<h4 class=\"wp-block-heading has-text-align-center has-medium-font-size\">Einkehrtage, Aufenthalte im Kloster<\/h4>\n\n\n\n<div class=\"wp-block-buttons has-custom-font-size has-medium-font-size is-horizontal is-content-justification-center is-layout-flex wp-container-core-buttons-is-layout-499968f5 wp-block-buttons-is-layout-flex\">\n<div class=\"wp-block-button has-custom-width wp-block-button__width-75 has-custom-font-size is-style-outline has-medium-font-size is-style-outline--4\"><a class=\"wp-block-button__link has-text-color wp-element-button\" href=\"https:\/\/chartreux.org\/moniales\/de\/ressourcen\/renten\/\" style=\"border-radius:50px;color:#ba0c49\" rel=\"https:\/\/chartreux.org\/moniales\/index.php\/resources\/retreats\/\">Einkehrtage<\/a><\/div>\n<\/div>\n<\/div>\n<\/div>\n\n\n\n<div style=\"height:32px\" aria-hidden=\"true\" class=\"wp-block-spacer\"><\/div>\n\n\n\n<div class=\"wp-block-columns alignwide is-layout-flex wp-container-core-columns-is-layout-9d6595d7 wp-block-columns-is-layout-flex\">\n<div class=\"wp-block-column is-layout-flow wp-block-column-is-layout-flow\">\n<h4 class=\"wp-block-heading has-text-align-center has-medium-font-size\">Lasst uns ein wenig lachen&#8230;<\/h4>\n\n\n\n<div class=\"wp-block-buttons has-custom-font-size has-medium-font-size is-horizontal is-content-justification-center is-layout-flex wp-container-core-buttons-is-layout-499968f5 wp-block-buttons-is-layout-flex\">\n<div class=\"wp-block-button has-custom-width wp-block-button__width-75 has-custom-font-size is-style-outline has-medium-font-size is-style-outline--5\"><a class=\"wp-block-button__link has-text-color wp-element-button\" href=\"https:\/\/chartreux.org\/moniales\/de\/ressourcen\/humor\/\" style=\"color:#ba0c49\">Humor<\/a><\/div>\n<\/div>\n<\/div>\n\n\n\n<div class=\"wp-block-column is-layout-flow wp-block-column-is-layout-flow\">\n<h4 class=\"wp-block-heading has-text-align-center has-medium-font-size\">Andere interessante Internetseiten<\/h4>\n\n\n\n<div class=\"wp-block-buttons has-custom-font-size has-medium-font-size is-horizontal is-content-justification-center is-layout-flex wp-container-core-buttons-is-layout-499968f5 wp-block-buttons-is-layout-flex\">\n<div class=\"wp-block-button has-custom-width wp-block-button__width-75 has-custom-font-size is-style-outline has-medium-font-size is-style-outline--6\"><a class=\"wp-block-button__link has-text-color wp-element-button\" href=\"https:\/\/chartreux.org\/moniales\/de\/ressourcen\/andere-seiten\/\" style=\"border-radius:50px;color:#ba0c49\" rel=\"https:\/\/chartreux.org\/moniales\/index.php\/resources\/retreats\/\">Andere Seiten<\/a><\/div>\n<\/div>\n<\/div>\n<\/div>\n<\/div><\/div>\n\n\n\n<div style=\"height:32px\" aria-hidden=\"true\" class=\"wp-block-spacer\"><\/div>\n\n\n<div class=\"wp-block-image\">\n<figure class=\"aligncenter size-large\"><img loading=\"lazy\" decoding=\"async\" width=\"1024\" height=\"680\" src=\"https:\/\/chartreux.org\/moniales\/wp-content\/uploads\/2021\/11\/Recursos01-1024x680.jpg\" alt=\"\" class=\"wp-image-3245\" srcset=\"https:\/\/chartreux.org\/moniales\/wp-content\/uploads\/2021\/11\/Recursos01-1024x680.jpg 1024w, https:\/\/chartreux.org\/moniales\/wp-content\/uploads\/2021\/11\/Recursos01-300x199.jpg 300w, https:\/\/chartreux.org\/moniales\/wp-content\/uploads\/2021\/11\/Recursos01-768x510.jpg 768w, https:\/\/chartreux.org\/moniales\/wp-content\/uploads\/2021\/11\/Recursos01.jpg 1231w\" sizes=\"auto, (max-width: 1024px) 100vw, 1024px\" \/><\/figure>\n<\/div>","protected":false},"excerpt":{"rendered":"<p>Kartusianische Texte: liturgische,monastische und geistliche Texte Bibliographie \u00fcber die Kart\u00e4user(B\u00fccher, DVDs) An wen kann man sich [&hellip;]<\/p>\n","protected":false},"author":1,"featured_media":0,"parent":0,"menu_order":0,"comment_status":"closed","ping_status":"closed","template":"template-full-width.php","meta":{"footnotes":""},"class_list":["post-3655","page","type-page","status-publish","hentry"],"_links":{"self":[{"href":"https:\/\/chartreux.org\/moniales\/wp-json\/wp\/v2\/pages\/3655","targetHints":{"allow":["GET"]}}],"collection":[{"href":"https:\/\/chartreux.org\/moniales\/wp-json\/wp\/v2\/pages"}],"about":[{"href":"https:\/\/chartreux.org\/moniales\/wp-json\/wp\/v2\/types\/page"}],"author":[{"embeddable":true,"href":"https:\/\/chartreux.org\/moniales\/wp-json\/wp\/v2\/users\/1"}],"replies":[{"embeddable":true,"href":"https:\/\/chartreux.org\/moniales\/wp-json\/wp\/v2\/comments?post=3655"}],"version-history":[{"count":13,"href":"https:\/\/chartreux.org\/moniales\/wp-json\/wp\/v2\/pages\/3655\/revisions"}],"predecessor-version":[{"id":4069,"href":"https:\/\/chartreux.org\/moniales\/wp-json\/wp\/v2\/pages\/3655\/revisions\/4069"}],"wp:attachment":[{"href":"https:\/\/chartreux.org\/moniales\/wp-json\/wp\/v2\/media?parent=3655"}],"curies":[{"name":"wp","href":"https:\/\/api.w.org\/{rel}","templated":true}]}}