{"id":3647,"date":"2021-08-27T21:04:48","date_gmt":"2021-08-27T19:04:48","guid":{"rendered":"https:\/\/chartreux.org\/moniales\/?page_id=3647"},"modified":"2024-06-27T22:14:15","modified_gmt":"2024-06-27T20:14:15","slug":"die-liturgie","status":"publish","type":"page","link":"https:\/\/chartreux.org\/moniales\/de\/die-liturgie\/","title":{"rendered":"Die Liturgie"},"content":{"rendered":"\n<div style=\"height:100px\" aria-hidden=\"true\" id=\"top\" class=\"wp-block-spacer\"><\/div>\n\n\n<div class=\"wp-block-image\">\n<figure class=\"alignright size-large is-resized\"><img loading=\"lazy\" decoding=\"async\" width=\"400\" height=\"267\" src=\"https:\/\/chartreux.org\/moniales\/wp-content\/uploads\/2020\/09\/reillanneADF021.jpg\" alt=\"\" class=\"wp-image-908\" style=\"width:423px;height:282px\" srcset=\"https:\/\/chartreux.org\/moniales\/wp-content\/uploads\/2020\/09\/reillanneADF021.jpg 400w, https:\/\/chartreux.org\/moniales\/wp-content\/uploads\/2020\/09\/reillanneADF021-300x200.jpg 300w\" sizes=\"auto, (max-width: 400px) 100vw, 400px\" \/><\/figure>\n<\/div>\n\n\n<p>Die Liturgie ist der edelste Teil des Lebens einer Gemeinschaft von Kart\u00e4userinnen &#8211; einer kleinen \u201eKart\u00e4userkirche\u201c -, die in der t\u00e4glichen Feier der Eucharistie wurzelt. Dies ist der H\u00f6hepunkt unseres Lebens, auf den alle anderen Aspekte unserer Observanzen zulaufen, die uns alle in und durch Christus zum Vater f\u00fchren und unter uns die innigste Gemeinschaft bewirken.<\/p>\n\n\n\n<p>Das Stundengebet ist die Fortsetzung davon. In der gesamten Liturgie ist es Christus, der durch uns als unser Priester betet. Unsere Stimmen sind seine eigene Stimme, die uns und die ganze Kirche &#8211; seine Braut &#8211; in den Lobgesang einbezieht, den er an seinen Vater richtet. Im Namen aller stehen wir Tag und Nacht in der Gegenwart des lebendigen Gottes.<\/p>\n\n\n<div class=\"wp-block-image\">\n<figure class=\"alignleft size-large is-resized\"><img loading=\"lazy\" decoding=\"async\" width=\"500\" height=\"333\" src=\"https:\/\/chartreux.org\/moniales\/wp-content\/uploads\/2020\/09\/moniales_chartreuses_la_croix_ADF3.jpg\" alt=\"\" class=\"wp-image-906\" style=\"width:424px;height:282px\" srcset=\"https:\/\/chartreux.org\/moniales\/wp-content\/uploads\/2020\/09\/moniales_chartreuses_la_croix_ADF3.jpg 500w, https:\/\/chartreux.org\/moniales\/wp-content\/uploads\/2020\/09\/moniales_chartreuses_la_croix_ADF3-300x200.jpg 300w\" sizes=\"auto, (max-width: 500px) 100vw, 500px\" \/><\/figure>\n<\/div>\n\n\n<p>Das ganze Leben der Kart\u00e4userinnen wird von der t\u00e4glichen Feier der Liturgie bestimmt. Wie unsere Berufung &#8211; gleichzeitig einsam und gemeinschaftlich -, ist unsere Liturgie zwischen den Gottesdiensten in der Kirche und denjenigen, die im Geheimen der Zelle dargebracht werden, aufgeteilt.<\/p>\n\n\n\n<p>In der Kirche feiern wir in der Stille der Nacht Matutin und Laudes, die fast zwei Stunden dauern, sowie die Vesper, die uns in die abendliche Einsamkeit in der Zelle einf\u00fchrt. Diese Gottesdienste werden nach alten gregorianischen Melodien gesungen, die einen wichtigen Platz einnehmen. Seit dem Beginn unseres Ordens haben die Kart\u00e4user in diesem Gesang eine Inspiration gefunden, die zur Innerlichkeit f\u00fchrt.<\/p>\n\n\n<div class=\"wp-block-image\">\n<figure class=\"alignright size-large is-resized\"><img loading=\"lazy\" decoding=\"async\" width=\"681\" height=\"1024\" src=\"https:\/\/chartreux.org\/moniales\/wp-content\/uploads\/2020\/10\/a-IMG_0471rec-681x1024.jpg\" alt=\"\" class=\"wp-image-2004\" style=\"width:290px;height:436px\" srcset=\"https:\/\/chartreux.org\/moniales\/wp-content\/uploads\/2020\/10\/a-IMG_0471rec-681x1024.jpg 681w, https:\/\/chartreux.org\/moniales\/wp-content\/uploads\/2020\/10\/a-IMG_0471rec-200x300.jpg 200w, https:\/\/chartreux.org\/moniales\/wp-content\/uploads\/2020\/10\/a-IMG_0471rec.jpg 710w\" sizes=\"auto, (max-width: 681px) 100vw, 681px\" \/><\/figure>\n<\/div>\n\n\n<p>Wir feiern in der Einsamkeit unserer Zellen &#8211; alle Schwestern zur selben Zeit &#8211; die anderen Horen des Stundengebetes, die sogenannten \u201eKleinen Horen\u201c (Terz, Sext, Non). Jeder Hore geht das Offizium der Seligen Jungfrau Maria voraus, das als Offizium \u00ab\u00a0de Beata\u00a0\u00bb bezeichnet wird. Im Bewusstsein unserer Schw\u00e4chen begeben wir uns unter den m\u00fctterlichen Schutz Marias, die uns auf das Gebet vorbereitet, und bringen ihr die Erstlingsfr\u00fcchte unseres Lobpreises dar.<\/p>\n\n\n\n<p>Wenn wir singen und psalmodieren, stehen wir in enger Gemeinschaft mit unseren Kart\u00e4userbr\u00fcdern, die dieselbe Liturgie feiern, und mit ihnen wollen wir jene Anbeter im Geist und in der Wahrheit sein, die der Vater sucht (vgl. Joh 4, 23). <\/p>\n\n\n\n<p>Unser ganzes Leben strebt danach, sich in eine ununterbrochene Liturgie zu verwandeln. Dies wird noch deutlicher, wenn wir das gemeinschaftliche Gebet und das Gebet in Einsamkeit darbringen. Die Schwester wird so zu einem Zeichen der Kirche, die ihren Herrn lobt und singt; die f\u00fcr ihre Br\u00fcder und Schwestern in der Welt F\u00fcrsprache einlegt und fleht, die verzeiht und hofft, die betrachtet und liebt und die auf das Kommen des Br\u00e4utigams wartet.<\/p>\n\n\n<div class=\"wp-block-image\">\n<figure class=\"aligncenter size-large\"><img loading=\"lazy\" decoding=\"async\" width=\"500\" height=\"333\" src=\"https:\/\/chartreux.org\/moniales\/wp-content\/uploads\/2020\/09\/moniales_chartreuses_la_croix_ADF12.jpg\" alt=\"\" class=\"wp-image-909\" srcset=\"https:\/\/chartreux.org\/moniales\/wp-content\/uploads\/2020\/09\/moniales_chartreuses_la_croix_ADF12.jpg 500w, https:\/\/chartreux.org\/moniales\/wp-content\/uploads\/2020\/09\/moniales_chartreuses_la_croix_ADF12-300x200.jpg 300w\" sizes=\"auto, (max-width: 500px) 100vw, 500px\" \/><\/figure>\n<\/div>\n\n\n<p class=\"has-text-align-center\">*<\/p>\n\n\n\n<h3 class=\"wp-block-heading\">Anh\u00f6ren<\/h3>\n\n\n\n<p>Die Kart\u00e4userinnen feiern die Stundenliturgie und die Heilige Messe mit denselben liturgischen B\u00fcchern wie die M\u00f6nche. Die Psalmodie wird je nach Haus entweder in lateinischer oder einheimischer Sprache gesungen, doch die Melodien der Messe und der Antiphonarien f\u00fcr Tag und Nacht sind jene der alten gregorianischen Tradition aus den Ursprungszeiten des Ordens. Von Frauenstimmen gesungen, erhalten sie ein besonderes Kolorit und eine charakteristische Leichtigkeit.<\/p>\n\n\n\n<figure class=\"wp-block-audio\"><audio controls src=\"https:\/\/chartreux.org\/moniales\/wp-content\/uploads\/2024\/06\/chant-moniales-GC.mp3\"><\/audio><\/figure>\n\n\n\n<p><a href=\"#toc_container\" class=\"returnToTop\"> nach oben \u2191 <\/a><\/p>\n","protected":false},"excerpt":{"rendered":"<p>Die Liturgie ist der edelste Teil des Lebens einer Gemeinschaft von Kart\u00e4userinnen &#8211; einer kleinen \u201eKart\u00e4userkirche\u201c [&hellip;]<\/p>\n","protected":false},"author":1,"featured_media":0,"parent":0,"menu_order":0,"comment_status":"closed","ping_status":"closed","template":"template-full-width.php","meta":{"footnotes":""},"class_list":["post-3647","page","type-page","status-publish","hentry"],"_links":{"self":[{"href":"https:\/\/chartreux.org\/moniales\/wp-json\/wp\/v2\/pages\/3647","targetHints":{"allow":["GET"]}}],"collection":[{"href":"https:\/\/chartreux.org\/moniales\/wp-json\/wp\/v2\/pages"}],"about":[{"href":"https:\/\/chartreux.org\/moniales\/wp-json\/wp\/v2\/types\/page"}],"author":[{"embeddable":true,"href":"https:\/\/chartreux.org\/moniales\/wp-json\/wp\/v2\/users\/1"}],"replies":[{"embeddable":true,"href":"https:\/\/chartreux.org\/moniales\/wp-json\/wp\/v2\/comments?post=3647"}],"version-history":[{"count":5,"href":"https:\/\/chartreux.org\/moniales\/wp-json\/wp\/v2\/pages\/3647\/revisions"}],"predecessor-version":[{"id":4091,"href":"https:\/\/chartreux.org\/moniales\/wp-json\/wp\/v2\/pages\/3647\/revisions\/4091"}],"wp:attachment":[{"href":"https:\/\/chartreux.org\/moniales\/wp-json\/wp\/v2\/media?parent=3647"}],"curies":[{"name":"wp","href":"https:\/\/api.w.org\/{rel}","templated":true}]}}