{"id":3640,"date":"2021-08-27T21:02:04","date_gmt":"2021-08-27T19:02:04","guid":{"rendered":"https:\/\/chartreux.org\/moniales\/?page_id=3640"},"modified":"2023-05-02T17:28:11","modified_gmt":"2023-05-02T15:28:11","slug":"der-weg-der-kartauser","status":"publish","type":"page","link":"https:\/\/chartreux.org\/moniales\/de\/der-weg-der-kartauser\/","title":{"rendered":"Der Weg der Kart\u00e4userinnen"},"content":{"rendered":"\n<div class=\"wp-block-columns is-layout-flex wp-container-core-columns-is-layout-9d6595d7 wp-block-columns-is-layout-flex\">\n<div class=\"wp-block-column is-layout-flow wp-block-column-is-layout-flow\">\n<div id=\"toc_container\">\n<ul class=\"toc_list\">\n   <li><a href=\"#A-la-louange-de-Dieu\">1. Zum Lobpreis Gottes<\/a><\/li>\n   <li><a href=\"#Solitude\">2. Einsamkeit<\/a><\/li>\n   <li><a href=\"#Communion-de-solitaires\">3. Eine Gemeinschaft von Einsiedlerinnen<\/a><\/li>\n   <li><a href=\"#Au-c\u0153ur-de-l\u2019Eglise\">4. Im Herzen der Kirche<\/a><\/li>   \n<\/ul>\n<\/div>\n<\/div>\n\n\n\n<div class=\"wp-block-column is-layout-flow wp-block-column-is-layout-flow\">\n<blockquote class=\"wp-block-quote is-layout-flow wp-block-quote-is-layout-flow\">\n<p><mark style=\"background-color:rgba(0, 0, 0, 0)\" class=\"has-inline-color has-black-color\"><em><em>In der Abgeschiedenheit der Kl\u00f6ster und in der Einsamkeit der Zellen weben die Kart\u00e4user geduldig und schweigend das Brautkleid der Kirche.<\/em><\/em><br><\/mark><\/p>\n<cite>(<em>Johannes Paul II.<\/em>)<\/cite><\/blockquote>\n<\/div>\n<\/div>\n\n\n\n<h3 class=\"wp-block-heading\" id=\"A-la-louange-de-Dieu\">1. Zum Lobpreis Gottes<\/h3>\n\n\n\n<p>Als der heilige Bruno Reims verlie\u00df, wusste er, was er suchte, und er lie\u00df sich selbst durch die Unbest\u00e4ndigkeit seiner ersten Gef\u00e4hrten nicht davon abbringen. Zusammen mit anderen erreicht er Grenoble und l\u00e4sst sich vom heiligen Hugo in die W\u00fcste von La Chartreuse f\u00fchren. Wer den Ort mitten im Winter kennt, kann nicht anders als beeindruckt sein: Die Bezeichnung \u201eW\u00fcste\u201c f\u00fcr die Chartreuse ist keineswegs \u00fcbertrieben.<\/p>\n\n\n\n<p>Wonach suchte er also? Noch heute fassen es die Statuten des Ordens in einem Satz zusammen: \u201eZum Lob der Herrlichkeit Gottes hat Christus, das Wort des Vaters, seit jeher durch den Heiligen Geist M\u00e4nner und Frauen erw\u00e4hlt, um sie in die Einsamkeit zu f\u00fchren und sich in inniger Liebe zu vereinen\u201c. Ja, seit jeher haben es Liebende versucht, sich allein zu begegnen; suchen wir nicht anderswo nach dem Sinn der Einsamkeit in der Kartause.<\/p>\n\n\n\n<p>Weniger als ein Jahrhundert sp\u00e4ter entschieden sich die Nonnen von Pr\u00e9bayon in der Provence, die Lebensregel der Kart\u00e4userm\u00f6nche anzunehmen. Mehrmals am Tag singen Kart\u00e4user und Kart\u00e4userinnen, die zusammen einen einzigen Leib bilden, das Lob Gottes. Durch die Teilnahme am eucharistischen Opfer, das Stundengebet und die gesamte Liturgie ist die Kart\u00e4userfamilie mit Christus vereint und hat Anteil am Leben der Anbetung in der Kirche.<\/p>\n\n\n\n<figure class=\"wp-block-image size-large\"><img loading=\"lazy\" decoding=\"async\" width=\"1024\" height=\"512\" src=\"https:\/\/chartreux.org\/moniales\/wp-content\/uploads\/2020\/09\/a-IMG_9468rec-1024x512.jpg\" alt=\"\" class=\"wp-image-1128\" srcset=\"https:\/\/chartreux.org\/moniales\/wp-content\/uploads\/2020\/09\/a-IMG_9468rec-1024x512.jpg 1024w, https:\/\/chartreux.org\/moniales\/wp-content\/uploads\/2020\/09\/a-IMG_9468rec-300x150.jpg 300w, https:\/\/chartreux.org\/moniales\/wp-content\/uploads\/2020\/09\/a-IMG_9468rec-768x384.jpg 768w, https:\/\/chartreux.org\/moniales\/wp-content\/uploads\/2020\/09\/a-IMG_9468rec-1536x768.jpg 1536w, https:\/\/chartreux.org\/moniales\/wp-content\/uploads\/2020\/09\/a-IMG_9468rec.jpg 1600w\" sizes=\"auto, (max-width: 1024px) 100vw, 1024px\" \/><\/figure>\n\n\n\n<h3 class=\"wp-block-heading\" id=\"Solitude\">2. Einsamkeit<\/h3>\n\n\n\n<p>\u201eVerlass dein Land, deine Verwandten und das Haus deines Vaters und geh!\u201c (Gen 12,1) Dieser Ruf Gottes an Abraham, um ihn zum Tr\u00e4ger eines besonderen Segens zu machen, hat sich in der biblischen Geschichte mehrmals wiederholt. Es war der Ruf an Moses und die Hebr\u00e4er, die in die W\u00fcste zogen, und dann an die Propheten. Derselbe Ruf ert\u00f6nte im Laufe der Jahrhunderte bis in unsere Tage, und M\u00e4nner und Frauen verlie\u00dfen alles, um Gott allein anzugeh\u00f6ren.<\/p>\n\n\n\n<p>Unser Leben als Kart\u00e4userinnen ist ein kontemplatives Leben, das von Einsamkeit gepr\u00e4gt ist. Unser ganzes Verlangen ist es, den Ruf Gottes zu erwidern, indem wir mit unserer Liebe auf die seine antworten. Unsere Kl\u00f6ster, die weit von den St\u00e4dten entfernt liegen, sind \u201eW\u00fcsten\u201c, um unsere Begegnung mit Gott zu erleichtern. Tats\u00e4chlich liegt unser ganzer Eifer und unsere Berufung darin, Gott in der Stille und in der Einsamkeit zu finden. Der heilige Bruno schreibt: <em><em>\u201e<\/em>Dort f\u00fchren Gott und sein Diener h\u00e4ufige Gespr\u00e4che, wie sie unter Freunden \u00fcblich sind\u201c<\/em>.<\/p>\n\n\n\n<p>Dem Propheten Hosea gab Gott ein leuchtendes Versprechen: <em>\u201eIch werde sie verf\u00fchren, ich werde sie in die W\u00fcste f\u00fchren, und ich werde zu ihrem Herzen sprechen\u201c<\/em> (Hos 2,16). Jesus wird vom Geist in die W\u00fcste getrieben (Mk 1,12), und dort bleibt er mit seinem Vater allein. Jesus l\u00e4dt auch uns ein, in die Einsamkeit zu gehen, um seinem Vater zu begegnen: <em>\u201eWenn du aber betest, so ziehe dich in dein innerstes Zimmer zur\u00fcck, schlie\u00dfe die T\u00fcr und bete zu deinem Vater, der im Verborgenen ist; dein Vater, der das Verborgene sieht, wird es dir vergelten\u201c<\/em> (Mt 6,6).<\/p>\n\n\n\n<p>Wie bei Jesus treibt der Geist auch heute noch M\u00e4nner und Frauen in die W\u00fcste. Die ersten M\u00f6nche und Nonnen gingen in die W\u00fcsten \u00c4gyptens, wo das geweihte Leben entstand. Gott verlangt manchmal einen solchen Bruch mit unseren nat\u00fcrlichen Banden, doch bietet er im Gegenzug ein neues Land an: In die W\u00fcste gerufen zu werden bedeutet, sich daf\u00fcr zu entscheiden, mit dem Herrn zu gehen \u2013 ohne zu wissen, wohin er uns f\u00fchren wird. Es ist eine Lebensweise, die eine besondere Offenheit f\u00fcr alles G\u00f6ttliche erm\u00f6glicht; es bedeutet, in der N\u00e4he der Quelle zu bleiben. <em>\u201eWas die Einsamkeit und die Stille der W\u00fcste an Nutzen und g\u00f6ttlicher Freude f\u00fcr diejenigen bringt, die sie lieben, wissen nur diejenigen, die es erfahren haben\u201c<\/em> (Brief des heiligen Bruno an Radolf). Gleichzeitig ist sie aber auch ein Ort der Pr\u00fcfung und der Reinigung. Dadurch werden wir bef\u00e4higt, unsere Mission in der Kirche besser auszu\u00fcben, zu loben, F\u00fcrsprache zu halten und zu vertreten.<\/p>\n\n\n\n<figure class=\"wp-block-image size-large\"><img loading=\"lazy\" decoding=\"async\" width=\"1024\" height=\"514\" src=\"https:\/\/chartreux.org\/moniales\/wp-content\/uploads\/2020\/09\/DSC04688nn-1024x514.jpg\" alt=\"\" class=\"wp-image-1106\" srcset=\"https:\/\/chartreux.org\/moniales\/wp-content\/uploads\/2020\/09\/DSC04688nn-1024x514.jpg 1024w, https:\/\/chartreux.org\/moniales\/wp-content\/uploads\/2020\/09\/DSC04688nn-300x150.jpg 300w, https:\/\/chartreux.org\/moniales\/wp-content\/uploads\/2020\/09\/DSC04688nn-768x385.jpg 768w, https:\/\/chartreux.org\/moniales\/wp-content\/uploads\/2020\/09\/DSC04688nn-1536x770.jpg 1536w, https:\/\/chartreux.org\/moniales\/wp-content\/uploads\/2020\/09\/DSC04688nn.jpg 2042w\" sizes=\"auto, (max-width: 1024px) 100vw, 1024px\" \/><\/figure>\n\n\n\n<p><a href=\"#toc_container\" class=\"returnToTop\"> nach oben \u2191 <\/a><\/p>\n\n\n\n<h3 class=\"wp-block-heading\" id=\"Communion-de-solitaires\">3. Eine Gemeinschaft von Einsiedlerinnen<\/h3>\n\n\n\n<p>Wenn Jesus sich an einen einsamen Ort zur\u00fcckzog um zu beten, blieb er in Gemeinschaft mit seinen J\u00fcngern. Der Heilige Bruno ging in die \u201eW\u00fcste\u201c der Chartreuse, um mit Gott zu leben, aber er tat dies mit sechs anderen Gef\u00e4hrten, die denselben Ruf erhalten hatten. Gemeinsam bauten sie die Einsiedeleien, gemeinsam gaben sie sich in ihrer kleinen Kirche dem Lob Gottes hin. Jeder M\u00f6nch betete, las, arbeitete, a\u00df und schlief in seiner Einsiedelei, doch diese Einsamkeit entfernte ihn nicht von seinen Br\u00fcdern, die zur gleichen Zeit dasselbe taten. Die Gemeinschaft zwischen den Br\u00fcdern war intensiv, wie man aus dem Brief des Heiligen Bruno an seine Br\u00fcder in der Chartreuse ersehen kann. Diese Verbindung wurzelte im Gott der Liebe, Vater, Sohn und Heiliger Geist, der in jedem und in allen wohnte.<\/p>\n\n\n\n<p>Die heutigen Kart\u00e4user und Kart\u00e4userinnen streben nach derselben Harmonie zwischen dem Leben in Einsamkeit und dem Leben in Gemeinschaft wie ihre Vorg\u00e4nger. Sie werden eine Gemeinschaft von Einsiedlern sein, wenn sie sich von der Liebe Christi durchdringen lassen. Durch seine Liebe werden sie ihn und ihre Geschwister unaufl\u00f6slich lieben. Das Leben in der Einsamkeit &#8211; in der Zelle oder in den Obedienzen &#8211; entfacht und n\u00e4hrt in unseren Herzen das Feuer der g\u00f6ttlichen Liebe. Das macht uns untereinander zu Gliedern.<\/p>\n\n\n\n<p>Ein Symbol dieser Gemeinschaft von Einsiedlern ist der Grundriss der Geb\u00e4ude einer Kartause: Jede Einsiedelei oder \u201eZelle\u201c besteht aus einem kleinen Haus und einem Garten; diese Zelle \u00f6ffnet sich zu einem Kreuzgang, der zu den Gemeinschaftsr\u00e4umen f\u00fchrt: der Kirche, dem Kapitelsaal, dem Refektorium und der Bibliothek.<\/p>\n\n\n\n<p>Das Gemeinschaftsleben konkretisiert sich durch die t\u00e4glich in der Kirche gesungene Liturgie, aber noch mehr zeigt es sich an Sonn- und Feiertagen: Am Sonntag wird das Mittagessen gemeinsam im Refektorium eingenommen und am Nachmittag findet eine geschwisterliche Begegnung statt. An diesem Tag werden auch die Terz und die Non in der Kirche gesungen. Durch diese Versammlung wird dem Trost, den das Familienleben bietet, mehr Raum gegeben.<\/p>\n\n\n\n<figure class=\"wp-block-image size-large\"><img loading=\"lazy\" decoding=\"async\" width=\"1024\" height=\"512\" src=\"https:\/\/chartreux.org\/moniales\/wp-content\/uploads\/2020\/09\/a-IMG_3974nn-1024x512.jpg\" alt=\"\" class=\"wp-image-1107\" srcset=\"https:\/\/chartreux.org\/moniales\/wp-content\/uploads\/2020\/09\/a-IMG_3974nn-1024x512.jpg 1024w, https:\/\/chartreux.org\/moniales\/wp-content\/uploads\/2020\/09\/a-IMG_3974nn-300x150.jpg 300w, https:\/\/chartreux.org\/moniales\/wp-content\/uploads\/2020\/09\/a-IMG_3974nn-768x384.jpg 768w, https:\/\/chartreux.org\/moniales\/wp-content\/uploads\/2020\/09\/a-IMG_3974nn-1536x768.jpg 1536w, https:\/\/chartreux.org\/moniales\/wp-content\/uploads\/2020\/09\/a-IMG_3974nn.jpg 1600w\" sizes=\"auto, (max-width: 1024px) 100vw, 1024px\" \/><\/figure>\n\n\n\n<figure class=\"wp-block-image size-large\"><img loading=\"lazy\" decoding=\"async\" width=\"1024\" height=\"512\" src=\"https:\/\/chartreux.org\/moniales\/wp-content\/uploads\/2020\/09\/a-IMG_7108nn-1024x512.jpg\" alt=\"\" class=\"wp-image-1108\" srcset=\"https:\/\/chartreux.org\/moniales\/wp-content\/uploads\/2020\/09\/a-IMG_7108nn-1024x512.jpg 1024w, https:\/\/chartreux.org\/moniales\/wp-content\/uploads\/2020\/09\/a-IMG_7108nn-300x150.jpg 300w, https:\/\/chartreux.org\/moniales\/wp-content\/uploads\/2020\/09\/a-IMG_7108nn-768x384.jpg 768w, https:\/\/chartreux.org\/moniales\/wp-content\/uploads\/2020\/09\/a-IMG_7108nn-1536x768.jpg 1536w, https:\/\/chartreux.org\/moniales\/wp-content\/uploads\/2020\/09\/a-IMG_7108nn.jpg 1600w\" sizes=\"auto, (max-width: 1024px) 100vw, 1024px\" \/><\/figure>\n\n\n\n\n\n<p>Dieses w\u00f6chentliche Gespr\u00e4ch bringt uns zusammen: Es ist ein Freundschaftstreffen und ein tiefer Austausch &#8211; ausgehend vom Wort des Herrn -, in dessen Licht wir dann versuchen, unser Leben auszurichten. <\/p>\n\n\n\n<p>Dar\u00fcber hinaus haben wir einmal in der Woche w\u00e4hrend eines Spaziergangs einen weiteren schwesterlichen Austausch, der auf Franz\u00f6sisch \u201e<em>Spaciement<\/em>\u201c genannt wird und etwa drei Stunden dauert. Jede kann sich abwechselnd mit den anderen unterhalten, was die Vereinigung der Seelen und ihre Entfaltung f\u00f6rdert, die gegenseitige Zuneigung aufrechterh\u00e4lt, f\u00fcr k\u00f6rperliche Entspannung sorgt und uns hilft, in der Einsamkeit zu leben.<\/p>\n\n\n\n<figure class=\"wp-block-image size-large\"><img loading=\"lazy\" decoding=\"async\" width=\"1024\" height=\"512\" src=\"https:\/\/chartreux.org\/moniales\/wp-content\/uploads\/2020\/09\/DSC03809nn-1024x512.jpg\" alt=\"\" class=\"wp-image-1109\" srcset=\"https:\/\/chartreux.org\/moniales\/wp-content\/uploads\/2020\/09\/DSC03809nn-1024x512.jpg 1024w, https:\/\/chartreux.org\/moniales\/wp-content\/uploads\/2020\/09\/DSC03809nn-300x150.jpg 300w, https:\/\/chartreux.org\/moniales\/wp-content\/uploads\/2020\/09\/DSC03809nn-768x384.jpg 768w, https:\/\/chartreux.org\/moniales\/wp-content\/uploads\/2020\/09\/DSC03809nn-1536x768.jpg 1536w, https:\/\/chartreux.org\/moniales\/wp-content\/uploads\/2020\/09\/DSC03809nn.jpg 2048w\" sizes=\"auto, (max-width: 1024px) 100vw, 1024px\" \/><\/figure>\n\n\n\n<p>Nur wenige Meter vom Kloster entfernt beherbergt eine Einsiedelei die Kart\u00e4user, die unser liturgisches Leben teilen. Der oder die Patres feiern die Eucharistie und die anderen Sakramente mit uns.<\/p>\n\n\n\n<h3 class=\"wp-block-heading\" id=\"Au-c\u0153ur-de-l\u2019Eglise\">4. Im Herzen der Kirche<\/h3>\n\n\n\n<p>Eine Gemeinschaft besteht nicht nur zwischen den Mitgliedern derselben Kartause, sondern zwischen allen S\u00f6hnen und T\u00f6chtern des heiligen Bruno. Sie besteht auch mit der sichtbaren und unsichtbaren Kirche. Wenn wir uns f\u00fcr ein Leben in der Einsamkeit entscheiden, bedeutet das nicht, dass wir die menschliche Familie verlassen. Wenn die Vereinigung mit Gott wahr ist, verschlie\u00dft sie uns nicht in uns selbst, sondern im Gegenteil, sie \u00f6ffnet unseren Geist und weitet unser Herz, bis es die ganze Welt und das Geheimnis der Erl\u00f6sung durch Christus umfasst.<\/p>\n\n\n\n<p>Getrennt von allen sind wir mit allen vereint und so verweilen wir stellvertretend f\u00fcr alle in der Gegenwart des lebendigen Gottes. Das einsame Gebet ist der Anteil, den Gott und die Kirche uns anvertraut haben als unsere Mitarbeit am unaufh\u00f6rlichen Werk Christi: <em>\u201eMein Vater wirkt bis jetzt und auch ich wirke.<\/em>\u201c (Joh 5,17) Die Kart\u00e4userin bleibt ganz dem von Gott empfangenen Rufe treu, gibt ihr Leben aber auch hin f\u00fcr ihre Geschwister in der Welt, denn das Gebet einer jeden ist f\u00fcr alle, wie das Gebet aller ist f\u00fcr jede ist, auf Erden und im Himmel. Durch den Glauben und die Liebe erweckt der Heilige Geist in uns das Gebet Christi. Weil wir Glieder seines Leibes sind ist unser Gebet sein Gebet, unser Schweigen verk\u00fcndet seine frohe Botschaft und unser Wachen sein Kommen. Im Herzen der Kirche sind die Kart\u00e4userinnen von Gott dazu berufen, <em>\u201ein Gemeinschaft mit seinem Sohn Jesus Christus zu leben<\/em>\u201c (1 Kor 1,9), indem sie ihn in seinem verborgenen Leben in Nazareth nachahmen und mit ihm auf dem Berg beten. Ausschlie\u00dflich auf den gerichtet zu sein der ist, weitet das Herz und macht es f\u00e4hig die Sehns\u00fcchte und Leiden der Welt in Gott zu tragen. Das Kart\u00e4userinnenleben bezeugt jedoch vor allem die Liebe Gottes, dass seine Liebe ausreicht um ein Leben zu erf\u00fcllen, dass er umsonst geliebt werden muss so wie er uns geliebt hat, schlichtweg weil er es verdient, zum Lob seiner Herrlichkeit.<\/p>\n\n\n<div class=\"wp-block-image\">\n<figure class=\"aligncenter size-large\"><img loading=\"lazy\" decoding=\"async\" width=\"1024\" height=\"683\" src=\"https:\/\/chartreux.org\/moniales\/wp-content\/uploads\/2020\/09\/a-IMG_5047-1024x683.jpg\" alt=\"\" class=\"wp-image-1126\" srcset=\"https:\/\/chartreux.org\/moniales\/wp-content\/uploads\/2020\/09\/a-IMG_5047-1024x683.jpg 1024w, https:\/\/chartreux.org\/moniales\/wp-content\/uploads\/2020\/09\/a-IMG_5047-300x200.jpg 300w, https:\/\/chartreux.org\/moniales\/wp-content\/uploads\/2020\/09\/a-IMG_5047-768x512.jpg 768w, https:\/\/chartreux.org\/moniales\/wp-content\/uploads\/2020\/09\/a-IMG_5047-1536x1024.jpg 1536w, https:\/\/chartreux.org\/moniales\/wp-content\/uploads\/2020\/09\/a-IMG_5047.jpg 1600w\" sizes=\"auto, (max-width: 1024px) 100vw, 1024px\" \/><\/figure>\n<\/div>\n\n\n<p><a href=\"#toc_container\" class=\"returnToTop\"> nach oben \u2191 <\/a><\/p>\n","protected":false},"excerpt":{"rendered":"<p>1. Zum Lobpreis Gottes 2. Einsamkeit 3. Eine Gemeinschaft von Einsiedlerinnen 4. Im Herzen der Kirche [&hellip;]<\/p>\n","protected":false},"author":1,"featured_media":0,"parent":0,"menu_order":0,"comment_status":"closed","ping_status":"closed","template":"","meta":{"footnotes":""},"class_list":["post-3640","page","type-page","status-publish","hentry"],"_links":{"self":[{"href":"https:\/\/chartreux.org\/moniales\/wp-json\/wp\/v2\/pages\/3640","targetHints":{"allow":["GET"]}}],"collection":[{"href":"https:\/\/chartreux.org\/moniales\/wp-json\/wp\/v2\/pages"}],"about":[{"href":"https:\/\/chartreux.org\/moniales\/wp-json\/wp\/v2\/types\/page"}],"author":[{"embeddable":true,"href":"https:\/\/chartreux.org\/moniales\/wp-json\/wp\/v2\/users\/1"}],"replies":[{"embeddable":true,"href":"https:\/\/chartreux.org\/moniales\/wp-json\/wp\/v2\/comments?post=3640"}],"version-history":[{"count":10,"href":"https:\/\/chartreux.org\/moniales\/wp-json\/wp\/v2\/pages\/3640\/revisions"}],"predecessor-version":[{"id":3904,"href":"https:\/\/chartreux.org\/moniales\/wp-json\/wp\/v2\/pages\/3640\/revisions\/3904"}],"wp:attachment":[{"href":"https:\/\/chartreux.org\/moniales\/wp-json\/wp\/v2\/media?parent=3640"}],"curies":[{"name":"wp","href":"https:\/\/api.w.org\/{rel}","templated":true}]}}