{"id":3039,"date":"2021-08-30T00:43:21","date_gmt":"2021-08-29T22:43:21","guid":{"rendered":"https:\/\/chartreux.org\/moniales\/?page_id=3039"},"modified":"2025-07-27T11:19:45","modified_gmt":"2025-07-27T09:19:45","slug":"pensionati","status":"publish","type":"page","link":"https:\/\/chartreux.org\/moniales\/it\/risorse\/pensionati\/","title":{"rendered":"Ritiri"},"content":{"rendered":"\n<p>Solo le eventuali candidate alla vita certosina possono fare un ritiro spirituale all&rsquo;interno del monastero previo accordo con la Madre Priora o la Maestra delle novizie della casa (vedi dettagli qui sotto).<\/p>\n\n\n\n<h3 class=\"wp-block-heading\">Ritiri Spirituali<\/h3>\n\n\n\n<p>La vocazione solitaria non ci permette di accogliere in monastero chi non desidera un discernimento vocazionale. Ma ora c&rsquo;\u00e8 la possibilit\u00e0 di fare un ritiro spirituale nello spirito di san Bruno e nel quadro della vita certosina.<\/p>\n\n\n\n<h4 class=\"wp-block-heading\"><strong>Casa San Bruno (ex Certosa di S\u00e9lignac)<\/strong><\/h4>\n\n\n\n<h4 class=\"wp-block-heading\"><figure><img loading=\"lazy\" decoding=\"async\" class=\" wp-image-2628 alignright\" src=\"https:\/\/chartreux.org\/moniales\/wp-content\/uploads\/2020\/12\/FullSizeRender_8-300x300.jpg\" alt=\"\" width=\"338\" height=\"338\" srcset=\"https:\/\/chartreux.org\/moniales\/wp-content\/uploads\/2020\/12\/FullSizeRender_8-300x300.jpg 300w, https:\/\/chartreux.org\/moniales\/wp-content\/uploads\/2020\/12\/FullSizeRender_8-1024x1024.jpg 1024w, https:\/\/chartreux.org\/moniales\/wp-content\/uploads\/2020\/12\/FullSizeRender_8-150x150.jpg 150w, https:\/\/chartreux.org\/moniales\/wp-content\/uploads\/2020\/12\/FullSizeRender_8-768x768.jpg 768w, https:\/\/chartreux.org\/moniales\/wp-content\/uploads\/2020\/12\/FullSizeRender_8.jpg 1280w\" sizes=\"auto, (max-width: 338px) 100vw, 338px\" \/><\/figure><\/h4>\n\n\n\n<p>Alcuni vedranno nella realizzazione della Casa San Bruno, gestita in collaborazione dall&rsquo;Ordine dei Certosini e dalla diocesi di Belley-Ars, un segno della Provvidenza, o anche una grazia speciale ricevuta da Dio sotto forma di un cenno di Bruno ai suoi amici laici, poich\u00e9 l&rsquo;idea di questa Casa, una grande novit\u00e0 nella storia certosina, \u00e8 stata presentata e accolta dal Capitolo Generale del 2001, proprio nell&rsquo;anno<a href=\"https:\/\/chartreux.org\/it\/testi\/messagio-padre-2001.php\"> del nono centenario della morte di san Bruno<\/a> (6 ottobre 1101 &#8211; 2001).<\/p>\n\n\n\n<p>Questa casa pu\u00f2 ospitare uomini e donne, desiderosi di vivere un ritiro in una cella certosina. Tutto il ritmo della vita in questa casa \u00e8 il pi\u00f9 possibile simile a quello della vita in Certosa. Per maggiori dettagli consultare il sito <a href=\"http:\/\/selignac.chartreux.org\/\">http:\/\/selignac.chartreux.org<\/a><\/p>\n\n\n\n<figure class=\"wp-block-embed is-type-video is-provider-vimeo wp-block-embed-vimeo wp-embed-aspect-16-9 wp-has-aspect-ratio\"><div class=\"wp-block-embed__wrapper\">\n<iframe loading=\"lazy\" src=\"https:\/\/player.vimeo.com\/video\/1015410107?dnt=1&amp;app_id=122963\" width=\"680\" height=\"383\" frameborder=\"0\" allow=\"autoplay; fullscreen; picture-in-picture; clipboard-write; encrypted-media; web-share\" referrerpolicy=\"strict-origin-when-cross-origin\"><\/iframe>\n<\/div><\/figure>\n\n\n\n<p><!--\n\n\n\n\n\n\n\n\n\n\n\n\n\n\n\n\n\n\n\n\n\n\n\n\n\n\n\n\n\n\n\n\n\n\n\n\n\n\n\n\n<h4>Fr\u00e8res et S&oelig;urs de Bethl\u00e9em<\/h4>\n\n\n\n\n\n\n\n\n\n\n\n\n\n\n\n\n\n\n\n\n\n\n\n\n\n\n\n\n\n\n\n\n\n\n\n\n\n\n\n\nLes Fr\u00e8res et s&oelig;urs de Bethl\u00e9em offrent la possibilit\u00e9s \u00e0 des retraitants de vivre une retraite en solitude tout en participant \u00e0 la liturgie de la communaut\u00e9.\nPour plus de d\u00e9tails, veuillez contacter&nbsp;:\n\n\n\n\n\n\n\n\n\n\n\n\n\n\n\n\n\n\n\n\n\n\n\n\n\n\n\n\n\n\n\n\n\n\n\n\n\n\n\n\n<div id=\"adresses\">\n\n\n\n\n\n\n\n\n\n\n\n\n\n\n\n\n\n\n\n\n\n\n\n\n\n\n\n\n\n\n\n\n\n\n\n\n\n\n\n\n<div class=\"bloc2\">\n\n\n\n\n\n\n\n\n\n\n\n\n\n\n\n\n\n\n\n\n\n\n\n\n\n\n\n\n\n\n\n\n\n\n\n\n\n\n\n\n<p class=\"t0 gras\">Monast\u00e8re de Bethl\u00e9em<\/p>\n\n\n\n\n\n\n\n\n\n\n\n\n\n\n\n\n\n\n\n\n\n\n\n\n\n\n\n\n\n\n\n\n\n\n\n\n\n\n\n\n\n\n\n\n\n\n\n\n\n\n\n\n\n\n\n\n\n\n\n\n\n\n\n\n\n\n\n\n\n\n\n\n\n\n\n\n\n\n\n\n<p class=\"t0\">Curri\u00e8re en Chartreuse\n38380 St Laurent du Pont\nFrance\nT\u00e9l&nbsp;: +33 (0)4 76 55 40 55\nFax&nbsp;: +33 (0)4 76 55 29 50\n<a class=\"external\" href=\"http:\/\/www.bethleem.org\/monasteres\/curriere_soeurs.php\">http:\/\/www.bethleem.org<\/a><\/p>\n\n\n\n\n\n\n\n\n\n\n\n\n\n\n\n\n\n\n\n\n\n\n\n\n\n\n\n\n\n\n\n\n\n\n\n\n\n\n\n\n\n<\/div>\n\n\n\n\n\n\n\n\n\n\n\n\n\n\n\n\n\n\n\n\n\n\n\n\n\n\n\n\n\n\n\n\n\n\n\n\n\n\n\n\n<\/div>\n\n\n\n\n\n\n\n\n\n\n\n\n\n\n\n\n\n\n\n\n\n\n\n\n\n\n\n\n\n\n\n\n\n\n\n\n\n\n\n\n\n\n\n\n\n\n\n\n\n\n\n\n\n\n\n\n\n\n\n\n\n\n\n\n\n\n\n\n\n\n\n\n\n\n\n\n\n\n\n\n<p class=\"center\">(St Laurent du Pont, proche du Monast\u00e8re)<\/p>\n\n\n\n\n\n\n\n\n\n\n\n\n\n\n\n\n\n\n\n\n\n\n\n\n\n\n\n\n\n\n\n\n\n\n\n\n\n\n\n\n\n--><\/p>\n\n\n\n<h3 class=\"wp-block-heading\">Ritiri di discernimento vocazionale<\/h3>\n\n\n\n<p>Come abbiamo detto sopra, in linea con la nostra vocazione eremitica, possiamo accettare in ritiro solo quelle candidate che pensano ad una possibile vocazione certosina. Tuttavia, \u00e8 necessario un minimo di discernimento preventivo per garantire che tale ritiro sia opportuno.<\/p>\n\n\n\n<p>Quindi, se vuoi studiare la possibilit\u00e0 di una tale vocazione, \u00e8 consigliabile parlarne con il tuo padre spirituale, se lo hai. Il suo consenso non \u00e8 imprescindibile, rimani libera, ma, se \u00e8 possibile, \u00e8 meglio. Poi devi scrivere a una casa, cercando di farti conoscere sufficientemente, cio\u00e8 dando qualche informazione sull&rsquo;et\u00e0, sugli studi, sulla situazione familiare ed eventualmente professionale. Infine e soprattutto dire qualcosa sul tuo percorso spirituale e sul cammino verso la vita religiosa (da quando ci pensi? hai avuto contatti con altri monasteri?) e verso la Certosa (come hai conosciuto la Certosa? quali sono le ragioni del tuo interesse per la vita certosina?). Da notare che il limite di et\u00e0 \u00e8 35 anni.<\/p>\n\n\n\n<p>Per chi avesse difficolt\u00e0 a farlo per iscritto, \u00e8 possibile venire in monastero una mezza giornata per parlare direttamente con la Maestra delle novizie. Se c&rsquo;\u00e8 un&rsquo;altra difficolt\u00e0, spiega la situazione e si vedr\u00e0 cosa conviene fare.<\/p>\n\n\n\n<p>Desideriamo inoltre poter contattare un sacerdote o un religioso che ti conosca bene e che possa testimoniare la seriet\u00e0 del tuo orientamento. Se questa tendenza \u00e8 stata seguita per qualche tempo da un padre spirituale, la cosa migliore \u00e8, ovviamente, di darci i suoi recapiti, o anche una sua lettera. Questo comunque non \u00e8 un prerequisito, poich\u00e9 non tutte hanno un padre spirituale.<\/p>\n\n\n\n<p>Se al termine di questa prima fase sembra possibile un ritiro, ci sono due possibilit\u00e0:<\/p>\n\n\n\n<ul class=\"wp-block-list\">\n<li>Se desideri semplicemente un primo contatto, possiamo offrirti il ritiro di una settimana, ma \u00e8 un tempo troppo breve per entrare nella vita certosina o prendere una decisione.<\/li>\n\n\n\n<li>Se vuoi un ritiro di discernimento (cio\u00e8 inteso a rispondere alla domanda: questa \u00e8 la mia vocazione o no?), bisogna prevedere circa un mese. Non addebitiamo nulla per questi ritiri, ma devi pagare tu stessa il viaggio di andata e ritorno. I dettagli saranno comunicati dalla casa che hai contattato.<\/li>\n<\/ul>\n\n\n\n<p>In Italia c&rsquo;\u00e8 una sola casa, come illustrato nella pagina \u00ab\u00a0I Monasteri\u00a0\u00bb.<\/p>\n\n\n\n<h3 class=\"wp-block-heading\">Ritiri di discernimento per candidate di una terra lontana<\/h3>\n\n\n\n<p>Normalmente le candidate vengono indirizzate ad una casa della propria area culturale, per facilitare l&rsquo;adattamento, ma non essendoci monasteri di monache in tutte le principali lingue, \u00e8 possibile ricevere nei monasteri attuali chi si premura di imparane la lingua.<\/p>\n\n\n\n<p>Per i candidati provenienti da paesi lontani (extra Europa) devono essere considerate condizioni particolari.<\/p>\n\n\n\n<p>Chi ha la possibilit\u00e0 di pagare il viaggio di andata e ritorno pu\u00f2 contattarci alle stesse condizioni di chi proviene dallo stesso paese, con per\u00f2 una differenza tra chi proviene da un paese appartenente all&rsquo;Europa (non c&rsquo;\u00e8 quindi nessuna difficolt\u00e0 particolare) e chi risiede fuori dell&rsquo;Europa, nel qual caso \u00e8 necessario un visto, il che comporta alcune complicazioni.<\/p>\n\n\n\n<p>Quelle che non sono in grado di pagarsi il viaggio per fare esperienza, devono allora cominciare con un discernimento preventivo molto pi\u00f9 accurato. Normalmente non \u00e8 possibile per il monastero pagare il viaggio per un ritiro a causa degli alti costi che comporta e del fatto che il pi\u00f9 delle volte questo viaggio sarebbe superfluo; infatti solo poche candidate scelgono di iniziare il postulato. Ma, se il caso lo merita, si pu\u00f2 eventualmente trovare una soluzione.<\/p>\n\n\n\n<ol class=\"wp-block-list\">\n<li>Pagare le spese di viaggio.<\/li>\n\n\n\n<li>Ottenere il visto: questo pu\u00f2 essere un procedimento lungo. Non bisogna venire con un visto turistico che non consentirebbe di ottenere un permesso di soggiorno. \u00c8 necessario un visto a lungo termine e per questo la candidata deve avere un passaporto valido e il monastero deve fornire un certificato di sostegno.<\/li>\n<\/ol>\n\n\n\n<p><\/p>\n","protected":false},"excerpt":{"rendered":"<p>Solo le eventuali candidate alla vita certosina possono fare un ritiro spirituale all&rsquo;interno del monastero previo [&hellip;]<\/p>\n","protected":false},"author":1,"featured_media":0,"parent":3033,"menu_order":2,"comment_status":"closed","ping_status":"closed","template":"template-full-width.php","meta":{"footnotes":""},"class_list":["post-3039","page","type-page","status-publish","hentry"],"_links":{"self":[{"href":"https:\/\/chartreux.org\/moniales\/wp-json\/wp\/v2\/pages\/3039","targetHints":{"allow":["GET"]}}],"collection":[{"href":"https:\/\/chartreux.org\/moniales\/wp-json\/wp\/v2\/pages"}],"about":[{"href":"https:\/\/chartreux.org\/moniales\/wp-json\/wp\/v2\/types\/page"}],"author":[{"embeddable":true,"href":"https:\/\/chartreux.org\/moniales\/wp-json\/wp\/v2\/users\/1"}],"replies":[{"embeddable":true,"href":"https:\/\/chartreux.org\/moniales\/wp-json\/wp\/v2\/comments?post=3039"}],"version-history":[{"count":8,"href":"https:\/\/chartreux.org\/moniales\/wp-json\/wp\/v2\/pages\/3039\/revisions"}],"predecessor-version":[{"id":4180,"href":"https:\/\/chartreux.org\/moniales\/wp-json\/wp\/v2\/pages\/3039\/revisions\/4180"}],"up":[{"embeddable":true,"href":"https:\/\/chartreux.org\/moniales\/wp-json\/wp\/v2\/pages\/3033"}],"wp:attachment":[{"href":"https:\/\/chartreux.org\/moniales\/wp-json\/wp\/v2\/media?parent=3039"}],"curies":[{"name":"wp","href":"https:\/\/api.w.org\/{rel}","templated":true}]}}