{"id":3005,"date":"2021-08-27T21:02:04","date_gmt":"2021-08-27T19:02:04","guid":{"rendered":"https:\/\/chartreux.org\/moniales\/?page_id=3005"},"modified":"2021-11-24T19:45:24","modified_gmt":"2021-11-24T18:45:24","slug":"la-via-certosina","status":"publish","type":"page","link":"https:\/\/chartreux.org\/moniales\/it\/la-via-certosina\/","title":{"rendered":"Il Camino Certosino"},"content":{"rendered":"\n<div class=\"wp-block-columns is-layout-flex wp-container-core-columns-is-layout-9d6595d7 wp-block-columns-is-layout-flex\">\n<div class=\"wp-block-column is-layout-flow wp-block-column-is-layout-flow\">\n<div id=\"toc_container\">\n<ul class=\"toc_list\">\n   <li><a href=\"#A-la-louange-de-Dieu\">1. A lode di Dio<\/a><\/li>\n   <li><a href=\"#Solitude\">2. Solitudine<\/a><\/li>\n   <li><a href=\"#Communion-de-solitaires\">3. Comunione di solitari<\/a><\/li>\n   <li><a href=\"#Au-c\u0153ur-de-l\u2019Eglise\">4. Al cuore della Chiesa<\/a><\/li>   \n<\/ul>\n<\/div>\n<\/div>\n\n\n\n<div class=\"wp-block-column is-layout-flow wp-block-column-is-layout-flow\">\n<blockquote class=\"wp-block-quote is-layout-flow wp-block-quote-is-layout-flow\"><p><span class=\"has-inline-color has-black-color\"><em>Nell&rsquo;isolamento dei monasteri e nella solitudine delle celle, pazienti e silenziosi, i certosini tessono l&rsquo;abito nuziale della Chiesa.<\/em><\/span><\/p><cite>(Giovanni Paolo II)<\/cite><\/blockquote>\n<\/div>\n<\/div>\n\n\n\n<h3 class=\"wp-block-heading\" id=\"A-la-louange-de-Dieu\">1. A lode di Dio<\/h3>\n\n\n\n<p>Quando san Bruno lascia Reims, sa cosa sta cercando e non se ne lascer\u00e0 distogliere a causa dell&rsquo;abbandono dei suoi primi compagni. Con altri, raggiunge Grenoble e si lascia condurre nel deserto della Chartreuse da sant&rsquo;Ugo. Chi conosce il luogo in pieno inverno non pu\u00f2 non rimanere colpito: il nome \u201cdeserto\u201d per la Chartreuse non \u00e8 esagerato.<\/p>\n\n\n\n<p>Che cosa dunque stava cercando? Anche oggi gli Statuti dell&rsquo;Ordine lo riassumono in una frase: \u00abA lode della gloria di Dio, Cristo, Verbo del Padre, per mezzo dello Spirito Santo, si scelse fin dal principio degli uomini per condurli nella solitudine e unirli a s\u00e9 in intimo amore\u00bb. S\u00ec, gli amanti hanno sempre cercato di starsene da soli; non cerchiamo altrove il senso della solitudine in Certosa. <\/p>\n\n\n\n<p>Meno di un secolo dopo, le monache di Pr\u00e9bayon, in Provenza, decisero di abbracciare la regola di vita dei monaci della Chartreuse. Pi\u00f9 volte durante il giorno, i monaci certosini e le monache certosine, formando un unico corpo, cantano le lodi di Dio. Partecipando al sacrificio eucaristico, all&rsquo;ufficio divino e a tutta la liturgia, la famiglia certosina si unisce a Cristo e al servizio di adorazione della Chiesa.<\/p>\n\n\n\n<figure class=\"wp-block-image size-large\"><img loading=\"lazy\" decoding=\"async\" width=\"1024\" height=\"512\" src=\"https:\/\/chartreux.org\/moniales\/wp-content\/uploads\/2020\/09\/a-IMG_9468rec-1024x512.jpg\" alt=\"\" class=\"wp-image-1128\" srcset=\"https:\/\/chartreux.org\/moniales\/wp-content\/uploads\/2020\/09\/a-IMG_9468rec-1024x512.jpg 1024w, https:\/\/chartreux.org\/moniales\/wp-content\/uploads\/2020\/09\/a-IMG_9468rec-300x150.jpg 300w, https:\/\/chartreux.org\/moniales\/wp-content\/uploads\/2020\/09\/a-IMG_9468rec-768x384.jpg 768w, https:\/\/chartreux.org\/moniales\/wp-content\/uploads\/2020\/09\/a-IMG_9468rec-1536x768.jpg 1536w, https:\/\/chartreux.org\/moniales\/wp-content\/uploads\/2020\/09\/a-IMG_9468rec.jpg 1600w\" sizes=\"auto, (max-width: 1024px) 100vw, 1024px\" \/><\/figure>\n\n\n\n<h3 class=\"wp-block-heading\" id=\"Solitude\">2. Solitudine<\/h3>\n\n\n\n<p>\u00abVattene dal tuo paese, dalla tua patria e dalla casa di tuo padre, verso il paese che io ti indicher\u00f2\u00bb (Gen 12,1). Questa chiamata di Dio ad Abramo, per renderlo depositario di una benedizione, si \u00e8 ripetuta pi\u00f9 volte nella storia sacra. \u00c8 l&rsquo;appello lanciato a Mos\u00e8 e agli Ebrei che sono andati nel deserto, poi ai profeti. La medesima chiamata \u00e8 risuonata nei secoli sino ad oggi, e uomini e donne hanno lasciato tutto per appartenere a Dio solo.<\/p>\n\n\n\n<p>La nostra vita di monache certosine \u00e8 una vita contemplativa contrassegnata dalla solitudine. Tutto il nostro desiderio \u00e8 rispondere alla chiamata di Dio rendendogli amore per Amore. I nostri monasteri, lontani dalle citt\u00e0, sono dei \u201cdeserti\u201d per favorire l\u2019incontro con Dio. Infatti la nostra principale cura e la nostra vocazione sono trovare Dio nel silenzio e nella solitudine; <em>\u00abL\u00ec il Signore e il suo servo conversano spesso insieme, come un amico con il suo amico\u00bb<\/em> (Statuti 4.1)<em>.<\/em><\/p>\n\n\n\n<p>Al profeta Osea Dio rende pi\u00f9 luminosa la sua promessa: <em>\u00abLa sedurr\u00f2, la condurr\u00f2 nel deserto e parler\u00f2 al suo cuore\u00bb<\/em> (Os 2,16). Ges\u00f9 \u00e8 spinto dallo Spirito nel deserto (Mc 1,12) e l\u00ec rimane da solo a solo con il Padre. Ges\u00f9 invita anche noi ad entrare nella solitudine per incontrare il Padre:<em> \u00abTu, quando preghi, entra nella tua camera e, chiusa la porta, prega il Padre tuo nel segreto; e il Padre tuo, che vede nel segreto, ti ricompenser\u00e0\u00bb<\/em> (Mt 6,6).<\/p>\n\n\n\n<p>Come aveva fatto per Ges\u00f9, lo Spirito continua a spingere uomini e donne nel deserto. I primi monaci e le prime monache andarono nei deserti dell&rsquo;Egitto e l\u00ec nacque la vita consacrata. Dio a volte chiede questo strappo dai nostri legami naturali, ma offre una terra nuova: essere chiamato nel deserto \u00e8 scegliere di camminare con il Signore senza sapere dove ci condurr\u00e0. \u00c8 un modo di vivere che permette una particolare apertura alle realt\u00e0 divine, \u00e8 stare vicino alla Sorgente. \u00abQuanta utilit\u00e0 e gioia divina rechino la solitudine e il silenzio dell\u2019eremo a coloro che li amano, lo sanno solamente quelli che ne hanno fatto esperienza\u00bb (<em>Lettera <\/em>di san Bruno a Rodolfo). Ma allo stesso tempo \u00e8 luogo di prova e di purificazione. Questo ci permette di esercitare meglio nella Chiesa la nostra missione, di lode, di intercessione, di rappresentanza.<\/p>\n\n\n\n<figure class=\"wp-block-image size-large\"><img loading=\"lazy\" decoding=\"async\" width=\"1024\" height=\"514\" src=\"https:\/\/chartreux.org\/moniales\/wp-content\/uploads\/2020\/09\/DSC04688nn-1024x514.jpg\" alt=\"\" class=\"wp-image-1106\" srcset=\"https:\/\/chartreux.org\/moniales\/wp-content\/uploads\/2020\/09\/DSC04688nn-1024x514.jpg 1024w, https:\/\/chartreux.org\/moniales\/wp-content\/uploads\/2020\/09\/DSC04688nn-300x150.jpg 300w, https:\/\/chartreux.org\/moniales\/wp-content\/uploads\/2020\/09\/DSC04688nn-768x385.jpg 768w, https:\/\/chartreux.org\/moniales\/wp-content\/uploads\/2020\/09\/DSC04688nn-1536x770.jpg 1536w, https:\/\/chartreux.org\/moniales\/wp-content\/uploads\/2020\/09\/DSC04688nn.jpg 2042w\" sizes=\"auto, (max-width: 1024px) 100vw, 1024px\" \/><\/figure>\n\n\n\n<p><a href=\"#toc_container\" class=\"returnToTop\"> Torna all\u2019inizio! \u2191 <\/a><\/p>\n\n\n\n<p><\/p>\n\n\n\n<h3 class=\"wp-block-heading\" id=\"Communion-de-solitaires\">3. Comunione di solitari<\/h3>\n\n\n\n<p>Quando Ges\u00f9 si ritirava in un luogo deserto per pregare, rimaneva in comunione con i suoi discepoli. San Bruno and\u00f2 nel \u201cdeserto\u201d di Chartreuse per vivere con Dio, ma lo fece con altri sei compagni che avevano ricevuto la medesima chiamata. Insieme costruirono gli eremi, insieme si consacravano alla lode di Dio nella loro chiesetta. Ogni monaco nel suo eremo pregava, leggeva, lavorava, mangiava, dormiva, ma quella solitudine non lo separava dai suoi fratelli che facevano lo stesso nel medesimo momento. La comunione tra i fratelli era intensa, come si pu\u00f2 vedere nella lettera di san Bruno ai fratelli di Chartreuse. Questa unione era radicata in Dio Amore, Padre, Figlio e Spirito Santo, dimorante in ciascuno e in tutti.<\/p>\n\n\n\n<p>Certosini e certosine di oggi mirano alla stessa armonia tra vita solitaria e vita comunitaria dei loro predecessori. Saranno una comunione di solitari se si lasciano invadere dall&rsquo;amore di Cristo. \u00c8 per amor suo che lo ameranno e ameranno inseparabilmente i fratelli. La vita solitaria, nelle celle o nelle obbedienze, accende e alimenta il fuoco dell&rsquo;amore divino nei nostri cuori. Questo ci costituisce membra gli uni degli altri.<\/p>\n\n\n\n<p>Un simbolo di questa comunione di solitari risiede nella planimetria degli edifici di una Certosa: ogni eremo o \u00ab\u00a0cella\u00a0\u00bb comporta una casetta e un giardino; questa \u00ab\u00a0cella\u00a0\u00bb si apre su un chiostro che conduce agli ambienti comunitari, chiesa, capitolo, refettorio, biblioteca.<\/p>\n\n\n\n<p>La vita di comunione si concreta nella liturgia quotidiana cantata in chiesa, ma la manifestiamo maggiormente le domeniche e i giorni festivi: la domenica si pranza insieme in refettorio e nel pomeriggio c\u2019\u00e8 un incontro fraterno. In tal giorno si cantano in chiesa anche Terza, Sesta e Nona. In questi incontri \u00e8 dato maggiore spazio al conforto della vita di famiglia.<\/p>\n\n\n\n<figure class=\"wp-block-image size-large\"><img loading=\"lazy\" decoding=\"async\" width=\"1024\" height=\"512\" src=\"https:\/\/chartreux.org\/moniales\/wp-content\/uploads\/2020\/09\/a-IMG_3974nn-1024x512.jpg\" alt=\"\" class=\"wp-image-1107\" srcset=\"https:\/\/chartreux.org\/moniales\/wp-content\/uploads\/2020\/09\/a-IMG_3974nn-1024x512.jpg 1024w, https:\/\/chartreux.org\/moniales\/wp-content\/uploads\/2020\/09\/a-IMG_3974nn-300x150.jpg 300w, https:\/\/chartreux.org\/moniales\/wp-content\/uploads\/2020\/09\/a-IMG_3974nn-768x384.jpg 768w, https:\/\/chartreux.org\/moniales\/wp-content\/uploads\/2020\/09\/a-IMG_3974nn-1536x768.jpg 1536w, https:\/\/chartreux.org\/moniales\/wp-content\/uploads\/2020\/09\/a-IMG_3974nn.jpg 1600w\" sizes=\"auto, (max-width: 1024px) 100vw, 1024px\" \/><\/figure>\n\n\n\n<figure class=\"wp-block-image size-large\"><img loading=\"lazy\" decoding=\"async\" width=\"1024\" height=\"512\" src=\"https:\/\/chartreux.org\/moniales\/wp-content\/uploads\/2020\/09\/a-IMG_7108nn-1024x512.jpg\" alt=\"\" class=\"wp-image-1108\" srcset=\"https:\/\/chartreux.org\/moniales\/wp-content\/uploads\/2020\/09\/a-IMG_7108nn-1024x512.jpg 1024w, https:\/\/chartreux.org\/moniales\/wp-content\/uploads\/2020\/09\/a-IMG_7108nn-300x150.jpg 300w, https:\/\/chartreux.org\/moniales\/wp-content\/uploads\/2020\/09\/a-IMG_7108nn-768x384.jpg 768w, https:\/\/chartreux.org\/moniales\/wp-content\/uploads\/2020\/09\/a-IMG_7108nn-1536x768.jpg 1536w, https:\/\/chartreux.org\/moniales\/wp-content\/uploads\/2020\/09\/a-IMG_7108nn.jpg 1600w\" sizes=\"auto, (max-width: 1024px) 100vw, 1024px\" \/><\/figure>\n\n\n\n<p>Il colloquio settimanale ci riunisce: \u00e8 un incontro di amicizia e una condivisione profonda a partire dalla Parola del Signore, alla luce della quale cercheremo poi di orientare la vita.<\/p>\n\n\n\n<p>Inoltre, una volta alla settimana, abbiamo un altro scambio fraterno durante una passeggiata, chiamata spaziamento, che dura circa tre ore. Ognuna pu\u00f2 intrattenersi a turno con le altre, il che favorisce l&rsquo;unione degli animi e il loro progresso, alimenta l&rsquo;affetto reciproco, assicura una buona distensione fisica e ci aiuta a vivere in solitudine.<\/p>\n\n\n\n<figure class=\"wp-block-image size-large\"><img loading=\"lazy\" decoding=\"async\" width=\"1024\" height=\"512\" src=\"https:\/\/chartreux.org\/moniales\/wp-content\/uploads\/2020\/09\/DSC03809nn-1024x512.jpg\" alt=\"\" class=\"wp-image-1109\" srcset=\"https:\/\/chartreux.org\/moniales\/wp-content\/uploads\/2020\/09\/DSC03809nn-1024x512.jpg 1024w, https:\/\/chartreux.org\/moniales\/wp-content\/uploads\/2020\/09\/DSC03809nn-300x150.jpg 300w, https:\/\/chartreux.org\/moniales\/wp-content\/uploads\/2020\/09\/DSC03809nn-768x384.jpg 768w, https:\/\/chartreux.org\/moniales\/wp-content\/uploads\/2020\/09\/DSC03809nn-1536x768.jpg 1536w, https:\/\/chartreux.org\/moniales\/wp-content\/uploads\/2020\/09\/DSC03809nn.jpg 2048w\" sizes=\"auto, (max-width: 1024px) 100vw, 1024px\" \/><\/figure>\n\n\n\n<p>Situato a pochi metri dal monastero, un eremo accoglie dei certosini che condividono la nostra vita liturgica. Il padre o i padri celebrano l&rsquo;Eucaristia e gli altri sacramenti.<\/p>\n\n\n\n<h3 class=\"wp-block-heading\" id=\"Au-c\u0153ur-de-l\u2019Eglise\">4. Al cuore della Chiesa<\/h3>\n\n\n\n<p>La comunione non esiste solo tra i membri della stessa Certosa, tra tutti i figli e le figlie di san Bruno. \u00c8 con la Chiesa visibile e invisibile. La scelta della vita solitaria non ci fa disertare la famiglia umana. L&rsquo;unione con Dio, se \u00e8 vera, non ci chiude in noi stessi, ma al contrario apre la mente e dilata il cuore, fino ad abbracciare il mondo intero e il mistero della Redenzione per mezzo di Cristo.<\/p>\n\n\n\n<p>Separati da tutti, siamo uniti a tutti: e cos\u00ec \u00e8 in nome di tutti che stiamo alla presenza del Dio vivente. La preghiera solitaria \u00e8 la parte che Dio e la Chiesa ci hanno affidato, nostra collaborazione all&rsquo;opera incessante di Cristo: <em>\u00abIl Padre mio opera sempre e anch&rsquo;io opero\u00bb<\/em> (Gv 5,17). La certosina, mentre \u00e8 fedele alla chiamata ricevuta da Dio, dona la vita anche per i fratelli del mondo, perch\u00e9 la preghiera di ciascuno \u00e8 per tutti, e la preghiera di tutti \u00e8 per ciascuno, in terra e in cielo. Lo Spirito Santo suscita in noi la preghiera di Cristo mediante la fede e l&rsquo;amore. Poich\u00e9 siamo membra del suo corpo, la nostra preghiera \u00e8 sua, il nostro silenzio annuncia la sua buona notizia e la nostra veglia la sua venuta.<\/p>\n\n\n\n<p>Nel cuore della Chiesa, le monache certosine sono chiamate da Dio <em>\u00aballa comunione del Figlio suo Ges\u00f9 Cristo\u00bb<\/em> (1Cor 1,9), imitandolo nella sua vita nascosta a Nazaret e pregando con lui sul monte. Rivolgersi unicamente a Colui che \u00e8, dilata il cuore e lo rende capace di portare in Dio le aspirazioni e le sofferenze del mondo. Ma la vita certosina testimonia soprattutto l&rsquo;amore di Dio, attesta che il suo amore basta a riempire una vita, va amato gratuitamente come lui ci ha amato, semplicemente perch\u00e9 lo merita, a lode della sua gloria.<\/p>\n\n\n\n<div class=\"wp-block-image\"><figure class=\"aligncenter size-large\"><img loading=\"lazy\" decoding=\"async\" width=\"1024\" height=\"683\" src=\"https:\/\/chartreux.org\/moniales\/wp-content\/uploads\/2020\/09\/a-IMG_5047-1024x683.jpg\" alt=\"\" class=\"wp-image-1126\" srcset=\"https:\/\/chartreux.org\/moniales\/wp-content\/uploads\/2020\/09\/a-IMG_5047-1024x683.jpg 1024w, https:\/\/chartreux.org\/moniales\/wp-content\/uploads\/2020\/09\/a-IMG_5047-300x200.jpg 300w, https:\/\/chartreux.org\/moniales\/wp-content\/uploads\/2020\/09\/a-IMG_5047-768x512.jpg 768w, https:\/\/chartreux.org\/moniales\/wp-content\/uploads\/2020\/09\/a-IMG_5047-1536x1024.jpg 1536w, https:\/\/chartreux.org\/moniales\/wp-content\/uploads\/2020\/09\/a-IMG_5047.jpg 1600w\" sizes=\"auto, (max-width: 1024px) 100vw, 1024px\" \/><\/figure><\/div>\n\n\n\n<p><a href=\"#toc_container\" class=\"returnToTop\"> Torna all\u2019inizio! \u2191 <\/a><\/p>\n\n\n\n<p><\/p>\n","protected":false},"excerpt":{"rendered":"<p>1. A lode di Dio 2. Solitudine 3. Comunione di solitari 4. Al cuore della Chiesa [&hellip;]<\/p>\n","protected":false},"author":1,"featured_media":0,"parent":0,"menu_order":0,"comment_status":"closed","ping_status":"closed","template":"","meta":{"footnotes":""},"class_list":["post-3005","page","type-page","status-publish","hentry"],"_links":{"self":[{"href":"https:\/\/chartreux.org\/moniales\/wp-json\/wp\/v2\/pages\/3005","targetHints":{"allow":["GET"]}}],"collection":[{"href":"https:\/\/chartreux.org\/moniales\/wp-json\/wp\/v2\/pages"}],"about":[{"href":"https:\/\/chartreux.org\/moniales\/wp-json\/wp\/v2\/types\/page"}],"author":[{"embeddable":true,"href":"https:\/\/chartreux.org\/moniales\/wp-json\/wp\/v2\/users\/1"}],"replies":[{"embeddable":true,"href":"https:\/\/chartreux.org\/moniales\/wp-json\/wp\/v2\/comments?post=3005"}],"version-history":[{"count":7,"href":"https:\/\/chartreux.org\/moniales\/wp-json\/wp\/v2\/pages\/3005\/revisions"}],"predecessor-version":[{"id":3408,"href":"https:\/\/chartreux.org\/moniales\/wp-json\/wp\/v2\/pages\/3005\/revisions\/3408"}],"wp:attachment":[{"href":"https:\/\/chartreux.org\/moniales\/wp-json\/wp\/v2\/media?parent=3005"}],"curies":[{"name":"wp","href":"https:\/\/api.w.org\/{rel}","templated":true}]}}