{"id":300,"date":"2022-06-15T22:20:55","date_gmt":"2022-06-15T20:20:55","guid":{"rendered":"http:\/\/cobaye.chartreux.org\/wordpress\/?page_id=5"},"modified":"2026-01-20T22:29:58","modified_gmt":"2026-01-20T21:29:58","slug":"home","status":"publish","type":"page","link":"https:\/\/chartreux.org\/moniales\/","title":{"rendered":"L&rsquo;ORDRE DES CHARTREUX"},"content":{"rendered":"\n<div style=\"height:36px\" aria-hidden=\"true\" class=\"wp-block-spacer\"><\/div>\n\n\n\n<p>\u00c0 la louange de la gloire de Dieu, le Christ, Verbe du P\u00e8re, depuis toujours a choisi par l&rsquo;Esprit Saint des hommes pour les mener en solitude et se les unir dans un amour intime. R\u00e9pondant \u00e0 cet appel, ma\u00eetre Bruno, l&rsquo;an du Seigneur 1084, entra avec six compagnons au d\u00e9sert de Chartreuse et s&rsquo;y \u00e9tablit. L\u00e0, ces hommes et leurs successeurs, demeurant \u00e0 l&rsquo;\u00e9cole du Saint Esprit, et se laissant former par l&rsquo;exp\u00e9rience, \u00e9labor\u00e8rent un style propre de vie \u00e9r\u00e9mitique, transmis aux g\u00e9n\u00e9rations suivantes, non par l&rsquo;\u00e9crit, mais par l&rsquo;exemple.<\/p>\n\n\n\n<p>D&rsquo;autres ermitages se fond\u00e8rent \u00e0 l&rsquo;imitation de celui de Chartreuse, et sur leurs instances r\u00e9p\u00e9t\u00e9es, Guigues, cinqui\u00e8me prieur de Chartreuse, r\u00e9digea une description de ce mode de vie&nbsp;; tous l&rsquo;accueillirent et d\u00e9cid\u00e8rent de s&rsquo;y conformer, pour qu&rsquo;elle f\u00fbt la loi de leur observance et le lien de charit\u00e9 de leur famille naissante. <\/p>\n\n\n\n<p>Vers 1145, les moniales de Pr\u00e9bayon en Provence d\u00e9cid\u00e8rent d&#8217;embrasser la r\u00e8gle de vie des chartreux. Telle fut l&rsquo;origine de notre Ordre.<\/p>\n\n\n\n<div class=\"wp-block-columns is-layout-flex wp-container-core-columns-is-layout-9d6595d7 wp-block-columns-is-layout-flex\">\n<div class=\"wp-block-column is-layout-flow wp-block-column-is-layout-flow\">\n<figure class=\"wp-block-image size-large\"><img loading=\"lazy\" decoding=\"async\" width=\"1024\" height=\"576\" src=\"https:\/\/chartreux.org\/moniales\/wp-content\/uploads\/2020\/10\/4-1024x576.jpg\" alt=\"\" class=\"wp-image-1953\" srcset=\"https:\/\/chartreux.org\/moniales\/wp-content\/uploads\/2020\/10\/4-1024x576.jpg 1024w, https:\/\/chartreux.org\/moniales\/wp-content\/uploads\/2020\/10\/4-300x169.jpg 300w, https:\/\/chartreux.org\/moniales\/wp-content\/uploads\/2020\/10\/4-768x432.jpg 768w, https:\/\/chartreux.org\/moniales\/wp-content\/uploads\/2020\/10\/4-1536x864.jpg 1536w, https:\/\/chartreux.org\/moniales\/wp-content\/uploads\/2020\/10\/4.jpg 1920w\" sizes=\"auto, (max-width: 1024px) 100vw, 1024px\" \/><\/figure>\n\n\n\n<p><\/p>\n<\/div>\n\n\n\n<div class=\"wp-block-column is-layout-flow wp-block-column-is-layout-flow\">\n<figure class=\"wp-block-image size-large\"><img loading=\"lazy\" decoding=\"async\" width=\"1024\" height=\"576\" src=\"https:\/\/chartreux.org\/moniales\/wp-content\/uploads\/2020\/10\/EXPO-22-1024x576.jpg\" alt=\"\" class=\"wp-image-1954\" srcset=\"https:\/\/chartreux.org\/moniales\/wp-content\/uploads\/2020\/10\/EXPO-22-1024x576.jpg 1024w, https:\/\/chartreux.org\/moniales\/wp-content\/uploads\/2020\/10\/EXPO-22-300x169.jpg 300w, https:\/\/chartreux.org\/moniales\/wp-content\/uploads\/2020\/10\/EXPO-22-768x432.jpg 768w, https:\/\/chartreux.org\/moniales\/wp-content\/uploads\/2020\/10\/EXPO-22-1536x864.jpg 1536w, https:\/\/chartreux.org\/moniales\/wp-content\/uploads\/2020\/10\/EXPO-22-2048x1152.jpg 2048w\" sizes=\"auto, (max-width: 1024px) 100vw, 1024px\" \/><\/figure>\n<\/div>\n<\/div>\n\n\n\n<p>Les moniales chartreuses, appel\u00e9es aussi parfois chartreusines,  ont donc \u00e9t\u00e9 la branche f\u00e9minine des chartreux, depuis bient\u00f4t neuf si\u00e8cles. Elles ont aujourd&rsquo;hui deux maisons en France, une en Italie, une en Cor\u00e9e du Sud, et une en Espagne, actuellement rattach\u00e9e \u00e0 une maison fran\u00e7aise. Une fondation en Am\u00e9rique Latine pourrait voir le jour dans un futur encore assez lointain. <\/p>\n\n\n\n<p>Toute la beaut\u00e9 de l\u2019\u00e9pouse du Roi est \u00e0 l\u2019int\u00e9rieur. Il n&rsquo;est pas facile de transmettre l&rsquo;essentiel de la vie contemplative cartusienne, vie de recherche de Dieu dans la solitude et le silence. Cependant les textes peuvent \u00e9clairer les intentions profondes et les images laisser pressentir quelque chose de ce secret.<\/p>\n\n\n\n<iframe loading=\"lazy\" src=\"https:\/\/player.vimeo.com\/video\/660457887?h=be14a8f743\" name=\"moniFR\"allow=\"autoplay; fullscreen; picture-in-picture\" allowfullscreen=\"\" width=\"640\" height=\"360\" frameborder=\"0\"><\/iframe>\n\n\n\n<div class=\"flag\">\n<a href=\"https:\/\/player.vimeo.com\/video\/1075790863\" width=\"640\" height=\"360\" frameborder=\"0\" allowfullscreen=\"allowfullscreen\" \"=\"\" target=\"moniFR\"><img decoding=\"async\" src=\"https:\/\/chartreux.org\/moniales\/wp-content\/uploads\/2024\/02\/brazil-32x32-32937.png\" alt=\"Portuguese\"><\/a>\n<a href=\"https:\/\/player.vimeo.com\/video\/924363104\" width=\"640\" height=\"360\" frameborder=\"0\" allowfullscreen=\"allowfullscreen\" \"=\"\" target=\"moniFR\"><img decoding=\"async\" src=\"https:\/\/chartreux.org\/moines\/wp-content\/uploads\/2021\/05\/spain-32x32-33105.png\" alt=\"Espagnol\"><\/a>\n<a href=\"https:\/\/player.vimeo.com\/video\/1156626648\" width=\"640\" height=\"360\" frameborder=\"0\" allowfullscreen=\"allowfullscreen\" \"=\"\" target=\"moniFR\"><img decoding=\"async\" src=\"https:\/\/chartreux.org\/moniales\/wp-content\/uploads\/2026\/01\/croatia-32x32-32995.png\" alt=\"Croate\"><\/a>\n<\/div>\n\n\n\n<div style=\"height:16px\" aria-hidden=\"true\" class=\"wp-block-spacer\"><\/div>\n\n\n\n<p>Film <strong>\u00ab Les Moniales Chartreuses \u00bb<\/strong>, 22 mn.<\/p>\n\n\n\n<div style=\"height:17px\" aria-hidden=\"true\" class=\"wp-block-spacer\"><\/div>\n\n\n\n<iframe loading=\"lazy\" src=\"https:\/\/player.vimeo.com\/video\/244650113\" name=\"mFR\" allow=\"autoplay; fullscreen; picture-in-picture\" width=\"640\" height=\"480\" frameborder=\"0\"><\/iframe>\n\n\n\n<div class=\"flag\">\n<a href=\"https:\/\/player.vimeo.com\/video\/302484598\" width=\"640\" height=\"360\" frameborder=\"0\" allowfullscreen=\"allowfullscreen\" \"=\"\" target=\"mFR\"><img decoding=\"async\" src=\"https:\/\/chartreux.org\/moniales\/wp-content\/uploads\/2022\/02\/united-32x32-33115.png\" alt=\"Anglais\"><\/a>\n<a href=\"https:\/\/player.vimeo.com\/video\/294910547\" width=\"640\" height=\"360\" frameborder=\"0\" allowfullscreen=\"allowfullscreen\" \"=\"\" target=\"mFR\"><img decoding=\"async\" src=\"https:\/\/chartreux.org\/moniales\/wp-content\/uploads\/2022\/02\/italy-32x32-32999.png\" alt=\"Italien\"><\/a>\n<a href=\"https:\/\/player.vimeo.com\/video\/298219486\" width=\"640\" height=\"360\" frameborder=\"0\" allowfullscreen=\"allowfullscreen\" \"=\"\" target=\"mFR\"><img decoding=\"async\" src=\"https:\/\/chartreux.org\/moniales\/wp-content\/uploads\/2022\/02\/spain-32x32-33105.png\" alt=\"Espagnol\"><\/a>\n<a href=\"https:\/\/player.vimeo.com\/video\/302484598\" width=\"640\" height=\"360\" frameborder=\"0\" allowfullscreen=\"allowfullscreen\" \"=\"\" target=\"mFR\"><img decoding=\"async\" src=\"https:\/\/chartreux.org\/moniales\/wp-content\/uploads\/2022\/02\/south-32x32-33086.png\" alt=\"Corean\"><\/a>\n<\/div>\n\n\n\n<div style=\"height:18px\" aria-hidden=\"true\" class=\"wp-block-spacer\"><\/div>\n\n\n\n<p>DVD  <strong>\u00ab <\/strong> <strong>Une vie en Chartreuse: de la nuit du monde \u00e0 la Nuit Pascale<\/strong> <strong> \u00bb<\/strong> <\/p>\n","protected":false},"excerpt":{"rendered":"<p>\u00c0 la louange de la gloire de Dieu, le Christ, Verbe du P\u00e8re, depuis toujours a [&hellip;]<\/p>\n","protected":false},"author":1,"featured_media":0,"parent":0,"menu_order":0,"comment_status":"closed","ping_status":"closed","template":"template-MonialesFadeIn.php","meta":{"footnotes":""},"class_list":["post-300","page","type-page","status-publish","hentry"],"_links":{"self":[{"href":"https:\/\/chartreux.org\/moniales\/wp-json\/wp\/v2\/pages\/300","targetHints":{"allow":["GET"]}}],"collection":[{"href":"https:\/\/chartreux.org\/moniales\/wp-json\/wp\/v2\/pages"}],"about":[{"href":"https:\/\/chartreux.org\/moniales\/wp-json\/wp\/v2\/types\/page"}],"author":[{"embeddable":true,"href":"https:\/\/chartreux.org\/moniales\/wp-json\/wp\/v2\/users\/1"}],"replies":[{"embeddable":true,"href":"https:\/\/chartreux.org\/moniales\/wp-json\/wp\/v2\/comments?post=300"}],"version-history":[{"count":46,"href":"https:\/\/chartreux.org\/moniales\/wp-json\/wp\/v2\/pages\/300\/revisions"}],"predecessor-version":[{"id":4200,"href":"https:\/\/chartreux.org\/moniales\/wp-json\/wp\/v2\/pages\/300\/revisions\/4200"}],"wp:attachment":[{"href":"https:\/\/chartreux.org\/moniales\/wp-json\/wp\/v2\/media?parent=300"}],"curies":[{"name":"wp","href":"https:\/\/api.w.org\/{rel}","templated":true}]}}