{"id":2925,"date":"2020-11-11T15:13:22","date_gmt":"2020-11-11T14:13:22","guid":{"rendered":"https:\/\/chartreux.org\/moniales\/?page_id=2925"},"modified":"2021-07-05T01:23:01","modified_gmt":"2021-07-04T23:23:01","slug":"politique-de-confidentialite-kr","status":"publish","type":"page","link":"https:\/\/chartreux.org\/moniales\/ko\/politique-de-confidentialite-kr\/","title":{"rendered":"Politique de confidentialit\u00e9"},"content":{"rendered":"\n<div id=\"toc_container\">\n<p class=\"toc_title\"><\/p>\n<ul class=\"toc_list\">\n  <li><a href=\"#Politique\">Politique de Protection des donn\u00e9es<\/a><\/li>\n  <li><a href=\"#champs\">Champs d\u2019application<\/a><\/li>\n  <li><a href=\"#Les-donn\u00e9es-collect\u00e9es\">Les donn\u00e9es collect\u00e9es<\/a><\/li>\n  <li><a href=\"#La-finalit\u00e9-de-la-collecte-de-donn\u00e9es\">La finalit\u00e9 de la collecte de donn\u00e9es<\/a><\/li>\n  <li><a href=\"#Dur\u00e9e-de-conservation\">Dur\u00e9e de conservation<\/a><\/li>\n  <li><a href=\"#Stockage-et-s\u00e9curisation-des-donn\u00e9es\">Stockage et s\u00e9curisation des donn\u00e9es<\/a><\/li>\n  <li><a href=\"#Droit-d\u2019acc\u00e8s\">Droit d\u2019acc\u00e8s<\/a><\/li>\n        <li><a href=\"#Consentement\">Consentement<\/a><ul>\n        <\/ul><\/li>\n             <\/ul><\/div>\n\n\n\n<h4 class=\"wp-block-heading\">Politique de Protection des donn\u00e9es<\/h4>\n\n\n\n<p>L&rsquo;Ordre des Chartreux s\u2019engage \u00e0 prendre des mesures appropri\u00e9es pour se mettre en conformit\u00e9, en tant que responsable de traitement, avec les dispositions de la Loi n\u00b078-17 du 6 janvier 1978 modifi\u00e9e, avec le R\u00e8glement G\u00e9n\u00e9ral sur la Protection des Donn\u00e9es (RGPD \u2013 2016\/679) et avec tout autre texte qui viendrait s&rsquo;y ajouter.<\/p>\n\n\n\n<p>Dans la politique de protection des donn\u00e9es ci-dessous vous trouverez les moyens que nous avons mis en \u0153uvre pour y parvenir.<\/p>\n\n\n\n<h4 class=\"wp-block-heading\" id=\"champs\">Champs d\u2019application<\/h4>\n\n\n\n<p>Cette politique s\u2019applique \u00e0 l\u2019ensemble des traitements de donn\u00e9es \u00e0 caract\u00e8re personnel r\u00e9alis\u00e9s par l&rsquo;Ordre des Chartreux, quels que soient les supports sur lesquels les donn\u00e9es ont \u00e9t\u00e9 collect\u00e9es.<\/p>\n\n\n\n<h4 class=\"wp-block-heading\" id=\"Les-donn\u00e9es-collect\u00e9es\">Les donn\u00e9es collect\u00e9es<\/h4>\n\n\n\n<p>Nous collectons des informations lorsque vous nous \u00e9crivez : pour une question, pour une demande d\u2019information, pour faire un don, etc. Nous recueillons les informations que vous nous communiquez : votre nom, pr\u00e9nom, adresse postale ou e-mail, vos coordonn\u00e9es t\u00e9l\u00e9phoniques,\u2026 Les informations bancaires de vos dons <strong>ne sont pas conserv\u00e9es<\/strong> par nos soins mais par notre \u00e9tablissement bancaire.<\/p>\n\n\n\n<p>Lorsque vous naviguez sur notre site Internet, nous r\u00e9coltons \u00e9galement des informations techniques sur votre appareil (adresse IP) ou des statistiques de navigation.<\/p>\n\n\n\n<h4 class=\"wp-block-heading\" id=\"La-finalit\u00e9-de-la-collecte-de-donn\u00e9es\">La finalit\u00e9 de la collecte de donn\u00e9es<\/h4>\n\n\n\n<p>Toutes les informations que nous collectons aupr\u00e8s de vous peuvent \u00eatre utilis\u00e9es pour diff\u00e9rentes finalit\u00e9s. Nous les utilisons surtout pour r\u00e9pondre \u00e0 vos questions. En outre pour la gestion de la relation donateurs, l\u2019\u00e9mission de re\u00e7us fiscaux\u2026, ou \u00e0 des fins statistiques, notamment en ce qui concerne la navigation sur notre site internet.<\/p>\n\n\n\n<h4 class=\"wp-block-heading\" id=\"Dur\u00e9e-de-conservation\">Dur\u00e9e de conservation<\/h4>\n\n\n\n<p>L&rsquo;Ordre des Chartreux conserve vos donn\u00e9es pendant la dur\u00e9e n\u00e9cessaire \u00e0 la r\u00e9alisation des finalit\u00e9s mentionn\u00e9es ci-dessus.<\/p>\n\n\n\n<h4 class=\"wp-block-heading\" id=\"Stockage-et-s\u00e9curisation-des-donn\u00e9es\">Stockage et s\u00e9curisation des donn\u00e9es<\/h4>\n\n\n\n<p>L&rsquo;Ordre des Chartreux prend toute mesure utile pour pr\u00e9server la <strong>s\u00e9curit\u00e9 des donn\u00e9es<\/strong> \u00e0 caract\u00e8re personnel qui lui sont confi\u00e9es. Pour cela, elle met en place les mesures techniques et organisationnelles n\u00e9cessaires afin d\u2019\u00e9viter, dans la mesure du possible, toute alt\u00e9ration, perte ou acc\u00e8s non autoris\u00e9 \u00e0 vos donn\u00e9es.<\/p>\n\n\n\n<p>Les donn\u00e9es \u00e0 caract\u00e8re personnel sont stock\u00e9es dans l&rsquo;Union Europ\u00e9enne, dans nos logiciels.<\/p>\n\n\n\n<h4 class=\"wp-block-heading\" id=\"Droit-d\u2019acc\u00e8s\">Droit d\u2019acc\u00e8s<\/h4>\n\n\n\n<p>Conform\u00e9ment \u00e0 la Loi Informatique et Libert\u00e9s N\u00b0 78-17 du 16 janvier 1978 et au R\u00e8glement G\u00e9n\u00e9ral sur la protection des donn\u00e9es 2016\/679, vous disposez d\u2019un droit d\u2019acc\u00e8s, de rectification, de limitation et de suppression, des donn\u00e9es vous concernant.<\/p>\n\n\n\n<p>Vous pouvez adresser vos demandes par e-mail : . Par courrier \u00e0 La Grande Chartreuse, F-38380 Saint Pierre de Chartreuse.<\/p>\n\n\n\n<h4 class=\"wp-block-heading\" id=\"Consentement\">Consentement<\/h4>\n\n\n\n<p>En utilisant notre site internet, vous consentez \u00e0 notre politique de confidentialit\u00e9. Pour les autres supports des mentions sont port\u00e9es sur chaque document pour vous \u00e9clairer sur l\u2019utilisation que nous faisons de vos donn\u00e9es personnelles et vos droits en la mati\u00e8re.<\/p>\n\n\n\n<p class=\"has-small-font-size\"><em>\u00a9 1998-2020 L&rsquo;Ordre des Chartreux<\/em><\/p>\n\n\n","protected":false},"excerpt":{"rendered":"<p>Politique de Protection des donn\u00e9es Champs d\u2019application Les donn\u00e9es collect\u00e9es La finalit\u00e9 de la collecte de [&hellip;]<\/p>\n","protected":false},"author":1,"featured_media":0,"parent":0,"menu_order":0,"comment_status":"closed","ping_status":"closed","template":"template-full-width.php","meta":{"footnotes":""},"class_list":["post-2925","page","type-page","status-publish","hentry"],"_links":{"self":[{"href":"https:\/\/chartreux.org\/moniales\/wp-json\/wp\/v2\/pages\/2925","targetHints":{"allow":["GET"]}}],"collection":[{"href":"https:\/\/chartreux.org\/moniales\/wp-json\/wp\/v2\/pages"}],"about":[{"href":"https:\/\/chartreux.org\/moniales\/wp-json\/wp\/v2\/types\/page"}],"author":[{"embeddable":true,"href":"https:\/\/chartreux.org\/moniales\/wp-json\/wp\/v2\/users\/1"}],"replies":[{"embeddable":true,"href":"https:\/\/chartreux.org\/moniales\/wp-json\/wp\/v2\/comments?post=2925"}],"version-history":[{"count":1,"href":"https:\/\/chartreux.org\/moniales\/wp-json\/wp\/v2\/pages\/2925\/revisions"}],"predecessor-version":[{"id":2926,"href":"https:\/\/chartreux.org\/moniales\/wp-json\/wp\/v2\/pages\/2925\/revisions\/2926"}],"wp:attachment":[{"href":"https:\/\/chartreux.org\/moniales\/wp-json\/wp\/v2\/media?parent=2925"}],"curies":[{"name":"wp","href":"https:\/\/api.w.org\/{rel}","templated":true}]}}