{"id":2923,"date":"2020-11-11T14:31:51","date_gmt":"2020-11-11T13:31:51","guid":{"rendered":"https:\/\/chartreux.org\/moniales\/?page_id=2923"},"modified":"2021-07-05T01:21:26","modified_gmt":"2021-07-04T23:21:26","slug":"mentions-legales-kr","status":"publish","type":"page","link":"https:\/\/chartreux.org\/moniales\/ko\/mentions-legales-kr\/","title":{"rendered":"Mentions legales"},"content":{"rendered":"\n<p>L&rsquo;objectif de ce site, h\u00e9berg\u00e9 en France, est de fournir des informations sur l&rsquo;Ordre cartusien. L&rsquo;Auteur (Ordre cartusien) se d\u00e9gage de toute responsabilit\u00e9 quant au contenu des sites distants mentionn\u00e9s par les liens hypertextes du pr\u00e9sent site.<\/p>\n\n\n\n<p>En dehors de la reproduction pour l&rsquo;usage personnel et priv\u00e9, la reproduction pour vente, distribution, diffusion, publication int\u00e9grale ou partielle sous quelque forme que ce soit, des textes, illustrations, images et animations ou de toutes les autres donn\u00e9es pr\u00e9sentes sur le site est interdite sans autorisation \u00e9crite de l&rsquo;Auteur (s&rsquo;adresser \u00e0 : <code>)<\/code>.<\/p>\n\n\n\n<p>Depuis le 25 mai 2018, le \u00ab R\u00e8glement G\u00e9n\u00e9ral pour la Protection des Donn\u00e9es \u00bb est entr\u00e9 en vigueur. Il garantit aux citoyens europ\u00e9ens la bonne utilisation de leurs donn\u00e9es personnelles par des Tiers. En \u00e9crivant \u00e0 une des adresses e-mail mention\u00e9es sur le site internet www.chartreux.org, vous consentez \u00e0 ce que les donn\u00e9es personnelles que vous transmettez soient conserv\u00e9es \u00e0 la seule fin de satisfaire votre demande. L&rsquo;Ordre des chartreux prot\u00e8ge vos donn\u00e9es et en reste le seul propri\u00e9taire. Vos donn\u00e9es ne sont ni vendues \u00e0 des Tiers ni \u00e9chang\u00e9es. L&rsquo;Ordre des chartreux les conserve pendant la dur\u00e9e n\u00e9cessaire \u00e0 la r\u00e9alisation de la finalit\u00e9 mentionn\u00e9e ci-dessus. Vous retrouverez tous les d\u00e9tails de notre politique de confidentialit\u00e9 ci-dessous.<\/p>\n","protected":false},"excerpt":{"rendered":"<p>L&rsquo;objectif de ce site, h\u00e9berg\u00e9 en France, est de fournir des informations sur l&rsquo;Ordre cartusien. L&rsquo;Auteur [&hellip;]<\/p>\n","protected":false},"author":1,"featured_media":0,"parent":0,"menu_order":0,"comment_status":"closed","ping_status":"closed","template":"template-full-width.php","meta":{"footnotes":""},"class_list":["post-2923","page","type-page","status-publish","hentry"],"_links":{"self":[{"href":"https:\/\/chartreux.org\/moniales\/wp-json\/wp\/v2\/pages\/2923","targetHints":{"allow":["GET"]}}],"collection":[{"href":"https:\/\/chartreux.org\/moniales\/wp-json\/wp\/v2\/pages"}],"about":[{"href":"https:\/\/chartreux.org\/moniales\/wp-json\/wp\/v2\/types\/page"}],"author":[{"embeddable":true,"href":"https:\/\/chartreux.org\/moniales\/wp-json\/wp\/v2\/users\/1"}],"replies":[{"embeddable":true,"href":"https:\/\/chartreux.org\/moniales\/wp-json\/wp\/v2\/comments?post=2923"}],"version-history":[{"count":1,"href":"https:\/\/chartreux.org\/moniales\/wp-json\/wp\/v2\/pages\/2923\/revisions"}],"predecessor-version":[{"id":2924,"href":"https:\/\/chartreux.org\/moniales\/wp-json\/wp\/v2\/pages\/2923\/revisions\/2924"}],"wp:attachment":[{"href":"https:\/\/chartreux.org\/moniales\/wp-json\/wp\/v2\/media?parent=2923"}],"curies":[{"name":"wp","href":"https:\/\/api.w.org\/{rel}","templated":true}]}}