{"id":2718,"date":"2020-12-07T17:44:18","date_gmt":"2020-12-07T16:44:18","guid":{"rendered":"https:\/\/chartreux.org\/moniales\/?page_id=2718"},"modified":"2020-12-08T03:08:07","modified_gmt":"2020-12-08T02:08:07","slug":"in-construction","status":"publish","type":"page","link":"https:\/\/chartreux.org\/moniales\/en\/in-construction\/","title":{"rendered":"In Construction"},"content":{"rendered":"\n<p>Afin de bien souligner que l&rsquo;Ordre des chartreux a deux branches, l&rsquo;une masculine bien connue, et l&rsquo;autre f\u00e9minine tr\u00e8s peu connue, le nouveau site de l&rsquo;Ordre est con\u00e7u en miroir et le visiteur peut passer directement du site des moines au site des moniales et vice versa. Cependant, le site des moines n&rsquo;\u00e9tant pas encore termin\u00e9, le bouton ci-dessous vous connecte sur l&rsquo;ancien site.<\/p>\n\n\n\n<div class=\"wp-block-buttons aligncenter is-layout-flex wp-block-buttons-is-layout-flex\">\n<div class=\"wp-block-button\"><a class=\"wp-block-button__link\" href=\"https:\/\/chartreux.org\/en\/\">Go to the Monks Site<\/a><\/div>\n<\/div>\n","protected":false},"excerpt":{"rendered":"<p>Afin de bien souligner que l&rsquo;Ordre des chartreux a deux branches, l&rsquo;une masculine bien connue, et [&hellip;]<\/p>\n","protected":false},"author":1,"featured_media":0,"parent":0,"menu_order":0,"comment_status":"closed","ping_status":"closed","template":"template-full-width.php","meta":{"footnotes":""},"class_list":["post-2718","page","type-page","status-publish","hentry"],"_links":{"self":[{"href":"https:\/\/chartreux.org\/moniales\/wp-json\/wp\/v2\/pages\/2718","targetHints":{"allow":["GET"]}}],"collection":[{"href":"https:\/\/chartreux.org\/moniales\/wp-json\/wp\/v2\/pages"}],"about":[{"href":"https:\/\/chartreux.org\/moniales\/wp-json\/wp\/v2\/types\/page"}],"author":[{"embeddable":true,"href":"https:\/\/chartreux.org\/moniales\/wp-json\/wp\/v2\/users\/1"}],"replies":[{"embeddable":true,"href":"https:\/\/chartreux.org\/moniales\/wp-json\/wp\/v2\/comments?post=2718"}],"version-history":[{"count":2,"href":"https:\/\/chartreux.org\/moniales\/wp-json\/wp\/v2\/pages\/2718\/revisions"}],"predecessor-version":[{"id":2722,"href":"https:\/\/chartreux.org\/moniales\/wp-json\/wp\/v2\/pages\/2718\/revisions\/2722"}],"wp:attachment":[{"href":"https:\/\/chartreux.org\/moniales\/wp-json\/wp\/v2\/media?parent=2718"}],"curies":[{"name":"wp","href":"https:\/\/api.w.org\/{rel}","templated":true}]}}