{"id":2673,"date":"2020-12-07T17:44:18","date_gmt":"2020-12-07T16:44:18","guid":{"rendered":"https:\/\/chartreux.org\/moniales\/?page_id=2673"},"modified":"2024-02-26T20:18:00","modified_gmt":"2024-02-26T19:18:00","slug":"en-construction","status":"publish","type":"page","link":"https:\/\/chartreux.org\/moniales\/en-construction\/","title":{"rendered":"En construction"},"content":{"rendered":"\n<p>Afin de bien souligner que l&rsquo;Ordre des chartreux a deux branches, l&rsquo;une masculine bien connue, et l&rsquo;autre f\u00e9minine tr\u00e8s peu connue, le nouveau site de l&rsquo;Ordre est con\u00e7u en miroir et le visiteur peut passer directement du site des moines au site des moniales et vice versa. Cependant, le site des moines n&rsquo;\u00e9tant pas encore termin\u00e9, le bouton ci-dessous vous connecte sur l&rsquo;ancien site. <\/p>\n\n\n\n<div class=\"wp-block-buttons is-content-justification-center is-layout-flex wp-container-core-buttons-is-layout-16018d1d wp-block-buttons-is-layout-flex\">\n<div class=\"wp-block-button\"><a class=\"wp-block-button__link wp-element-button\" href=\"https:\/\/chartreux.org\" target=\"_blank\" rel=\"noreferrer noopener\">Ancien site des moines<\/a><\/div>\n<\/div>\n","protected":false},"excerpt":{"rendered":"<p>Afin de bien souligner que l&rsquo;Ordre des chartreux a deux branches, l&rsquo;une masculine bien connue, et [&hellip;]<\/p>\n","protected":false},"author":1,"featured_media":0,"parent":0,"menu_order":0,"comment_status":"closed","ping_status":"closed","template":"template-full-width.php","meta":{"footnotes":""},"class_list":["post-2673","page","type-page","status-publish","hentry"],"_links":{"self":[{"href":"https:\/\/chartreux.org\/moniales\/wp-json\/wp\/v2\/pages\/2673","targetHints":{"allow":["GET"]}}],"collection":[{"href":"https:\/\/chartreux.org\/moniales\/wp-json\/wp\/v2\/pages"}],"about":[{"href":"https:\/\/chartreux.org\/moniales\/wp-json\/wp\/v2\/types\/page"}],"author":[{"embeddable":true,"href":"https:\/\/chartreux.org\/moniales\/wp-json\/wp\/v2\/users\/1"}],"replies":[{"embeddable":true,"href":"https:\/\/chartreux.org\/moniales\/wp-json\/wp\/v2\/comments?post=2673"}],"version-history":[{"count":6,"href":"https:\/\/chartreux.org\/moniales\/wp-json\/wp\/v2\/pages\/2673\/revisions"}],"predecessor-version":[{"id":4123,"href":"https:\/\/chartreux.org\/moniales\/wp-json\/wp\/v2\/pages\/2673\/revisions\/4123"}],"wp:attachment":[{"href":"https:\/\/chartreux.org\/moniales\/wp-json\/wp\/v2\/media?parent=2673"}],"curies":[{"name":"wp","href":"https:\/\/api.w.org\/{rel}","templated":true}]}}