{"id":2402,"date":"2021-08-30T00:41:58","date_gmt":"2021-08-29T22:41:58","guid":{"rendered":"https:\/\/chartreux.org\/moniales\/?page_id=2402"},"modified":"2023-12-29T01:47:39","modified_gmt":"2023-12-29T00:47:39","slug":"contacts","status":"publish","type":"page","link":"https:\/\/chartreux.org\/moniales\/es\/resourceses\/contacts\/","title":{"rendered":"Contactos"},"content":{"rendered":"\n<p>Como los cartujos han escogido una vida solitaria, se agradecer\u00e1 respetar su soledad. Un intercambio epistolar es incompatible con su vida, e incluso a sus pr\u00f3ximos parientes escriben s\u00f3lo rara vez. Sin embargo, si usted se interroga sobre una eventual vocaci\u00f3n cartujana, puede escribir a una de las direcciones indicadas en la p\u00e1gina \u00ab\u00a0Los Monasterios\u00a0\u00bb.<\/p>\n\n\n\n<p>Si piensa en una vocaci\u00f3n y encuentra alguna dificultad en contactar alguna de las casas o no sabe a cu\u00e1l dirigirse, env\u00ede su mensaje a <img loading=\"lazy\" decoding=\"async\" width=\"250\" height=\"21\" class=\"wp-image-3990\" style=\"width: 250px;\" src=\"https:\/\/chartreux.org\/moniales\/wp-content\/uploads\/2023\/12\/vacations_new2.png\" alt=\"vacations\"> (direcci\u00f3n general exclusiva para las vocaciones; no se responder\u00e1 sobre otro asunto). La informaci\u00f3n ser\u00e1 transmitida a la casa m\u00e1s apropiada.<\/p>\n\n\n\n<p>Para dar sus impresiones o se\u00f1alar alg\u00fan deseo sobre este sitio, usted puede escribir a <img loading=\"lazy\" decoding=\"async\" width=\"250\" height=\"21\" class=\"wp-image-3991\" style=\"width: 250px;\" src=\"https:\/\/chartreux.org\/moniales\/wp-content\/uploads\/2023\/12\/contact_new2.png\" alt=\"\"> <img decoding=\"async\" src=\"\/$\/email\/contact2chartreuseinfo.png\" alt=\"\">. No se responder\u00e1 (gracias por su comprensi\u00f3n).<\/p>\n\n\n\n<p>Para asuntos hist\u00f3ricos o cient\u00edficos, se puede contactar:<\/p>\n\n\n\n<p>Pedro de Manuel<br>Asociaci\u00f3n de Amigos de la Cartuja de Montalegre<br>c. Rocafort 244, 2a 10a<br>08029 Barcelona<br>Espa\u00f1a<br>pdemanuel@outlook.com<\/p>\n\n\n\n<p>o bien:<\/p>\n\n\n\n<p>Alain Girard<br>Centre de Recherches Cartusiennes<br>Mus\u00e9e<br>30130 Pont-Saint-Esprit<br>Francia<\/p>\n","protected":false},"excerpt":{"rendered":"<p>Como los cartujos han escogido una vida solitaria, se agradecer\u00e1 respetar su soledad. Un intercambio epistolar [&hellip;]<\/p>\n","protected":false},"author":1,"featured_media":0,"parent":2420,"menu_order":0,"comment_status":"closed","ping_status":"closed","template":"template-full-width.php","meta":{"footnotes":""},"class_list":["post-2402","page","type-page","status-publish","hentry"],"_links":{"self":[{"href":"https:\/\/chartreux.org\/moniales\/wp-json\/wp\/v2\/pages\/2402","targetHints":{"allow":["GET"]}}],"collection":[{"href":"https:\/\/chartreux.org\/moniales\/wp-json\/wp\/v2\/pages"}],"about":[{"href":"https:\/\/chartreux.org\/moniales\/wp-json\/wp\/v2\/types\/page"}],"author":[{"embeddable":true,"href":"https:\/\/chartreux.org\/moniales\/wp-json\/wp\/v2\/users\/1"}],"replies":[{"embeddable":true,"href":"https:\/\/chartreux.org\/moniales\/wp-json\/wp\/v2\/comments?post=2402"}],"version-history":[{"count":11,"href":"https:\/\/chartreux.org\/moniales\/wp-json\/wp\/v2\/pages\/2402\/revisions"}],"predecessor-version":[{"id":3995,"href":"https:\/\/chartreux.org\/moniales\/wp-json\/wp\/v2\/pages\/2402\/revisions\/3995"}],"up":[{"embeddable":true,"href":"https:\/\/chartreux.org\/moniales\/wp-json\/wp\/v2\/pages\/2420"}],"wp:attachment":[{"href":"https:\/\/chartreux.org\/moniales\/wp-json\/wp\/v2\/media?parent=2402"}],"curies":[{"name":"wp","href":"https:\/\/api.w.org\/{rel}","templated":true}]}}