{"id":2398,"date":"2021-08-30T00:42:29","date_gmt":"2021-08-29T22:42:29","guid":{"rendered":"https:\/\/chartreux.org\/moniales\/?page_id=2398"},"modified":"2021-01-02T13:57:52","modified_gmt":"2021-01-02T12:57:52","slug":"books","status":"publish","type":"page","link":"https:\/\/chartreux.org\/moniales\/es\/resourceses\/books\/","title":{"rendered":"Libros"},"content":{"rendered":"\n<h4 class=\"wp-block-heading\">Bibliograf\u00eda esencial en castellano:<\/h4>\n\n\n\n<div style=\"height:20px\" aria-hidden=\"true\" class=\"wp-block-spacer\"><\/div>\n\n\n\n<p>Un cartujo, <em>Maestro Bruno, padre de monjes<\/em>, Biblioteca de Autores Cristianos, 1995.<\/p>\n\n\n\n<p>Un cartujo, <strong><em>San Bruno, biograf\u00eda y carisma<\/em><\/strong>, Biblioteca de Autores Cristianos, 2001.<\/p>\n\n\n\n<p>Un cartujo, <strong><em>Los cartujos hoy, una vida para la vida de la Iglesia<\/em><\/strong>, Aula Dei, 1999.<\/p>\n\n\n\n<p>Robin Bruce Lockhart, <em>El camino de la cartuja<\/em>, Verbo Divino, 1984.<\/p>\n\n\n\n<p><strong><em>Los cartujos: di\u00e1logos en Miraflores<\/em><\/strong>, Cartuja de Miraflores, 2007.<\/p>\n\n\n\n<p>Un cartujo, <strong><em>Vivir de Dios, los cartujos nos hablan de su vocaci\u00f3n<\/em><\/strong>, Monte Carmelo, 2006.<\/p>\n\n\n\n<p>Un cartujo, <strong><em>Ver a Dios con el coraz\u00f3n, la pr\u00e1ctica de la oraci\u00f3n del coraz\u00f3n<\/em><\/strong>, Narcea ediciones, 2001.<\/p>\n\n\n\n<p>Lanspergio, el cartujo, <strong><em>Cartas de acompa\u00f1amiento espiritual<\/em><\/strong>, Monte Carmelo, 2010.<\/p>\n\n\n\n<p>Lanspergio, el cartujo, <strong><em>Una carta de Jesucristo<\/em><\/strong>, Monte Carmelo, 2006.<\/p>\n\n\n\n<p>Un cartujo, <strong><em>Maestro, \u00bfD\u00f3nde moras? Lectura del Evangelio de san Juan por un contemplativo<\/em><\/strong>, Monte Carmelo, 2010.<\/p>\n\n\n\n<p>Un cartujo, <strong><em>La misa, misterio nupcial<\/em><\/strong>, Monte Carmelo, 2008.<\/p>\n\n\n\n<p><strong><em>Antolog\u00eda de autores cartujanos, itinerario de contemplaci\u00f3n<\/em><\/strong>, Monte Carmelo, 2008.<\/p>\n\n\n\n<p>Un cartujo, <strong><em>Acoger a Cristo<\/em><\/strong>, Monte Carmelo, 2009.<\/p>\n\n\n\n<p>Un cartujo, <strong><em>Felices los que creen<\/em><\/strong>, Monte Carmelo, 2009.<\/p>\n\n\n\n<p>Un cartujo, <strong><em>La Trinidad y la vida interior<\/em><\/strong>, Patmos, 1991.<\/p>\n\n\n\n<p><strong><em>La oraci\u00f3n en la Cartuja<\/em><\/strong>, Monte Carmelo, 2007.<\/p>\n\n\n\n<p><strong><em>Cien oraciones de cartujos, selecci\u00f3n<\/em><\/strong>, Monte Carmelo, 2008.<\/p>\n\n\n\n<p>Un cartujo, <strong><em>En oraci\u00f3n con Mar\u00eda, meditaciones marianas<\/em><\/strong>, Monte Carmelo, 2009.<\/p>\n\n\n\n<p>Un cartujo, <strong><em>La oraci\u00f3n, entre la lucha y el \u00e9xtasis<\/em><\/strong>, Monte Carmelo, 2005.<\/p>\n\n\n\n<p>Un cartujo, <strong><em>Las riquezas de la pobreza<\/em><\/strong>, Monte Carmelo, 2007.<\/p>\n\n\n\n<p>Un cartujo, <strong><em>La felicidad de ser casto<\/em><\/strong>, Monte Carmelo, 2007.<\/p>\n\n\n\n<p>Un cartujo, <strong><em>La libertad de la obediencia<\/em><\/strong>, Monte Carmelo, 2007.<\/p>\n\n\n\n<p>Hugo de Balma, el cartujo, <strong><em>Sol de Contemplativos<\/em><\/strong>, S\u00edgueme, 1992.<\/p>\n\n\n\n<p>Un cartujo, <strong><em>La vida en Dios<\/em><\/strong>, Patmos, 2003.<\/p>\n\n\n\n<p>Juan Lanspergio, <strong><em>Carta de Jesucristo al alma devota y otros escritos<\/em><\/strong>, (traducci\u00f3n de Salvador Sandoval), Editorial San Esteban, 2010.<\/p>\n\n\n\n<p>Andr\u00e9 Ravier, <strong><em>San Bruno, primer cartujo, <\/em><\/strong>Cartuja de Miraflores, (2001?).<\/p>\n\n\n\n<p>Miguel Renuncio Roba, <strong><em>San Bruno. El primer cartujo<\/em><\/strong>, CPL, 2007 (librito para ni\u00f1os).<\/p>\n\n\n\n<p><\/p>\n\n\n\n<p>Muchos de esos t\u00edtulos, disponibles en la tiendita externa de la Cartuja de Miraflores:<br><a href=\"https:\/\/tienda.cartuja.org\/\">https:\/\/tienda.cartuja.org\/<\/a><\/p>\n\n\n\n<div style=\"height:20px\" aria-hidden=\"true\" class=\"wp-block-spacer\"><\/div>\n\n\n\n<p><\/p>\n\n\n\n<h3 class=\"has-text-align-left wp-block-heading\">DVD<\/h3>\n\n\n\n<iframe loading=\"lazy\" src=\"https:\/\/www.youtube.com\/embed\/40d4urx7GpY\" allow=\"accelerometer; autoplay; clipboard-write; encrypted-media; gyroscope; picture-in-picture\" allowfullscreen=\"\" width=\"560\" height=\"315\" frameborder=\"0\"><\/iframe>\n\n\n\n<div class=\"wp-block-columns is-layout-flex wp-container-core-columns-is-layout-9d6595d7 wp-block-columns-is-layout-flex\">\n<div class=\"wp-block-column is-layout-flow wp-block-column-is-layout-flow\" style=\"flex-basis:33.33%\">\n<figure class=\"wp-block-image size-large\"><img loading=\"lazy\" decoding=\"async\" width=\"380\" height=\"488\" src=\"https:\/\/chartreux.org\/moniales\/wp-content\/uploads\/2020\/09\/DVD-annonce.jpg\" alt=\"\" class=\"wp-image-1071\" srcset=\"https:\/\/chartreux.org\/moniales\/wp-content\/uploads\/2020\/09\/DVD-annonce.jpg 380w, https:\/\/chartreux.org\/moniales\/wp-content\/uploads\/2020\/09\/DVD-annonce-234x300.jpg 234w\" sizes=\"auto, (max-width: 380px) 100vw, 380px\" \/><\/figure>\n<\/div>\n\n\n\n<div class=\"wp-block-column is-layout-flow wp-block-column-is-layout-flow\" style=\"flex-basis:66.66%\">\n<p><\/p>\n\n\n\n<p>DVD  <strong>Saint Bruno, P\u00e8re des Chartreux<\/strong><br>Un film de Marc Jeanson.  50 min. (en franc\u00e9s)<br>Pedidos a:<br><a rel=\"noreferrer noopener\" href=\"http:\/\/www.musee-grande-chartreuse.fr\/fr\/vente-en-ligne\" target=\"_blank\">www.musee-grande-chartreuse.fr\/fr\/vente-en-ligne<\/a><br>o en:<br><a rel=\"noreferrer noopener\" href=\"http:\/\/www.dcx.fr\" target=\"_blank\">www.dcx.fr<\/a><\/p>\n\n\n\n<p>Versi\u00f3n italiana disponible: <br>DVD  <strong>San Bruno, Padre dei certosini<\/strong><br>Pedidos a:<br>Museo della Certosa, Serra San Bruno, Italia<br><\/p>\n\n\n\n<p><a href=\"http:\/\/www.museocertosa.org\/serra-gift.html\">http:\/\/www.museocertosa.org\/serra-gift.html<\/a><\/p>\n<\/div>\n<\/div>\n\n\n\n<iframe loading=\"lazy\" src=\"https:\/\/player.vimeo.com\/video\/298219486\" width=\"640\" height=\"427\" frameborder=\"0\" allow=\"autoplay; fullscreen\" allowfullscreen><\/iframe>\n\n\n\n<div class=\"wp-block-columns is-layout-flex wp-container-core-columns-is-layout-9d6595d7 wp-block-columns-is-layout-flex\">\n<div class=\"wp-block-column is-layout-flow wp-block-column-is-layout-flow\" style=\"flex-basis:33.33%\">\n<figure class=\"wp-block-image size-large\"><img loading=\"lazy\" decoding=\"async\" width=\"997\" height=\"1024\" src=\"https:\/\/chartreux.org\/moniales\/wp-content\/uploads\/2020\/10\/DSCN0041b-997x1024.jpg\" alt=\"\" class=\"wp-image-1745\" srcset=\"https:\/\/chartreux.org\/moniales\/wp-content\/uploads\/2020\/10\/DSCN0041b-997x1024.jpg 997w, https:\/\/chartreux.org\/moniales\/wp-content\/uploads\/2020\/10\/DSCN0041b-292x300.jpg 292w, https:\/\/chartreux.org\/moniales\/wp-content\/uploads\/2020\/10\/DSCN0041b-768x789.jpg 768w, https:\/\/chartreux.org\/moniales\/wp-content\/uploads\/2020\/10\/DSCN0041b-1496x1536.jpg 1496w, https:\/\/chartreux.org\/moniales\/wp-content\/uploads\/2020\/10\/DSCN0041b.jpg 1820w\" sizes=\"auto, (max-width: 997px) 100vw, 997px\" \/><\/figure>\n<\/div>\n\n\n\n<div class=\"wp-block-column is-layout-flow wp-block-column-is-layout-flow\" style=\"flex-basis:66.66%\">\n<p><\/p>\n\n\n\n<p>DVD  <strong>Une vie en Chartreuse: de la nuit du monde \u00e0 la Nuit Pascale.<\/strong><br>Realizaci\u00f3n: Les Ateliers des Forges. 49 min. (en franc\u00e9s y coreano). Disponible con subt\u00edtulos en espa\u00f1ol, a solicitar expl\u00edcitamente a:<br><a rel=\"noreferrer noopener\" href=\"http:\/\/www.musee-grande-chartreuse.fr\/fr\/vente-en-ligne\" target=\"_blank\">Mus\u00e9e de la Grande Chartreuse<\/a><br><a rel=\"noreferrer noopener\" href=\"http:\/\/www.musee-grande-chartreuse.fr\/fr\/vente-en-ligne\" target=\"_blank\">www.musee-grande-chartreuse.fr\/fr\/vente-en-ligne<\/a><\/p>\n<\/div>\n<\/div>\n","protected":false},"excerpt":{"rendered":"<p>Bibliograf\u00eda esencial en castellano: Un cartujo, Maestro Bruno, padre de monjes, Biblioteca de Autores Cristianos, 1995. [&hellip;]<\/p>\n","protected":false},"author":1,"featured_media":0,"parent":2420,"menu_order":1,"comment_status":"closed","ping_status":"closed","template":"template-full-width.php","meta":{"footnotes":""},"class_list":["post-2398","page","type-page","status-publish","hentry"],"_links":{"self":[{"href":"https:\/\/chartreux.org\/moniales\/wp-json\/wp\/v2\/pages\/2398","targetHints":{"allow":["GET"]}}],"collection":[{"href":"https:\/\/chartreux.org\/moniales\/wp-json\/wp\/v2\/pages"}],"about":[{"href":"https:\/\/chartreux.org\/moniales\/wp-json\/wp\/v2\/types\/page"}],"author":[{"embeddable":true,"href":"https:\/\/chartreux.org\/moniales\/wp-json\/wp\/v2\/users\/1"}],"replies":[{"embeddable":true,"href":"https:\/\/chartreux.org\/moniales\/wp-json\/wp\/v2\/comments?post=2398"}],"version-history":[{"count":21,"href":"https:\/\/chartreux.org\/moniales\/wp-json\/wp\/v2\/pages\/2398\/revisions"}],"predecessor-version":[{"id":2877,"href":"https:\/\/chartreux.org\/moniales\/wp-json\/wp\/v2\/pages\/2398\/revisions\/2877"}],"up":[{"embeddable":true,"href":"https:\/\/chartreux.org\/moniales\/wp-json\/wp\/v2\/pages\/2420"}],"wp:attachment":[{"href":"https:\/\/chartreux.org\/moniales\/wp-json\/wp\/v2\/media?parent=2398"}],"curies":[{"name":"wp","href":"https:\/\/api.w.org\/{rel}","templated":true}]}}