{"id":2389,"date":"2021-08-30T00:41:58","date_gmt":"2021-08-29T22:41:58","guid":{"rendered":"https:\/\/chartreux.org\/moniales\/?page_id=2389"},"modified":"2023-12-29T01:44:49","modified_gmt":"2023-12-29T00:44:49","slug":"contacts","status":"publish","type":"page","link":"https:\/\/chartreux.org\/moniales\/resources\/contacts\/","title":{"rendered":"Contacts"},"content":{"rendered":"\n<p class=\"t0 ecarteur3\">Les moniales chartreuses ayant choisi une vie solitaire vous seront reconnaissantes de respecter leur solitude. Un courrier suivi est incompatible avec leur vie, et m\u00eame \u00e0 leurs parents proches ils n&rsquo;\u00e9crivent que rarement. Cependant si vous vous posez des questions sur une \u00e9ventuelle vocation \u00e0 leur vie, vous pouvez \u00e9crire \u00e0 l&rsquo;une des maisons dont vous trouverez l&rsquo;adresse dans la page&nbsp; \u00ab\u00a0Les Monast\u00e8res\u00a0\u00bb.<\/p>\n\n\n\n<p>Si vous pensez \u00e0 une vocation et que vous ayez du mal \u00e0 contacter une des maisons de l&rsquo;Ordre ou que vous ne sachiez au juste \u00e0 laquelle vous adresser, adressez votre courrier \u00e0\u00a0: <img decoding=\"async\" class=\"email\" src=\"\/$\/email\/vocations2chartreuseinfo.png\" alt=\"\"><img loading=\"lazy\" decoding=\"async\" width=\"250\" height=\"21\" class=\"wp-image-3990\" style=\"width: 250px;\" src=\"https:\/\/chartreux.org\/moniales\/wp-content\/uploads\/2023\/12\/vacations_new2.png\" alt=\"vacations\"> (Adresse exclusive pour les vocations; tout message sur un autre sujet ne sera pas r\u00e9pondu). L&rsquo;information sera transmise \u00e0 la maison la plus appropri\u00e9e.<\/p>\n\n\n\n<p>Pour donner vos r\u00e9actions ou exprimer un souhait concernant ce site, vous pouvez \u00e9crire au Webmestre du site \u00e0 l&rsquo;adresse\u00a0: <img loading=\"lazy\" decoding=\"async\" width=\"250\" height=\"21\" class=\"wp-image-3991\" style=\"width: 250px;\" src=\"https:\/\/chartreux.org\/moniales\/wp-content\/uploads\/2023\/12\/contact_new2.png\" alt=\"contact\"> <img decoding=\"async\" class=\"email\" src=\"\/$\/email\/contact2chartreuseinfo.png\" alt=\"\">Il ne vous sera pas r\u00e9pondu (merci de votre compr\u00e9hension).<\/p>\n\n\n\n<p class=\"t0\">Pour les questions historiques et scientifiques, on peut contacter&nbsp;:<\/p>\n\n\n\n<div class=\"adresses\">\n<div class=\"bloc2\">\n<p class=\"t0 gras\">Centre de Recherches Cartusiennes<br>\nMus\u00e9e<br>\n30130 Pont-Saint-Esprit<br>\nFrance<\/p>\n<\/div>\n<p>ou bien :<\/p>\n<div class=\"bloc2\">\n<p class=\"t0 gras\">Alain Girard<br>\nMaison des chevaliers<br>\n30130 Pont-Saint-Esprit<br>\nFrance<\/p>\n<\/div>\n<\/div>\n\n\n\n<p>Ou encore :<\/p>\n\n\n\n<p>Nathalie Nabert<br>CRESC &#8211; Centre de recherches et d&rsquo;\u00e9tudes de spiritualit\u00e9 cartusienne,<br>UR Religion, Culture et Soci\u00e9t\u00e9 &#8211; Ea 7403<br> Institut Catholique de Paris<br>France<\/p>\n","protected":false},"excerpt":{"rendered":"<p>Les moniales chartreuses ayant choisi une vie solitaire vous seront reconnaissantes de respecter leur solitude. Un [&hellip;]<\/p>\n","protected":false},"author":1,"featured_media":0,"parent":2066,"menu_order":0,"comment_status":"closed","ping_status":"closed","template":"template-full-width.php","meta":{"footnotes":""},"class_list":["post-2389","page","type-page","status-publish","hentry"],"_links":{"self":[{"href":"https:\/\/chartreux.org\/moniales\/wp-json\/wp\/v2\/pages\/2389","targetHints":{"allow":["GET"]}}],"collection":[{"href":"https:\/\/chartreux.org\/moniales\/wp-json\/wp\/v2\/pages"}],"about":[{"href":"https:\/\/chartreux.org\/moniales\/wp-json\/wp\/v2\/types\/page"}],"author":[{"embeddable":true,"href":"https:\/\/chartreux.org\/moniales\/wp-json\/wp\/v2\/users\/1"}],"replies":[{"embeddable":true,"href":"https:\/\/chartreux.org\/moniales\/wp-json\/wp\/v2\/comments?post=2389"}],"version-history":[{"count":14,"href":"https:\/\/chartreux.org\/moniales\/wp-json\/wp\/v2\/pages\/2389\/revisions"}],"predecessor-version":[{"id":3993,"href":"https:\/\/chartreux.org\/moniales\/wp-json\/wp\/v2\/pages\/2389\/revisions\/3993"}],"up":[{"embeddable":true,"href":"https:\/\/chartreux.org\/moniales\/wp-json\/wp\/v2\/pages\/2066"}],"wp:attachment":[{"href":"https:\/\/chartreux.org\/moniales\/wp-json\/wp\/v2\/media?parent=2389"}],"curies":[{"name":"wp","href":"https:\/\/api.w.org\/{rel}","templated":true}]}}