{"id":2387,"date":"2021-08-30T00:42:29","date_gmt":"2021-08-29T22:42:29","guid":{"rendered":"https:\/\/chartreux.org\/moniales\/?page_id=2387"},"modified":"2021-11-18T11:41:56","modified_gmt":"2021-11-18T10:41:56","slug":"books","status":"publish","type":"page","link":"https:\/\/chartreux.org\/moniales\/resources\/books\/","title":{"rendered":"Livres"},"content":{"rendered":"\n<h4 class=\"titre wp-block-heading\">Bibliographie cartusienne essentielle en fran\u00e7ais<\/h4>\n\n\n\n<h3 class=\"librairie wp-block-heading\">Livres<\/h3>\n\n\n\n<dl class=\"librairie\">\n<dt>\n<dl class=\"librairie\">\n<dt>Saint Bruno le Chartreux, Andr\u00e9 Ravier, s.j.<\/dt>\n<dd>\u00c9d. Lethielleux<\/dd>\n<dt>Saint Bruno et les Chartreux, Tradition Vivante<\/dt>\n<dd>\u00c9d. AAVC<\/dd>\n<\/dl>\n<\/dt>\n<dt>Les Chartreux, chemins vers le silence int\u00e9rieur<\/dt>\n<dd>\u00c9d. Parole et Silence<\/dd>\n<dt>Amour et Silence, par un chartreux<\/dt>\n<dd>\u00c9d. du Seuil &#8211; ou bien \u00c9d. Ad Solem<\/dd>\n<dt>\u00c9coles du Silence, par un chartreux<\/dt>\n<dd>\u00c9d. Parole et Silence<\/dd>\n<dt>\n<dl class=\"librairie\">\n<dt>Trinit\u00e9 et Vie Surnaturelle, par un chartreux<\/dt>\n<dd>\u00c9d. AAVC<\/dd>\n<\/dl>\n<\/dt>\n<dt>L&rsquo;approche de Dieu par le silence de solitude, Andr\u00e9 Ravier, s.j.<\/dt>\n<dd>\u00c9d. AAVC<\/dd>\n<dt>Contemplatif, que cherches-tu&nbsp;?, Andr\u00e9 Ravier, s.j.<\/dt>\n<dd>\u00c9d. AAVC<\/dd>\n<dt>L&rsquo;\u00c9chelle du Paradis, par Guigues II le chartreux<\/dt>\n<dd>\u00c9d. Parole &amp; Silence<\/dd>\n<dt>Des \u00c9tincelles sur la Neige<\/dt>\n<dd>\u00c9d. Cerf<\/dd>\n<dt>\n<dl class=\"librairie\">\n<dt>Silence Cartusien, Dom Augustin Guillerand, chartreux<\/dt>\n<dd>\u00c9d. AAVC<\/dd>\n<\/dl>\n<\/dt>\n<dt>Face \u00e0 Dieu, Dom A. Guillerand, chartreux<\/dt>\n<dd>\u00c9d. Parole &amp; Silence<\/dd>\n<dt>La Correrie<\/dt>\n<dd>Brochure du Mus\u00e9e de la Grande Chartreuse<\/dd>\n<dt>La Grande Chartreuse, par un chartreux<\/dt>\n<dd>\u00c9d. AAVC<\/dd>\n<dt>Au del\u00e0 du silence : Histoire de la Grande Chartreuse (album grand format)<\/dt>\n<dd>Ed Gl\u00e9nat \/ Mus\u00e9e Dauphinois<\/dd>\n<dt>Ma\u00eetre&nbsp;: O\u00f9 demeurez-vous&nbsp;?, Dom A. Guillerand<\/dt>\n<dd>\u00c9d. AAVC<\/dd>\n<dt>L&rsquo;Ordre des chartreux<\/dt>\n<dd>\u00c9d. AAVC<\/dd>\n<dt>Paroles de Chartreux, collection cartusienne<\/dt>\n<dd>\u00c9d. AAVC<\/dd>\n<dt>Prier 15 jours avec St Bruno, par une moniale chartreuse<\/dt>\n<dd>\u00c9d. Nouvelle Cit\u00e9<\/dd>\n<dt>Pri\u00e8re du C\u0153ur et Pri\u00e8re Th\u00e9ologale<\/dt>\n<dd>\u00c9d. AAVC<\/dd>\n<dt>Le Chemin du Vrai Bonheur<\/dt>\n<dd>\u00c9d. Presses de la Renaissance<\/dd>\n<dd><\/dd>\n<dt>Premier ermitage des moines de Chartreuse, Andr\u00e9 Ravier, s.j.<\/dt>\n<dd>\u00c9d. AAVC<\/dd>\n<dt>Le Regard Int\u00e9rieur, Andr\u00e9 Gozier, o.s.b.<\/dt>\n<dd>\u00c9d. AAVC<\/dd>\n<dd><\/dd>\n<dt>La figure de Marie en Chartreuse, AA.VV.<\/dt>\n<dd>Beauchesne, Paris, 2009<\/dd>\n<dt>Les moniales chartreuses, Nathalie Nabert,<\/dt>\n<dd>\u00c9d. Ad Solem, 2009<\/dd>\n<dt>La cons\u00e9cration des vierges en Chartreuse, Dom Bernard Gaillard, O. Cart.,<\/dt>\n<dd>Analecta Cartusiana no. 250, Salzburg, 2011<\/dd>\n<\/dl>\n\n\n\n<p><\/p>\n\n\n\n<p class=\"gras\">\u00c9ditions du Cerf, Sources Chr\u00e9tiennes :<\/p>\n\n\n\n<dl class=\"librairie\">\n<dt>Coutumes de Chartreuse (S.C. n\u00b0 313)<\/dt>\n<dt>Lettres des 1ers Chartreux (Vol.1) (S.C. n\u00b0 88)<\/dt>\n<dt>Lettres des 1ers Chartreux (Vol.2) (S.C. n\u00b0 274)<\/dt>\n<dt>M\u00e9ditations, de Guigues I (S.C. n\u00b0 308)<\/dt>\n<dt>Lettre sur la vie contemplative (L&rsquo;\u00e9chelle des moines), suivie de Douze m\u00e9ditations, de Guigues II (S.C. n\u00b0 163)<\/dt>\n<dt>Lettres aux Fr\u00e8res du Mont-Dieu, Guillaume de St Thierry (S.C. n\u00b0 223)<\/dt>\n<\/dl>\n\n\n\n<div style=\"height:40px\" aria-hidden=\"true\" class=\"wp-block-spacer\"><\/div>\n\n\n\n<h3 class=\"librairie wp-block-heading\">Compacts disques<\/h3>\n\n\n\n<dl class=\"librairie\">\n<dt>Jubilate Deo<\/dt>\n<dd>Chants n\u00b02 des moines de la Grande Chartreuse.<\/dd>\n<dt>In Principio<\/dt>\n<dd>Chants Cartusiens n\u00b04 : \u00c9vangile de Saint Jean.<\/dd>\n<dt>Cantate Deo<\/dt>\n<dd>Chants des moniales d&rsquo;Espagne.<\/dd>\n<dt>In The Silence of the Word<\/dt>\n<dd>Chants des moines d&rsquo;Angleterre.<\/dd>\n<\/dl>\n\n\n\n<div class=\"adresses\">\n<div class=\"bloc\">\n<p class=\"t0 gras\">Au Mus\u00e9e de la Correrie<\/p>\n<p class=\"t0\">Chartreuse Diffusion<br>Magasin de la Correrie<br>38380 Saint Pierre de Chartreuse<br>France&nbsp;<\/p>\n<\/div>\n<div class=\"bloc\">\n<p class=\"t0 gras\">Vente par correspondance<\/p>\n<p class=\"t0\">Chartreuse Diffusion<br>Service Commercial<br>10 Boulevard Kofler<br>38500 Voiron<br>France<\/p>\n<\/div>\n<\/div>\n\n\n\n<h3 class=\"has-text-align-left wp-block-heading\">DVD&rsquo;s<\/h3>\n\n\n\n<div style=\"height:37px\" aria-hidden=\"true\" class=\"wp-block-spacer\"><\/div>\n\n\n\n<iframe loading=\"lazy\" src=\"https:\/\/www.youtube.com\/embed\/40d4urx7GpY\" allow=\"accelerometer; autoplay; clipboard-write; encrypted-media; gyroscope; picture-in-picture\" allowfullscreen=\"\" width=\"560\" height=\"315\" frameborder=\"0\"><\/iframe>\n\n\n\n<div class=\"wp-block-columns is-layout-flex wp-container-core-columns-is-layout-9d6595d7 wp-block-columns-is-layout-flex\">\n<div class=\"wp-block-column is-layout-flow wp-block-column-is-layout-flow\" style=\"flex-basis:33.33%\">\n<figure class=\"wp-block-image size-large\"><img loading=\"lazy\" decoding=\"async\" width=\"380\" height=\"488\" src=\"https:\/\/chartreux.org\/moniales\/wp-content\/uploads\/2020\/09\/DVD-annonce.jpg\" alt=\"\" class=\"wp-image-1071\" srcset=\"https:\/\/chartreux.org\/moniales\/wp-content\/uploads\/2020\/09\/DVD-annonce.jpg 380w, https:\/\/chartreux.org\/moniales\/wp-content\/uploads\/2020\/09\/DVD-annonce-234x300.jpg 234w\" sizes=\"auto, (max-width: 380px) 100vw, 380px\" \/><\/figure>\n<\/div>\n\n\n\n<div class=\"wp-block-column is-layout-flow wp-block-column-is-layout-flow\" style=\"flex-basis:66.66%\">\n<p><\/p>\n\n\n\n<p>DVD  <strong>Saint Bruno, P\u00e8re des Chartreux<\/strong><br>Un film de Marc Jeanson.  50 min.<br>Commandes :<br><a rel=\"noreferrer noopener\" href=\"http:\/\/www.musee-grande-chartreuse.fr\/fr\/vente-en-ligne\" target=\"_blank\">www.musee-grande-chartreuse.fr\/fr\/vente-en-ligne<\/a><br>ou bien :<br><a rel=\"noreferrer noopener\" href=\"http:\/\/www.dcx.fr\" target=\"_blank\">www.dcx.fr<\/a><\/p>\n\n\n\n<p>Version italienne disponible : <br>DVD  <strong>San Bruno, Padre dei certosini<\/strong><br>Commandes :<br>Museo della Certosa, Serra San Bruno, Italia<\/p>\n\n\n\n<p><a href=\"http:\/\/www.museocertosa.org\/serra-gift.html\">http:\/\/www.museocertosa.org\/serra-gift.html<\/a><\/p>\n<\/div>\n<\/div>\n\n\n\n<iframe loading=\"lazy\" src=\"https:\/\/player.vimeo.com\/video\/244650113\" allow=\"autoplay; fullscreen\" allowfullscreen=\"\" width=\"640\" height=\"360\" frameborder=\"0\"><\/iframe>\n\n\n\n<div class=\"wp-block-columns is-layout-flex wp-container-core-columns-is-layout-9d6595d7 wp-block-columns-is-layout-flex\">\n<div class=\"wp-block-column is-layout-flow wp-block-column-is-layout-flow\" style=\"flex-basis:33.33%\">\n<figure class=\"wp-block-image size-large\"><img loading=\"lazy\" decoding=\"async\" width=\"997\" height=\"1024\" src=\"https:\/\/chartreux.org\/moniales\/wp-content\/uploads\/2020\/10\/DSCN0041b-997x1024.jpg\" alt=\"\" class=\"wp-image-1745\" srcset=\"https:\/\/chartreux.org\/moniales\/wp-content\/uploads\/2020\/10\/DSCN0041b-997x1024.jpg 997w, https:\/\/chartreux.org\/moniales\/wp-content\/uploads\/2020\/10\/DSCN0041b-292x300.jpg 292w, https:\/\/chartreux.org\/moniales\/wp-content\/uploads\/2020\/10\/DSCN0041b-768x789.jpg 768w, https:\/\/chartreux.org\/moniales\/wp-content\/uploads\/2020\/10\/DSCN0041b-1496x1536.jpg 1496w, https:\/\/chartreux.org\/moniales\/wp-content\/uploads\/2020\/10\/DSCN0041b.jpg 1820w\" sizes=\"auto, (max-width: 997px) 100vw, 997px\" \/><\/figure>\n<\/div>\n\n\n\n<div class=\"wp-block-column is-layout-flow wp-block-column-is-layout-flow\" style=\"flex-basis:66.66%\">\n<p><\/p>\n\n\n\n<p>DVD  <strong>Une vie en Chartreuse: de la nuit du monde \u00e0 la Nuit Pascale.<\/strong><br>R\u00e9alisation: Les Ateliers des Forges. 49 min.<br>Commandes :<\/p>\n\n\n\n<p><a rel=\"noreferrer noopener\" href=\"http:\/\/www.musee-grande-chartreuse.fr\/fr\/vente-en-ligne\" target=\"_blank\">Mus\u00e9e de la Grande Chartreuse<\/a><br><a rel=\"noreferrer noopener\" href=\"http:\/\/www.musee-grande-chartreuse.fr\/fr\/vente-en-ligne\" target=\"_blank\">www.musee-grande-chartreuse.fr\/fr\/vente-en-ligne<\/a><\/p>\n<\/div>\n<\/div>\n\n\n\n<p><\/p>\n","protected":false},"excerpt":{"rendered":"<p>Bibliographie cartusienne essentielle en fran\u00e7ais Livres Saint Bruno le Chartreux, Andr\u00e9 Ravier, s.j. \u00c9d. Lethielleux Saint [&hellip;]<\/p>\n","protected":false},"author":1,"featured_media":0,"parent":2066,"menu_order":1,"comment_status":"closed","ping_status":"closed","template":"template-full-width.php","meta":{"footnotes":""},"class_list":["post-2387","page","type-page","status-publish","hentry"],"_links":{"self":[{"href":"https:\/\/chartreux.org\/moniales\/wp-json\/wp\/v2\/pages\/2387","targetHints":{"allow":["GET"]}}],"collection":[{"href":"https:\/\/chartreux.org\/moniales\/wp-json\/wp\/v2\/pages"}],"about":[{"href":"https:\/\/chartreux.org\/moniales\/wp-json\/wp\/v2\/types\/page"}],"author":[{"embeddable":true,"href":"https:\/\/chartreux.org\/moniales\/wp-json\/wp\/v2\/users\/1"}],"replies":[{"embeddable":true,"href":"https:\/\/chartreux.org\/moniales\/wp-json\/wp\/v2\/comments?post=2387"}],"version-history":[{"count":24,"href":"https:\/\/chartreux.org\/moniales\/wp-json\/wp\/v2\/pages\/2387\/revisions"}],"predecessor-version":[{"id":3278,"href":"https:\/\/chartreux.org\/moniales\/wp-json\/wp\/v2\/pages\/2387\/revisions\/3278"}],"up":[{"embeddable":true,"href":"https:\/\/chartreux.org\/moniales\/wp-json\/wp\/v2\/pages\/2066"}],"wp:attachment":[{"href":"https:\/\/chartreux.org\/moniales\/wp-json\/wp\/v2\/media?parent=2387"}],"curies":[{"name":"wp","href":"https:\/\/api.w.org\/{rel}","templated":true}]}}