{"id":1391,"date":"2021-08-30T00:43:57","date_gmt":"2021-08-29T22:43:57","guid":{"rendered":"https:\/\/chartreux.org\/moniales\/?page_id=1391"},"modified":"2021-11-12T10:36:57","modified_gmt":"2021-11-12T09:36:57","slug":"textes-es","status":"publish","type":"page","link":"https:\/\/chartreux.org\/moniales\/es\/resourceses\/textes-es\/","title":{"rendered":"Textos"},"content":{"rendered":"\n<h3 class=\"wp-block-heading\">1. Estatutos de las Monjas Cartujas<\/h3>\n\n\n\n<p style=\"font-size:21px\"><a href=\"https:\/\/chartreux.org\/moniales\/wp-content\/plugins\/pdfjs-viewer-shortcode\/pdfjs\/web\/viewer.php?file=\/moniales\/wp-content\/uploads\/2020\/08\/Statuts-Moniales-Textes-pour-Internet.pdf&amp;dButton=false&amp;pButton=false&amp;oButton=false&amp;sButton=true&amp;v=1.5.4#zoom=auto&amp;pagemode=bookmarks\"><strong>Statuts des Moniales Chartreuses<\/strong><\/a><\/p>\n\n\n\n<h3 class=\"wp-block-heading\">2. Textos lit\u00fargicos y otros<\/h3>\n\n\n\n<p>El enlace siguiente dirige hacia una p\u00e1gina que contiene una bibliograf\u00eda cartujana, los textos lit\u00fargicos cartujanos, los leccionarios y otros textos. Esta p\u00e1gina se abrir\u00e1 en un nuevo fichero. <\/p>\n\n\n\n<p class=\"has-medium-font-size\"><a rel=\"noreferrer noopener\" href=\"http:\/\/textes.chartreux.org\/fr\/textes\/bibliographie.php\" target=\"_blank\"><strong>Textes liturgiques et autres<\/strong><\/a><\/p>\n\n\n\n<h3 class=\"wp-block-heading\">3. Documentos de la Santa Sede<\/h3>\n\n\n\n<ul class=\"wp-block-list\"><li><a href=\"https:\/\/chartreux.org\/moniales\/wp-content\/plugins\/pdfjs-viewer-shortcode\/pdfjs\/web\/viewer.php?file=\/moniales\/wp-content\/uploads\/2020\/08\/Jean-Paul-II_Vita_Consecrata-Extraits.pdf&amp;dButton=true&amp;pButton=true&amp;oButton=false&amp;sButton=true&amp;v=1.5.4#zoom=auto&amp;pagemode=none\">Jean-Paul II : Vita Consecrata (Extraits)<\/a><\/li><li><a href=\"https:\/\/chartreux.org\/moniales\/wp-content\/plugins\/pdfjs-viewer-shortcode\/pdfjs\/web\/viewer.php?file=\/moniales\/wp-content\/uploads\/2020\/09\/Francois_Vultum-dei-quaerere_fr.pdf&amp;dButton=true&amp;pButton=true&amp;oButton=false&amp;sButton=true&amp;v=1.5.4#zoom=auto&amp;pagemode=none\">Pape Fran\u00e7ois : Vultum Dei quaerere<\/a><\/li><\/ul>\n\n\n\n<h3 class=\"wp-block-heading\">4. Espiritualidad<\/h3>\n\n\n\n<ul class=\"wp-block-list\"><li><a href=\"https:\/\/chartreux.org\/moniales\/wp-content\/plugins\/pdfjs-viewer-shortcode\/pdfjs\/web\/viewer.php?file=\/moniales\/wp-content\/uploads\/2020\/09\/Le-Masson_Retraites-pour-religieuses-chartreuses.pdf&amp;dButton=true&amp;pButton=true&amp;oButton=false&amp;sButton=true&amp;v=1.5.4#zoom=auto&amp;pagemode=none\">Dom Le Masson : Retraites pour religieuses chartreuses<\/a><\/li><li><a href=\"https:\/\/chartreux.org\/moniales\/wp-content\/plugins\/pdfjs-viewer-shortcode\/pdfjs\/web\/viewer.php?file=\/moniales\/wp-content\/uploads\/2020\/09\/Marguerite-dOingt_Le-miroir.pdf&amp;dButton=true&amp;pButton=true&amp;oButton=false&amp;sButton=true&amp;v=1.5.4#zoom=auto&amp;pagemode=none\">Marguerite d\u2019 Oingt : Le miroir<\/a><\/li><li><a href=\"https:\/\/chartreux.org\/moniales\/wp-content\/plugins\/pdfjs-viewer-shortcode\/pdfjs\/web\/viewer.php?file=\/moniales\/wp-content\/uploads\/2020\/09\/D.-Andre-Poisson-a-une-moniale.pdf&amp;dButton=true&amp;pButton=true&amp;oButton=false&amp;sButton=true&amp;v=1.5.4#zoom=auto&amp;pagemode=none\">D. Andr\u00e9 Poisson : \u00c0 une moniale<\/a><\/li><li><a href=\"https:\/\/chartreux.org\/moniales\/wp-content\/plugins\/pdfjs-viewer-shortcode\/pdfjs\/web\/viewer.php?file=\/moniales\/wp-content\/uploads\/2020\/09\/Neuvaine-St-Roseline-bklt.pdf&amp;dButton=true&amp;pButton=true&amp;oButton=false&amp;sButton=true&amp;v=1.5.4#zoom=auto&amp;pagemode=none\">Neuvaine \u00e0 Sainte Roseline<\/a><\/li><\/ul>\n\n\n\n<h3 class=\"wp-block-heading\">5. Conferencias<\/h3>\n\n\n\n<p>Nathalie Nabert : \u00ab\u00a0\u00c9prises de Dieu: les Moniales Chartreuses, la vocation f\u00e9minine dans l\u2019Ordre des Chartreux.\u00a0\u00bb<\/p>\n\n\n\n<figure class=\"wp-block-audio\"><audio controls src=\"https:\/\/chartreux.org\/moniales\/wp-content\/uploads\/2020\/09\/Eprises-de-Dieu_Conference-N.-Nabert.mp3\"><\/audio><\/figure>\n\n\n\n<ul class=\"wp-block-list\"><li><a href=\"https:\/\/chartreux.org\/moniales\/wp-content\/plugins\/pdfjs-viewer-shortcode\/pdfjs\/web\/viewer.php?file=\/moniales\/wp-content\/uploads\/2020\/09\/Neuvaine-St-Roseline-bklt.pdf&amp;dButton=true&amp;pButton=true&amp;oButton=false&amp;sButton=true&amp;v=1.5.4#zoom=auto&amp;pagemode=none\">N. Nabert : Eprises de Dieu<\/a><\/li><li><a href=\"https:\/\/chartreux.org\/moniales\/wp-content\/plugins\/pdfjs-viewer-shortcode\/pdfjs\/web\/viewer.php?file=\/moniales\/wp-content\/uploads\/2020\/09\/N.-Nabert_La-vie-de-Beatrice.pdf&amp;dButton=true&amp;pButton=true&amp;oButton=false&amp;sButton=true&amp;v=1.5.4#zoom=auto&amp;pagemode=none\">N. Nabert : La vie de B\u00e9atrice<\/a><\/li><\/ul>\n","protected":false},"excerpt":{"rendered":"<p>1. Estatutos de las Monjas Cartujas Statuts des Moniales Chartreuses 2. Textos lit\u00fargicos y otros El [&hellip;]<\/p>\n","protected":false},"author":1,"featured_media":0,"parent":2420,"menu_order":3,"comment_status":"closed","ping_status":"closed","template":"template-full-width.php","meta":{"footnotes":""},"class_list":["post-1391","page","type-page","status-publish","hentry"],"_links":{"self":[{"href":"https:\/\/chartreux.org\/moniales\/wp-json\/wp\/v2\/pages\/1391","targetHints":{"allow":["GET"]}}],"collection":[{"href":"https:\/\/chartreux.org\/moniales\/wp-json\/wp\/v2\/pages"}],"about":[{"href":"https:\/\/chartreux.org\/moniales\/wp-json\/wp\/v2\/types\/page"}],"author":[{"embeddable":true,"href":"https:\/\/chartreux.org\/moniales\/wp-json\/wp\/v2\/users\/1"}],"replies":[{"embeddable":true,"href":"https:\/\/chartreux.org\/moniales\/wp-json\/wp\/v2\/comments?post=1391"}],"version-history":[{"count":13,"href":"https:\/\/chartreux.org\/moniales\/wp-json\/wp\/v2\/pages\/1391\/revisions"}],"predecessor-version":[{"id":3260,"href":"https:\/\/chartreux.org\/moniales\/wp-json\/wp\/v2\/pages\/1391\/revisions\/3260"}],"up":[{"embeddable":true,"href":"https:\/\/chartreux.org\/moniales\/wp-json\/wp\/v2\/pages\/2420"}],"wp:attachment":[{"href":"https:\/\/chartreux.org\/moniales\/wp-json\/wp\/v2\/media?parent=1391"}],"curies":[{"name":"wp","href":"https:\/\/api.w.org\/{rel}","templated":true}]}}