{"id":1353,"date":"2021-08-27T21:04:48","date_gmt":"2021-08-27T19:04:48","guid":{"rendered":"https:\/\/chartreux.org\/moniales\/?page_id=1353"},"modified":"2024-06-27T22:13:02","modified_gmt":"2024-06-27T20:13:02","slug":"la-liturgie-es","status":"publish","type":"page","link":"https:\/\/chartreux.org\/moniales\/es\/la-liturgie-es\/","title":{"rendered":"La Liturgia"},"content":{"rendered":"<div class=\"wp-block-image\">\n<figure class=\"alignright size-large\"><img loading=\"lazy\" decoding=\"async\" width=\"400\" height=\"267\" src=\"https:\/\/chartreux.org\/moniales\/wp-content\/uploads\/2020\/09\/reillanneADF021.jpg\" alt=\"\" class=\"wp-image-908\" srcset=\"https:\/\/chartreux.org\/moniales\/wp-content\/uploads\/2020\/09\/reillanneADF021.jpg 400w, https:\/\/chartreux.org\/moniales\/wp-content\/uploads\/2020\/09\/reillanneADF021-300x200.jpg 300w\" sizes=\"auto, (max-width: 400px) 100vw, 400px\" \/><\/figure>\n<\/div>\n\n\n<p>La liturgia es la parte m\u00e1s noble de la vida de una comunidad de monjas cartujas, peque\u00f1a \u2018iglesia cartujana\u2019, la cual se enra\u00edza en la celebraci\u00f3n cotidiana de la Eucarist\u00eda. \u00c9sta es la cumbre de nuestra vida, hacia la cual confluyen todos los aspectos de nuestra observancia, que nos conducen al Padre en y por Cristo y establece entre nosotras la comuni\u00f3n m\u00e1s \u00edntima. <\/p>\n\n\n\n<p>El Oficio divino es su prolongaci\u00f3n. En toda la liturgia es Cristo quien ora a trav\u00e9s de nosotras como nuestro Sacerdote. Nuestras voces son su propia voz que nos asocia con toda la Iglesia, su Esposa, al himno de alabanza que \u00e9l dirige a su Padre. Es en nombre de todos que, d\u00eda y noche, permanecemos en presencia del Dios vivo.<\/p>\n\n\n<div class=\"wp-block-image\">\n<figure class=\"alignleft size-large is-resized\"><img loading=\"lazy\" decoding=\"async\" width=\"500\" height=\"333\" src=\"https:\/\/chartreux.org\/moniales\/wp-content\/uploads\/2020\/09\/moniales_chartreuses_la_croix_ADF3.jpg\" alt=\"\" class=\"wp-image-906\" style=\"width:425px;height:282px\" srcset=\"https:\/\/chartreux.org\/moniales\/wp-content\/uploads\/2020\/09\/moniales_chartreuses_la_croix_ADF3.jpg 500w, https:\/\/chartreux.org\/moniales\/wp-content\/uploads\/2020\/09\/moniales_chartreuses_la_croix_ADF3-300x200.jpg 300w\" sizes=\"auto, (max-width: 500px) 100vw, 500px\" \/><\/figure>\n<\/div>\n\n\n<p>Toda la vida de las monjas cartujas est\u00e1 ritmada por la celebraci\u00f3n cotidiana de la liturgia. A imagen de nuestra vocaci\u00f3n, a la vez solitaria y comunitaria, nuestra liturgia se divide entre los oficios en la iglesia y los oficios ofrecidos en el secreto de la celda.<\/p>\n\n\n\n<p>En la iglesia, en el silencio de la noche, celebramos los oficios de Maitines y Laudes, que se prolongan durante cerca de dos horas, y el oficio de V\u00edsperas, que nos introduce a la soledad del final de la tarde en la celda. Esos oficios son cantados seg\u00fan las antiguas melod\u00edas gregorianas, las cuales ocupan un lugar importante. Desde el comienzo de nuestra Orden, los cartujos han hallado en ese canto una inspiraci\u00f3n que fomenta la interioridad.<\/p>\n\n\n<div class=\"wp-block-image\">\n<figure class=\"alignright size-large is-resized\"><img loading=\"lazy\" decoding=\"async\" width=\"681\" height=\"1024\" src=\"https:\/\/chartreux.org\/moniales\/wp-content\/uploads\/2020\/10\/a-IMG_0471rec-681x1024.jpg\" alt=\"\" class=\"wp-image-2004\" style=\"width:286px;height:430px\" srcset=\"https:\/\/chartreux.org\/moniales\/wp-content\/uploads\/2020\/10\/a-IMG_0471rec-681x1024.jpg 681w, https:\/\/chartreux.org\/moniales\/wp-content\/uploads\/2020\/10\/a-IMG_0471rec-200x300.jpg 200w, https:\/\/chartreux.org\/moniales\/wp-content\/uploads\/2020\/10\/a-IMG_0471rec.jpg 710w\" sizes=\"auto, (max-width: 681px) 100vw, 681px\" \/><\/figure>\n<\/div>\n\n\n<p>Celebramos en la soledad de las celdas, y al mismo tiempo, las otras Horas can\u00f3nicas del Oficio o \u00ab&nbsp;Horas Menores \u00bb (Tercia, Sexta, Nona). Cada oficio va precedido por el de la Sant\u00edsima Virgen Mar\u00eda, llamado tambi\u00e9n Oficio \u00ab&nbsp;de Beata \u00bb. Concientes de nuestras flaquezas, recurrimos a la protecci\u00f3n maternal de Mar\u00eda, que nos prepara a la oraci\u00f3n, y le ofrecemos las primicias de nuestra alabanza.<\/p>\n\n\n\n<p>Cuando cantamos y salmodiamos, estamos en comuni\u00f3n estrecha con nuestros hermanos cartujos, que celebran la misma liturgia, y con ellos queremos ser esos adoradores en esp\u00edritu y en verdad que busca el Padre.<\/p>\n\n\n\n<p>Nuestra vida entera tiende a transformarse en una liturgia ininterrumpida. \u00c9sta se hace m\u00e1s expl\u00edcita cuando ofrecemos la oraci\u00f3n comunitaria y la oraci\u00f3n en soledad. La monja se convierte as\u00ed en un signo de la Iglesia que alaba y canta a su Se\u00f1or, que intercede y suplica por sus hermanos y hermanas en humanidad; que perdona y espera; que contempla y ama; que espera la venida del Esposo.<\/p>\n\n\n<div class=\"wp-block-image\">\n<figure class=\"aligncenter size-large\"><img loading=\"lazy\" decoding=\"async\" width=\"500\" height=\"333\" src=\"https:\/\/chartreux.org\/moniales\/wp-content\/uploads\/2020\/09\/moniales_chartreuses_la_croix_ADF12.jpg\" alt=\"\" class=\"wp-image-909\" srcset=\"https:\/\/chartreux.org\/moniales\/wp-content\/uploads\/2020\/09\/moniales_chartreuses_la_croix_ADF12.jpg 500w, https:\/\/chartreux.org\/moniales\/wp-content\/uploads\/2020\/09\/moniales_chartreuses_la_croix_ADF12-300x200.jpg 300w\" sizes=\"auto, (max-width: 500px) 100vw, 500px\" \/><\/figure>\n<\/div>\n\n\n<p class=\"has-text-align-center\">*<\/p>\n\n\n\n<h3 class=\"wp-block-heading\">Escuchar<\/h3>\n\n\n\n<p>Las monjas cartujas rezan los oficios y la santa misa con los mismos libros lit\u00fargicos que los monjes. La salmodia se canta en lat\u00edn o en vern\u00e1culo seg\u00fan las casas, pero las melod\u00edas de la misa y de los antifonarios de d\u00eda y de noche son la antigua tradici\u00f3n gragoriana de los or\u00edgenes de la Orden. Cantadas por voces de mujeres, toman una coloraci\u00f3n particular y una ligereza caracter\u00edsticas. <\/p>\n\n\n\n<figure class=\"wp-block-audio\"><audio controls src=\"https:\/\/chartreux.org\/moniales\/wp-content\/uploads\/2024\/06\/chant-moniales-GC.mp3\"><\/audio><\/figure>\n\n\n\n<p><a href=\"#toc_container\" class=\"returnToTop\"> Volver arriba! \u2191 <\/a><\/p>\n","protected":false},"excerpt":{"rendered":"<p>La liturgia es la parte m\u00e1s noble de la vida de una comunidad de monjas cartujas, [&hellip;]<\/p>\n","protected":false},"author":1,"featured_media":0,"parent":0,"menu_order":0,"comment_status":"closed","ping_status":"closed","template":"template-full-width.php","meta":{"footnotes":""},"class_list":["post-1353","page","type-page","status-publish","hentry"],"_links":{"self":[{"href":"https:\/\/chartreux.org\/moniales\/wp-json\/wp\/v2\/pages\/1353","targetHints":{"allow":["GET"]}}],"collection":[{"href":"https:\/\/chartreux.org\/moniales\/wp-json\/wp\/v2\/pages"}],"about":[{"href":"https:\/\/chartreux.org\/moniales\/wp-json\/wp\/v2\/types\/page"}],"author":[{"embeddable":true,"href":"https:\/\/chartreux.org\/moniales\/wp-json\/wp\/v2\/users\/1"}],"replies":[{"embeddable":true,"href":"https:\/\/chartreux.org\/moniales\/wp-json\/wp\/v2\/comments?post=1353"}],"version-history":[{"count":21,"href":"https:\/\/chartreux.org\/moniales\/wp-json\/wp\/v2\/pages\/1353\/revisions"}],"predecessor-version":[{"id":4088,"href":"https:\/\/chartreux.org\/moniales\/wp-json\/wp\/v2\/pages\/1353\/revisions\/4088"}],"wp:attachment":[{"href":"https:\/\/chartreux.org\/moniales\/wp-json\/wp\/v2\/media?parent=1353"}],"curies":[{"name":"wp","href":"https:\/\/api.w.org\/{rel}","templated":true}]}}