{"id":1349,"date":"2022-06-15T22:20:55","date_gmt":"2022-06-15T20:20:55","guid":{"rendered":"https:\/\/chartreux.org\/moniales\/?page_id=1349"},"modified":"2026-01-20T22:37:46","modified_gmt":"2026-01-20T21:37:46","slug":"senores-de-chartreux","status":"publish","type":"page","link":"https:\/\/chartreux.org\/moniales\/es\/","title":{"rendered":"La Orden de la Cartuja"},"content":{"rendered":"\n<div style=\"height:20px\" aria-hidden=\"true\" class=\"wp-block-spacer\"><\/div>\n\n\n\n<p>Para alabanza de la gloria de Dios, Cristo, Palabra del Padre, por mediaci\u00f3n del Esp\u00edritu Santo, eligi\u00f3 desde el principio a algunos hombres, a quienes llev\u00f3 a la soledad para unirlos a s\u00ed en \u00edntimo amor. Siguiendo esta vocaci\u00f3n el Maestro Bruno entr\u00f3 con seis compa\u00f1eros en el desierto de Cartuja, el a\u00f1o del Se\u00f1or 1084, y se instal\u00f3 all\u00ed. Tanto ellos como sus sucesores, permanecieron en aquel lugar bajo la direcci\u00f3n del Esp\u00edritu Santo y, gui\u00e1ndose por la experiencia, fueron creando gradualmente un g\u00e9nero de vida erem\u00edtico propio, que se transmit\u00eda a sus continuadores no por escrito, sino con el ejemplo.<\/p>\n\n\n\n<p>Pero a instancias de otros eremitorios fundados a imitaci\u00f3n del de Cartuja, Guigo, quinto prior de Cartuja, puso por escrito la norma de su prop\u00f3sito, que todos prometieron seguir e imitar, como regla de su observancia y como v\u00ednculo de caridad de la naciente familia. <\/p>\n\n\n\n<p>Hacia 1145, las monjas de Prebay\u00f3n en Provenza abrazaron tambi\u00e9n el modo de vida cartujano. Este fue el comienzo de nuestra Orden.<\/p>\n\n\n\n<div class=\"wp-block-columns is-layout-flex wp-container-core-columns-is-layout-9d6595d7 wp-block-columns-is-layout-flex\">\n<div class=\"wp-block-column is-layout-flow wp-block-column-is-layout-flow\">\n<figure class=\"wp-block-image size-large\"><img loading=\"lazy\" decoding=\"async\" width=\"1024\" height=\"576\" src=\"https:\/\/chartreux.org\/moniales\/wp-content\/uploads\/2020\/10\/4-1024x576.jpg\" alt=\"\" class=\"wp-image-1953\" srcset=\"https:\/\/chartreux.org\/moniales\/wp-content\/uploads\/2020\/10\/4-1024x576.jpg 1024w, https:\/\/chartreux.org\/moniales\/wp-content\/uploads\/2020\/10\/4-300x169.jpg 300w, https:\/\/chartreux.org\/moniales\/wp-content\/uploads\/2020\/10\/4-768x432.jpg 768w, https:\/\/chartreux.org\/moniales\/wp-content\/uploads\/2020\/10\/4-1536x864.jpg 1536w, https:\/\/chartreux.org\/moniales\/wp-content\/uploads\/2020\/10\/4.jpg 1920w\" sizes=\"auto, (max-width: 1024px) 100vw, 1024px\" \/><\/figure>\n<\/div>\n\n\n\n<div class=\"wp-block-column is-layout-flow wp-block-column-is-layout-flow\">\n<figure class=\"wp-block-image size-large\"><img loading=\"lazy\" decoding=\"async\" width=\"1024\" height=\"576\" src=\"https:\/\/chartreux.org\/moniales\/wp-content\/uploads\/2020\/10\/EXPO-22-1024x576.jpg\" alt=\"\" class=\"wp-image-1954\" srcset=\"https:\/\/chartreux.org\/moniales\/wp-content\/uploads\/2020\/10\/EXPO-22-1024x576.jpg 1024w, https:\/\/chartreux.org\/moniales\/wp-content\/uploads\/2020\/10\/EXPO-22-300x169.jpg 300w, https:\/\/chartreux.org\/moniales\/wp-content\/uploads\/2020\/10\/EXPO-22-768x432.jpg 768w, https:\/\/chartreux.org\/moniales\/wp-content\/uploads\/2020\/10\/EXPO-22-1536x864.jpg 1536w, https:\/\/chartreux.org\/moniales\/wp-content\/uploads\/2020\/10\/EXPO-22-2048x1152.jpg 2048w\" sizes=\"auto, (max-width: 1024px) 100vw, 1024px\" \/><\/figure>\n<\/div>\n<\/div>\n\n\n\n<p><\/p>\n\n\n\n<p>As\u00ed pues, las monjas cartujas han sido la rama femenina de los cartujos desde hace casi nueve siglos. Cuentan hoy con dos casas en Francia, una en Italia, una en Corea del Sur, et una en Espa\u00f1a, actualmente ligada a una casa francesa. Una fundaci\u00f3n en Am\u00e9rica Latina podr\u00eda voir el d\u00eda en un futuro todav\u00eda lejano. <\/p>\n\n\n\n<p>Toda la belleza de la esposa del Rey es interior. No es f\u00e1cil transmitir la esencia de la vida contemplativa cartujana, una vida de b\u00fasqueda de Dios en la soledad y el silencio. Sin embargo, los textos pueden arrojar alguna luz sobre las intenciones profundas y las im\u00e1genes pueden dejarnos entrever su secreto.<\/p>\n\n\n\n<iframe loading=\"lazy\" src=\"https:\/\/player.vimeo.com\/video\/924363104\" name=\"moniFR\"allow=\"autoplay; fullscreen; picture-in-picture\" allowfullscreen=\"\" width=\"640\" height=\"360\" frameborder=\"0\"><\/iframe>\n\n\n\n<div class=\"flag\">\n<a href=\"https:\/\/player.vimeo.com\/video\/1075790863\" width=\"640\" height=\"360\" frameborder=\"0\" allowfullscreen=\"allowfullscreen\" \"=\"\" target=\"moniFR\"><img decoding=\"async\" src=\"https:\/\/chartreux.org\/moniales\/wp-content\/uploads\/2024\/02\/brazil-32x32-32937.png\" alt=\"Portuguese\"><\/a>\n<a href=\"https:\/\/player.vimeo.com\/video\/660457887?h=be14a8f743\" width=\"640\" height=\"360\" frameborder=\"0\" allowfullscreen=\"allowfullscreen\" \"=\"\" target=\"pFR\"><img decoding=\"async\" src=\"https:\/\/chartreux.org\/moines\/wp-content\/uploads\/2021\/05\/france-32x32-32967.png\" alt=\"Francais\"><\/a>\n<a href=\"https:\/\/player.vimeo.com\/video\/1156626648\" width=\"640\" height=\"360\" frameborder=\"0\" allowfullscreen=\"allowfullscreen\" \"=\"\" target=\"moniFR\"><img decoding=\"async\" src=\"https:\/\/chartreux.org\/moniales\/wp-content\/uploads\/2026\/01\/croatia-32x32-32995.png\" alt=\"Croate\"><\/a>\n<\/div>\n\n\n\n<div style=\"height:16px\" aria-hidden=\"true\" class=\"wp-block-spacer\"><\/div>\n\n\n\n<p>V\u00eddeo <strong>\u00ab Las Monjas Cartujas \u00bb<\/strong> 22 min.<\/p>\n\n\n\n<div style=\"height:19px\" aria-hidden=\"true\" class=\"wp-block-spacer\"><\/div>\n\n\n\n<iframe loading=\"lazy\" src=\"https:\/\/player.vimeo.com\/video\/298219486\" name=\"mFR\" allow=\"autoplay; fullscreen; picture-in-picture\" width=\"640\" height=\"480\" frameborder=\"0\"><\/iframe>\n\n\n\n<div class=\"flag\">\n<a href=\"https:\/\/player.vimeo.com\/video\/244650113\" width=\"640\" height=\"360\" frameborder=\"0\" allowfullscreen=\"allowfullscreen\" \"=\"\" target=\"mFR\"><img decoding=\"async\" src=\"https:\/\/chartreux.org\/moniales\/wp-content\/uploads\/2022\/02\/france-32x32-32967.png\" alt=\"Fran\u00e7ais\"><\/a>\n<a href=\"https:\/\/player.vimeo.com\/video\/294910547\" width=\"640\" height=\"360\" frameborder=\"0\" allowfullscreen=\"allowfullscreen\" \"=\"\" target=\"mFR\"><img decoding=\"async\" src=\"https:\/\/chartreux.org\/moniales\/wp-content\/uploads\/2022\/02\/italy-32x32-32999.png\" alt=\"Italien\"><\/a>\n<a href=\"https:\/\/player.vimeo.com\/video\/302484598\" width=\"640\" height=\"360\" frameborder=\"0\" allowfullscreen=\"allowfullscreen\" \"=\"\" target=\"mFR\"><img decoding=\"async\" src=\"https:\/\/chartreux.org\/moniales\/wp-content\/uploads\/2022\/02\/united-32x32-33115.png\" alt=\"Anglais\"><\/a>\n<a href=\"https:\/\/player.vimeo.com\/video\/302484598\" width=\"640\" height=\"360\" frameborder=\"0\" allowfullscreen=\"allowfullscreen\" \"=\"\" target=\"mFR\"><img decoding=\"async\" src=\"https:\/\/chartreux.org\/moniales\/wp-content\/uploads\/2022\/02\/south-32x32-33086.png\" alt=\"Corean\"><\/a>\n<\/div>\n\n\n\n<div style=\"height:18px\" aria-hidden=\"true\" class=\"wp-block-spacer\"><\/div>\n\n\n\n<p>DVD <strong>Une vie en Chartreuse: de la nuit du monde \u00e0 la Nuit Pascale<\/strong> (extractos)<\/p>\n","protected":false},"excerpt":{"rendered":"<p>Para alabanza de la gloria de Dios, Cristo, Palabra del Padre, por mediaci\u00f3n del Esp\u00edritu Santo, [&hellip;]<\/p>\n","protected":false},"author":1,"featured_media":0,"parent":0,"menu_order":0,"comment_status":"closed","ping_status":"closed","template":"template-MonialesFadeIn.php","meta":{"footnotes":""},"class_list":["post-1349","page","type-page","status-publish","hentry"],"_links":{"self":[{"href":"https:\/\/chartreux.org\/moniales\/wp-json\/wp\/v2\/pages\/1349","targetHints":{"allow":["GET"]}}],"collection":[{"href":"https:\/\/chartreux.org\/moniales\/wp-json\/wp\/v2\/pages"}],"about":[{"href":"https:\/\/chartreux.org\/moniales\/wp-json\/wp\/v2\/types\/page"}],"author":[{"embeddable":true,"href":"https:\/\/chartreux.org\/moniales\/wp-json\/wp\/v2\/users\/1"}],"replies":[{"embeddable":true,"href":"https:\/\/chartreux.org\/moniales\/wp-json\/wp\/v2\/comments?post=1349"}],"version-history":[{"count":24,"href":"https:\/\/chartreux.org\/moniales\/wp-json\/wp\/v2\/pages\/1349\/revisions"}],"predecessor-version":[{"id":4202,"href":"https:\/\/chartreux.org\/moniales\/wp-json\/wp\/v2\/pages\/1349\/revisions\/4202"}],"wp:attachment":[{"href":"https:\/\/chartreux.org\/moniales\/wp-json\/wp\/v2\/media?parent=1349"}],"curies":[{"name":"wp","href":"https:\/\/api.w.org\/{rel}","templated":true}]}}