{"id":113,"date":"2021-08-27T21:04:48","date_gmt":"2021-08-27T19:04:48","guid":{"rendered":"http:\/\/cobaye.chartreux.org\/wordpress\/?page_id=113"},"modified":"2024-06-27T22:11:45","modified_gmt":"2024-06-27T20:11:45","slug":"la-liturgie","status":"publish","type":"page","link":"https:\/\/chartreux.org\/moniales\/la-liturgie\/","title":{"rendered":"La Liturgie"},"content":{"rendered":"\n<div style=\"height:100px\" aria-hidden=\"true\" id=\"top\" class=\"wp-block-spacer\"><\/div>\n\n\n<div class=\"wp-block-image\">\n<figure class=\"alignright size-large\"><img loading=\"lazy\" decoding=\"async\" width=\"400\" height=\"267\" src=\"https:\/\/chartreux.org\/moniales\/wp-content\/uploads\/2020\/09\/reillanneADF021.jpg\" alt=\"\" class=\"wp-image-908\" srcset=\"https:\/\/chartreux.org\/moniales\/wp-content\/uploads\/2020\/09\/reillanneADF021.jpg 400w, https:\/\/chartreux.org\/moniales\/wp-content\/uploads\/2020\/09\/reillanneADF021-300x200.jpg 300w\" sizes=\"auto, (max-width: 400px) 100vw, 400px\" \/><\/figure>\n<\/div>\n\n\n<p>La liturgie est la part la plus noble de la vie d\u2019une communaut\u00e9 de moniales chartreuses, petite \u2018\u00e9glise cartusienne\u2019, qui s&rsquo;enracine dans la c\u00e9l\u00e9bration quotidienne de l&rsquo;Eucharistie. Tel est le sommet de notre vie, vers lequel confluent tous les autres aspects de notre observance, qui tous nous conduisent au P\u00e8re dans et par le Christ et \u00e9tablit entre nous la communion la plus intime.<\/p>\n\n\n\n<p>L&rsquo;Office divin en est le prolongement. Dans toute la Liturgie, c&rsquo;est le Christ qui prie \u00e0 travers nous comme notre Pr\u00eatre. Nos voix sont sa propre voix qui nous associe avec toute l&rsquo;\u00c9glise, son \u00c9pouse, \u00e0 l\u2019hymne de louange qu&rsquo;il adresse \u00e0 son P\u00e8re. C&rsquo;est au nom de tous que, jour et nuit, nous nous tenons en pr\u00e9sence du Dieu vivant.<\/p>\n\n\n<div class=\"wp-block-image\">\n<figure class=\"alignleft size-large is-resized\"><img loading=\"lazy\" decoding=\"async\" width=\"500\" height=\"333\" src=\"https:\/\/chartreux.org\/moniales\/wp-content\/uploads\/2020\/09\/moniales_chartreuses_la_croix_ADF3.jpg\" alt=\"\" class=\"wp-image-906\" style=\"width:424px;height:282px\" srcset=\"https:\/\/chartreux.org\/moniales\/wp-content\/uploads\/2020\/09\/moniales_chartreuses_la_croix_ADF3.jpg 500w, https:\/\/chartreux.org\/moniales\/wp-content\/uploads\/2020\/09\/moniales_chartreuses_la_croix_ADF3-300x200.jpg 300w\" sizes=\"auto, (max-width: 500px) 100vw, 500px\" \/><\/figure>\n<\/div>\n\n\n<p>Toute la vie des moniales chartreuses est rythm\u00e9e par la c\u00e9l\u00e9bration quotidienne de la liturgie. A l&rsquo;image de notre vocation, simultan\u00e9ment solitaire et communautaire, notre Liturgie se partage entre les Offices \u00e0 l&rsquo;\u00e9glise et ceux offerts dans le secret de la cellule.<\/p>\n\n\n\n<p>A l&rsquo;\u00e9glise dans le silence de la nuit nous c\u00e9l\u00e9brons l&rsquo;office de Matines et Laudes, qui se prolonge durant pr\u00e8s de 2 heures, et l&rsquo;office de V\u00eapres qui nous introduit \u00e0 la solitude du soir dans la cellule. Ces offices sont chant\u00e9s selon d&rsquo;anciennes m\u00e9lodies gr\u00e9goriennes qui tiennent une place importante. Depuis le d\u00e9but de notre Ordre les chartreux ont trouv\u00e9 dans ce chant une inspiration porteuse d&rsquo;int\u00e9riorit\u00e9.<\/p>\n\n\n<div class=\"wp-block-image\">\n<figure class=\"alignright size-large is-resized\"><img loading=\"lazy\" decoding=\"async\" width=\"681\" height=\"1024\" src=\"https:\/\/chartreux.org\/moniales\/wp-content\/uploads\/2020\/10\/a-IMG_0471rec-681x1024.jpg\" alt=\"\" class=\"wp-image-2004\" style=\"width:290px;height:436px\" srcset=\"https:\/\/chartreux.org\/moniales\/wp-content\/uploads\/2020\/10\/a-IMG_0471rec-681x1024.jpg 681w, https:\/\/chartreux.org\/moniales\/wp-content\/uploads\/2020\/10\/a-IMG_0471rec-200x300.jpg 200w, https:\/\/chartreux.org\/moniales\/wp-content\/uploads\/2020\/10\/a-IMG_0471rec.jpg 710w\" sizes=\"auto, (max-width: 681px) 100vw, 681px\" \/><\/figure>\n<\/div>\n\n\n<p>Nous c\u00e9l\u00e9brons dans la solitude de nos cellules, et au m\u00eame moment, les autre Heures canoniales de l\u2019Office ou \u00ab Petites Heures \u00bb (Tierce, Sexte, None). Chaque office est pr\u00e9c\u00e9d\u00e9 par celui de la Bienheureuse Vierge Marie, appel\u00e9 office \u00ab&nbsp;de Beata \u00bb. Conscientes de nos faiblesses, nous recourons \u00e0 la protection maternelle de Marie, qui nous pr\u00e9pare \u00e0 la pri\u00e8re, et lui offrons les pr\u00e9mices de notre louange.<\/p>\n\n\n\n<p>Quand nous chantons et psalmodions, nous sommes en \u00e9troite communion avec nos fr\u00e8res chartreux qui c\u00e9l\u00e8brent la m\u00eame liturgie, et avec eux nous voulons \u00eatre ces adorateurs en esprit et en v\u00e9rit\u00e9 que cherche le P\u00e8re.<\/p>\n\n\n\n<p>Toute notre vie tend \u00e0 se transformer en une liturgie ininterrompue. Celle-ci devient plus explicite quand nous offrons la pri\u00e8re communautaire et la pri\u00e8re en solitude. La moniale devient ainsi un signe de l&rsquo;\u00c9glise qui loue et chante son Seigneur, qui interc\u00e8de et supplie pour ses fr\u00e8res et s\u0153urs en humanit\u00e9 ; qui pardonne et esp\u00e8re ; qui contemple et aime ; qui attend la venue de l&rsquo;\u00c9poux.<\/p>\n\n\n<div class=\"wp-block-image\">\n<figure class=\"aligncenter size-large\"><img loading=\"lazy\" decoding=\"async\" width=\"500\" height=\"333\" src=\"https:\/\/chartreux.org\/moniales\/wp-content\/uploads\/2020\/09\/moniales_chartreuses_la_croix_ADF12.jpg\" alt=\"\" class=\"wp-image-909\" srcset=\"https:\/\/chartreux.org\/moniales\/wp-content\/uploads\/2020\/09\/moniales_chartreuses_la_croix_ADF12.jpg 500w, https:\/\/chartreux.org\/moniales\/wp-content\/uploads\/2020\/09\/moniales_chartreuses_la_croix_ADF12-300x200.jpg 300w\" sizes=\"auto, (max-width: 500px) 100vw, 500px\" \/><\/figure>\n<\/div>\n\n\n<p class=\"has-text-align-center\">*<\/p>\n\n\n\n<h3 class=\"wp-block-heading\">\u00c9couter<\/h3>\n\n\n\n<p>Les moniales chartreuses prient les offices et la sainte messe avec les m\u00eames livres liturgiques que les moines. La psalmodie est chant\u00e9e soit en latin soit en vernaculaire selon les maisons, mais les m\u00e9lodies de la messe et des antiphonaires de jour et de nuit sont l&rsquo;ancienne tradition gr\u00e9gorienne des origines de l&rsquo;Ordre. Chant\u00e9es par des voix de femmes, elles prennent une couleur particuli\u00e8re et une l\u00e9g\u00e8ret\u00e9 caract\u00e9ristiques. <\/p>\n\n\n\n<figure class=\"wp-block-audio\"><audio controls src=\"https:\/\/chartreux.org\/moniales\/wp-content\/uploads\/2024\/06\/chant-moniales-GC.mp3\"><\/audio><\/figure>\n\n\n\n<p><a href=\"#top\" class=\"returnToTop\"> Retourner en haut ! \u2191 <\/a><\/p>\n","protected":false},"excerpt":{"rendered":"<p>La liturgie est la part la plus noble de la vie d\u2019une communaut\u00e9 de moniales chartreuses, [&hellip;]<\/p>\n","protected":false},"author":1,"featured_media":0,"parent":0,"menu_order":0,"comment_status":"closed","ping_status":"closed","template":"template-full-width.php","meta":{"footnotes":""},"class_list":["post-113","page","type-page","status-publish","hentry"],"_links":{"self":[{"href":"https:\/\/chartreux.org\/moniales\/wp-json\/wp\/v2\/pages\/113","targetHints":{"allow":["GET"]}}],"collection":[{"href":"https:\/\/chartreux.org\/moniales\/wp-json\/wp\/v2\/pages"}],"about":[{"href":"https:\/\/chartreux.org\/moniales\/wp-json\/wp\/v2\/types\/page"}],"author":[{"embeddable":true,"href":"https:\/\/chartreux.org\/moniales\/wp-json\/wp\/v2\/users\/1"}],"replies":[{"embeddable":true,"href":"https:\/\/chartreux.org\/moniales\/wp-json\/wp\/v2\/comments?post=113"}],"version-history":[{"count":16,"href":"https:\/\/chartreux.org\/moniales\/wp-json\/wp\/v2\/pages\/113\/revisions"}],"predecessor-version":[{"id":4086,"href":"https:\/\/chartreux.org\/moniales\/wp-json\/wp\/v2\/pages\/113\/revisions\/4086"}],"wp:attachment":[{"href":"https:\/\/chartreux.org\/moniales\/wp-json\/wp\/v2\/media?parent=113"}],"curies":[{"name":"wp","href":"https:\/\/api.w.org\/{rel}","templated":true}]}}