{"id":111,"date":"2021-08-27T21:03:00","date_gmt":"2021-08-27T19:03:00","guid":{"rendered":"http:\/\/cobaye.chartreux.org\/wordpress\/?page_id=111"},"modified":"2021-11-24T19:23:37","modified_gmt":"2021-11-24T18:23:37","slug":"le-cadre-de-vie","status":"publish","type":"page","link":"https:\/\/chartreux.org\/moniales\/le-cadre-de-vie\/","title":{"rendered":"Le cadre de vie"},"content":{"rendered":"\n<div class=\"wp-block-media-text alignwide has-media-on-the-right is-stacked-on-mobile is-vertically-aligned-top\"><figure class=\"wp-block-media-text__media\"><img loading=\"lazy\" decoding=\"async\" width=\"400\" height=\"267\" src=\"https:\/\/chartreux.org\/moniales\/wp-content\/uploads\/2020\/09\/reillanneADF063.jpg\" alt=\"\" class=\"wp-image-977 size-full\" srcset=\"https:\/\/chartreux.org\/moniales\/wp-content\/uploads\/2020\/09\/reillanneADF063.jpg 400w, https:\/\/chartreux.org\/moniales\/wp-content\/uploads\/2020\/09\/reillanneADF063-300x200.jpg 300w\" sizes=\"auto, (max-width: 400px) 100vw, 400px\" \/><\/figure><div class=\"wp-block-media-text__content\">\n<div id=\"toc_container\">\n<ul class=\"toc_list\">\n  <li><a href=\"#Le-d\u00e9sert\">1. Le d\u00e9sert<\/a><\/li>\n  <li><a href=\"#La-cl\u00f4ture\">2. La cl\u00f4ture<\/a><\/li>\n  <li><a href=\"#La-cellule\">3. La cellule<\/a><\/li> \n <\/ul>\n<\/div>\n<\/div><\/div>\n\n\n\n<h3 class=\"wp-block-heading\" id=\"Le-d\u00e9sert\">1. Le d\u00e9sert<\/h3>\n\n\n\n<p>Les moniales et les moines chartreux sont appel\u00e9s \u00e0 chercher Dieu dans la solitude et le silence dans le cadre d\u2019une petite communaut\u00e9 qui soutient cette recherche. Saint Bruno, br\u00fblant d\u2019amour divin, avait quitt\u00e9 les choses \u00e9ph\u00e9m\u00e8res du monde pour s\u2019attacher uniquement \u00e0 ce qui est \u00e9ternel. Pour s\u2019enfouir dans une chartreuse, il faut avoir la certitude intime qu\u2019au sein de la solitude se cache un amour incomparable, un amour qui ne peut \u00eatre d\u00e9pass\u00e9 par aucun autre. Dans sa lettre \u00e0 son ami Raoul, saint Bruno a d\u00e9crit son exp\u00e9rience du d\u00e9sert&nbsp;:<\/p>\n\n\n\n<p><em>Ici les hommes ardents peuvent autant qu\u2019ils veulent rentrer en eux-m\u00eames et y demeurer&nbsp;; faire pousser vigoureusement les vertus et se nourrir avec d\u00e9lices de fruits du paradis. Ici on recherche activement cet \u0153il dont le clair regard blesse l\u2019\u00e9poux d\u2019amour, l\u2019amour pur et transparent qui voit Dieu.<\/em><\/p>\n\n\n\n<p><em>Ici nous presse un loisir fort occup\u00e9 et nous nous immobilisons en une tranquille activit\u00e9. Ici pour la peine du combat Dieu donne \u00e0 ses lutteurs la r\u00e9compense attendue&nbsp;: la paix qu\u2019ignore le monde et la joie dans l\u2019Esprit-Saint.<\/em><\/p>\n\n\n\n<p>La solitude et la spiritualit\u00e9 du d\u00e9sert impliquent une s\u00e9paration effective du monde pour que la vie de pri\u00e8re puisse s\u2019\u00e9panouir librement. Car Dieu nous a s\u00e9duites et entra\u00een\u00e9es au d\u00e9sert pour parler \u00e0 notre c\u0153ur (Os\u00e9e 2,16). Notre solitude est prot\u00e9g\u00e9e par trois remparts&nbsp;\u00e0 la fois ext\u00e9rieurs et de plus en plus int\u00e9rieurs: solitude du d\u00e9sert, solitude dans l\u2019enceinte de la cl\u00f4ture et solitude dans le secret de la cellule.<\/p>\n\n\n\n<p>Ce triple rempart est n\u00e9cessaire pour que la moniale puisse r\u00e9aliser pleinement son d\u00e9sir le plus profond de devenir le c\u0153ur adorant de l\u2019\u00c9glise et le c\u0153ur aimant de l\u2019humanit\u00e9. Dans ce cadre de vie solitaire elle peut \u00e9lever au ciel la louange \u00e0 Dieu et pr\u00e9senter les n\u00e9cessit\u00e9s de ses fr\u00e8res les hommes dans le don total d\u2019elle-m\u00eame.<\/p>\n\n\n\n<p>Pour d\u00e9signer le cadre g\u00e9ographique d\u00e9limit\u00e9 qui entoure et prot\u00e8ge la solitude et le silence du monast\u00e8re, nous aimons parler d\u2019un \u00ab&nbsp;<strong>d\u00e9sert&nbsp;\u00bb<\/strong>. Les chartreuses sont implant\u00e9es dans un lieu aussi solitaire que possible, souvent montagneux et empreint de beaut\u00e9. Le d\u00e9sert s\u00e9pare mais il rapproche aussi. Dieu nous parle d\u00e9j\u00e0 par la beaut\u00e9 de la cr\u00e9ation, qui dilate notre c\u0153ur.<\/p>\n\n\n\n<p>Chaque semaine, lors du \u00ab&nbsp;spaciement&nbsp;\u00bb, nous faisons une longue marche hors du monast\u00e8re. Nous ne d\u00e9passons pas les limites de ce qui est consid\u00e9r\u00e9 comme notre \u00ab&nbsp;d\u00e9sert&nbsp;\u00bb, mais cela peut comporter un petit nombre de kilom\u00e8tres&nbsp;!<\/p>\n\n\n\n<figure class=\"wp-block-image size-large\"><img loading=\"lazy\" decoding=\"async\" width=\"1024\" height=\"576\" src=\"https:\/\/chartreux.org\/moniales\/wp-content\/uploads\/2020\/09\/moniales-spaciement-1024x576.jpg\" alt=\"\" class=\"wp-image-830\" srcset=\"https:\/\/chartreux.org\/moniales\/wp-content\/uploads\/2020\/09\/moniales-spaciement-1024x576.jpg 1024w, https:\/\/chartreux.org\/moniales\/wp-content\/uploads\/2020\/09\/moniales-spaciement-300x169.jpg 300w, https:\/\/chartreux.org\/moniales\/wp-content\/uploads\/2020\/09\/moniales-spaciement-768x432.jpg 768w, https:\/\/chartreux.org\/moniales\/wp-content\/uploads\/2020\/09\/moniales-spaciement-1536x864.jpg 1536w, https:\/\/chartreux.org\/moniales\/wp-content\/uploads\/2020\/09\/moniales-spaciement.jpg 1920w\" sizes=\"auto, (max-width: 1024px) 100vw, 1024px\" \/><\/figure>\n\n\n\n<p><a href=\"#toc_container\" class=\"returnToTop\"> Retourner en haut ! \u2191 <\/a><\/p>\n\n\n\n<p><\/p>\n\n\n\n<h3 class=\"wp-block-heading\" id=\"La-cl\u00f4ture\">2. La cl\u00f4ture<\/h3>\n\n\n\n<p>Symbole de la solitude que nous cherchons est notre<strong> cl\u00f4ture stricte.<\/strong> La moniale chartreuse n\u2019a pas comme mission le service social ni l\u2019\u00e9ducation, ni m\u00eame la r\u00e9ception des h\u00f4tes de passage. Elle vit normalement \u00e0 l\u2019int\u00e9rieur des murs du monast\u00e8re, souvent de plusieurs hectares. La cl\u00f4ture consiste \u00e0 vivre \u00e0 l\u2019int\u00e9rieur d\u2019une enceinte dont on ne sort que pour des raisons exceptionnelles, ou pour le \u00ab&nbsp;spaciement&nbsp;\u00bb. Cette coutume multis\u00e9culaire est sanctionn\u00e9e par la Loi de l\u2019\u00c9glise. C\u2019est une \u00ab&nbsp;enceinte sacr\u00e9e&nbsp;\u00bb qui signifie visiblement notre appartenance au Seigneur seul (St Jean-Paul II, <em>\u2018La Vie Consacr\u00e9e\u2019<\/em>, no. 59). On peut y voir comme un retour au jardin o\u00f9 le premier homme entendait la voix du P\u00e8re (Gen\u00e8se 3,8),&nbsp;ou comme le d\u00e9sert o\u00f9 le Seigneur appelait son proph\u00e8te pour lui montrer sa gloire (1R 19,5-13). Mais c\u2019est aussi le jardin de Geths\u00e9mani o\u00f9 a lieu le don total dans l\u2019obscurit\u00e9 (Matthieu 26,36-40),&nbsp;en attendant le jardin de P\u00e2ques o\u00f9 J\u00e9sus appellera chacune par notre nom (Jean 20,11-18).<\/p>\n\n\n\n<p>La cl\u00f4ture cr\u00e9e un environnement favorable (<em>Cor Orans<\/em>, no. 156) lieu privil\u00e9gi\u00e9 d\u2019une rencontre,&nbsp; mani\u00e8re de vivre la P\u00e2que du Seigneur et de garder le c\u0153ur constamment tourn\u00e9 vers Lui.<\/p>\n\n\n\n<p>En chartreuse, la cl\u00f4ture, s\u00e9paration du monde, entra\u00eene une tr\u00e8s grande r\u00e9serve vis-\u00e0-vis des moyens de communication sociale. Nous n\u2019avons ni t\u00e9l\u00e9vision ni radio, et l\u2019usage d\u2019Internet, comme aussi du t\u00e9l\u00e9phone, est r\u00e9serv\u00e9 aux moniales qui ont \u00e0 accomplir un service dans le monast\u00e8re. La correspondance \u00e9pistolaire reste sobre et limit\u00e9e aux proches. Cependant chaque ann\u00e9e, pendant deux jours, nous les accueillons \u00e0 l\u2019h\u00f4tellerie du monast\u00e8re. Avec le temps, soit nous-m\u00eames, soit avec nos familles, nous faisons g\u00e9n\u00e9ralement l\u2019exp\u00e9rience d\u2019un lien qui n\u2019est pas aliment\u00e9 par des contacts fr\u00e9quents, mais qui est plus profond.<\/p>\n\n\n\n<figure class=\"wp-block-image size-large\"><img loading=\"lazy\" decoding=\"async\" width=\"1024\" height=\"576\" src=\"https:\/\/chartreux.org\/moniales\/wp-content\/uploads\/2020\/09\/MonialesPontGC-1024x576.jpg\" alt=\"\" class=\"wp-image-836\" srcset=\"https:\/\/chartreux.org\/moniales\/wp-content\/uploads\/2020\/09\/MonialesPontGC-1024x576.jpg 1024w, https:\/\/chartreux.org\/moniales\/wp-content\/uploads\/2020\/09\/MonialesPontGC-300x169.jpg 300w, https:\/\/chartreux.org\/moniales\/wp-content\/uploads\/2020\/09\/MonialesPontGC-768x432.jpg 768w, https:\/\/chartreux.org\/moniales\/wp-content\/uploads\/2020\/09\/MonialesPontGC-1536x864.jpg 1536w, https:\/\/chartreux.org\/moniales\/wp-content\/uploads\/2020\/09\/MonialesPontGC.jpg 1920w\" sizes=\"auto, (max-width: 1024px) 100vw, 1024px\" \/><\/figure>\n\n\n\n<h3 class=\"wp-block-heading\" id=\"La-cellule\">3. La cellule<\/h3>\n\n\n\n<p>L&rsquo;ermitage ou <strong>cellule<\/strong>, est en fait une petite maison avec un jardin. Elle est munie du n\u00e9cessaire pour vivre et travailler seule et sans avoir besoin d\u2019en sortir. Tel est l&rsquo;univers de la moniale chartreuse. Repas, sommeil, travail, lecture, pri\u00e8re n&rsquo;ont point d&rsquo;autre cadre habituel. C\u2019est le lieu de la Pr\u00e9sence, de la pri\u00e8re solitaire, du travail solitaire\u2026<\/p>\n\n\n\n<p>Les heures ne paraissent-elles pas interminables, les journ\u00e9es fastidieuses&nbsp;? Elles le seraient si la moniale \u00e9tait seule avec elle-m\u00eame. Elle n&rsquo;est pas seule. Elle aime. Elle aime un Dieu cach\u00e9, c&rsquo;est vrai, mais dont la pr\u00e9sence assur\u00e9e la remplit de vie et de joie.<\/p>\n\n\n\n<p>Mais si Dieu semble dispara\u00eetre, que deviendra-t-elle&nbsp;? Comment supporter la solitude, le d\u00e9sert&nbsp;? Pour lui, elle a tout quitt\u00e9, sans lui reste seule la soif. J\u00e9sus a v\u00e9cu au d\u00e9sert par l&rsquo;Esprit. La tentation l&rsquo;a assailli. Il l&rsquo;a vaincue et il donne force \u00e0 celle qui l&rsquo;a suivi. Sur sa parole et par amour la moniale est partie. En sa parole et par amour elle demeure. Elle attend le jour.<\/p>\n\n\n\n<p>Sa foi lui dit qu&rsquo;en la Bible Dieu lui parle toujours, maintenant. Christ en son \u00c9vangile. Christ en tous ses fr\u00e8res, en toutes ses s\u0153urs. Elle sait que le silence de Marie, qui m\u00e9ditait toutes choses en son c\u0153ur, est source in\u00e9puisable de lumi\u00e8re et de force. Il l&rsquo;aide \u00e0 trouver Dieu cach\u00e9 dans le quotidien.<\/p>\n\n\n\n<p>Le quotidien&nbsp;? Au long des jours, seulement des riens : une couture \u00e0 faire, un livre \u00e0 ouvrir, un repas \u00e0 prendre. Simple, mais Dieu est l\u00e0. Rien non plus dans l&rsquo;atelier de Nazareth, que planches et copeaux, et Dieu \u00e9tait l\u00e0. De toutes ses forces, la moniale le croit. Elle donne toute son attention \u00e0 la couture, au livre, au repas. Dieu lui dira-t-il qu&rsquo;ainsi elle fait sa joie&nbsp;? Il le dit, mais dans un tel silence que souvent elle ne peut l&rsquo;entendre. Elle le sait par la foi. Comme Marie.<\/p>\n\n\n\n<p>Qui donnera \u00e0 la moniale l&rsquo;assurance qu&rsquo;elle ne s&rsquo;\u00e9gare pas en son d\u00e9sert&nbsp;? Quelle nu\u00e9e la guidera&nbsp;? L&rsquo;esp\u00e9rance est ancr\u00e9e en elle&nbsp;: elle croit que Dieu peut tirer le bien du mal et le tourner \u00e0 sa gloire. J\u00e9sus en pri\u00e8re au d\u00e9sert ou sur la montagne, \u00e9tait tout livr\u00e9 \u00e0 l&rsquo;amour de son P\u00e8re, dans l&rsquo;Esprit, tout livr\u00e9 \u00e0 l&rsquo;amour des hommes. La moniale chartreuse rend pr\u00e9sent ce myst\u00e8re. Ses l\u00e8vres murmurent les psaumes et elle sait qu&rsquo;elle exprime toute l&rsquo;imploration et louange du Fils de l&rsquo;Homme, toute la souffrance et la joie humaines. En J\u00e9sus, elle souffre de chaque souffrance. En lui, elle ressuscite et fait \u00e9clore les semences de r\u00e9surrection d\u00e9pos\u00e9es dans l&rsquo;univers. Supplication et louange. Sa cellule retentit des appels du monde.<\/p>\n\n\n\n<p>Comme aimaient redire certaines moniales anciennes&nbsp;:<br>\u00ab&nbsp;Dieu viendra \u00e0 ta rencontre et fera de ta vie en solitude un lieu privil\u00e9gi\u00e9 de communion&nbsp;\u00bb.<br>\u00ab&nbsp;Peu \u00e0 peu tout nous quitte, mais Dieu vient\u2026&nbsp;\u00bb<\/p>\n\n\n\n<figure class=\"wp-block-image size-large\"><img loading=\"lazy\" decoding=\"async\" width=\"1024\" height=\"576\" src=\"https:\/\/chartreux.org\/moniales\/wp-content\/uploads\/2020\/09\/moniale-en-priere-1024x576.jpg\" alt=\"\" class=\"wp-image-831\" srcset=\"https:\/\/chartreux.org\/moniales\/wp-content\/uploads\/2020\/09\/moniale-en-priere-1024x576.jpg 1024w, https:\/\/chartreux.org\/moniales\/wp-content\/uploads\/2020\/09\/moniale-en-priere-300x169.jpg 300w, https:\/\/chartreux.org\/moniales\/wp-content\/uploads\/2020\/09\/moniale-en-priere-768x432.jpg 768w, https:\/\/chartreux.org\/moniales\/wp-content\/uploads\/2020\/09\/moniale-en-priere-1536x864.jpg 1536w, https:\/\/chartreux.org\/moniales\/wp-content\/uploads\/2020\/09\/moniale-en-priere.jpg 1920w\" sizes=\"auto, (max-width: 1024px) 100vw, 1024px\" \/><\/figure>\n\n\n\n<p><a href=\"#toc_container\" class=\"returnToTop\"> Retourner en haut ! \u2191 <\/a><\/p>\n\n\n\n<p><\/p>\n\n\n\n<p><\/p>\n","protected":false},"excerpt":{"rendered":"<p>1. Le d\u00e9sert 2. La cl\u00f4ture 3. La cellule 1. Le d\u00e9sert Les moniales et les [&hellip;]<\/p>\n","protected":false},"author":1,"featured_media":0,"parent":0,"menu_order":0,"comment_status":"closed","ping_status":"closed","template":"","meta":{"footnotes":""},"class_list":["post-111","page","type-page","status-publish","hentry"],"_links":{"self":[{"href":"https:\/\/chartreux.org\/moniales\/wp-json\/wp\/v2\/pages\/111","targetHints":{"allow":["GET"]}}],"collection":[{"href":"https:\/\/chartreux.org\/moniales\/wp-json\/wp\/v2\/pages"}],"about":[{"href":"https:\/\/chartreux.org\/moniales\/wp-json\/wp\/v2\/types\/page"}],"author":[{"embeddable":true,"href":"https:\/\/chartreux.org\/moniales\/wp-json\/wp\/v2\/users\/1"}],"replies":[{"embeddable":true,"href":"https:\/\/chartreux.org\/moniales\/wp-json\/wp\/v2\/comments?post=111"}],"version-history":[{"count":28,"href":"https:\/\/chartreux.org\/moniales\/wp-json\/wp\/v2\/pages\/111\/revisions"}],"predecessor-version":[{"id":3387,"href":"https:\/\/chartreux.org\/moniales\/wp-json\/wp\/v2\/pages\/111\/revisions\/3387"}],"wp:attachment":[{"href":"https:\/\/chartreux.org\/moniales\/wp-json\/wp\/v2\/media?parent=111"}],"curies":[{"name":"wp","href":"https:\/\/api.w.org\/{rel}","templated":true}]}}