{"id":101,"date":"2021-08-27T21:02:04","date_gmt":"2021-08-27T19:02:04","guid":{"rendered":"http:\/\/cobaye.chartreux.org\/wordpress\/?page_id=101"},"modified":"2022-03-29T19:00:20","modified_gmt":"2022-03-29T17:00:20","slug":"la-voie-cartusienne","status":"publish","type":"page","link":"https:\/\/chartreux.org\/moniales\/la-voie-cartusienne\/","title":{"rendered":"La Voie Cartusienne"},"content":{"rendered":"\n<div class=\"wp-block-columns is-layout-flex wp-container-core-columns-is-layout-9d6595d7 wp-block-columns-is-layout-flex\">\n<div class=\"wp-block-column is-layout-flow wp-block-column-is-layout-flow\">\n<div id=\"toc_container\">\n<ul class=\"toc_list\">\n   <li><a href=\"#A-la-louange-de-Dieu\">1. A la louange de Dieu<\/a><\/li>\n   <li><a href=\"#Solitude\">2. Solitude<\/a><\/li>\n   <li><a href=\"#Communion-de-solitaires\">3. Communion de solitaires<\/a><\/li>\n   <li><a href=\"#Au-c\u0153ur-de-l\u2019Eglise\">4. Au c\u0153ur de l\u2019Eglise<\/a><\/li>   \n<\/ul>\n<\/div>\n<\/div>\n\n\n\n<div class=\"wp-block-column is-layout-flow wp-block-column-is-layout-flow\">\n<blockquote class=\"wp-block-quote is-layout-flow wp-block-quote-is-layout-flow\"><p><mark style=\"background-color:rgba(0, 0, 0, 0)\" class=\"has-inline-color has-black-color\"><em>Dans la retraite des monast\u00e8res et dans la solitude des cellules, patiemment et silencieusement, les chartreux tissent la robe nuptiale de l&rsquo;\u00c9glise.<\/em><br><\/mark><\/p><cite>(Jean-Paul II)<\/cite><\/blockquote>\n<\/div>\n<\/div>\n\n\n\n<h3 class=\"wp-block-heading\" id=\"A-la-louange-de-Dieu\">1. \u00c0 la louange de Dieu<\/h3>\n\n\n\n<p>Lorsque saint Bruno quitte Reims, il sait ce qu\u2019il cherche, et il ne s\u2019en laissera pas d\u00e9tourner par l\u2019abandon de ses premiers compagnons. Avec d\u2019autres, il rejoint Grenoble et se laisse conduire au d\u00e9sert de Chartreuse par saint Hugues. Qui conna\u00eet le lieu en plein hiver ne peut qu\u2019\u00eatre impressionn\u00e9 : le nom de \u00ab d\u00e9sert \u00bb pour la Chartreuse n\u2019a rien d\u2019exag\u00e9r\u00e9.<\/p>\n\n\n\n<p>Que cherchait-il donc ? Aujourd\u2019hui encore les Statuts de l\u2019Ordre le r\u00e9sument en une phrase : \u00ab \u00c0 la louange de la gloire de Dieu, le Christ, Verbe du P\u00e8re, depuis toujours a choisi par l\u2019Esprit Saint des hommes et des femmes pour les mener en solitude et se les unir dans un amour intime \u00bb.&nbsp; Oui, depuis toujours les amoureux ont cherch\u00e9 \u00e0 se voir seuls&nbsp;; ne cherchons pas ailleurs le sens de la solitude en chartreuse.<\/p>\n\n\n\n<p>Moins d\u2019un si\u00e8cle plus tard les moniales de Pr\u00e9bayon, en Provence, d\u00e9cident d\u2019embrasser la r\u00e8gle de vie des moines de Chartreuse. \u00c0 plusieurs reprises dans la journ\u00e9e, les moines chartreux et les moniales chartreuses, formant un seul corps, chantent la louange de Dieu. Par la participation au sacrifice eucharistique, par l\u2019office divin et toute la liturgie la famille cartusienne est unie au Christ et au service d\u2019adoration de l\u2019\u00c9glise.<\/p>\n\n\n\n<figure class=\"wp-block-image size-large\"><img loading=\"lazy\" decoding=\"async\" width=\"1024\" height=\"512\" src=\"https:\/\/chartreux.org\/moniales\/wp-content\/uploads\/2020\/09\/a-IMG_9468rec-1024x512.jpg\" alt=\"\" class=\"wp-image-1128\" srcset=\"https:\/\/chartreux.org\/moniales\/wp-content\/uploads\/2020\/09\/a-IMG_9468rec-1024x512.jpg 1024w, https:\/\/chartreux.org\/moniales\/wp-content\/uploads\/2020\/09\/a-IMG_9468rec-300x150.jpg 300w, https:\/\/chartreux.org\/moniales\/wp-content\/uploads\/2020\/09\/a-IMG_9468rec-768x384.jpg 768w, https:\/\/chartreux.org\/moniales\/wp-content\/uploads\/2020\/09\/a-IMG_9468rec-1536x768.jpg 1536w, https:\/\/chartreux.org\/moniales\/wp-content\/uploads\/2020\/09\/a-IMG_9468rec.jpg 1600w\" sizes=\"auto, (max-width: 1024px) 100vw, 1024px\" \/><\/figure>\n\n\n\n<h3 class=\"wp-block-heading\" id=\"Solitude\">2. Solitude<\/h3>\n\n\n\n<p><em>\u00ab\u00a0Quitte ton pays, ta parent\u00e9 et la maison de ton p\u00e8re et va\u00a0!\u00a0\u00bb<\/em> (Gn 12, 1). Cet appel de Dieu \u00e0 Abraham, afin de le faire d\u00e9positaire d\u2019une b\u00e9n\u00e9diction, s\u2019est r\u00e9p\u00e9t\u00e9 plusieurs fois dans l\u2019histoire sacr\u00e9e. C\u2019est l\u2019appel lanc\u00e9 \u00e0 Mo\u00efse et aux h\u00e9breux partis au d\u00e9sert, puis aux proph\u00e8tes. Le m\u00eame appel a retenti au long des si\u00e8cles et jusqu&rsquo;\u00e0 nos jours, et des hommes et des femmes on tout quitt\u00e9 pour appartenir \u00e0 Dieu seul.<\/p>\n\n\n\n<p>Notre vie de moniales chartreuses est une vie contemplative marqu\u00e9e par la solitude. Tout notre d\u00e9sir est de r\u00e9pondre \u00e0 l\u2019appel de Dieu en lui rendant amour pour Amour. Nos monast\u00e8res, \u00e9loign\u00e9s des villes, sont des \u00ab&nbsp;d\u00e9serts&nbsp;\u00bb en vue de favoriser notre rencontre avec Dieu. En effet, notre application principale et notre vocation sont de trouver Dieu dans le silence et la solitude&nbsp;; <em>\u00ab L\u00e0 <\/em>(\u00e9crit saint Bruno)<em>, Dieu et son serviteur entretiennent de fr\u00e9quents colloques, comme il se fait entre amis \u00bb.<\/em><\/p>\n\n\n\n<p>&nbsp;&nbsp;&nbsp;&nbsp;Au proph\u00e8te Os\u00e9e Dieu rend sa promesse plus lumineuse&nbsp;: <em>\u00ab&nbsp;Je vais la s\u00e9duire, je vais l\u2019entra\u00eener jusqu\u2019au d\u00e9sert, et je lui parlerai au c\u0153ur&nbsp;\u00bb <\/em>(Os 2,16).&nbsp; J\u00e9sus est pouss\u00e9 par l\u2019Esprit au d\u00e9sert (Mc 1&nbsp;,12) et l\u00e0 il demeure seul \u00e0 seul avec son P\u00e8re. J\u00e9sus nous invite aussi \u00e0 entrer dans la solitude pour rencontrer son P\u00e8re&nbsp;<em>: \u00ab&nbsp;Toi, quand tu pries, retire-toi dans ta pi\u00e8ce la plus retir\u00e9e, ferme la porte et prie ton P\u00e8re qui est dans le secret&nbsp;; ton P\u00e8re qui voit dans le secret te le revaudra&nbsp;\u00bb<\/em> (Mt. 6,6).<\/p>\n\n\n\n<p>Comme il l\u2019avait fait pour J\u00e9sus, l\u2019Esprit continue \u00e0 pousser des hommes et des femmes au d\u00e9sert. Les premiers moines et les premi\u00e8res moniales sont all\u00e9s dans les d\u00e9serts d\u2019\u00c9gypte et c\u2019est l\u00e0 qu&rsquo;est n\u00e9e la vie consacr\u00e9e. Dieu demande parfois cette rupture avec nos liens naturels, mais il offre une terre nouvelle\u00a0: \u00eatre appel\u00e9 au d\u00e9sert c\u2019est choisir de marcher avec le Seigneur sans savoir o\u00f9 il nous conduira. C\u2019est un mode de vie qui permet une ouverture particuli\u00e8re aux choses divines, c\u2019est demeurer pr\u00e8s de la Source. <em>\u00ab\u00a0Ce que la solitude et le silence du d\u00e9sert apportent d\u2019utilit\u00e9 et de joie divine \u00e0 ceux qui les aiment, ceux-l\u00e0 seuls le savent qui en ont fait l\u2019exp\u00e9rience\u00a0\u00bb<\/em> (Lettre de St Bruno \u00e0 Raoul). Mais en m\u00eame temps il est le lieu de l\u2019\u00e9preuve et de la purification. Cela nous rendant aptes \u00e0 mieux exercer dans l\u2019\u00c9glise notre mission de louange, d\u2019intercession, de repr\u00e9sentation.<\/p>\n\n\n\n<figure class=\"wp-block-image size-large\"><img loading=\"lazy\" decoding=\"async\" width=\"1024\" height=\"514\" src=\"https:\/\/chartreux.org\/moniales\/wp-content\/uploads\/2020\/09\/DSC04688nn-1024x514.jpg\" alt=\"\" class=\"wp-image-1106\" srcset=\"https:\/\/chartreux.org\/moniales\/wp-content\/uploads\/2020\/09\/DSC04688nn-1024x514.jpg 1024w, https:\/\/chartreux.org\/moniales\/wp-content\/uploads\/2020\/09\/DSC04688nn-300x150.jpg 300w, https:\/\/chartreux.org\/moniales\/wp-content\/uploads\/2020\/09\/DSC04688nn-768x385.jpg 768w, https:\/\/chartreux.org\/moniales\/wp-content\/uploads\/2020\/09\/DSC04688nn-1536x770.jpg 1536w, https:\/\/chartreux.org\/moniales\/wp-content\/uploads\/2020\/09\/DSC04688nn.jpg 2042w\" sizes=\"auto, (max-width: 1024px) 100vw, 1024px\" \/><\/figure>\n\n\n\n<p><a href=\"#toc_container\" class=\"returnToTop\"> Retourner en haut ! \u2191 <\/a><\/p>\n\n\n\n<p><\/p>\n\n\n\n<h3 class=\"wp-block-heading\" id=\"Communion-de-solitaires\">3. Communion de solitaires<\/h3>\n\n\n\n<p>Quand J\u00e9sus se retirait en un lieu d\u00e9sert pour prier, il restait en communion avec ses disciples. Saint Bruno partit au \u00ab&nbsp;d\u00e9sert&nbsp;\u00bb de Chartreuse pour vivre avec Dieu, mais il le fit avec six autres compagnons qui avaient re\u00e7u le m\u00eame appel. Ensemble ils construisirent les ermitages, ensemble ils se livraient \u00e0 la louange de Dieu dans leur petite \u00e9glise. Chaque moine dans son ermitage priait, lisait, travaillait, mangeait, dormait, mais cette solitude ne l\u2019\u00e9loignait de ses fr\u00e8res qui faisaient de m\u00eame au m\u00eame moment. La communion entre les fr\u00e8res \u00e9tait intense, comme on peut le voir dans la lettre de St Bruno \u00e0 ses fr\u00e8res de Chartreuse. Cette union s\u2019enracinait en Dieu Amour, P\u00e8re, Fils et Saint Esprit, demeurant en chacun et en tous.<\/p>\n\n\n\n<p>&nbsp;&nbsp;&nbsp;&nbsp;Les chartreux et chartreuses d\u2019aujourd\u2019hui visent \u00e0 la m\u00eame harmonie entre vie solitaire et vie communautaire que leurs pr\u00e9d\u00e9cesseurs. Ils seront une communion de solitaires s\u2019ils se laissent envahir par l\u2019amour du Christ. C\u2019est par son amour qu\u2019ils l\u2019aimeront et qu\u2019ils aimeront leurs fr\u00e8res, indissolublement. La vie solitaire, en cellule ou dans les ob\u00e9diences, embrase et nourrit en nos c\u0153urs le feu de l\u2019amour divin. Celui-ci nous constitue membres les uns des autres.<\/p>\n\n\n\n<p>Un symbole de cette communion de solitaires r\u00e9side dans le plan des b\u00e2timents d\u2019une chartreuse&nbsp;: chaque ermitage ou \u00ab&nbsp;cellule&nbsp;\u00bb comporte une petite maison et un jardin&nbsp;; cette \u00ab&nbsp;cellule&nbsp;\u00bb s\u2019ouvre sur un clo\u00eetre conduisant aux lieux communautaires, \u00e9glise, chapitre, r\u00e9fectoire, biblioth\u00e8que.<\/p>\n\n\n\n<p>&nbsp;&nbsp;&nbsp;&nbsp;La vie de communion se concr\u00e9tise par la liturgie quotidienne chant\u00e9e \u00e0 l\u2019\u00e9glise, mais nous le manifestons davantage les dimanches et jours de f\u00eates: le dimanche le repas de midi est pris ensemble au r\u00e9fectoire et l\u2019apr\u00e8s-midi a lieu une rencontre fraternelle. Ce jour, tierce et none sont \u00e9galement chant\u00e9es \u00e0 l\u2019\u00e9glise. Par ces r\u00e9unions est donn\u00e9e une place plus large au r\u00e9confort qu\u2019apporte la vie de famille.<\/p>\n\n\n\n<figure class=\"wp-block-image size-large\"><img loading=\"lazy\" decoding=\"async\" width=\"1024\" height=\"512\" src=\"https:\/\/chartreux.org\/moniales\/wp-content\/uploads\/2020\/09\/a-IMG_3974nn-1024x512.jpg\" alt=\"\" class=\"wp-image-1107\" srcset=\"https:\/\/chartreux.org\/moniales\/wp-content\/uploads\/2020\/09\/a-IMG_3974nn-1024x512.jpg 1024w, https:\/\/chartreux.org\/moniales\/wp-content\/uploads\/2020\/09\/a-IMG_3974nn-300x150.jpg 300w, https:\/\/chartreux.org\/moniales\/wp-content\/uploads\/2020\/09\/a-IMG_3974nn-768x384.jpg 768w, https:\/\/chartreux.org\/moniales\/wp-content\/uploads\/2020\/09\/a-IMG_3974nn-1536x768.jpg 1536w, https:\/\/chartreux.org\/moniales\/wp-content\/uploads\/2020\/09\/a-IMG_3974nn.jpg 1600w\" sizes=\"auto, (max-width: 1024px) 100vw, 1024px\" \/><\/figure>\n\n\n\n<figure class=\"wp-block-image size-large\"><img loading=\"lazy\" decoding=\"async\" width=\"1024\" height=\"512\" src=\"https:\/\/chartreux.org\/moniales\/wp-content\/uploads\/2020\/09\/a-IMG_7108nn-1024x512.jpg\" alt=\"\" class=\"wp-image-1108\" srcset=\"https:\/\/chartreux.org\/moniales\/wp-content\/uploads\/2020\/09\/a-IMG_7108nn-1024x512.jpg 1024w, https:\/\/chartreux.org\/moniales\/wp-content\/uploads\/2020\/09\/a-IMG_7108nn-300x150.jpg 300w, https:\/\/chartreux.org\/moniales\/wp-content\/uploads\/2020\/09\/a-IMG_7108nn-768x384.jpg 768w, https:\/\/chartreux.org\/moniales\/wp-content\/uploads\/2020\/09\/a-IMG_7108nn-1536x768.jpg 1536w, https:\/\/chartreux.org\/moniales\/wp-content\/uploads\/2020\/09\/a-IMG_7108nn.jpg 1600w\" sizes=\"auto, (max-width: 1024px) 100vw, 1024px\" \/><\/figure>\n\n\n\n\n\n<p>Ce colloque hebdomadaire nous rassemble: c\u2019est une rencontre d\u2019amiti\u00e9 et un partage en profondeur \u00e0 partir de la Parole du Seigneur, dans la lumi\u00e8re de laquelle nous essaierons ensuite d\u2019orienter notre vie.<\/p>\n\n\n\n<p>De plus, une fois pas semaine, nous avons un autre \u00e9change fraternel au cour d\u2019une promenade, appel\u00e9e spaciement, qui dure environ trois heures. Chacune peut s\u2019entretenir tour \u00e0 tour avec les autres, ce qui favorise l\u2019union des \u00e2mes et leur \u00e9panouissement, entretient l\u2019affection mutuelle, assure une bonne d\u00e9tente physique et nous aide \u00e0 vivre en solitude.<\/p>\n\n\n\n<figure class=\"wp-block-image size-large\"><img loading=\"lazy\" decoding=\"async\" width=\"1024\" height=\"512\" src=\"https:\/\/chartreux.org\/moniales\/wp-content\/uploads\/2020\/09\/DSC03809nn-1024x512.jpg\" alt=\"\" class=\"wp-image-1109\" srcset=\"https:\/\/chartreux.org\/moniales\/wp-content\/uploads\/2020\/09\/DSC03809nn-1024x512.jpg 1024w, https:\/\/chartreux.org\/moniales\/wp-content\/uploads\/2020\/09\/DSC03809nn-300x150.jpg 300w, https:\/\/chartreux.org\/moniales\/wp-content\/uploads\/2020\/09\/DSC03809nn-768x384.jpg 768w, https:\/\/chartreux.org\/moniales\/wp-content\/uploads\/2020\/09\/DSC03809nn-1536x768.jpg 1536w, https:\/\/chartreux.org\/moniales\/wp-content\/uploads\/2020\/09\/DSC03809nn.jpg 2048w\" sizes=\"auto, (max-width: 1024px) 100vw, 1024px\" \/><\/figure>\n\n\n\n<p>Situ\u00e9 \u00e0 quelques m\u00e8tres du monast\u00e8re, un ermitage abrite des chartreux qui partagent notre vie liturgique. Le ou les p\u00e8res c\u00e9l\u00e8brent l\u2019Eucharistie et les autres sacrements.<\/p>\n\n\n\n<h3 class=\"wp-block-heading\" id=\"Au-c\u0153ur-de-l\u2019Eglise\">4. Au c\u0153ur de l\u2019\u00c9glise<\/h3>\n\n\n\n<p>La communion n\u2019existe pas seulement entre les membres d\u2019une m\u00eame Chartreuse, entre tous les fils et filles de saint Bruno. Elle est avec l\u2019\u00c9glise visible et invisible. Choisir la vie solitaire ne nous fait pas d\u00e9serter la famille humaine. L\u2019union \u00e0 Dieu, si elle est vraie, ne nous ferme pas sur nous-m\u00eames, mais ouvre au contraire notre esprit et dilate notre c\u0153ur, jusqu\u2019\u00e0 embrasser le monde entier et le myst\u00e8re de la R\u00e9demption par le Christ.<\/p>\n\n\n\n<p>S\u00e9par\u00e9s de tous, nous sommes unis \u00e0 tous: et ainsi c\u2019est au nom de tous que nous nous tenons en pr\u00e9sence du Dieu vivant. La pri\u00e8re solitaire est la part que Dieu et l\u2019\u00c9glise nous ont confi\u00e9e, notre coop\u00e9ration \u00e0 l\u2019\u0153uvre incessante du Christ&nbsp;: <em>\u00ab Mon P\u00e8re travaille et moi aussi je travaille \u00bb<\/em> (Jn 5,17).&nbsp; La moniale chartreuse, tout en \u00e9tant fid\u00e8le \u00e0 l\u2019appel re\u00e7u de Dieu, donne aussi sa vie pour ses fr\u00e8res du monde, parce que la pri\u00e8re de chacun est \u00e0 tous, et la pri\u00e8re de tous est \u00e0 chacun, sur terre et au ciel. L\u2019Esprit Saint \u00e9veille la pri\u00e8re du Christ en nous par la foi et l\u2019amour. Parce que nous sommes membres de son corps, notre pri\u00e8re est sienne, notre silence annonce sa bonne nouvelle et notre veille sa venue.<\/p>\n\n\n\n<p>Au c\u0153ur de l\u2019\u00c9glise, les moniales chartreuses sont appel\u00e9es par Dieu \u00e0 <em>\u00ab&nbsp;vivre en communion avec son Fils, J\u00e9sus-Christ&nbsp;\u00bb<\/em> (1Co 1,9), en l\u2019imitant dans sa vie cach\u00e9e de Nazareth et priant avec lui sur la montagne. \u00catre tourn\u00e9es uniquement vers Celui qui est, dilate le c\u0153ur et le rend capable de porter en Dieu les aspirations et les souffrances du monde. Mais la vie cartusienne t\u00e9moigne avant tout de l\u2019amour de Dieu, que son amour suffit pour remplir une vie, qu\u2019il doit \u00eatre aim\u00e9 gratuitement comme il nous a aim\u00e9s, simplement parce qu\u2019il le m\u00e9rite, \u00e0 la louange de sa gloire.<\/p>\n\n\n\n<div class=\"wp-block-image\"><figure class=\"aligncenter size-large\"><img loading=\"lazy\" decoding=\"async\" width=\"1024\" height=\"683\" src=\"https:\/\/chartreux.org\/moniales\/wp-content\/uploads\/2020\/09\/a-IMG_5047-1024x683.jpg\" alt=\"\" class=\"wp-image-1126\" srcset=\"https:\/\/chartreux.org\/moniales\/wp-content\/uploads\/2020\/09\/a-IMG_5047-1024x683.jpg 1024w, https:\/\/chartreux.org\/moniales\/wp-content\/uploads\/2020\/09\/a-IMG_5047-300x200.jpg 300w, https:\/\/chartreux.org\/moniales\/wp-content\/uploads\/2020\/09\/a-IMG_5047-768x512.jpg 768w, https:\/\/chartreux.org\/moniales\/wp-content\/uploads\/2020\/09\/a-IMG_5047-1536x1024.jpg 1536w, https:\/\/chartreux.org\/moniales\/wp-content\/uploads\/2020\/09\/a-IMG_5047.jpg 1600w\" sizes=\"auto, (max-width: 1024px) 100vw, 1024px\" \/><\/figure><\/div>\n\n\n\n<p><a href=\"#toc_container\" class=\"returnToTop\"> Retourner en haut ! \u2191 <\/a><\/p>\n\n\n\n<p><\/p>\n","protected":false},"excerpt":{"rendered":"<p>1. A la louange de Dieu 2. Solitude 3. Communion de solitaires 4. Au c\u0153ur de [&hellip;]<\/p>\n","protected":false},"author":1,"featured_media":0,"parent":0,"menu_order":0,"comment_status":"closed","ping_status":"closed","template":"","meta":{"footnotes":""},"class_list":["post-101","page","type-page","status-publish","hentry"],"_links":{"self":[{"href":"https:\/\/chartreux.org\/moniales\/wp-json\/wp\/v2\/pages\/101","targetHints":{"allow":["GET"]}}],"collection":[{"href":"https:\/\/chartreux.org\/moniales\/wp-json\/wp\/v2\/pages"}],"about":[{"href":"https:\/\/chartreux.org\/moniales\/wp-json\/wp\/v2\/types\/page"}],"author":[{"embeddable":true,"href":"https:\/\/chartreux.org\/moniales\/wp-json\/wp\/v2\/users\/1"}],"replies":[{"embeddable":true,"href":"https:\/\/chartreux.org\/moniales\/wp-json\/wp\/v2\/comments?post=101"}],"version-history":[{"count":40,"href":"https:\/\/chartreux.org\/moniales\/wp-json\/wp\/v2\/pages\/101\/revisions"}],"predecessor-version":[{"id":3546,"href":"https:\/\/chartreux.org\/moniales\/wp-json\/wp\/v2\/pages\/101\/revisions\/3546"}],"wp:attachment":[{"href":"https:\/\/chartreux.org\/moniales\/wp-json\/wp\/v2\/media?parent=101"}],"curies":[{"name":"wp","href":"https:\/\/api.w.org\/{rel}","templated":true}]}}