{"id":993,"date":"2020-12-18T21:31:02","date_gmt":"2020-12-18T20:31:02","guid":{"rendered":"https:\/\/chartreux.org\/moines\/?page_id=993"},"modified":"2021-11-19T17:56:07","modified_gmt":"2021-11-19T16:56:07","slug":"notas-legales","status":"publish","type":"page","link":"https:\/\/chartreux.org\/moines\/es\/notas-legales\/","title":{"rendered":"Notas legales"},"content":{"rendered":"\n<h3 class=\"wp-block-heading\">Informaci\u00f3n legal<\/h3>\n\n\n\n<p>El objetivo de este sitio, alojado en Francia, es proporcionar informaci\u00f3n sobre la Orden Cartujana. El autor (la Orden Cartujana) no es responsable del contenido de ning\u00fan sitio distante mencionado por los enlaces de hipertexto en este sitio.<\/p>\n\n\n\n<p>Aparte de la reproducci\u00f3n para uso personal y privado, est\u00e1 prohibida la reproducci\u00f3n para la venta, distribuci\u00f3n, difusi\u00f3n, publicaci\u00f3n total o parcial, en cualquier forma, de los textos, ilustraciones, im\u00e1genes y animaciones o cualquier otro dato presente en el sitio, sin la autorizaci\u00f3n escrita del Autor (contacto: contact2@chartreuse.info).<\/p>\n\n\n\n<p>Desde el 25 de mayo de 2018 ha entrado en vigor el \u00ab\u00a0Reglamento General de Protecci\u00f3n de Datos\u00a0\u00bb. Garantiza a los ciudadanos europeos el buen uso de sus datos personales por parte de terceros. Al escribir a una de las direcciones de correo electr\u00f3nico mencionadas en el sitio web www.chartreux.org, da su consentimiento para que los datos personales que transmita se conserven con el \u00fanico fin de satisfacer su solicitud. La Orden Cartujana protege sus datos y sigue siendo la \u00fanica propietaria. Sus datos no se vender\u00e1n a terceros ni se intercambiar\u00e1n. La Orden Cartujana conserva sus datos durante el tiempo necesario para cumplir con la finalidad mencionada. A continuaci\u00f3n encontrar\u00e1 todos los detalles de nuestra pol\u00edtica de privacidad.<\/p>\n","protected":false},"excerpt":{"rendered":"<p>Informaci\u00f3n legal El objetivo de este sitio, alojado en Francia, es proporcionar informaci\u00f3n sobre la Orden [&hellip;]<\/p>\n","protected":false},"author":1,"featured_media":0,"parent":0,"menu_order":0,"comment_status":"closed","ping_status":"closed","template":"","meta":{"footnotes":""},"class_list":["post-993","page","type-page","status-publish","hentry"],"_links":{"self":[{"href":"https:\/\/chartreux.org\/moines\/wp-json\/wp\/v2\/pages\/993","targetHints":{"allow":["GET"]}}],"collection":[{"href":"https:\/\/chartreux.org\/moines\/wp-json\/wp\/v2\/pages"}],"about":[{"href":"https:\/\/chartreux.org\/moines\/wp-json\/wp\/v2\/types\/page"}],"author":[{"embeddable":true,"href":"https:\/\/chartreux.org\/moines\/wp-json\/wp\/v2\/users\/1"}],"replies":[{"embeddable":true,"href":"https:\/\/chartreux.org\/moines\/wp-json\/wp\/v2\/comments?post=993"}],"version-history":[{"count":0,"href":"https:\/\/chartreux.org\/moines\/wp-json\/wp\/v2\/pages\/993\/revisions"}],"wp:attachment":[{"href":"https:\/\/chartreux.org\/moines\/wp-json\/wp\/v2\/media?parent=993"}],"curies":[{"name":"wp","href":"https:\/\/api.w.org\/{rel}","templated":true}]}}