{"id":929,"date":"2020-12-17T21:20:26","date_gmt":"2020-12-17T20:20:26","guid":{"rendered":"https:\/\/chartreux.org\/moines\/index.php\/lordre-des-chartreux-espanol\/"},"modified":"2026-01-20T22:41:14","modified_gmt":"2026-01-20T21:41:14","slug":"lordre-des-chartreux-espanol","status":"publish","type":"page","link":"https:\/\/chartreux.org\/moines\/es\/","title":{"rendered":"LA ORDEN CARTUJANA"},"content":{"rendered":"\n<p>Para alabanza de la gloria de Dios, Cristo, Palabra del Padre por mediaci\u00f3n del Esp\u00edritu Santo, eligi\u00f3 desde el principio a algunos hombres, a quienes llev\u00f3 a la soledad para unirlos a s\u00ed en \u00edntimo amor. Siguiendo esta vocaci\u00f3n Maestro Bruno entr\u00f3 con seis compa\u00f1eros en el desierto de Cartuja, el a\u00f1o del Se\u00f1or 1084, y se instal\u00f3 all\u00ed. Tanto ellos como sus sucesores, permanecieron en aquel lugar bajo la direcci\u00f3n del Esp\u00edritu Santo, y, gui\u00e1ndose por la experiencia, fueron creando gradualmente un g\u00e9nero de vida erem\u00edtica propio, transmitido a las generaciones venideras, no por escrito, sino con el ejemplo.<\/p>\n\n\n\n<p>A instancias de otros eremitorios fundados a imitaci\u00f3n del de Cartuja, Guigo, quinto Prior de Cartuja, puso por escrito una descripci\u00f3n de este modo de vida; todos se comprometieron a seguirla e imitarla como regla de su observancia y v\u00ednculo de caridad de la naciente familia.<\/p>\n\n\n\n<p>Hacia 1145 las monjas de Pr\u00e9bayon, en la Provenza, decidieron abrazar tambi\u00e9n la regla de vida cartujana. Este fue el comienzo de nuestra Orden.<\/p>\n\n\n\n<figure class=\"wp-block-image size-large\"><img decoding=\"async\" width=\"1024\" height=\"697\" src=\"https:\/\/chartreux.org\/moines\/wp-content\/uploads\/2020\/10\/17-Lordre-autour-de-St-Bruno_80-1024x697.jpg\" alt=\"\" class=\"wp-image-853\" srcset=\"https:\/\/chartreux.org\/moines\/wp-content\/uploads\/2020\/10\/17-Lordre-autour-de-St-Bruno_80-1024x697.jpg 1024w, https:\/\/chartreux.org\/moines\/wp-content\/uploads\/2020\/10\/17-Lordre-autour-de-St-Bruno_80-300x204.jpg 300w, https:\/\/chartreux.org\/moines\/wp-content\/uploads\/2020\/10\/17-Lordre-autour-de-St-Bruno_80-768x523.jpg 768w, https:\/\/chartreux.org\/moines\/wp-content\/uploads\/2020\/10\/17-Lordre-autour-de-St-Bruno_80-1536x1045.jpg 1536w, https:\/\/chartreux.org\/moines\/wp-content\/uploads\/2020\/10\/17-Lordre-autour-de-St-Bruno_80-2048x1394.jpg 2048w\" sizes=\"(max-width: 1024px) 100vw, 1024px\" \/><\/figure>\n\n\n\n<p>Actualmente la Orden Cartujana cuenta con veinti\u00fan casas, diecis\u00e9is de monjes y cinco de monjas. Los monasterios masculinos se encuentran en Francia, Italia, Espa\u00f1a, Suiza, Eslovenia, Alemania, Inglaterra, Estados Unidos de Am\u00e9rica, Brasil, Argentina y Corea del Sur.<\/p>\n\n\n\n<p>La existencia ininterrumpida de nuestra Orden por m\u00e1s de nueve siglos, a trav\u00e9s de las vicisitudes de la historia, es un signo de la solicitud de Dios para con ella, de su equilibrio de vida y de su lugar y misi\u00f3n particulares en la Iglesia.<\/p>\n\n\n\n<p>Intentamos aqu\u00ed decir simplemente qui\u00e9nes somos para todos aquellos que se sienten intrigados por esta vida separada del mundo. Pero el misterio de la vocaci\u00f3n cartujana no se deja captar en unas pocas palabras. Contemplativos cat\u00f3licos, hijos e hijas de san Bruno y como \u00e9l solitarios, buscamos ser fieles al llamado de Dios siguiendo sus huellas.<\/p>\n\n\n\n<div class=\"wp-block-columns is-layout-flex wp-container-core-columns-is-layout-9d6595d7 wp-block-columns-is-layout-flex\">\n<div class=\"wp-block-column is-layout-flow wp-block-column-is-layout-flow\" style=\"flex-basis:45%\">\n<iframe src=\"https:\/\/player.vimeo.com\/video\/508153497\" allow=\"autoplay; fullscreen; picture-in-picture\" allowfullscreen=\"\" name=\"pFR\" width=\"640\" height=\"360\" frameborder=\"0\"><\/iframe>\n\n\n\n<a href=\"https:\/\/player.vimeo.com\/video\/442773955\" width=\"640\" height=\"360\" frameborder=\"0\" allowfullscreen=\"allowfullscreen\" \"=\"\" target=\"pFR\"><img decoding=\"async\" src=\"https:\/\/chartreux.org\/moines\/wp-content\/uploads\/2021\/05\/france-32x32-32967.png\" alt=\"Francais\"><\/a>\n<a href=\"https:\/\/player.vimeo.com\/video\/508369965\" width=\"640\" height=\"360\" frameborder=\"0\" allowfullscreen=\"allowfullscreen\" \"=\"\" target=\"pFR\"><img decoding=\"async\" src=\"https:\/\/chartreux.org\/moines\/wp-content\/uploads\/2021\/05\/united-32x32-33115.png\" alt=\"Anglais\"><\/a>\n<a href=\"https:\/\/player.vimeo.com\/video\/508324590\" width=\"640\" height=\"360\" frameborder=\"0\" allowfullscreen=\"allowfullscreen\" \"=\"\" target=\"pFR\"><img decoding=\"async\" src=\"https:\/\/chartreux.org\/moines\/wp-content\/uploads\/2021\/05\/italy-32x32-32999.png\" alt=\"Italien\"><\/a>\n<a href=\"https:\/\/player.vimeo.com\/video\/508417082\" width=\"640\" height=\"360\" frameborder=\"0\" allowfullscreen=\"allowfullscreen\" \"=\"\" target=\"pFR\"><img decoding=\"async\" src=\"https:\/\/chartreux.org\/moines\/wp-content\/uploads\/2021\/05\/germany-32x32-32989.png\" alt=\"Allemand\"><a href=\"https:\/\/player.vimeo.com\/video\/646114751\" width=\"640\" height=\"360\" frameborder=\"0\" allowfullscreen=\"allowfullscreen\" \"=\"\" target=\"pFR\"><img decoding=\"async\" src=\"https:\/\/chartreux.org\/moines\/wp-content\/uploads\/2021\/05\/russia-32x32-33064.png\" alt=\"Russian\"><a href=\"https:\/\/player.vimeo.com\/video\/581471087\" width=\"640\" height=\"360\" frameborder=\"0\" allowfullscreen=\"allowfullscreen\" \"=\"\" target=\"pFR\"><img decoding=\"async\" src=\"https:\/\/chartreux.org\/moines\/wp-content\/uploads\/2021\/05\/greece-32x32-32991.png\" alt=\"Greek\"><\/a>\na href=\u00a0\u00bbhttps:\/\/player.vimeo.com\/video\/1075793211&Prime; width=\u00a0\u00bb640&Prime; height=\u00a0\u00bb360&Prime; frameborder=\u00a0\u00bb0&Prime; allowfullscreen=\u00a0\u00bballowfullscreen\u00a0\u00bb \u00ab\u00a0=\u00a0\u00bb\u00a0\u00bb target=\u00a0\u00bbpFR\u00a0\u00bb><img decoding=\"async\" src=\"https:\/\/chartreux.org\/moines\/wp-content\/uploads\/2025\/04\/brazil-32x32-32937.png\" alt=\"Brazil\"><\/a>\n<a href=\"https:\/\/player.vimeo.com\/video\/1156626790\" width=\"640\" height=\"360\" frameborder=\"0\" allowfullscreen=\"allowfullscreen\" \"=\"\" target=\"pFR\"><img decoding=\"async\" src=\"https:\/\/chartreux.org\/moines\/wp-content\/uploads\/2026\/01\/croatia-32x32-32995.png\" alt=\"Croate\"><\/a>\n<\/div>\n\n\n\n<div class=\"wp-block-column is-layout-flow wp-block-column-is-layout-flow\" style=\"flex-basis:5%\"><\/div>\n\n\n\n<div class=\"wp-block-column is-layout-flow wp-block-column-is-layout-flow\" style=\"flex-basis:45%\">\n<iframe src=\"https:\/\/player.vimeo.com\/video\/507965535\" allowfullscreen=\"allowfullscreen\" name=\"fFR\" width=\"640\" height=\"360\" frameborder=\"0\"><\/iframe>\n\n\n\n<a href=\"https:\/\/player.vimeo.com\/video\/442773847\" width=\"640\" height=\"360\" frameborder=\"0\" allowfullscreen=\"allowfullscreen\" \"=\"\" target=\"fFR\"><img decoding=\"async\" src=\"https:\/\/chartreux.org\/moines\/wp-content\/uploads\/2021\/05\/france-32x32-32967.png\" alt=\"Francais\"><\/a>\n<a href=\"https:\/\/player.vimeo.com\/video\/443163107\" width=\"640\" height=\"360\" frameborder=\"0\" allowfullscreen=\"allowfullscreen\" \"=\"\" target=\"fFR\"><img decoding=\"async\" src=\"https:\/\/chartreux.org\/moines\/wp-content\/uploads\/2021\/05\/united-32x32-33115.png\" alt=\"Anglais\"><\/a>\n<a href=\"https:\/\/player.vimeo.com\/video\/508068171\" width=\"640\" height=\"360\" frameborder=\"0\" allowfullscreen=\"allowfullscreen\" \"=\"\" target=\"fFR\"><img decoding=\"async\" src=\"https:\/\/chartreux.org\/moines\/wp-content\/uploads\/2021\/05\/italy-32x32-32999.png\" alt=\"Italien\"><\/a>\n<a href=\"https:\/\/player.vimeo.com\/video\/443198436\" width=\"640\" height=\"360\" frameborder=\"0\" allowfullscreen=\"allowfullscreen\" \"=\"\" target=\"fFR\"><img decoding=\"async\" src=\"https:\/\/chartreux.org\/moines\/wp-content\/uploads\/2021\/05\/germany-32x32-32989.png\" alt=\"Allemand\"><\/a>\n<a href=\"https:\/\/player.vimeo.com\/video\/646049209\" width=\"640\" height=\"360\" frameborder=\"0\" allowfullscreen=\"allowfullscreen\" \"=\"\" target=\"fFR\"><img decoding=\"async\" src=\"https:\/\/chartreux.org\/moines\/wp-content\/uploads\/2021\/05\/russia-32x32-33064.png\" alt=\"Russian\"><a href=\"https:\/\/player.vimeo.com\/video\/581296317\" width=\"640\" height=\"360\" frameborder=\"0\" allowfullscreen=\"allowfullscreen\" \"=\"\" target=\"fFR\"><img decoding=\"async\" src=\"https:\/\/chartreux.org\/moines\/wp-content\/uploads\/2021\/05\/greece-32x32-32991.png\" alt=\"Greek\"><\/a>\n<a href=\"https:\/\/player.vimeo.com\/video\/1075791845\" width=\"640\" height=\"360\" frameborder=\"0\" allowfullscreen=\"allowfullscreen\" \"=\"\" target=\"fFR\"><img decoding=\"async\" src=\"https:\/\/chartreux.org\/moines\/wp-content\/uploads\/2025\/04\/brazil-32x32-32937.png\" alt=\"Brazil\"><\/a>\n<a href=\"https:\/\/player.vimeo.com\/video\/1156626536\" width=\"640\" height=\"360\" frameborder=\"0\" allowfullscreen=\"allowfullscreen\" \"=\"\" target=\"fFR\"><img decoding=\"async\" src=\"https:\/\/chartreux.org\/moines\/wp-content\/uploads\/2026\/01\/croatia-32x32-32995.png\" alt=\"Croate\"><\/a>\n<\/div>\n<\/div>\n","protected":false},"excerpt":{"rendered":"<p>Para alabanza de la gloria de Dios, Cristo, Palabra del Padre por mediaci\u00f3n del Esp\u00edritu Santo, [&hellip;]<\/p>\n","protected":false},"author":1,"featured_media":0,"parent":0,"menu_order":0,"comment_status":"closed","ping_status":"closed","template":"template-full-width.php","meta":{"footnotes":""},"class_list":["post-929","page","type-page","status-publish","hentry"],"_links":{"self":[{"href":"https:\/\/chartreux.org\/moines\/wp-json\/wp\/v2\/pages\/929","targetHints":{"allow":["GET"]}}],"collection":[{"href":"https:\/\/chartreux.org\/moines\/wp-json\/wp\/v2\/pages"}],"about":[{"href":"https:\/\/chartreux.org\/moines\/wp-json\/wp\/v2\/types\/page"}],"author":[{"embeddable":true,"href":"https:\/\/chartreux.org\/moines\/wp-json\/wp\/v2\/users\/1"}],"replies":[{"embeddable":true,"href":"https:\/\/chartreux.org\/moines\/wp-json\/wp\/v2\/comments?post=929"}],"version-history":[{"count":3,"href":"https:\/\/chartreux.org\/moines\/wp-json\/wp\/v2\/pages\/929\/revisions"}],"predecessor-version":[{"id":7280,"href":"https:\/\/chartreux.org\/moines\/wp-json\/wp\/v2\/pages\/929\/revisions\/7280"}],"wp:attachment":[{"href":"https:\/\/chartreux.org\/moines\/wp-json\/wp\/v2\/media?parent=929"}],"curies":[{"name":"wp","href":"https:\/\/api.w.org\/{rel}","templated":true}]}}