{"id":6220,"date":"2021-12-15T17:00:33","date_gmt":"2021-12-15T16:00:33","guid":{"rendered":"https:\/\/chartreux.org\/moines\/?page_id=6220"},"modified":"2021-12-15T19:00:49","modified_gmt":"2021-12-15T18:00:49","slug":"livro-9","status":"publish","type":"page","link":"https:\/\/chartreux.org\/moines\/pt\/estatutos-pt\/livro-9\/","title":{"rendered":"Livro 9"},"content":{"rendered":"\n<h2 class=\"wp-block-heading\">Livro 9<\/h2>\n\n\n\n<h3 class=\"wp-block-heading\" id=\"c62\">Cap\u00edtulo 62<\/h3>\n\n\n\n<hr class=\"wp-block-separator\"\/>\n\n\n\n<p>Sacramentos <a href=\"\/moines\/pt\/estatutos-pt\/livro-6#c54\">\u00ab<\/a><a href=\"#c65\">\u00bb<\/a><\/p>\n\n\n\n<h4 class=\"wp-block-heading\">A Penit\u00eancia<\/h4>\n\n\n\n<p>No sacramento da Penit\u00eancia o Pai das miseric\u00f3rdias, pelo Mist\u00e9rio Pascual de seu Filho, nos reconcilia no Esp\u00edrito consigo, com a Igreja e conosco mesmos. Recomendamos, pois, a todos que freq\u00fcentem este sacramento pelo qual a convers\u00e3o do cora\u00e7\u00e3o, fim pr\u00f3prio do monge, insere-se no mist\u00e9rio da morte e ressurrei\u00e7\u00e3o de Cristo.<\/p>\n\n\n\n<p>O Prior tem o dever de designar alguns monges, entre os de maior discri\u00e7\u00e3o, para ouvir as confiss\u00f5es dos demais.<\/p>\n\n\n\n<p>Ademais, qualquer pessoa da Ordem, para tranq\u00fcilidade de sua consci\u00eancia, pode v\u00e1lida e licitamente confessar-se com qualquer confessor que tenha faculdade para isso.<\/p>\n\n\n\n<p>A respeito da confiss\u00e3o de pessoas estranhas \u00e0 Ordem, que se tem de evitar quanto seja poss\u00edvel, e das mulheres, que n\u00e3o se as deve confessar de nenhum modo.<\/p>\n\n\n\n<h3 class=\"wp-block-heading\" id=\"c65\">Cap\u00edtulo 65<\/h3>\n\n\n\n<hr class=\"wp-block-separator\"\/>\n\n\n\n<p>Sufr\u00e1gios <a href=\"#c62\">\u00ab<\/a><\/p>\n\n\n\n<p>J\u00e1 que somos membros os uns dos outros, conv\u00e9m que na ora\u00e7\u00e3o levemos os fardos dos homens, nossos irm\u00e3os, e primeiro que tudo intercedamos:<\/p>\n\n\n\n<p>(resumo das pessoas pelas que oferecemos sufr\u00e1gios)<\/p>\n\n\n\n<h4 class=\"wp-block-heading\">Por nossos Superiores<\/h4>\n\n\n\n<p>Pelo Papa.<\/p>\n\n\n\n<p>Pelo Reverendo Padre, Prior de Cartuxa, como Ministro Geral de nossa Ordem e Pastor de todos n\u00f3s.<\/p>\n\n\n\n<p>Pelo Procurador geral.<\/p>\n\n\n\n<p>Pelos Visitadores.<\/p>\n\n\n\n<p>Pelo Prior.<\/p>\n\n\n\n<p>Pelos parentes e benfeitores rec\u00e9m-falecidos.<\/p>\n\n\n\n<p>Pela Igreja universal e pela Ordem.<\/p>\n\n\n\n<ul class=\"wp-block-list\"><li>Por nosso Santo Padre em Cristo, o Papa reinante.<\/li><li>Pela conserva\u00e7\u00e3o da unidade da Ordem.<\/li><li>Para impetrar o aux\u00edlio celestial a fim de que todos se congreguem na \u00fanica Igreja de Cristo.<\/li><li>Pela paz e tranq\u00fcilidade de todas as na\u00e7\u00f5es, e pelos que as governam.<\/li><li>Pelas autoridades da na\u00e7\u00e3o de cada Casa da Ordem.<\/li><li>Pelo pr\u00f3prio Bispo de cada Casa.<\/li><li>Pelas pessoas da Ordem que est\u00e3o em perigo de alma e corpo, e para consola\u00e7\u00e3o das mesmas.<\/li><li>Por todos nossos bem-feitores, pelos parentes, encomendados e amigos de todas as pessoas da Ordem, e pelos que temos obriga\u00e7\u00e3o.<\/li><\/ul>\n\n\n\n<h4 class=\"wp-block-heading\">Outros sufr\u00e1gios pelos defuntos<\/h4>\n\n\n\n<p>Depois da solenidade de Pentecostes, em todas as Casas da Ordem se celebram duas Trint\u00e1rios gerais:<\/p>\n\n\n\n<ul class=\"wp-block-list\"><li>um por todos os fi\u00e9is defuntos detentos no Purgat\u00f3rio;<\/li><li>o segundo, pelos parentes, benfeitores, encomendados e amigos de todas as pessoas da Ordem, pelos que t\u00eam participa\u00e7\u00e3o na Ordem, e pelos que temos obriga\u00e7\u00e3o.<\/li><\/ul>\n\n\n\n<p>Ainda que sejam muitos os sufr\u00e1gios que aplicamos por determinadas pessoas, confiamos em que, pela miseric\u00f3rdia divina, todas as nossas ora\u00e7\u00f5es, ante tudo, h\u00e3o de aproveitar \u00e0 Igreja universal, para louvor da gl\u00f3ria de Deus.<\/p>\n\n\n\n<h1 class=\"wp-block-heading\">LAUS DEO<\/h1>\n","protected":false},"excerpt":{"rendered":"<p>Livro 9 Cap\u00edtulo 62 Sacramentos \u00ab\u00bb A Penit\u00eancia No sacramento da Penit\u00eancia o Pai das miseric\u00f3rdias, [&hellip;]<\/p>\n","protected":false},"author":5,"featured_media":0,"parent":6206,"menu_order":0,"comment_status":"closed","ping_status":"closed","template":"","meta":{"footnotes":""},"class_list":["post-6220","page","type-page","status-publish","hentry"],"_links":{"self":[{"href":"https:\/\/chartreux.org\/moines\/wp-json\/wp\/v2\/pages\/6220","targetHints":{"allow":["GET"]}}],"collection":[{"href":"https:\/\/chartreux.org\/moines\/wp-json\/wp\/v2\/pages"}],"about":[{"href":"https:\/\/chartreux.org\/moines\/wp-json\/wp\/v2\/types\/page"}],"author":[{"embeddable":true,"href":"https:\/\/chartreux.org\/moines\/wp-json\/wp\/v2\/users\/5"}],"replies":[{"embeddable":true,"href":"https:\/\/chartreux.org\/moines\/wp-json\/wp\/v2\/comments?post=6220"}],"version-history":[{"count":0,"href":"https:\/\/chartreux.org\/moines\/wp-json\/wp\/v2\/pages\/6220\/revisions"}],"up":[{"embeddable":true,"href":"https:\/\/chartreux.org\/moines\/wp-json\/wp\/v2\/pages\/6206"}],"wp:attachment":[{"href":"https:\/\/chartreux.org\/moines\/wp-json\/wp\/v2\/media?parent=6220"}],"curies":[{"name":"wp","href":"https:\/\/api.w.org\/{rel}","templated":true}]}}