{"id":6158,"date":"2021-12-15T16:31:47","date_gmt":"2021-12-15T15:31:47","guid":{"rendered":"https:\/\/chartreux.org\/moines\/?page_id=6158"},"modified":"2021-12-16T10:05:13","modified_gmt":"2021-12-16T09:05:13","slug":"libro-9","status":"publish","type":"page","link":"https:\/\/chartreux.org\/moines\/es\/estatutos\/libro-9\/","title":{"rendered":"Libro 9"},"content":{"rendered":"\n<h2 class=\"wp-block-heading\">Libro 9&nbsp;: Sacramentos y sufragios<\/h2>\n\n\n\n<h3 class=\"wp-block-heading\" id=\"c62\">Cap\u00edtulo 62<\/h3>\n\n\n\n<hr class=\"wp-block-separator\"\/>\n\n\n\n<p>Sacramentos<a href=\"\/moines\/es\/estatutos\/libro-6#c54\">\u00ab<\/a><a href=\"#c65\">\u00bb<\/a><\/p>\n\n\n\n<h4 class=\"wp-block-heading\">La Penitencia<\/h4>\n\n\n\n<p>En el sacramento de la Penitencia el Padre de las misericordias, por el misterio pascual de su Hijo, nos reconcilia en el Esp\u00edritu consigo, con la Iglesia y con nosotros mismos. Recomendamos, pues, a todos que frecuenten este sacramento por el cual la conversi\u00f3n del coraz\u00f3n, fin propio del monje, se inserta en el misterio de la muerte y resurrecci\u00f3n de Cristo.<\/p>\n\n\n\n<p>El Prior tiene el deber de designar algunos monjes, entre los de mayor discreci\u00f3n, para o\u00edr las confesiones de los dem\u00e1s.<\/p>\n\n\n\n<p>Adem\u00e1s, cualquier persona de la Orden, para tranquilidad de su conciencia, puede v\u00e1lida y l\u00edcitamente confesarse con cualquier confesor que tenga facultad para ello.<\/p>\n\n\n\n<p>Acerca de la confesi\u00f3n de personas extra\u00f1as a la Orden, que se ha de evitar cuanto sea posible, y de las mujeres, que no se las debe confesar de ning\u00fan modo.<\/p>\n\n\n\n<h3 class=\"wp-block-heading\" id=\"c65\">Cap\u00edtulo 65<\/h3>\n\n\n\n<hr class=\"wp-block-separator\"\/>\n\n\n\n<p>Sufragios<a href=\"#c62\">\u00ab<\/a><\/p>\n\n\n\n<p>Puesto que somos miembros los unos de los otros, conviene que en la oraci\u00f3n sobrellevemos las cargas de nuestros hermanos los hombres, y ante todo que intercedamos&nbsp;:<\/p>\n\n\n\n<p>(resumen de las personas por las que ofrecemos sufragios&nbsp;: )<\/p>\n\n\n\n<h4 class=\"wp-block-heading\">Por nuestros Superiores<\/h4>\n\n\n\n<p>Por&nbsp;<strong><em>el Papa<\/em><\/strong><\/p>\n\n\n\n<p>Por&nbsp;<strong><em>el Reverendo Padre<\/em><\/strong>, Prior de Cartuja, como Ministro General de nuestra Orden y Pastor de todos nosotros<\/p>\n\n\n\n<p>Por&nbsp;<strong><em>el procurador general<\/em><\/strong><\/p>\n\n\n\n<p>Por&nbsp;<strong><em>los Visitadores<\/em><\/strong><\/p>\n\n\n\n<p>Por&nbsp;<strong><em>el prior<\/em><\/strong><\/p>\n\n\n\n<h4 class=\"wp-block-heading\">Por los parientes y bienhechores reci\u00e9n fallecidos<\/h4>\n\n\n\n<h4 class=\"wp-block-heading\">Por la Iglesia universal y por la Orden<\/h4>\n\n\n\n<ol class=\"wp-block-list\"><li>Por nuestro Santo Padre en Cristo, el Papa reinante.<\/li><li>Por la conservaci\u00f3n de la unidad de la Orden.<\/li><li>Para impetrar el auxilio celestial a fin de que todos se congreguen en la \u00fanica Iglesia de Cristo.<\/li><li>Por la paz y tranquilidad de todas las naciones, y por los que las gobiernan.<\/li><li>Por las autoridades de la naci\u00f3n de cada Casa de la Orden.<\/li><\/ol>\n\n\n\n<ol class=\"wp-block-list\"><li>Por el propio Obispo de cada Casa.<\/li><li>Por las personas de la Orden que est\u00e1n en peligro de alma y cuerpo, y para consolaci\u00f3n de las mismas.<\/li><li>Por todos nuestros bienhechores, por los parientes, encomendados y amigos de todas las personas de la Orden, y por los que tenemos obligaci\u00f3n.<\/li><\/ol>\n\n\n\n<h4 class=\"wp-block-heading\">Otros sufragios por los difuntos<\/h4>\n\n\n\n<p>Despu\u00e9s de la solemnidad de Pentecost\u00e9s, en todas las Casas de la Orden se celebran dos Tricenarios generales&nbsp;:<\/p>\n\n\n\n<ul class=\"wp-block-list\"><li>uno por todos los fieles difuntos detenidos en el Purgatorio&nbsp;;<\/li><li>el segundo, por los parientes, bienhechores, encomendados y amigos de todas las personas de la Orden, por los que tienen participaci\u00f3n en la Orden, y por los que tenemos obligaci\u00f3n.<\/li><\/ul>\n\n\n\n<p>Aunque son muchos los sufragios que aplicamos por determinadas personas, confiamos en que, por la Misericordia divina, todas nuestras oraciones han de aprovechar ante todo a la Iglesia universal, para alabanza de la gloria de Dios.<\/p>\n","protected":false},"excerpt":{"rendered":"<p>Libro 9&nbsp;: Sacramentos y sufragios Cap\u00edtulo 62 Sacramentos\u00ab\u00bb La Penitencia En el sacramento de la Penitencia [&hellip;]<\/p>\n","protected":false},"author":5,"featured_media":0,"parent":6144,"menu_order":0,"comment_status":"closed","ping_status":"closed","template":"","meta":{"footnotes":""},"class_list":["post-6158","page","type-page","status-publish","hentry"],"_links":{"self":[{"href":"https:\/\/chartreux.org\/moines\/wp-json\/wp\/v2\/pages\/6158","targetHints":{"allow":["GET"]}}],"collection":[{"href":"https:\/\/chartreux.org\/moines\/wp-json\/wp\/v2\/pages"}],"about":[{"href":"https:\/\/chartreux.org\/moines\/wp-json\/wp\/v2\/types\/page"}],"author":[{"embeddable":true,"href":"https:\/\/chartreux.org\/moines\/wp-json\/wp\/v2\/users\/5"}],"replies":[{"embeddable":true,"href":"https:\/\/chartreux.org\/moines\/wp-json\/wp\/v2\/comments?post=6158"}],"version-history":[{"count":0,"href":"https:\/\/chartreux.org\/moines\/wp-json\/wp\/v2\/pages\/6158\/revisions"}],"up":[{"embeddable":true,"href":"https:\/\/chartreux.org\/moines\/wp-json\/wp\/v2\/pages\/6144"}],"wp:attachment":[{"href":"https:\/\/chartreux.org\/moines\/wp-json\/wp\/v2\/media?parent=6158"}],"curies":[{"name":"wp","href":"https:\/\/api.w.org\/{rel}","templated":true}]}}