{"id":6154,"date":"2021-12-15T16:30:43","date_gmt":"2021-12-15T15:30:43","guid":{"rendered":"https:\/\/chartreux.org\/moines\/?page_id=6154"},"modified":"2021-12-16T10:02:01","modified_gmt":"2021-12-16T09:02:01","slug":"libro-5","status":"publish","type":"page","link":"https:\/\/chartreux.org\/moines\/es\/estatutos\/libro-5\/","title":{"rendered":"Libro 5"},"content":{"rendered":"\n<h2 class=\"wp-block-heading\">Libro 5<\/h2>\n\n\n\n<h3 class=\"wp-block-heading\" id=\"c36\">Cap\u00edtulo 36<\/h3>\n\n\n\n<hr class=\"wp-block-separator\"\/>\n\n\n\n<p>Ritos de la vida cartujana<a href=\"\/moines\/es\/estatutos\/libro-4#c35\">\u00ab<\/a><a href=\"#c38\">\u00bb<\/a><\/p>\n\n\n\n<p>El que ingresa en la familia cartujana, despu\u00e9s de una primera probaci\u00f3n es recibido como novicio&nbsp;: poniendo sus manos entre las del Prior expresa su sujeci\u00f3n y es asociado a la Orden&nbsp;; se lo conduce por todos a la celda o, si es un novicio hermano, a la iglesia, para darle a entender que su vida est\u00e1 principalmente consagrada a la oraci\u00f3n.<\/p>\n\n\n\n<p>La Profesi\u00f3n, y tambi\u00e9n a su manera la Donaci\u00f3n, se consuman al pronunciar la f\u00f3rmula de Profesi\u00f3n o Donaci\u00f3n, puesto que es un compromiso personal y libre. Antes de emitir los primeros votos, al que va a profesar se le viste la cogulla propia de los profesos, por la que se significa la conversi\u00f3n de costumbres y la consagraci\u00f3n a Dios&nbsp;; antes del acto irrevocable de la Profesi\u00f3n solemne, pide con particular inter\u00e9s la ayuda de la oraci\u00f3n a sus hermanos.<\/p>\n\n\n\n<h4 class=\"wp-block-heading\">Recepci\u00f3n de un novicio del claustro<\/h4>\n\n\n\n<p>El postulante, al fin de su probaci\u00f3n, es presentado en un determinado d\u00eda a la Comunidad. Delante de \u00e9sta, se le pregunta ante todo si ha profesado en alg\u00fan Instituto religioso, si est\u00e1 libre del v\u00ednculo matrimonial, si padece alguna enfermedad incurable, si puede ser promovido a las sagradas \u00d3rdenes, si carece de deudas&nbsp;; advirti\u00e9ndosele que si ocultara algo acerca de lo que se le pregunta, podr\u00e1 ser expulsado aun despu\u00e9s de la Profesi\u00f3n.<\/p>\n\n\n\n<p>Otro d\u00eda, reunidos todos en el Cap\u00edtulo, el postulante pide misericordia postrado. Despu\u00e9s, a una indicaci\u00f3n del Prior, se levanta y dice&nbsp;: \u00ab\u00a0Suplico por amor de Dios ser admitido a la probaci\u00f3n en h\u00e1bito monacal, como el m\u00e1s humilde servidor de todos, si a ti, Padre, y a la Comunidad os pareciere bien\u00a0\u00bb.<\/p>\n\n\n\n<p>Entonces el Prior le expone el g\u00e9nero de vida que desea abrazar.<\/p>\n\n\n\n<p>Si a todo ello respondiese que, confiando \u00fanicamente en la misericordia de Dios y en las oraciones de sus hermanos, espera cumplirlo en la medida en que se lo conceda la divina bondad, el Prior le advierte que antes de la Profesi\u00f3n podr\u00e1 irse libremente, y que nosotros tambi\u00e9n podremos despedirlo con toda libertad si, considerando el caso ante Dios, no nos pareciera id\u00f3neo para nuestra vida. Si el postulante da su conformidad, se arrodilla a los pies del Prior, juntas sus manos entre las del Prior, y \u00e9ste, en nombre de Dios y de la Orden, en el suyo propio y en el de sus hermanos, lo asocia a la Orden. A continuaci\u00f3n, el novicio recibe el \u00f3sculo de paz, primero del Prior, y luego, de todos los dem\u00e1s.<\/p>\n\n\n\n<p>El mismo d\u00eda, si es posible, al novicio, vestido en privado, se lo conduce a la iglesia, y, postrado, ora en la grada del presbiterio. El Prior, revestido de cogulla eclesi\u00e1stica y estola blanca, se coloca en la \u00faltima silla del coro derecho. Los monjes, de rodillas, coro contra coro, cantan el vers\u00edculo \u00ab\u00a0Veni, Sancte Spiritus\u00a0\u00bb. Una vez terminado, inclinados todos sobre las misericordias, el Prior dice un vers\u00edculo y a\u00f1ade una oraci\u00f3n.<\/p>\n\n\n\n<p>Despu\u00e9s, el novicio es conducido por todos a la celda, cubiertos, cantando los salmos 83 (\u00ab\u00a0\u00a1Qu\u00e9 deseables&#8230;\u00a0\u00bb), 131 (\u00ab\u00a0Se\u00f1or, tenle en cuenta&#8230;\u00a0\u00bb) y 50 (\u00ab\u00a0Misericordia&#8230;\u00a0\u00bb). Si bastan uno o dos, no se dicen m\u00e1s. Va primero el Prior, sigue el novicio, despu\u00e9s el Procurador u otro llevando el agua bendita y, finalmente, la Comunidad por orden de antig\u00fcedad. Al llegar el Prior a la puerta de la celda, asperja al novicio y a la celda misma, diciendo&nbsp;: \u00ab\u00a0Paz a esta casa\u00a0\u00bb, y, tomando al novicio de la mano, lo introduce y lo lleva al oratorio, donde \u00e9ste ora arrodillado. Terminado el salmo o los salmos por la Comunidad, siguen las preces indicadas en el Ritual.<\/p>\n\n\n\n<p>Una vez concluidas las preces, el Prior impone al novicio la obligaci\u00f3n de guardar la celda y todas las dem\u00e1s observancias y ejercicios propios de nuestra Orden, a fin de que en soledad y silencio, y en asidua oraci\u00f3n y generosa penitencia, se consagre a solo Dios. Y lo encomienda al Maestro de novicios.<\/p>\n\n\n\n<h4 class=\"wp-block-heading\">Recepci\u00f3n de un novicio hermano<\/h4>\n\n\n\n<p>El postulante, al final de su probaci\u00f3n, es presentado en un determinado d\u00eda a la Comunidad. Ante todo se le pregunta delante de ella si ha profesado en alg\u00fan Instituto religioso, si est\u00e1 libre del v\u00ednculo matrimonial, sin padece alguna enfermedad incurable, si carece de deudas&nbsp;; advirti\u00e9ndosele que si ocultara algo acerca de lo que se le pregunta, podr\u00e1 ser expulsado aun despu\u00e9s de la Profesi\u00f3n.<\/p>\n\n\n\n<p>El d\u00eda de la recepci\u00f3n, el postulante, postrado en el Cap\u00edtulo delante de toda la Comunidad, pide misericordia. A una indicaci\u00f3n del Prior, revestido de cogulla eclesi\u00e1stica y estola blanca, se levanta y suplica por amor de Dios ser admitido a la probaci\u00f3n en h\u00e1bito monacal como el m\u00e1s humilde servidor de todos. El Prior, pronunciada una exhortaci\u00f3n, le advierte que durante el noviciado podr\u00e1 irse libremente, y que tambi\u00e9n nosotros podremos despedirlo si, considerado el caso ante Dios, no nos pareciera id\u00f3neo para nuestra vida. El postulante, despu\u00e9s de dar su consentimiento, arrodill\u00e1ndose a los pies del Prior, junta las manos entre las manos del Prior&nbsp;; \u00e9ste, en nombre de Dios y de la Orden, en el suyo propio y en el de sus hermanos, lo asocia a la Orden. Entonces se le viste la cogulla de novicio y la capa, y es recibido con el \u00f3sculo de paz, primero por el Prior y a continuaci\u00f3n por todos los dem\u00e1s.<\/p>\n\n\n\n<p>Acto seguido, el novicio es conducido del Cap\u00edtulo a la iglesia, cantando la Comunidad el salmo 83 (\u00ab\u00a0\u00a1Qu\u00e9 deseables&#8230;\u00a0\u00bb). Va delante el Prior, sigue el novicio, despu\u00e9s los Padres y hermanos, por orden de antig\u00fcedad. Al llegar el Prior a la iglesia, toma al novicio de la mano y lo lleva a las gradas del presbiterio, donde se postra en oraci\u00f3n. Entre tanto, la Comunidad, de rodillas, canta el verso \u00ab\u00a0Veni, Sancte Spiritus\u00a0\u00bb. Luego, el Prior, inclinado sobre las misericordias a la vez que la Comunidad, dice el vers\u00edculo y a\u00f1ade una oraci\u00f3n.<\/p>\n\n\n\n<p>Acabado todo, el novicio se levanta, hace inclinaci\u00f3n profunda, y va a su silla del coro.<\/p>\n\n\n\n<h4 class=\"wp-block-heading\">Profesi\u00f3n de votos simples<\/h4>\n\n\n\n<p>El d\u00eda antes de la Profesi\u00f3n, sea simple o solemne, el novicio, antes de V\u00edsperas, o tambi\u00e9n el mismo d\u00eda de la Profesi\u00f3n por la ma\u00f1ana, en el Cap\u00edtulo, postrado delante de la Comunidad, pide misericordia&nbsp;; al decirle el Prior \u00ab\u00a0Lev\u00e1ntate\u00a0\u00bb, se levanta y suplica ser admitido a la Profesi\u00f3n como el m\u00e1s humilde servidor de todos&nbsp;; y escucha de pie el serm\u00f3n del Prior.<\/p>\n\n\n\n<p>El d\u00eda de la Profesi\u00f3n, se exponen en el altar algunas Reliquias de Santos.<\/p>\n\n\n\n<p>Cuando se trata de la Profesi\u00f3n temporal, al comenzar el \u00ab\u00a0Kyrie eleison\u00a0\u00bb en la Misa conventual, el Maestro de novicios u otro si \u00e9l est\u00e1 impedido, deja la nueva cogulla sobre las formas, delante del que va a profesar. Despu\u00e9s del Evangelio, o el \u00ab\u00a0Credo\u00a0\u00bb, si se dice, omitida la Oraci\u00f3n universal, el que va a profesar se dirige a la grada del presbiterio llevando la nueva cogulla en las manos, y all\u00ed, hecha inclinaci\u00f3n profunda, la deja y queda en pie. Entonces se le acerca el Prior y dice las preces contenidas en el Ritual. Despu\u00e9s bendice, con la mano extendida, la cogulla puesta sobre la grada ante el que va a profesar, diciendo la oraci\u00f3n adecuada. Terminada la bendici\u00f3n, asperja con agua bendita la cogulla.<\/p>\n\n\n\n<p>Acto seguido, de rodillas ante el Prior en la primera grada del presbiterio, el que va a profesar recita con voz inteligible (y si son varios, recitan juntamente) el salmo 15 (\u00ab\u00a0Prot\u00e9geme, Dios m\u00edo\u00a0\u00bb), hasta el vers\u00edculo \u00ab\u00a0El Se\u00f1or es el lote\u00a0\u00bb, exclusive. Entonces el Prior, ayudado por el Sacrist\u00e1n, quita al novicio la capa y la cogulla, diciendo&nbsp;: \u00ab\u00a0Que Dios te despoje del hombre viejo y de sus acciones\u00a0\u00bb, y le pone la cogulla larga, diciendo&nbsp;: \u00ab\u00a0y te revista del hombre nuevo que ha sido creado por Dios en verdadera justicia y santidad\u00a0\u00bb. Si son varios, repite las mismas palabras para cada uno.<\/p>\n\n\n\n<p>Seguidamente, el novicio lee la f\u00f3rmula de la Profesi\u00f3n, escrita en una hoja de papel que sostiene en la mano. Si son varios, han de leerla uno por uno.<\/p>\n\n\n\n<p>Emitidos los votos, el profeso entrega la hoja al Prior, y contin\u00faa la lectura del salmo antes comenzado, desde \u00ab\u00a0El Se\u00f1or es mi lote\u00a0\u00bb hasta \u00ab\u00a0Gloria al Padre&#8230; Am\u00e9n\u00a0\u00bb. Terminado esto, hace inclinaci\u00f3n profunda y vuelve a su sitio.<\/p>\n\n\n\n<p>En la Misa de Profesi\u00f3n, lo mismo temporal que solemne, el nuevo Profeso, aunque sea sacerdote, comulga despu\u00e9s del di\u00e1cono de manos del Prior, y, por lo mismo, no concelebra&nbsp;; pero puede celebrar Misa rezada en el mismo d\u00eda.<\/p>\n\n\n\n<h4 class=\"wp-block-heading\">Profesi\u00f3n solemne<\/h4>\n\n\n\n<p>Sobre las ceremonias en Cap\u00edtulo y la preparaci\u00f3n del altar, v\u00e9ase el n. 8.<\/p>\n\n\n\n<p>En la Misa, que es del Prior, terminado el Evangelio, o el Credo si se canta, omitida la Oraci\u00f3n universal, el que va a profesar (o los que van a profesar) se acerca al centro de la grada del presbiterio, y all\u00ed, despu\u00e9s de haber hecho una inclinaci\u00f3n profunda, canta el verso&nbsp;: \u00ab\u00a0Sost\u00e9nme, Se\u00f1or, con tu promesa, y vivir\u00e9&nbsp;: que no quede frustrada mi esperanza\u00a0\u00bb. Al cual responde la Comunidad, de cara al altar, lo mismo y en el mismo tono. Repetido tres veces este verso por ambas partes, la Comunidad, inclinada sobre las misericordias, canta el \u00ab\u00a0Gloria Padre&#8230;\u00a0\u00bb, \u00ab\u00a0Se\u00f1or, ten piedad&#8230;\u00a0\u00bb, y ora en secreto.<\/p>\n\n\n\n<p>El que va a profesar se incorpora al comenzar el \u00ab\u00a0Como era en el principio\u00a0\u00bb, se dirige por el lado derecho del coro hasta la silla primera, y, de rodillas ante el monje, que est\u00e1 de pie, y despu\u00e9s ante los dem\u00e1s monjes de este coro, dice con voz inteligible&nbsp;: \u00ab\u00a0hermano, ruega por m\u00ed\u00a0\u00bb&nbsp;; pasando, luego, a los monjes del coro izquierdo, hace lo mismo.<\/p>\n\n\n\n<p>Despu\u00e9s de lo cual, la Comunidad se yergue y se vuelve hacia el altar&nbsp;; y el que va a profesar, de pie ante el medio del altar y vuelto hacia \u00e9l, lee, con voz clara e inteligible que todos la oigan, su Profesi\u00f3n escrita en pergamino&nbsp;; una vez le\u00edda, besa el altar y la ofrece sobre el mismo. Postrado delante de la c\u00e1tedra a los pies del celebrante, recibe la bendici\u00f3n&nbsp;; mientras tanto, la Comunidad se inclina sobre las misericordias. El Prior canta la oraci\u00f3n con la mano extendida sobre el profeso, y si son varios la dice en plural. Despu\u00e9s lo roc\u00eda con agua bendita. El profeso vuelve a su sitio.<\/p>\n\n\n\n<p>En la Plegaria eucar\u00edstica se hace conmemoraci\u00f3n del nuevo profeso solemne, para que su oblaci\u00f3n quede m\u00e1s \u00edntimamente incorporada al sacrificio del divino Redentor.<\/p>\n\n\n\n<h4 class=\"wp-block-heading\">Donaci\u00f3n temporal<\/h4>\n\n\n\n<p>La Donaci\u00f3n temporal se hace en el Cap\u00edtulo, antes de V\u00edsperas, en presencia de la Comunidad. El novicio, postrado, pide misericordia. A una indicaci\u00f3n del Prior, vestido con coguIla eclesi\u00e1stica y estola blanca y sentado ante el altar, se levanta y dice&nbsp;: \u00ab\u00a0Suplico por amor de Dios ser admitido a la Donaci\u00f3n temporal como el m\u00e1s humilde servidor de todos, si a ti, Padre, y a la Comunidad os pareciere bien\u00a0\u00bb. Despu\u00e9s, habiendo escuchado la exhortaci\u00f3n del Prior, mientras la Comunidad permanece sentada y cubierta, el novicio se adelanta y se arrodilla ante la grada del altar. El Prior se levanta y, ayudado por el Procurador y el Sacrist\u00e1n, le quita la capa y la cogulla peque\u00f1a, diciendo&nbsp;: \u00ab\u00a0Que Dios te despoje del hombre viejo y de sus acciones\u00a0\u00bb, y le pone la cogulla larga sin bandas, diciendo&nbsp;: \u00ab\u00a0y te revista del hombre nuevo que ha sido creado por Dios en verdadera justicia y santidad\u00a0\u00bb. Si son varios, repite lo mismo a cada uno.<\/p>\n\n\n\n<p>El novicio lee entonces la f\u00f3rmula de Donaci\u00f3n, escrita en una hoja de papel que tiene en la mano, y la entrega al Prior una vez hecha la Donaci\u00f3n.<\/p>\n\n\n\n<p>El Prior acepta la donaci\u00f3n con estas palabras&nbsp;: \u00ab\u00a0Y yo, car\u00edsimo hermano, acepto tu Donaci\u00f3n en el nombre de Dios y de la Orden&nbsp;; y prometo\u2026 en mi nombre y en el de mis sucesores, proveer con coraz\u00f3n de padre a todas tus necesidades espirituales y corporales mientras permanezcas fiel a tus promesas. Y que la bendici\u00f3n de Dios todopoderoso, Padre, Hijo y Esp\u00edritu Santo descienda sobre ti y te acompa\u00f1e siempre. $. Am\u00e9n\u00a0\u00bb. Despu\u00e9s de la palabra \u00ab\u00a0prometo\u00a0\u00bb, a\u00f1ade el tiempo de la Donaci\u00f3n, si se trata de la temporal&nbsp;; o \u00ab\u00a0durante toda tu vida\u00a0\u00bb, si se trata de la perpetua.<\/p>\n\n\n\n<p>Despu\u00e9s, todos van al coro para cantar las V\u00edsperas.<\/p>\n\n\n\n<h4 class=\"wp-block-heading\">Donaci\u00f3n perpetua<\/h4>\n\n\n\n<p>La Donaci\u00f3n perpetua se hace en presencia de toda la Comunidad, antes de V\u00edsperas. Primero, reunida la Comunidad en Cap\u00edtulo, el donado se postra ante el Prior, que est\u00e1 sentado y revestido de cogulla eclesi\u00e1stica y estola blanca, y pide misericordia. Se levanta a una indicaci\u00f3n del Prior, y dice&nbsp;: \u00ab\u00a0Suplico por amor de Dios ser admitido a la Donaci\u00f3n perpetua como el m\u00e1s humilde servidor de todos, si a ti, Padre, y a la Comunidad os pareciere bien\u00a0\u00bb.<\/p>\n\n\n\n<p>O\u00edda la exhortaci\u00f3n del Prior, se dirigen todos a la iglesia, yendo el donado detr\u00e1s del Prior. El donado se arrodilla en la grada del presbiterio, estando el Prior de pie delante de \u00e9l, y los dem\u00e1s monjes en sus sitios de pie, vueltos hacia el altar y cubiertos. Entonces el donado lee la f\u00f3rmula de Donaci\u00f3n, y el Prior la acepta y lo bendice.<\/p>\n\n\n\n<p>Luego, mientras el donado permanece arrodillado en el mismo lugar, el Prior va a la \u00faltima silla del coro derecho y la Comunidad, de rodillas ante las formas, canta el \u00ab\u00a0Sub tuum pr\u00e6sidium\u00a0\u00bb. El cantor hebdomadario a\u00f1ade un vers\u00edculo, y el Prior recita una Oraci\u00f3n.<\/p>\n\n\n\n<p>Despu\u00e9s, \u00e9ste se desviste la cogulla eclesi\u00e1stica en el vestuario y va a su silla&nbsp;; tambi\u00e9n el donado va a su silla, y comienzan las V\u00edsperas.<\/p>\n\n\n\n<h3 class=\"wp-block-heading\" id=\"c38\">Cap\u00edtulo 38<\/h3>\n\n\n\n<hr class=\"wp-block-separator\"\/>\n\n\n\n<p>Elecci\u00f3n del Prior<a href=\"#c36\">\u00ab<\/a><a href=\"\/moines\/es\/estatutos\/libro-6\">\u00bb<\/a><\/p>\n\n\n\n<p>Cuando alguna Casa de la Orden se queda sin Prior, el Vicario debe averiguar por votaci\u00f3n secreta de los profesos solemnes que tienen derecho a elegir, si quieren hacer la elecci\u00f3n del nuevo Prior. Si entonces se celebra el Cap\u00edtulo General, la Casa comunicar\u00e1 cuanto antes su respuesta al Definitorio. Si no quiere elegir, o si verificado un segundo escrutinio hay todav\u00eda empate a votos, el Vicario pida al Cap\u00edtulo General o, si entonces no se celebra, al Reverendo Padre, que seg\u00fan su prudencia provea a la Casa en su necesidad.<\/p>\n\n\n\n<p>Si la Comunidad responde que quiere elegir, el Vicario deber\u00e1 amonestar seriamente en el Se\u00f1or a los electores que la elecci\u00f3n de pastor de almas es asunto muy arduo y de suma importancia, ya que el bien o el mal de toda la grey depende casi enteramente de que el pastor sea bueno o malo&nbsp;; y que, por tanto, deben proceder en este asunto con toda rectitud, prudencia y temor de Dios. En la elecci\u00f3n de Prior se debe atender ante todo a las dotes necesarias para el gobierno de las almas. Tambi\u00e9n se requiere alguna aptitud para la administraci\u00f3n temporal, pero por s\u00ed sola no puede determinar a dar el voto&nbsp;; adem\u00e1s, el cuidado de lo temporal se puede encomendar a otras personas.<\/p>\n\n\n\n<p>Una vez que el Vicario ha propuesto todo esto, se prescribe a todos un ayuno de tres d\u00edas consecutivos, a no ser que se interponga una Solemnidad o un Domingo.<\/p>\n\n\n\n<p>Cada d\u00eda, hasta que tenga Prior, la Comunidad, despu\u00e9s de Laudes y de V\u00edsperas, canta con especial devoci\u00f3n el himno \u00ab\u00a0Veni, Creator Spiritus\u00a0\u00bb, como lo trae el Ritual.<\/p>\n\n\n\n<p>Todos pueden l\u00edcitamente, m\u00e1s a\u00fan deben, consultar a los miembros de la Orden que conocen mejor a las personas. Pero gu\u00e1rdense los religiosos as\u00ed consultados de presionar en modo alguno a los electores.<\/p>\n\n\n\n<p>Se convocar\u00e1 lo antes posible a los Confirmadores que deben presidir la elecci\u00f3n. Ser\u00e1n dos Priores, designados por el Cap\u00edtulo General o el Reverendo Padre, o si no pueden hallarse f\u00e1cilmente dos Priores, uno con un monje (que no sea de la Casa electora). Si nada lo impide, uno de los dos Confirmadores debe ser uno de los Visitadores de la Provincia.<\/p>\n\n\n\n<p>Los as\u00ed convocados para asistir a la elecci\u00f3n, \u00fananse a la Comunidad electora en el silencio y la oraci\u00f3n, sin entrometerse en la futura elecci\u00f3n de ning\u00fan modo. Su misi\u00f3n no es designar personas, sino solamente responder con toda verdad a quienes les pregunten, y recibir simplemente los votos de los electores.<\/p>\n\n\n\n<p>El d\u00eda en que se hace la elecci\u00f3n, se celebra o concelebra la Misa del Esp\u00edritu Santo, con asistencia de toda la Comunidad&nbsp;; preside uno de los Confirmadores. Despu\u00e9s, el Vicario convoca en el Cap\u00edtulo a los Confirmadores y a la Comunidad. All\u00ed, estando todos de pie y descubiertos, el Confirmador principal comienza las preces que trae el Ritual. Despu\u00e9s, \u00e9l o su colega hace una exhortaci\u00f3n. Terminada \u00e9sta, quedan en el Cap\u00edtulo \u00fanicamente los electores con los confirmadores&nbsp;; los dem\u00e1s de retiran.<\/p>\n\n\n\n<p>Entonces el Confirmador principal advierte a todos los electores que elijan a quien, seg\u00fan Dios y su conciencia, juzguen que es verdaderamente apto e id\u00f3neo para el cargo de Prior en aquella Casa.<\/p>\n\n\n\n<p>Despu\u00e9s de esto, el Confirmador principal manda que cada cual vaya al lugar destinado para escribir las papeletas, en las que s\u00f3lo se ponen el nombre y apellido del propuesto para Prior. Inmediatamente se mete la papeleta en un sobre, se lleva a la mesa de los Confirmadores y se echa en la urna all\u00ed preparada al efecto.<\/p>\n\n\n\n<p>Si alguno de los que tienen voto no puede asistir personalmente a la elecci\u00f3n, podr\u00e1 escribir una papeleta y meterla en un sobre, igual que los dem\u00e1s. Y los mismos Confirmadores ir\u00e1n a su celda, si es necesario, para recoger el voto.<\/p>\n\n\n\n<p>Hecha la votaci\u00f3n, el Confirmador principal cuenta las papeletas y las abre. Es preciso que el futuro Prior obtenga m\u00e1s de la mitad de los votos emitidos de hecho, es decir, sin contar los votos nulos y las abstenciones. Si ninguno los alcanza, los Confirmadores dar\u00e1n los nombres de los que han obtenido votos y dir\u00e1n cu\u00e1ntos han reca\u00eddo sobre cada uno. Entonces se quemar\u00e1n all\u00ed las papeletas y se volver\u00e1n a escribir otras nuevas.<\/p>\n\n\n\n<p>Si despu\u00e9s de la tercera votaci\u00f3n nadie queda elegido, se puede hacer una cuarta y \u00faltima votaci\u00f3n el mismo d\u00eda&nbsp;; antes de la cual podr\u00e1n salir los monjes fuera del Cap\u00edtulo y cambiar impresiones entre s\u00ed, pero sin hablar con otros. Si finalmente no sale ninguno elegido, habr\u00e1 que escribir todo el asunto al Reverendo Padre, quien, despu\u00e9s de o\u00edr a los Visitadores de la Provincia, proveer\u00e1 a la Casa privada de pastor.<\/p>\n\n\n\n<p>Pero, si resulta elegido alguno, el Confirmador principal dir\u00e1 en alta voz&nbsp;: \u00ab\u00a0Tenemos Prior\u00a0\u00bb, y dir\u00e1 su nombre, su Casa de Profesi\u00f3n y la obediencia que tiene, si entonces tuviera alguna, indicando tambi\u00e9n el n\u00famero de votos que ha obtenido. Por \u00faltimo, se queman todas las papeletas.<\/p>\n\n\n\n<p>Despu\u00e9s de publicarse delante de todos el nombre del Prior, el Vicario, a no ser que haya reca\u00eddo sobre \u00e9l la elecci\u00f3n, ruega a los Confirmadores que accedan a confirmar como Prior al elegido. Los Confirmadores se\u00f1alar\u00e1n un plazo, a saber, uno o dos d\u00edas, para objetar contra la forma de la elecci\u00f3n y la persona del elegido.<\/p>\n\n\n\n<p>Si los Confirmadores no encuentran ning\u00fan impedimento, congregados en Cap\u00edtulo todos y s\u00f3lo los electores, mientras los dem\u00e1s se re\u00fanen en la iglesia, confirmar\u00e1n al elegido diciendo el Confirmador principal&nbsp;: \u00ab\u00a0Nosotros, N. y N., humildes Priores de las Casas N. y N., designados por el Cap\u00edtulo General (o por el Reverendo Padre) para presidir vuestra elecci\u00f3n, con la autoridad de nuestros Estatutos os confirmamos como Prior de esta Casa a Dom N., profeso de tal Casa, en el nombre del Padre y del Hijo y del Esp\u00edritu Santo\u00a0\u00bb. Y la Comunidad responder\u00e1&nbsp;: \u00ab\u00a0Am\u00e9n\u00a0\u00bb. Cuando uno de los Confirmadores est\u00e1 impedido o es el elegido Prior, el otro har\u00e1 por s\u00ed solo la confirmaci\u00f3n. Luego, el segundo Confirmador leer\u00e1 el proceso verbal de la elecci\u00f3n, que firmar\u00e1n primero los Confirmadores y, despu\u00e9s de ellos, todos los electores.<\/p>\n\n\n\n<p>El d\u00eda en que el Prior toma posesi\u00f3n de su cargo, a la hora convenida, los Confirmadores (o, en su ausencia, el Vicario y el Antiquior), tomando de la cogulla uno de cada lado al nuevo Prior, lo conducen a la silla prioral en la iglesia, seguidos por toda la Comunidad. Hecha all\u00ed una breve oraci\u00f3n ante las formas, de rodillas y descubiertos, van todos al Cap\u00edtulo, donde, despu\u00e9s de algunas palabras del Confirmador principal (o del Vicario) al nuevo Prior, \u00e9ste hace la profesi\u00f3n de fe seg\u00fan la norma can\u00f3nica. A continuaci\u00f3n se le acerca el Vicario y, de rodillas, pone sus manos juntas entre las del Prior. Al preguntarle \u00e9ste&nbsp;: \u00ab\u00a0\u00bfPrometes obediencia?\u00a0\u00bb, responde&nbsp;: \u00ab\u00a0Prometo\u00a0\u00bb, y, recibido el \u00f3sculo de paz, se levanta y se vuelve a su sitio. Lo mismo hacen despu\u00e9s del Vicario, el Antiquior y los dem\u00e1s por orden.<\/p>\n\n\n\n<p>Todo ese d\u00eda se celebra con gozo, se come en el refectorio y no se guarda ayuno, a menos que sea tal que ni por una Solemnidad se quebrantar\u00eda. El Oficio que precede al refectorio se canta en la iglesia.<\/p>\n","protected":false},"excerpt":{"rendered":"<p>Libro 5 Cap\u00edtulo 36 Ritos de la vida cartujana\u00ab\u00bb El que ingresa en la familia cartujana, [&hellip;]<\/p>\n","protected":false},"author":5,"featured_media":0,"parent":6144,"menu_order":0,"comment_status":"closed","ping_status":"closed","template":"","meta":{"footnotes":""},"class_list":["post-6154","page","type-page","status-publish","hentry"],"_links":{"self":[{"href":"https:\/\/chartreux.org\/moines\/wp-json\/wp\/v2\/pages\/6154","targetHints":{"allow":["GET"]}}],"collection":[{"href":"https:\/\/chartreux.org\/moines\/wp-json\/wp\/v2\/pages"}],"about":[{"href":"https:\/\/chartreux.org\/moines\/wp-json\/wp\/v2\/types\/page"}],"author":[{"embeddable":true,"href":"https:\/\/chartreux.org\/moines\/wp-json\/wp\/v2\/users\/5"}],"replies":[{"embeddable":true,"href":"https:\/\/chartreux.org\/moines\/wp-json\/wp\/v2\/comments?post=6154"}],"version-history":[{"count":0,"href":"https:\/\/chartreux.org\/moines\/wp-json\/wp\/v2\/pages\/6154\/revisions"}],"up":[{"embeddable":true,"href":"https:\/\/chartreux.org\/moines\/wp-json\/wp\/v2\/pages\/6144"}],"wp:attachment":[{"href":"https:\/\/chartreux.org\/moines\/wp-json\/wp\/v2\/media?parent=6154"}],"curies":[{"name":"wp","href":"https:\/\/api.w.org\/{rel}","templated":true}]}}