{"id":6063,"date":"2021-12-15T10:04:51","date_gmt":"2021-12-15T09:04:51","guid":{"rendered":"https:\/\/chartreux.org\/moines\/?page_id=6063"},"modified":"2021-12-15T12:20:18","modified_gmt":"2021-12-15T11:20:18","slug":"livre-6","status":"publish","type":"page","link":"https:\/\/chartreux.org\/moines\/statuts\/livre-6\/","title":{"rendered":"Livre 6"},"content":{"rendered":"\n<h2 class=\"wp-block-heading\">Livre 6&nbsp;: Les temps liturgiques<\/h2>\n\n\n\n<h3 class=\"wp-block-heading\" id=\"c41\">Chapitre 41<\/h3>\n\n\n\n<hr class=\"wp-block-separator\"\/>\n\n\n\n<p>La liturgie cartusienne<a href=\"\/moines\/statuts\/livre-5#c38\">\u00ab<\/a><a href=\"#c52\">\u00bb<\/a><\/p>\n\n\n\n<h4 class=\"wp-block-heading\">Sommet et source<\/h4>\n\n\n\n<ol class=\"wp-block-list\"><li>La liturgie est le sommet vers lequel tend l&rsquo;action de l&rsquo;\u00c9glise et la source d&rsquo;o\u00f9 jaillit toute sa force. Nous qui avons tout quitt\u00e9 pour chercher Dieu seul et le poss\u00e9der plus pleinement, nous devons c\u00e9l\u00e9brer la liturgie avec grande religion. Car, en accomplissant les rites sacr\u00e9s, surtout l&rsquo;Eucharistie, nous sommes introduits aupr\u00e8s du P\u00e8re par son Fils, le Verbe incarn\u00e9, crucifi\u00e9 et glorifi\u00e9, dans l&rsquo;effusion de l&rsquo;Esprit Saint&nbsp;: nous entrons ainsi en communion avec la tr\u00e8s Sainte Trinit\u00e9.<\/li><\/ol>\n\n\n\n<h4 class=\"wp-block-heading\">Signe de contemplation<\/h4>\n\n\n\n<ol class=\"wp-block-list\" start=\"2\"><li>Lorsque nous c\u00e9l\u00e9brons le culte divin au ch\u0153ur ou que nous r\u00e9citons l&rsquo;Office en cellule, la pri\u00e8re de l&rsquo;\u00c9glise universelle s&rsquo;exprime par nos l\u00e8vres. Car la pri\u00e8re du Christ est une, et la sainte liturgie la fait passer tout enti\u00e8re en chacun de ses membres. De plus, chez les moines solitaires l&rsquo;action liturgique manifeste particuli\u00e8rement la nature de l&rsquo;\u00c9glise, dans laquelle l&rsquo;humain est ordonn\u00e9 et soumis au divin, le visible \u00e0 l&rsquo;invisible, l&rsquo;action \u00e0 la contemplation.<\/li><\/ol>\n\n\n\n<h4 class=\"wp-block-heading\">Compl\u00e9ment de la pri\u00e8re solitaire<\/h4>\n\n\n\n<ol class=\"wp-block-list\" start=\"3\"><li>Au cours des si\u00e8cles, nos p\u00e8res ont veill\u00e9 \u00e0 ce que notre rite demeure adapt\u00e9 \u00e0 notre vocation \u00e9r\u00e9mitique et \u00e0 la dimension r\u00e9duite de nos communaut\u00e9s&nbsp;: il doit rester simple, sobre et ordonn\u00e9 avant tout \u00e0 l&rsquo;union de l&rsquo;\u00e2me avec Dieu. Notre m\u00e8re l&rsquo;\u00c9glise, nous le savons, a toujours approuv\u00e9 la diversit\u00e9 des liturgies qui rend plus manifeste sa catholicit\u00e9 et son unit\u00e9. Ainsi, par les rites sacr\u00e9s, nous pouvons exprimer les aspirations les plus profondes de l&rsquo;Esprit, et la pri\u00e8re jaillie du fond de notre c\u0153ur acquiert une perfection nouvelle quand elle se reconna\u00eet dans les paroles sacr\u00e9es.<\/li><\/ol>\n\n\n\n<h4 class=\"wp-block-heading\">La liturgie s&rsquo;ach\u00e8ve par l&rsquo;oraison solitaire<\/h4>\n\n\n\n<ol class=\"wp-block-list\" start=\"4\"><li>En retour, la pri\u00e8re de la communaut\u00e9, devenue n\u00f4tre par la c\u00e9l\u00e9bration liturgique, se prolonge dans la pri\u00e8re solitaire qui offre \u00e0 Dieu un sacrifice intime de louange au-del\u00e0 de ce que les mots peuvent exprimer. La cellule solitaire est en effet le lieu o\u00f9 l&rsquo;\u00e2me, envelopp\u00e9e de silence, oublieuse des soucis de la terre, participe \u00e0 la pl\u00e9nitude du myst\u00e8re qui ram\u00e8ne dans le sein du P\u00e8re le Fils crucifi\u00e9 et ressuscit\u00e9 des morts. Ainsi le moine qui tend constamment \u00e0 s&rsquo;unir au Seigneur r\u00e9alise en lui cela m\u00eame que la liturgie tout enti\u00e8re signifie.<\/li><\/ol>\n\n\n\n<h3 class=\"wp-block-heading\" id=\"c52\">Chapitre 52<\/h3>\n\n\n\n<hr class=\"wp-block-separator\"\/>\n\n\n\n<p>Le chant liturgique<a href=\"#c41\">\u00ab<\/a><a href=\"#c53\">\u00bb<\/a><\/p>\n\n\n\n<h4 class=\"wp-block-heading\">Mani\u00e8re de chanter et de psalmodier<\/h4>\n\n\n\n<p>Notre Ordre consid\u00e8re le chant gr\u00e9gorien comme un \u00e9l\u00e9ment constitutif de sa liturgie.<\/p>\n\n\n\n<p>Nous devons prendre part \u00e0 la louange divine avec puret\u00e9 et avec \u00e9lan, et nous tenir en pr\u00e9sence du Seigneur avec autant d&rsquo;all\u00e9gresse que de r\u00e9v\u00e9rence, sans paresse ni somnolence, sans \u00e9pargner nos voix ni laisser tomber la moiti\u00e9 des mots, mais avec virilit\u00e9, comme il se doit pour prof\u00e9rer les paroles de l&rsquo;Esprit Saint et y accorder nos sentiments.<\/p>\n\n\n\n<p>Simplicit\u00e9 et mesure sont de r\u00e8gle dans le chant pour qu&rsquo;il soit empreint de dignit\u00e9 et entretienne la ferveur&nbsp;; nous devons en effet chanter et psalmodier pour le Seigneur tant avec l&rsquo;\u00e2me qu&rsquo;avec la voix. La perfection consiste \u00e0 entrer dans les sentiments de ceux qui ont compos\u00e9 psaumes et cantiques.<\/p>\n\n\n\n<p>La psalmodie ne doit ni tra\u00eener ni \u00eatre pr\u00e9cipit\u00e9e. Elle doit \u00eatre ex\u00e9cut\u00e9e d&rsquo;une voix pleine, vive et nette, de sorte que tous puissent psalmodier avec d\u00e9votion et chanter avec attention, sans \u00e9clats de voix, avec \u00e2me et sans faute.<\/p>\n\n\n\n<p>Nous faisons une bonne pause \u00e0 la m\u00e9diante. Nous commen\u00e7ons et achevons ensemble d\u00e9but, milieu et fin de chaque verset. Nul ne doit se permettre de commencer avant les autres ni de chanter plus vite qu&rsquo;eux&nbsp;: chantons et faisons les pauses avec ensemble, nous \u00e9coutant toujours les uns les autres.<\/p>\n\n\n\n<p>Dans tous les textes&nbsp;: le\u00e7ons, psalmodie ou chant, il faut veiller \u00e0 l&rsquo;accentuation et au groupement des mots, dans la mesure du possible, car l&rsquo;esprit saisit et go\u00fbte davantage le sens quand les mots lui sont bien pr\u00e9sent\u00e9s.<\/p>\n\n\n\n<p>Il est tr\u00e8s important de donner aux novices une solide formation au chant et nous louons ceux qui jamais ne n\u00e9gligent cette \u00e9tude apr\u00e8s le noviciat.<\/p>\n\n\n\n<p>Dans les maisons de l&rsquo;Ordre, on chante toujours l&rsquo;Office de jour et de nuit, lorsqu&rsquo;au moins six p\u00e8res en bonne sant\u00e9 sont pr\u00e9sents.<\/p>\n\n\n\n<h4 class=\"wp-block-heading\">Les grands chantres<\/h4>\n\n\n\n<p>Les chantres qui dirigent chaque ch\u0153ur doivent avoir assez d&rsquo;instruction et de comp\u00e9tence pour pouvoir conduire la psalmodie et le chant de la communaut\u00e9 comme il faut et opportun\u00e9ment, selon les r\u00e8gles donn\u00e9es ci-dessus, mais toujours sous la direction et l&rsquo;autorit\u00e9 du prieur. Il leur appartient en outre de reprendre avec douceur ceux qui psalmodient trop lentement ou trop vite, ou autrement qu&rsquo;il n&rsquo;est prescrit&nbsp;; mais ils le feront de pr\u00e9f\u00e9rence hors du ch\u0153ur.<\/p>\n\n\n\n<p>Les grands chantres \u00e9l\u00e8vent ou baissent le ton de la psalmodie dans leur propre ch\u0153ur, comme aussi pour le reste du chant de l&rsquo;Office, chaque fois que cela leur para\u00eet \u00e0 propos, afin que tous puissent chanter sans difficult\u00e9.<\/p>\n\n\n\n<p>En pr\u00e9sence des chantres, nul autre ne peut corriger le ch\u0153ur, \u00e0 l&rsquo;exception du prieur ou, en son absence, du vicaire.<\/p>\n\n\n\n<p>Observons donc cette mani\u00e8re de psalmodier&nbsp;; chantons en pr\u00e9sence de la Trinit\u00e9 Sainte et des Anges, p\u00e9n\u00e9tr\u00e9s de la crainte de Dieu et enflamm\u00e9s d&rsquo;un profond d\u00e9sir. Que le chant \u00e9l\u00e8ve notre esprit \u00e0 la contemplation des r\u00e9alit\u00e9s incr\u00e9\u00e9es et que l&rsquo;harmonie de notre voix exprime notre jubilation devant Dieu notre cr\u00e9ateur.<\/p>\n\n\n\n<h3 class=\"wp-block-heading\" id=\"c53\">Chapitre 53<\/h3>\n\n\n\n<hr class=\"wp-block-separator\"\/>\n\n\n\n<p>Les c\u00e9r\u00e9monies de la communaut\u00e9 \u00e0 l&rsquo;Office<a href=\"#c52\">\u00ab<\/a><a href=\"#c54\">\u00bb<\/a><\/p>\n\n\n\n<h4 class=\"wp-block-heading\">R\u00e9union \u00e0 l&rsquo;\u00e9glise<\/h4>\n\n\n\n<p>D\u00e8s que se fait entendre le signal des Heures de l&rsquo;Office divin que la communaut\u00e9 c\u00e9l\u00e8bre \u00e0 l&rsquo;\u00e9glise, nous abandonnons toute autre occupation et nous nous rendons aussit\u00f4t \u00e0 l&rsquo;\u00e9glise avec la plus grande r\u00e9v\u00e9rence, d&rsquo;une allure recueillie. Nous ne devons rien pr\u00e9f\u00e9rer, en effet, \u00e0 l&rsquo;\u0153uvre de Dieu.<\/p>\n\n\n\n<p>En entrant dans l&rsquo;\u00e9glise. nous nous signons avec de l&rsquo;eau b\u00e9nite et nous gagnons notre place apr\u00e8s nous \u00eatre inclin\u00e9s profond\u00e9ment devant le Saint Sacrement. Nous nous inclinons de m\u00eame devant les degr\u00e9s du sanctuaire, chaque fois que nous y montons ou en descendons, ou lorsque nous passons devant le Saint Sacrement.<\/p>\n\n\n\n<p>Arriv\u00e9s \u00e0 nos places, nous restons debout, couverts, tourn\u00e9s vers l&rsquo;autel, nous pr\u00e9parant en silence \u00e0 l&rsquo;Office. Au signal donn\u00e9 par le pr\u00e9sident, nous nous inclinons ou nous nous mettons \u00e0 genoux pour prier, selon le temps liturgique.<\/p>\n\n\n\n<p>Personne n&rsquo;entre dans l&rsquo;\u00e9glise pendant la pri\u00e8re silencieuse qui pr\u00e9c\u00e8de l&rsquo;Office.<\/p>\n\n\n\n<h4 class=\"wp-block-heading\">Pri\u00e8re en silence<\/h4>\n\n\n\n<p>Ces moments de silence permettent une comp\u00e9n\u00e9tration plus intime entre la pri\u00e8re personnelle et la Parole de Dieu, ou la supplication publique de l&rsquo;\u00c9glise.<\/p>\n\n\n\n<p>\u00c0 l&rsquo;\u00e9glise, par respect envers la divine Majest\u00e9, nous devons nous abstenir de tout bruit&nbsp;; nous nous tenons dignement et gardons les mains en dehors de la cuculle. Nous observons toujours et partout la modestie des yeux, mais plus qu&rsquo;ailleurs \u00e0 l&rsquo;\u00e9glise et au r\u00e9fectoire.<\/p>\n\n\n\n<p>\u00c0 la fin des Heures, de la Messe ou de tout autre Office, le prieur sort le premier, suivi du vicaire, et tous les autres sortent ensuite. Nul ne doit alors rester dans l&rsquo;\u00e9glise ou ailleurs, sans une n\u00e9cessit\u00e9 \u00e9vidente.<\/p>\n\n\n\n<h3 class=\"wp-block-heading\" id=\"c54\">Chapitre 54<\/h3>\n\n\n\n<hr class=\"wp-block-separator\"\/>\n\n\n\n<p>Les c\u00e9r\u00e9monies de l&rsquo;Office en cellule<a href=\"#c53\">\u00ab<\/a><a href=\"\/moines\/statuts\/livre-9\">\u00bb<\/a><\/p>\n\n\n\n<p>Si parfois une faiblesse ou un exc\u00e8s de fatigue oblige manifestement l&rsquo;un de nous \u00e0 s&rsquo;asseoir pendant la liturgie, ou encore si quelqu&rsquo;un est malade et alit\u00e9, il doit n\u00e9anmoins, dans la mesure du possible, observer une certaine r\u00e9v\u00e9rence.<\/p>\n\n\n\n<p>Partout o\u00f9 nous c\u00e9l\u00e9brons l&rsquo;Office divin, il nous faut le faire avec respect et dignit\u00e9. La grandeur et la divinit\u00e9 de Celui \u00e0 qui nous parlons et devant qui nous nous tenons, qui nous regarde et nous \u00e9coute, sont en effet partout les m\u00eames.<\/p>\n","protected":false},"excerpt":{"rendered":"<p>Livre 6&nbsp;: Les temps liturgiques Chapitre 41 La liturgie cartusienne\u00ab\u00bb Sommet et source La liturgie est [&hellip;]<\/p>\n","protected":false},"author":5,"featured_media":0,"parent":6049,"menu_order":0,"comment_status":"closed","ping_status":"closed","template":"","meta":{"footnotes":""},"class_list":["post-6063","page","type-page","status-publish","hentry"],"_links":{"self":[{"href":"https:\/\/chartreux.org\/moines\/wp-json\/wp\/v2\/pages\/6063","targetHints":{"allow":["GET"]}}],"collection":[{"href":"https:\/\/chartreux.org\/moines\/wp-json\/wp\/v2\/pages"}],"about":[{"href":"https:\/\/chartreux.org\/moines\/wp-json\/wp\/v2\/types\/page"}],"author":[{"embeddable":true,"href":"https:\/\/chartreux.org\/moines\/wp-json\/wp\/v2\/users\/5"}],"replies":[{"embeddable":true,"href":"https:\/\/chartreux.org\/moines\/wp-json\/wp\/v2\/comments?post=6063"}],"version-history":[{"count":0,"href":"https:\/\/chartreux.org\/moines\/wp-json\/wp\/v2\/pages\/6063\/revisions"}],"up":[{"embeddable":true,"href":"https:\/\/chartreux.org\/moines\/wp-json\/wp\/v2\/pages\/6049"}],"wp:attachment":[{"href":"https:\/\/chartreux.org\/moines\/wp-json\/wp\/v2\/media?parent=6063"}],"curies":[{"name":"wp","href":"https:\/\/api.w.org\/{rel}","templated":true}]}}