{"id":5639,"date":"2021-11-26T17:37:56","date_gmt":"2021-11-26T16:37:56","guid":{"rendered":"https:\/\/chartreux.org\/moines\/?page_id=5639"},"modified":"2023-02-24T14:09:31","modified_gmt":"2023-02-24T13:09:31","slug":"andere-seiten","status":"publish","type":"page","link":"https:\/\/chartreux.org\/moines\/de\/ressourcen\/andere-seiten\/","title":{"rendered":"Andere seiten"},"content":{"rendered":"\n<div style=\"height:40px\" aria-hidden=\"true\" class=\"wp-block-spacer\"><\/div>\n\n\n\n<h2 class=\"wp-block-heading\">H\u00e4user mit eigener Website<\/h2>\n\n\n\n<p><a href=\"http:\/\/www.certosini.info\">Kartause Farneta<\/a> (auf Italienisch)<\/p>\n\n\n\n<p><a href=\"http:\/\/www.cartuja.org\">Kartause Miraflores<\/a> (auf Spanisch) <\/p>\n\n\n\n<p><a href=\"http:\/\/www.parkminster.org.uk\" data-type=\"URL\" data-id=\"http:\/\/www.parkminster.org.uk\">Kartause Parkminster<\/a> (auf Englisch)<\/p>\n\n\n\n<p><a href=\"http:\/\/cartujadeportacoeli.org\" data-type=\"URL\" data-id=\"http:\/\/cartujadeportacoeli.org\">Kartause Porta Coeli<\/a> (auf Spanisch)<\/p>\n\n\n\n<p><a href=\"http:\/\/kartuzija-pleterje.si\" data-type=\"URL\" data-id=\"http:\/\/kartuzija-pleterje.si\">Kartause Pleterje<\/a> (mehrsprachig)<\/p>\n\n\n\n<p><a href=\"http:\/\/www.certosini.info\" data-type=\"URL\" data-id=\"http:\/\/www.certosini.info\">Kartause Serra San Bruno<\/a> (auf Italienisch)<\/p>\n\n\n\n<p><a href=\"https:\/\/carthusiansusa.org\">Kartause Transfiguration<\/a> (auf Englisch)<\/p>\n\n\n\n<p><a href=\"https:\/\/www.cartujasanjose.org\/\">Kartause San Jos\u00e9<\/a> (auf Englisch)<\/p>\n\n\n\n<p><a href=\"http:\/\/www.cartoixamontalegre.com\/\" data-type=\"URL\" data-id=\"http:\/\/www.cartoixamontalegre.com\/\">Kartause Montalegre<\/a> (auf Katalanisch und Spanisch)<\/p>\n\n\n\n<h3 class=\"wp-block-heading\">Andere mit dem Orden verbundene Seiten <\/h3>\n\n\n\n<p><a href=\"http:\/\/www.musee-grande-chartreuse.fr\" data-type=\"URL\" data-id=\"www.musee-grande-chartreuse.fr\">Mus\u00e9e de la Correrie &#8211; Grande Chartreuse<\/a> (Frankreich)<\/p>\n\n\n\n<p><a href=\"http:\/\/www.museocertosa.org\" data-type=\"URL\" data-id=\"http:\/\/www.museocertosa.org\">Museo della Certosa di Serra San Bruno<\/a> (Italien)<\/p>\n\n\n\n<p><a href=\"http:\/\/selignac.chartreux.org\" data-type=\"URL\" data-id=\"http:\/\/selignac.chartreux.org\">Maison Saint Bruno &#8211; Chartreuse de S\u00e9lignac<\/a> (Frankreich)<\/p>\n\n\n\n<p><a href=\"http:\/\/www.vocatiochartreux.org\" data-type=\"URL\" data-id=\"http:\/\/www.vocatiochartreux.org\">Vocation<\/a><\/p>\n\n\n\n<p><a href=\"http:\/\/www.saintbruno.org\" data-type=\"URL\" data-id=\"www.saintbruno.org\">International Fellowship of St Bruno<\/a> (Vereinigte Staaten von Amerika)<\/p>\n\n\n\n<p><a href=\"https:\/\/www.chartreuse.fr\/\" data-type=\"URL\" data-id=\"https:\/\/www.chartreuse.fr\/\">Der Chartreuse-Lik\u00f6r<\/a><\/p>\n\n\n\n<div class=\"wp-block-columns is-layout-flex wp-container-core-columns-is-layout-9d6595d7 wp-block-columns-is-layout-flex\">\n<div class=\"wp-block-column is-layout-flow wp-block-column-is-layout-flow\">\n<figure class=\"wp-block-image\"><img decoding=\"async\" src=\"https:\/\/chartreux.org\/moniales\/wp-content\/uploads\/2020\/11\/musee_home_900.jpg\" alt=\"\"\/><\/figure>\n<\/div>\n\n\n\n<div class=\"wp-block-column is-layout-flow wp-block-column-is-layout-flow\">\n<figure class=\"wp-block-image\"><img decoding=\"async\" src=\"https:\/\/chartreux.org\/moniales\/wp-content\/uploads\/2020\/11\/chartreuse.jpg\" alt=\"\"\/><\/figure>\n<\/div>\n<\/div>\n\n\n\n<div style=\"height:40px\" aria-hidden=\"true\" class=\"wp-block-spacer\"><\/div>\n\n\n\n<h2 class=\"wp-block-heading\">Informationen f\u00fcr Forscher<\/h2>\n\n\n\n<p><a href=\"http:\/\/www.analectacartusiana.org\" data-type=\"URL\" data-id=\"www.analectacartusiana.org\">Analecta Cartusiana<\/a><\/p>\n\n\n\n<p><a href=\"http:\/\/analectacartusiana.blogspot.com\" data-type=\"URL\" data-id=\"analectacartusiana.blogspot.com\">Analecta Cartusiana Blog<\/a><\/p>\n\n\n\n<p><a href=\"https:\/\/brunonis.net\/\" data-type=\"URL\" data-id=\"https:\/\/brunonis.net\/\">Brunonis Blog<\/a><\/p>\n\n\n\n<p><a href=\"http:\/\/www.cartusiana.org\" data-type=\"URL\" data-id=\"www.cartusiana.org\">Cartusiana<\/a><\/p>\n\n\n\n<p><a href=\"https:\/\/cercornum.univ-st-etienne.fr\/analectacartusiana\/\" data-type=\"URL\" data-id=\"https:\/\/cercornum.univ-st-etienne.fr\/analectacartusiana\/\">CERCOR &#8211; Analecta Cartusiana<\/a><br>(Centre europ\u00e9en de recherche sur les communaut\u00e9s, congr\u00e9gations et ordres religieux &#8211; Universit\u00e9 de Saint-\u00c9tienne)<\/p>\n\n\n\n<p><a href=\"http:\/\/www.chartreuses.blogspot.com\" data-type=\"URL\" data-id=\"www.chartreuses.blogspot.com\">Chartreuses-Kart\u00e4user-Charterhouse-Cartuja<\/a><\/p>\n\n\n\n<p><a href=\"http:\/\/www.kartause.net\" data-type=\"URL\" data-id=\"www.kartause.net\">Kartause Aggsbach Blog<\/a> <\/p>\n\n\n\n<p><\/p>\n\n\n\n<div style=\"height:40px\" aria-hidden=\"true\" class=\"wp-block-spacer\"><\/div>\n\n\n\n<h2 class=\"wp-block-heading\">Einige Kartause, die zu Museen wurden<\/h2>\n\n\n\n<p>Germanisches Nationalmuseum <a href=\"https:\/\/www.gnm.de\/\" data-type=\"URL\" data-id=\"https:\/\/www.gnm.de\/\">Kartause N\u00fcremberg<\/a> (Deutschland)<\/p>\n\n\n\n<p><a href=\"https:\/\/www.museum.de\/museen\/kart%C3%A4usermuseum-t%C3%BCckelhausen\" data-type=\"URL\" data-id=\"https:\/\/www.museum.de\/museen\/kart%C3%A4usermuseum-t%C3%BCckelhausen\">Kart\u00e4usermuseum T\u00fcckelhausen<\/a> (Deutschland) &#8211; Mit permanenter kartusianischer Ausstellung<\/p>\n\n\n\n<p><a href=\"https:\/\/www.kartause.net\/\" data-type=\"URL\" data-id=\"https:\/\/www.kartause.net\/\">Kartause Aggsbach<\/a> (\u00d6sterreich) &#8211; Mit permanenter kartusianischer Ausstellung<\/p>\n\n\n\n<p><a href=\"https:\/\/www.kartause-gaming.at\/die-kartause.html\" data-type=\"URL\" data-id=\"https:\/\/www.kartause-gaming.at\/die-kartause.html\">Kartause Gaming<\/a> (\u00d6sterreich)<\/p>\n\n\n\n<p><a href=\"https:\/\/www.monasteriodeelpaular.com\/\" data-type=\"URL\" data-id=\"https:\/\/www.monasteriodeelpaular.com\/\">Kartause El Paular<\/a> (Spanien)<\/p>\n\n\n\n<p><a href=\"https:\/\/cartujadegranada.com\/\" data-type=\"URL\" data-id=\"https:\/\/cartujadegranada.com\/\">Kartause Granada<\/a> (Spanien)<\/p>\n\n\n\n<p><a href=\"http:\/\/Sevilla https:\/\/www.visitarsevilla.com\/que-ver\/monumentos\/el-monasterio-de-la-cartuja\/\" data-type=\"URL\" data-id=\"Sevilla https:\/\/www.visitarsevilla.com\/que-ver\/monumentos\/el-monasterio-de-la-cartuja\/\">Kartause Sevilla<\/a> (Spanien)<\/p>\n\n\n\n<p><a href=\"http:\/\/www.cote-dopale.com\/tourisme\/chartreuse-de-neuville\" data-type=\"URL\" data-id=\"http:\/\/www.cote-dopale.com\/tourisme\/chartreuse-de-neuville\">Kartause Montreuil-sur-mer<\/a> (Frankreich)  &#8211; Mit permanenter kartusianischer Ausstellung <\/p>\n\n\n\n<p><a href=\"https:\/\/chartreuse-molsheim.info\/\" data-type=\"URL\" data-id=\"https:\/\/chartreuse-molsheim.info\/\">Mus\u00e9e de la Chartreuse de Molsheim<\/a> (Frankreich) &#8211; Mit permanenter kartusianischer Ausstellung<\/p>\n\n\n\n<p><a href=\"https:\/\/chartreuse-saintecroixenjarez.com\/fr\/visites-sainte-croix-en-jarez\/visites-individuelles#!\/page\/visites-guidees\" data-type=\"URL\" data-id=\"https:\/\/chartreuse-saintecroixenjarez.com\/fr\/visites-sainte-croix-en-jarez\/visites-individuelles#!\/page\/visites-guidees\">Kartause Sainte-Croix-en-Jarez<\/a> (Frankreich)<\/p>\n\n\n\n<p><a href=\"https:\/\/www.msn.unipi.it\/it\/la-certosa\/\" data-type=\"URL\" data-id=\"https:\/\/www.msn.unipi.it\/it\/la-certosa\/\">Kartause Calci, Pisa<\/a> (Italien)<\/p>\n\n\n\n<p><a href=\"http:\/\/www.certosadifirenze.it\/\" data-type=\"URL\" data-id=\"http:\/\/www.certosadifirenze.it\/\">Kartause Galluzzo, Florence<\/a> (Italien)<\/p>\n\n\n\n<p><a href=\"https:\/\/fr.wikipedia.org\/wiki\/Chartreuse_Saint-Martin_de_Naples\" data-type=\"URL\" data-id=\"https:\/\/fr.wikipedia.org\/wiki\/Chartreuse_Saint-Martin_de_Naples\">Kartause Neapel<\/a> (Italien)<\/p>\n\n\n\n<p><a href=\"https:\/\/fr.wikipedia.org\/wiki\/Chartreuse_de_Padula\" data-type=\"URL\" data-id=\"https:\/\/fr.wikipedia.org\/wiki\/Chartreuse_de_Padula\">Kartause Padula<\/a> (Italien) &#8211; Weltkulturerbe <a href=\"https:\/\/whc.unesco.org\/fr\/list\/842\" data-type=\"URL\" data-id=\"https:\/\/whc.unesco.org\/fr\/list\/842\">UNESCO<\/a><\/p>\n\n\n\n<p><a href=\"http:\/\/www.museo.certosadipavia.beniculturali.it\/\" data-type=\"URL\" data-id=\"http:\/\/www.museo.certosadipavia.beniculturali.it\/\">Kartause Pavia<\/a> (Italien)<\/p>\n\n\n\n<p><a href=\"http:\/\/www.polomusealelazio.beniculturali.it\/certosa-di-trisulti\" data-type=\"URL\" data-id=\"http:\/\/www.polomusealelazio.beniculturali.it\/certosa-di-trisulti\">Kartause Trisulti<\/a> (Italien)<\/p>\n\n\n\n<p><a href=\"https:\/\/www.kartause.ch\/fr\/lhistoire-de-la-kartause-ittingen\" data-type=\"URL\" data-id=\"https:\/\/www.kartause.ch\/fr\/lhistoire-de-la-kartause-ittingen\">Kart\u00e4usermuseum Ittingen<\/a> (Schweiz) &#8211; Mit permanenter kartusianischer Ausstellung<\/p>\n\n\n\n<div style=\"height:40px\" aria-hidden=\"true\" class=\"wp-block-spacer\"><\/div>\n\n\n<div class=\"wp-block-image\">\n<figure class=\"aligncenter size-full\"><img decoding=\"async\" width=\"700\" height=\"467\" src=\"https:\/\/chartreux.org\/moines\/wp-content\/uploads\/2021\/11\/Nuremberg-eglise-1.jpg\" alt=\"\" class=\"wp-image-5308\" srcset=\"https:\/\/chartreux.org\/moines\/wp-content\/uploads\/2021\/11\/Nuremberg-eglise-1.jpg 700w, https:\/\/chartreux.org\/moines\/wp-content\/uploads\/2021\/11\/Nuremberg-eglise-1-300x200.jpg 300w\" sizes=\"(max-width: 700px) 100vw, 700px\" \/><figcaption class=\"wp-element-caption\">Kartause N\u00fcremberg, Deutschland<\/figcaption><\/figure>\n<\/div>","protected":false},"excerpt":{"rendered":"<p>H\u00e4user mit eigener Website Kartause Farneta (auf Italienisch) Kartause Miraflores (auf Spanisch) Kartause Parkminster (auf Englisch) [&hellip;]<\/p>\n","protected":false},"author":1,"featured_media":0,"parent":4896,"menu_order":6,"comment_status":"closed","ping_status":"closed","template":"template-full-width.php","meta":{"footnotes":""},"class_list":["post-5639","page","type-page","status-publish","hentry"],"_links":{"self":[{"href":"https:\/\/chartreux.org\/moines\/wp-json\/wp\/v2\/pages\/5639","targetHints":{"allow":["GET"]}}],"collection":[{"href":"https:\/\/chartreux.org\/moines\/wp-json\/wp\/v2\/pages"}],"about":[{"href":"https:\/\/chartreux.org\/moines\/wp-json\/wp\/v2\/types\/page"}],"author":[{"embeddable":true,"href":"https:\/\/chartreux.org\/moines\/wp-json\/wp\/v2\/users\/1"}],"replies":[{"embeddable":true,"href":"https:\/\/chartreux.org\/moines\/wp-json\/wp\/v2\/comments?post=5639"}],"version-history":[{"count":0,"href":"https:\/\/chartreux.org\/moines\/wp-json\/wp\/v2\/pages\/5639\/revisions"}],"up":[{"embeddable":true,"href":"https:\/\/chartreux.org\/moines\/wp-json\/wp\/v2\/pages\/4896"}],"wp:attachment":[{"href":"https:\/\/chartreux.org\/moines\/wp-json\/wp\/v2\/media?parent=5639"}],"curies":[{"name":"wp","href":"https:\/\/api.w.org\/{rel}","templated":true}]}}