{"id":5637,"date":"2021-11-26T17:37:38","date_gmt":"2021-11-26T16:37:38","guid":{"rendered":"https:\/\/chartreux.org\/moines\/?page_id=5637"},"modified":"2023-02-24T14:07:50","modified_gmt":"2023-02-24T13:07:50","slug":"otros-sitios","status":"publish","type":"page","link":"https:\/\/chartreux.org\/moines\/es\/recursos\/otros-sitios\/","title":{"rendered":"Otros sitios"},"content":{"rendered":"\n<div style=\"height:40px\" aria-hidden=\"true\" class=\"wp-block-spacer\"><\/div>\n\n\n\n<h2 class=\"wp-block-heading\">Cartujas con su propia p\u00e1gina internet<\/h2>\n\n\n\n<p><a href=\"http:\/\/www.certosini.info\">Cartuja de Farneta<\/a> (en italiano)<\/p>\n\n\n\n<p><a href=\"http:\/\/www.cartuja.org\">Cartuja de Miraflores<\/a> (en espa\u00f1ol) <\/p>\n\n\n\n<p><a href=\"http:\/\/www.parkminster.org.uk\" data-type=\"URL\" data-id=\"http:\/\/www.parkminster.org.uk\">Cartuja de Parkminster<\/a> (en ingl\u00e9s)<\/p>\n\n\n\n<p><a href=\"http:\/\/cartujadeportacoeli.org\" data-type=\"URL\" data-id=\"http:\/\/cartujadeportacoeli.org\">Cartuja de Porta Coeli<\/a> (en espa\u00f1ol)<\/p>\n\n\n\n<p><a href=\"http:\/\/kartuzija-pleterje.si\" data-type=\"URL\" data-id=\"http:\/\/kartuzija-pleterje.si\">Cartuja de Pleterje<\/a> (multiling\u00fce)<\/p>\n\n\n\n<p><a href=\"http:\/\/www.certosini.info\" data-type=\"URL\" data-id=\"http:\/\/www.certosini.info\">Cartuja de Serra San Bruno<\/a> (en italiano)<\/p>\n\n\n\n<p><a href=\"https:\/\/carthusiansusa.org\">Cartuja de la Transfiguration<\/a> (en ingl\u00e9s)<\/p>\n\n\n\n<p><a href=\"https:\/\/www.cartujasanjose.org\/\">Cartuja de San Jos\u00e9<\/a> (en espa\u00f1ol)<\/p>\n\n\n\n<p><a href=\"http:\/\/www.cartoixamontalegre.com\/\" data-type=\"URL\" data-id=\"http:\/\/www.cartoixamontalegre.com\/\">Cartuja de Montalegre<\/a> (en catal\u00e1n y espa\u00f1ol)<\/p>\n\n\n\n<h3 class=\"wp-block-heading\"> Otros sitios ligados a la Orden <\/h3>\n\n\n\n<p><a href=\"http:\/\/www.musee-grande-chartreuse.fr\" data-type=\"URL\" data-id=\"www.musee-grande-chartreuse.fr\">Mus\u00e9e de la Correrie &#8211; Grande Chartreuse<\/a> (Francia)<\/p>\n\n\n\n<p><a href=\"http:\/\/www.museocertosa.org\" data-type=\"URL\" data-id=\"http:\/\/www.museocertosa.org\">Museo della Certosa di Serra San Bruno<\/a> (Italia)<\/p>\n\n\n\n<p><a href=\"http:\/\/selignac.chartreux.org\" data-type=\"URL\" data-id=\"http:\/\/selignac.chartreux.org\">Maison Saint Bruno &#8211; Chartreuse de S\u00e9lignac<\/a> (Francia)<\/p>\n\n\n\n<p><a href=\"http:\/\/www.vocatiochartreux.org\" data-type=\"URL\" data-id=\"http:\/\/www.vocatiochartreux.org\">Vocaci\u00f3n<\/a><\/p>\n\n\n\n<p><a href=\"http:\/\/www.saintbruno.org\" data-type=\"URL\" data-id=\"www.saintbruno.org\">International Fellowship of St Bruno<\/a> (Estados Unidos)<\/p>\n\n\n\n<p><a href=\"https:\/\/www.chartreuse.fr\/\" data-type=\"URL\" data-id=\"https:\/\/www.chartreuse.fr\/\">El licor de Chartreuse<\/a><\/p>\n\n\n\n<div class=\"wp-block-columns is-layout-flex wp-container-core-columns-is-layout-9d6595d7 wp-block-columns-is-layout-flex\">\n<div class=\"wp-block-column is-layout-flow wp-block-column-is-layout-flow\">\n<figure class=\"wp-block-image\"><img decoding=\"async\" src=\"https:\/\/chartreux.org\/moniales\/wp-content\/uploads\/2020\/11\/musee_home_900.jpg\" alt=\"\"\/><\/figure>\n<\/div>\n\n\n\n<div class=\"wp-block-column is-layout-flow wp-block-column-is-layout-flow\">\n<figure class=\"wp-block-image\"><img decoding=\"async\" src=\"https:\/\/chartreux.org\/moniales\/wp-content\/uploads\/2020\/11\/chartreuse.jpg\" alt=\"\"\/><\/figure>\n<\/div>\n<\/div>\n\n\n\n<div style=\"height:40px\" aria-hidden=\"true\" class=\"wp-block-spacer\"><\/div>\n\n\n\n<h2 class=\"wp-block-heading\">Informaci\u00f3n para los investigadores<\/h2>\n\n\n\n<p><a href=\"http:\/\/www.analectacartusiana.org\" data-type=\"URL\" data-id=\"www.analectacartusiana.org\">Analecta Cartusiana<\/a><\/p>\n\n\n\n<p><a href=\"http:\/\/analectacartusiana.blogspot.com\" data-type=\"URL\" data-id=\"analectacartusiana.blogspot.com\">Analecta Cartusiana Blog<\/a><\/p>\n\n\n\n<p><a href=\"https:\/\/brunonis.net\/\" data-type=\"URL\" data-id=\"https:\/\/brunonis.net\/\">Brunonis Blog<\/a><\/p>\n\n\n\n<p><a href=\"http:\/\/www.cartusiana.org\" data-type=\"URL\" data-id=\"www.cartusiana.org\">Cartusiana<\/a><\/p>\n\n\n\n<p><a href=\"https:\/\/cercornum.univ-st-etienne.fr\/analectacartusiana\/\" data-type=\"URL\" data-id=\"https:\/\/cercornum.univ-st-etienne.fr\/analectacartusiana\/\">CERCOR &#8211; Analecta Cartusiana<\/a><br>(Centre europ\u00e9en de recherche sur les communaut\u00e9s, congr\u00e9gations et ordres religieux &#8211; Universit\u00e9 de Saint-\u00c9tienne)<\/p>\n\n\n\n<p><a href=\"http:\/\/www.chartreuses.blogspot.com\" data-type=\"URL\" data-id=\"www.chartreuses.blogspot.com\">Chartreuses-Kart\u00e4user-Charterhouse-Cartuja<\/a><\/p>\n\n\n\n<p><a href=\"http:\/\/www.kartause.net\" data-type=\"URL\" data-id=\"www.kartause.net\">Kartause Aggsbach Blog<\/a> <\/p>\n\n\n\n<p><\/p>\n\n\n\n<div style=\"height:40px\" aria-hidden=\"true\" class=\"wp-block-spacer\"><\/div>\n\n\n\n<h2 class=\"wp-block-heading\">Algunas cartujas convertidas en museos<\/h2>\n\n\n\n<p>Museo Nacional Germ\u00e1nico <a href=\"https:\/\/www.gnm.de\/\" data-type=\"URL\" data-id=\"https:\/\/www.gnm.de\/\">Cartuja de Nuremberg<\/a> (Alemania)<\/p>\n\n\n\n<p><a href=\"https:\/\/www.museum.de\/museen\/kart%C3%A4usermuseum-t%C3%BCckelhausen\" data-type=\"URL\" data-id=\"https:\/\/www.museum.de\/museen\/kart%C3%A4usermuseum-t%C3%BCckelhausen\">Kart\u00e4usermusem T\u00fcckelhausen<\/a> (Alemania) &#8211; Con exposici\u00f3n cartujana permanente <\/p>\n\n\n\n<p><a href=\"https:\/\/www.kartause.net\/\" data-type=\"URL\" data-id=\"https:\/\/www.kartause.net\/\">Kartause Aggsbach<\/a> (Austria) &#8211; Con exposici\u00f3n cartujana permanente <\/p>\n\n\n\n<p><a href=\"https:\/\/www.kartause-gaming.at\/die-kartause.html\" data-type=\"URL\" data-id=\"https:\/\/www.kartause-gaming.at\/die-kartause.html\">Cartuja de Gaming<\/a> (Austria)<\/p>\n\n\n\n<p><a href=\"https:\/\/www.monasteriodeelpaular.com\/\" data-type=\"URL\" data-id=\"https:\/\/www.monasteriodeelpaular.com\/\">Cartuja del Paular<\/a> (Espa\u00f1a)<\/p>\n\n\n\n<p><a href=\"https:\/\/cartujadegranada.com\/\" data-type=\"URL\" data-id=\"https:\/\/cartujadegranada.com\/\">Cartuja de Granada<\/a> (Espa\u00f1a)<\/p>\n\n\n\n<p><a href=\"http:\/\/Sevilla https:\/\/www.visitarsevilla.com\/que-ver\/monumentos\/el-monasterio-de-la-cartuja\/\" data-type=\"URL\" data-id=\"Sevilla https:\/\/www.visitarsevilla.com\/que-ver\/monumentos\/el-monasterio-de-la-cartuja\/\">Cartuja de Sevilla<\/a> (Espa\u00f1a)<\/p>\n\n\n\n<p><a href=\"http:\/\/www.cote-dopale.com\/tourisme\/chartreuse-de-neuville\" data-type=\"URL\" data-id=\"http:\/\/www.cote-dopale.com\/tourisme\/chartreuse-de-neuville\">Cartuja de Montreuil<\/a> (Francia) &#8211; Con exposici\u00f3n cartujana permanente <\/p>\n\n\n\n<p><a href=\"https:\/\/chartreuse-molsheim.info\/\" data-type=\"URL\" data-id=\"https:\/\/chartreuse-molsheim.info\/\">Museo de la Cartuja de Molsheim<\/a> (Francia) &#8211; Con exposici\u00f3n cartujana permanente<\/p>\n\n\n\n<p><a href=\"https:\/\/chartreuse-saintecroixenjarez.com\/fr\/visites-sainte-croix-en-jarez\/visites-individuelles#!\/page\/visites-guidees\" data-type=\"URL\" data-id=\"https:\/\/chartreuse-saintecroixenjarez.com\/fr\/visites-sainte-croix-en-jarez\/visites-individuelles#!\/page\/visites-guidees\">Cartuja de Sainte-Croix-en-Jarez<\/a> (Francia)<\/p>\n\n\n\n<p><a href=\"https:\/\/www.msn.unipi.it\/it\/la-certosa\/\" data-type=\"URL\" data-id=\"https:\/\/www.msn.unipi.it\/it\/la-certosa\/\">Museo de la Cartuja de Calci, Pisa<\/a> (Italia)<\/p>\n\n\n\n<p><a href=\"http:\/\/www.certosadifirenze.it\/\" data-type=\"URL\" data-id=\"http:\/\/www.certosadifirenze.it\/\">Cartuja de Galluzzo, Florencia<\/a> (Italia)<\/p>\n\n\n\n<p><a href=\"https:\/\/fr.wikipedia.org\/wiki\/Chartreuse_Saint-Martin_de_Naples\" data-type=\"URL\" data-id=\"https:\/\/fr.wikipedia.org\/wiki\/Chartreuse_Saint-Martin_de_Naples\">Cartuja de N\u00e1poles<\/a> (Italia)<\/p>\n\n\n\n<p><a href=\"https:\/\/fr.wikipedia.org\/wiki\/Chartreuse_de_Padula\" data-type=\"URL\" data-id=\"https:\/\/fr.wikipedia.org\/wiki\/Chartreuse_de_Padula\">Cartuja de Padula<\/a> (Italia) &#8211; Patrimonio de la humanidad <a href=\"https:\/\/whc.unesco.org\/fr\/list\/842\" data-type=\"URL\" data-id=\"https:\/\/whc.unesco.org\/fr\/list\/842\">UNESCO<\/a><\/p>\n\n\n\n<p><a href=\"http:\/\/www.museo.certosadipavia.beniculturali.it\/\" data-type=\"URL\" data-id=\"http:\/\/www.museo.certosadipavia.beniculturali.it\/\">Cartuja de Pavia<\/a> (Italia)<\/p>\n\n\n\n<p><a href=\"http:\/\/www.polomusealelazio.beniculturali.it\/certosa-di-trisulti\" data-type=\"URL\" data-id=\"http:\/\/www.polomusealelazio.beniculturali.it\/certosa-di-trisulti\">Cartuja de Trisulti<\/a> (Italia)<\/p>\n\n\n\n<p><a href=\"https:\/\/www.kartause.ch\/fr\/lhistoire-de-la-kartause-ittingen\" data-type=\"URL\" data-id=\"https:\/\/www.kartause.ch\/fr\/lhistoire-de-la-kartause-ittingen\">Cartuja de Ittingen<\/a> (Suiza) &#8211; Con exposici\u00f3n cartujana permanente<\/p>\n\n\n\n<div style=\"height:40px\" aria-hidden=\"true\" class=\"wp-block-spacer\"><\/div>\n\n\n<div class=\"wp-block-image\">\n<figure class=\"aligncenter size-full\"><img decoding=\"async\" width=\"700\" height=\"467\" src=\"https:\/\/chartreux.org\/moines\/wp-content\/uploads\/2021\/11\/Nuremberg-eglise-1.jpg\" alt=\"\" class=\"wp-image-5308\" srcset=\"https:\/\/chartreux.org\/moines\/wp-content\/uploads\/2021\/11\/Nuremberg-eglise-1.jpg 700w, https:\/\/chartreux.org\/moines\/wp-content\/uploads\/2021\/11\/Nuremberg-eglise-1-300x200.jpg 300w\" sizes=\"(max-width: 700px) 100vw, 700px\" \/><figcaption class=\"wp-element-caption\">La iglesia de la Cartuja de Nuremberg, Alemania<\/figcaption><\/figure>\n<\/div>","protected":false},"excerpt":{"rendered":"<p>Cartujas con su propia p\u00e1gina internet Cartuja de Farneta (en italiano) Cartuja de Miraflores (en espa\u00f1ol) [&hellip;]<\/p>\n","protected":false},"author":1,"featured_media":0,"parent":4894,"menu_order":6,"comment_status":"closed","ping_status":"closed","template":"template-full-width.php","meta":{"footnotes":""},"class_list":["post-5637","page","type-page","status-publish","hentry"],"_links":{"self":[{"href":"https:\/\/chartreux.org\/moines\/wp-json\/wp\/v2\/pages\/5637","targetHints":{"allow":["GET"]}}],"collection":[{"href":"https:\/\/chartreux.org\/moines\/wp-json\/wp\/v2\/pages"}],"about":[{"href":"https:\/\/chartreux.org\/moines\/wp-json\/wp\/v2\/types\/page"}],"author":[{"embeddable":true,"href":"https:\/\/chartreux.org\/moines\/wp-json\/wp\/v2\/users\/1"}],"replies":[{"embeddable":true,"href":"https:\/\/chartreux.org\/moines\/wp-json\/wp\/v2\/comments?post=5637"}],"version-history":[{"count":0,"href":"https:\/\/chartreux.org\/moines\/wp-json\/wp\/v2\/pages\/5637\/revisions"}],"up":[{"embeddable":true,"href":"https:\/\/chartreux.org\/moines\/wp-json\/wp\/v2\/pages\/4894"}],"wp:attachment":[{"href":"https:\/\/chartreux.org\/moines\/wp-json\/wp\/v2\/media?parent=5637"}],"curies":[{"name":"wp","href":"https:\/\/api.w.org\/{rel}","templated":true}]}}