{"id":5250,"date":"2021-11-07T02:00:48","date_gmt":"2021-11-07T01:00:48","guid":{"rendered":"https:\/\/chartreux.org\/moines\/?page_id=5250"},"modified":"2024-03-21T20:13:38","modified_gmt":"2024-03-21T19:13:38","slug":"humor","status":"publish","type":"page","link":"https:\/\/chartreux.org\/moines\/pt\/recursos-2\/humor\/","title":{"rendered":"Humor"},"content":{"rendered":"\n<figure class=\"wp-block-image size-large\"><img decoding=\"async\" width=\"1007\" height=\"1024\" src=\"https:\/\/chartreux.org\/moines\/wp-content\/uploads\/2021\/09\/14-Wordprocessorb-1007x1024.jpg\" alt=\"\" class=\"wp-image-4685\" srcset=\"https:\/\/chartreux.org\/moines\/wp-content\/uploads\/2021\/09\/14-Wordprocessorb-1007x1024.jpg 1007w, https:\/\/chartreux.org\/moines\/wp-content\/uploads\/2021\/09\/14-Wordprocessorb-295x300.jpg 295w, https:\/\/chartreux.org\/moines\/wp-content\/uploads\/2021\/09\/14-Wordprocessorb-768x781.jpg 768w, https:\/\/chartreux.org\/moines\/wp-content\/uploads\/2021\/09\/14-Wordprocessorb-1511x1536.jpg 1511w, https:\/\/chartreux.org\/moines\/wp-content\/uploads\/2021\/09\/14-Wordprocessorb.jpg 1829w\" sizes=\"(max-width: 1007px) 100vw, 1007px\" \/><\/figure>\n\n\n\n<div class=\"wp-block-columns is-layout-flex wp-container-core-columns-is-layout-9d6595d7 wp-block-columns-is-layout-flex\">\n<div class=\"wp-block-column is-layout-flow wp-block-column-is-layout-flow\"><div class=\"wp-block-image\">\n<figure class=\"aligncenter size-full\"><img decoding=\"async\" width=\"379\" height=\"500\" src=\"https:\/\/chartreux.org\/moines\/wp-content\/uploads\/2021\/09\/01-Couverture-1.jpg\" alt=\"\" class=\"wp-image-4690\" srcset=\"https:\/\/chartreux.org\/moines\/wp-content\/uploads\/2021\/09\/01-Couverture-1.jpg 379w, https:\/\/chartreux.org\/moines\/wp-content\/uploads\/2021\/09\/01-Couverture-1-227x300.jpg 227w\" sizes=\"(max-width: 379px) 100vw, 379px\" \/><\/figure>\n<\/div>\n\n\n<p class=\"has-text-align-center\"><em>Parvulus monachus cartusianus (et volucris eius viridans)<\/em><br>[<a href=\"https:\/\/chartreux.org\/moines\/wp-content\/uploads\/2022\/03\/Parvulus-Monachus-Cartusianus-compresse.pdf\">Latin<\/a>]<\/p>\n<\/div>\n\n\n\n<div class=\"wp-block-column is-layout-flow wp-block-column-is-layout-flow\">\n<figure class=\"wp-block-image size-large\"><img decoding=\"async\" width=\"1024\" height=\"1024\" src=\"https:\/\/chartreux.org\/moines\/wp-content\/uploads\/2021\/09\/Chroniques_couverture01b-1024x1024.jpg\" alt=\"\" class=\"wp-image-4746\" srcset=\"https:\/\/chartreux.org\/moines\/wp-content\/uploads\/2021\/09\/Chroniques_couverture01b-1024x1024.jpg 1024w, https:\/\/chartreux.org\/moines\/wp-content\/uploads\/2021\/09\/Chroniques_couverture01b-300x300.jpg 300w, https:\/\/chartreux.org\/moines\/wp-content\/uploads\/2021\/09\/Chroniques_couverture01b-150x150.jpg 150w, https:\/\/chartreux.org\/moines\/wp-content\/uploads\/2021\/09\/Chroniques_couverture01b-768x768.jpg 768w, https:\/\/chartreux.org\/moines\/wp-content\/uploads\/2021\/09\/Chroniques_couverture01b-1536x1536.jpg 1536w, https:\/\/chartreux.org\/moines\/wp-content\/uploads\/2021\/09\/Chroniques_couverture01b.jpg 1828w\" sizes=\"(max-width: 1024px) 100vw, 1024px\" \/><\/figure>\n\n\n\n<p class=\"has-text-align-center\"><em>Cr\u00f3nicas da Cartuxa de Col\u00f3nia<br><\/em>[English &#8211; <a href=\"https:\/\/chartreux.org\/moines\/wp-content\/uploads\/2022\/05\/ES-Cronicas-de-la-Cartuja-de-Colonia.pdf\">Espa\u00f1ol<\/a> &#8211; Deutsch &#8211; <a href=\"https:\/\/chartreux.org\/moines\/wp-content\/uploads\/2022\/05\/FR-Chroniques-de-la-Chartreuse-de-Cologne.pdf\">Fran\u00e7ais<\/a> &#8211; <a href=\"https:\/\/chartreux.org\/moines\/wp-content\/uploads\/2022\/05\/PT-Cronicas-da-Cartuxa-de-Colonia.pdf\">Portugu\u00eas<\/a>]<\/p>\n<\/div>\n\n\n\n<div class=\"wp-block-column is-layout-flow wp-block-column-is-layout-flow\">\n<figure class=\"wp-block-image size-large\"><img decoding=\"async\" width=\"723\" height=\"1024\" src=\"https:\/\/chartreux.org\/moines\/wp-content\/uploads\/2021\/09\/Raoul-Bon-723x1024.jpg\" alt=\"\" class=\"wp-image-4692\" srcset=\"https:\/\/chartreux.org\/moines\/wp-content\/uploads\/2021\/09\/Raoul-Bon-723x1024.jpg 723w, https:\/\/chartreux.org\/moines\/wp-content\/uploads\/2021\/09\/Raoul-Bon-212x300.jpg 212w, https:\/\/chartreux.org\/moines\/wp-content\/uploads\/2021\/09\/Raoul-Bon-768x1088.jpg 768w, https:\/\/chartreux.org\/moines\/wp-content\/uploads\/2021\/09\/Raoul-Bon-1084x1536.jpg 1084w, https:\/\/chartreux.org\/moines\/wp-content\/uploads\/2021\/09\/Raoul-Bon.jpg 1125w\" sizes=\"(max-width: 723px) 100vw, 723px\" \/><\/figure>\n\n\n\n<p class=\"has-text-align-center\"><em>Vida e milagres do Ir. Raul da Martinica<\/em><br>[<a href=\"https:\/\/chartreux.org\/moines\/wp-content\/uploads\/2024\/02\/Vita-Radulphi_ESP.pdf\">Espa\u00f1ol<\/a> &#8211; <a href=\"https:\/\/chartreux.org\/moines\/wp-content\/uploads\/2021\/11\/Vita-Radulphi-FR.pdf\">Fran\u00e7ais<\/a> &#8211; <a href=\"https:\/\/chartreux.org\/moines\/wp-content\/uploads\/2024\/02\/Vita-Radulphi-PT.pdf\">Portugu\u00eas<\/a>]<\/p>\n<\/div>\n<\/div>\n\n\n\n<p><\/p>\n","protected":false},"excerpt":{"rendered":"<p>Parvulus monachus cartusianus (et volucris eius viridans)[Latin] Cr\u00f3nicas da Cartuxa de Col\u00f3nia[English &#8211; Espa\u00f1ol &#8211; Deutsch [&hellip;]<\/p>\n","protected":false},"author":1,"featured_media":0,"parent":4897,"menu_order":5,"comment_status":"closed","ping_status":"closed","template":"template-full-width.php","meta":{"footnotes":""},"class_list":["post-5250","page","type-page","status-publish","hentry"],"_links":{"self":[{"href":"https:\/\/chartreux.org\/moines\/wp-json\/wp\/v2\/pages\/5250","targetHints":{"allow":["GET"]}}],"collection":[{"href":"https:\/\/chartreux.org\/moines\/wp-json\/wp\/v2\/pages"}],"about":[{"href":"https:\/\/chartreux.org\/moines\/wp-json\/wp\/v2\/types\/page"}],"author":[{"embeddable":true,"href":"https:\/\/chartreux.org\/moines\/wp-json\/wp\/v2\/users\/1"}],"replies":[{"embeddable":true,"href":"https:\/\/chartreux.org\/moines\/wp-json\/wp\/v2\/comments?post=5250"}],"version-history":[{"count":3,"href":"https:\/\/chartreux.org\/moines\/wp-json\/wp\/v2\/pages\/5250\/revisions"}],"predecessor-version":[{"id":7102,"href":"https:\/\/chartreux.org\/moines\/wp-json\/wp\/v2\/pages\/5250\/revisions\/7102"}],"up":[{"embeddable":true,"href":"https:\/\/chartreux.org\/moines\/wp-json\/wp\/v2\/pages\/4897"}],"wp:attachment":[{"href":"https:\/\/chartreux.org\/moines\/wp-json\/wp\/v2\/media?parent=5250"}],"curies":[{"name":"wp","href":"https:\/\/api.w.org\/{rel}","templated":true}]}}