{"id":5,"date":"2020-08-05T19:30:52","date_gmt":"2020-08-05T17:30:52","guid":{"rendered":"http:\/\/cobaye.chartreux.org\/wordpress\/?page_id=5"},"modified":"2026-01-20T22:40:29","modified_gmt":"2026-01-20T21:40:29","slug":"home","status":"publish","type":"page","link":"https:\/\/chartreux.org\/moines\/","title":{"rendered":"L&rsquo;ORDRE DES CHARTREUX"},"content":{"rendered":"\n<p>\u00c0 la louange de la gloire de Dieu, le Christ, Verbe du P\u00e8re, depuis toujours a choisi par l&rsquo;Esprit Saint des hommes pour les mener en solitude et se les unir dans un amour intime. R\u00e9pondant \u00e0 cet appel, ma\u00eetre Bruno entra avec six compagnons au d\u00e9sert de Chartreuse et s&rsquo;y \u00e9tablit en l&rsquo;an du Seigneur 1084. L\u00e0, ces hommes et leurs successeurs, demeurant \u00e0 l&rsquo;\u00e9cole du Saint Esprit, et se laissant former par l&rsquo;exp\u00e9rience, \u00e9labor\u00e8rent un style propre de vie \u00e9r\u00e9mitique, transmis aux g\u00e9n\u00e9rations suivantes, non par l&rsquo;\u00e9crit, mais par l&rsquo;exemple.<\/p>\n\n\n\n<p>D&rsquo;autres ermitages se fond\u00e8rent \u00e0 l&rsquo;imitation de celui de Chartreuse, et sur leurs instances r\u00e9p\u00e9t\u00e9es, Guigues, cinqui\u00e8me prieur de Chartreuse, r\u00e9digea une description de ce mode de vie. Tous l&rsquo;accueillirent et d\u00e9cid\u00e8rent de s&rsquo;y conformer pour qu&rsquo;elle f\u00fbt la loi de leur observance et le lien de charit\u00e9 de leur famille naissante. <\/p>\n\n\n\n<p>Vers 1145, les moniales de Pr\u00e9bayon en Provence d\u00e9cid\u00e8rent d&#8217;embrasser la r\u00e8gle de vie des chartreux. Telle fut l&rsquo;origine de notre Ordre.<\/p>\n\n\n\n<figure class=\"wp-block-image size-large\"><img decoding=\"async\" width=\"1024\" height=\"697\" src=\"https:\/\/chartreux.org\/moines\/wp-content\/uploads\/2020\/10\/17-Lordre-autour-de-St-Bruno_80-1024x697.jpg\" alt=\"\" class=\"wp-image-853\" srcset=\"https:\/\/chartreux.org\/moines\/wp-content\/uploads\/2020\/10\/17-Lordre-autour-de-St-Bruno_80-1024x697.jpg 1024w, https:\/\/chartreux.org\/moines\/wp-content\/uploads\/2020\/10\/17-Lordre-autour-de-St-Bruno_80-300x204.jpg 300w, https:\/\/chartreux.org\/moines\/wp-content\/uploads\/2020\/10\/17-Lordre-autour-de-St-Bruno_80-768x523.jpg 768w, https:\/\/chartreux.org\/moines\/wp-content\/uploads\/2020\/10\/17-Lordre-autour-de-St-Bruno_80-1536x1045.jpg 1536w, https:\/\/chartreux.org\/moines\/wp-content\/uploads\/2020\/10\/17-Lordre-autour-de-St-Bruno_80-2048x1394.jpg 2048w\" sizes=\"(max-width: 1024px) 100vw, 1024px\" \/><\/figure>\n\n\n\n<p>L&rsquo;Ordre Cartusien compte actuellement vingt-et-une maisons, seize maisons de moines et cinq de moniales. Les monast\u00e8res d&rsquo;hommes se trouvent en France, Italie, Espagne, Suisse, Slov\u00e9nie, Allemagne, Angleterre, \u00c9tats-Unis d&rsquo;Am\u00e9rique, Br\u00e9sil, Argentine et Cor\u00e9e du Sud. <\/p>\n\n\n\n<p>L\u2019existence ininterrompue de notre Ordre pendant plus de neuf si\u00e8cles \u00e0 travers les vicissitudes de l\u2019histoire, est un signe de la sollicitude de Dieu \u00e0 son \u00e9gard, de son \u00e9quilibre de vie, de sa place et de sa mission particuli\u00e8res dans l\u2019\u00c9glise.<\/p>\n\n\n\n<p>Nous cherchons simplement \u00e0 dire ici qui nous sommes \u00e0 l&rsquo;intention de tous ceux qui sont intrigu\u00e9s par cette vie s\u00e9par\u00e9e du monde. Mais le myst\u00e8re de la vocation cartusienne ne se laisse pas saisir en quelques mots. Contemplatifs catholiques, fils et filles de saint Bruno et, comme lui, solitaires, nous cherchons \u00e0 \u00eatre fid\u00e8les \u00e0 l&rsquo;appel de Dieu en suivant ses traces.<\/p>\n\n\n\n<div class=\"wp-block-group\"><div class=\"wp-block-group__inner-container is-layout-flow wp-block-group-is-layout-flow\">\n<div class=\"wp-block-columns is-layout-flex wp-container-core-columns-is-layout-9d6595d7 wp-block-columns-is-layout-flex\">\n<div class=\"wp-block-column is-layout-flow wp-block-column-is-layout-flow\" style=\"flex-basis:45%\">\n<iframe src=\"https:\/\/player.vimeo.com\/video\/442773955\" name=\"pFR\" allow=\"autoplay; fullscreen; picture-in-picture\" width=\"640\" height=\"360\" frameborder=\"0\"><\/iframe>\n\n\n\n<a href=\"https:\/\/player.vimeo.com\/video\/508369965\" width=\"640\" height=\"360\" frameborder=\"0\" allowfullscreen=\"allowfullscreen\" \"=\"\" target=\"pFR\"><img decoding=\"async\" src=\"https:\/\/chartreux.org\/moines\/wp-content\/uploads\/2021\/05\/united-32x32-33115.png\" alt=\"Anglais\"><\/a>\n<a href=\"https:\/\/player.vimeo.com\/video\/508324590\" width=\"640\" height=\"360\" frameborder=\"0\" allowfullscreen=\"allowfullscreen\" \"=\"\" target=\"pFR\"><img decoding=\"async\" src=\"https:\/\/chartreux.org\/moines\/wp-content\/uploads\/2021\/05\/italy-32x32-32999.png\" alt=\"Italien\"><\/a>\n<a href=\"https:\/\/player.vimeo.com\/video\/508153497\" width=\"640\" height=\"360\" frameborder=\"0\" allowfullscreen=\"allowfullscreen\" \"=\"\" target=\"pFR\"><img decoding=\"async\" src=\"https:\/\/chartreux.org\/moines\/wp-content\/uploads\/2021\/05\/spain-32x32-33105.png\" alt=\"Espagnol\"><\/a>\n<a href=\"https:\/\/player.vimeo.com\/video\/508417082\" width=\"640\" height=\"360\" frameborder=\"0\" allowfullscreen=\"allowfullscreen\" \"=\"\" target=\"pFR\"><img decoding=\"async\" src=\"https:\/\/chartreux.org\/moines\/wp-content\/uploads\/2021\/05\/germany-32x32-32989.png\" alt=\"Allemand\"><\/a>\n<a href=\"https:\/\/player.vimeo.com\/video\/646114751\" width=\"640\" height=\"360\" frameborder=\"0\" allowfullscreen=\"allowfullscreen\" \"=\"\" target=\"pFR\"><img decoding=\"async\" src=\"https:\/\/chartreux.org\/moines\/wp-content\/uploads\/2021\/05\/russia-32x32-33064.png\" alt=\"Russian\"><\/a><a href=\"https:\/\/player.vimeo.com\/video\/581471087\" width=\"640\" height=\"360\" frameborder=\"0\" allowfullscreen=\"allowfullscreen\" \"=\"\" target=\"pFR\"><img decoding=\"async\" src=\"https:\/\/chartreux.org\/moines\/wp-content\/uploads\/2021\/05\/greece-32x32-32991.png\" alt=\"Greek\"><\/a>\n<a href=\"https:\/\/player.vimeo.com\/video\/1075793211\" width=\"640\" height=\"360\" frameborder=\"0\" allowfullscreen=\"allowfullscreen\" \"=\"\" target=\"pFR\"><img decoding=\"async\" src=\"https:\/\/chartreux.org\/moines\/wp-content\/uploads\/2025\/04\/brazil-32x32-32937.png\" alt=\"Brazil\"><\/a>\n<a href=\"https:\/\/player.vimeo.com\/video\/1156626790\" width=\"640\" height=\"360\" frameborder=\"0\" allowfullscreen=\"allowfullscreen\" \"=\"\" target=\"pFR\"><img decoding=\"async\" src=\"https:\/\/chartreux.org\/moines\/wp-content\/uploads\/2026\/01\/croatia-32x32-32995.png\" alt=\"Croate\"><\/a>\n<\/div>\n\n\n\n<div class=\"wp-block-column is-layout-flow wp-block-column-is-layout-flow\" style=\"flex-basis:5%\"><\/div>\n\n\n\n<div class=\"wp-block-column is-layout-flow wp-block-column-is-layout-flow\" style=\"flex-basis:45%\">\n<iframe src=\"https:\/\/player.vimeo.com\/video\/442773847\" name=\"fFR\" allow=\"autoplay; fullscreen; picture-in-picture\" allowfullscreen=\"\" width=\"640\" height=\"360\" frameborder=\"0\"><\/iframe>\n\n\n\n<a href=\"https:\/\/player.vimeo.com\/video\/443163107\" width=\"640\" height=\"360\" frameborder=\"0\" allowfullscreen=\"allowfullscreen\" \"=\"\" target=\"fFR\"><img decoding=\"async\" src=\"https:\/\/chartreux.org\/moines\/wp-content\/uploads\/2021\/05\/united-32x32-33115.png\" alt=\"Anglais\"><\/a>\n<a href=\"https:\/\/player.vimeo.com\/video\/508068171\" width=\"640\" height=\"360\" frameborder=\"0\" allowfullscreen=\"allowfullscreen\" \"=\"\" target=\"fFR\"><img decoding=\"async\" src=\"https:\/\/chartreux.org\/moines\/wp-content\/uploads\/2021\/05\/italy-32x32-32999.png\" alt=\"Italien\"><\/a>\n<a href=\"https:\/\/player.vimeo.com\/video\/507965535\" width=\"640\" height=\"360\" frameborder=\"0\" allowfullscreen=\"allowfullscreen\" \"=\"\" target=\"fFR\"><img decoding=\"async\" src=\"https:\/\/chartreux.org\/moines\/wp-content\/uploads\/2021\/05\/spain-32x32-33105.png\" alt=\"Espagnol\"><\/a>\n<a href=\"https:\/\/player.vimeo.com\/video\/443198436\" width=\"640\" height=\"360\" frameborder=\"0\" allowfullscreen=\"allowfullscreen\" \"=\"\" target=\"fFR\"><img decoding=\"async\" src=\"https:\/\/chartreux.org\/moines\/wp-content\/uploads\/2021\/05\/germany-32x32-32989.png\" alt=\"Allemand\"><\/a>\n<a href=\"https:\/\/player.vimeo.com\/video\/646049209\" width=\"640\" height=\"360\" frameborder=\"0\" allowfullscreen=\"allowfullscreen\" \"=\"\" target=\"fFR\"><img decoding=\"async\" src=\"https:\/\/chartreux.org\/moines\/wp-content\/uploads\/2021\/05\/russia-32x32-33064.png\" alt=\"Russian\"><\/a><a href=\"https:\/\/player.vimeo.com\/video\/581296317\" width=\"640\" height=\"360\" frameborder=\"0\" allowfullscreen=\"allowfullscreen\" \"=\"\" target=\"fFR\"><img decoding=\"async\" src=\"https:\/\/chartreux.org\/moines\/wp-content\/uploads\/2021\/05\/greece-32x32-32991.png\" alt=\"Greek\"><\/a>\n<a href=\"https:\/\/player.vimeo.com\/video\/1075791845\" width=\"640\" height=\"360\" frameborder=\"0\" allowfullscreen=\"allowfullscreen\" \"=\"\" target=\"fFR\"><img decoding=\"async\" src=\"https:\/\/chartreux.org\/moines\/wp-content\/uploads\/2025\/04\/brazil-32x32-32937.png\" alt=\"Brazil\"><\/a>\n<a href=\"https:\/\/player.vimeo.com\/video\/1156626536\" width=\"640\" height=\"360\" frameborder=\"0\" allowfullscreen=\"allowfullscreen\" \"=\"\" target=\"fFR\"><img decoding=\"async\" src=\"https:\/\/chartreux.org\/moines\/wp-content\/uploads\/2026\/01\/croatia-32x32-32995.png\" alt=\"Croate\"><\/a>\n<\/div>\n<\/div>\n<\/div><\/div>\n\n\n\n<p><\/p>\n","protected":false},"excerpt":{"rendered":"<p>\u00c0 la louange de la gloire de Dieu, le Christ, Verbe du P\u00e8re, depuis toujours a [&hellip;]<\/p>\n","protected":false},"author":1,"featured_media":0,"parent":0,"menu_order":0,"comment_status":"closed","ping_status":"closed","template":"template-MoinesFadeIN.php","meta":{"footnotes":""},"class_list":["post-5","page","type-page","status-publish","hentry"],"_links":{"self":[{"href":"https:\/\/chartreux.org\/moines\/wp-json\/wp\/v2\/pages\/5","targetHints":{"allow":["GET"]}}],"collection":[{"href":"https:\/\/chartreux.org\/moines\/wp-json\/wp\/v2\/pages"}],"about":[{"href":"https:\/\/chartreux.org\/moines\/wp-json\/wp\/v2\/types\/page"}],"author":[{"embeddable":true,"href":"https:\/\/chartreux.org\/moines\/wp-json\/wp\/v2\/users\/1"}],"replies":[{"embeddable":true,"href":"https:\/\/chartreux.org\/moines\/wp-json\/wp\/v2\/comments?post=5"}],"version-history":[{"count":8,"href":"https:\/\/chartreux.org\/moines\/wp-json\/wp\/v2\/pages\/5\/revisions"}],"predecessor-version":[{"id":7278,"href":"https:\/\/chartreux.org\/moines\/wp-json\/wp\/v2\/pages\/5\/revisions\/7278"}],"wp:attachment":[{"href":"https:\/\/chartreux.org\/moines\/wp-json\/wp\/v2\/media?parent=5"}],"curies":[{"name":"wp","href":"https:\/\/api.w.org\/{rel}","templated":true}]}}