{"id":4740,"date":"2021-09-15T21:25:46","date_gmt":"2021-09-15T19:25:46","guid":{"rendered":"https:\/\/chartreux.org\/moines\/?page_id=4740"},"modified":"2025-07-27T11:14:33","modified_gmt":"2025-07-27T09:14:33","slug":"retiros-2","status":"publish","type":"page","link":"https:\/\/chartreux.org\/moines\/pt\/recursos-2\/retiros-2\/","title":{"rendered":"Retiros"},"content":{"rendered":"\n<p>S\u00f3 os candidatos eventuais \u00e0 vida cartusiana podem fazer um retiro vocacional no mosteiro, ap\u00f3s um acordo pr\u00e9vio com o Padre Mestre da casa (ver detalhes abaixo).<\/p>\n\n\n\n<h3 class=\"wp-block-heading\">Retiros Espirituais<\/h3>\n\n\n\n<p>A voca\u00e7\u00e3o solit\u00e1ria n\u00e3o nos permite receber para um retiro no mosteiro a quem procura apenas uma renova\u00e7o espiritual. Mas existe, contudo, uma possibilidade para fazer um retiro no esp\u00edrito de S\u00e3o Bruno e no ambiente cartusiano.<\/p>\n\n\n\n<h4 class=\"wp-block-heading\">Maison St Bruno (antiga Cartuxa de S\u00e9lignac)<\/h4>\n\n\n<div class=\"wp-block-image\">\n<figure class=\"alignleft size-large is-resized\"><img decoding=\"async\" width=\"1024\" height=\"1024\" src=\"https:\/\/chartreux.org\/moines\/wp-content\/uploads\/2021\/05\/FullSizeRender_4-1024x1024.jpg\" alt=\"\" class=\"wp-image-3558\" style=\"width:279px;height:279px\" srcset=\"https:\/\/chartreux.org\/moines\/wp-content\/uploads\/2021\/05\/FullSizeRender_4-1024x1024.jpg 1024w, https:\/\/chartreux.org\/moines\/wp-content\/uploads\/2021\/05\/FullSizeRender_4-300x300.jpg 300w, https:\/\/chartreux.org\/moines\/wp-content\/uploads\/2021\/05\/FullSizeRender_4-150x150.jpg 150w, https:\/\/chartreux.org\/moines\/wp-content\/uploads\/2021\/05\/FullSizeRender_4-768x768.jpg 768w, https:\/\/chartreux.org\/moines\/wp-content\/uploads\/2021\/05\/FullSizeRender_4.jpg 1280w\" sizes=\"(max-width: 1024px) 100vw, 1024px\" \/><\/figure>\n<\/div>\n\n\n<p>Alguns podem ver na cria\u00e7\u00e3o da Casa S\u00e3o Bruno, gerida em parceria pela Ordem dos Cartuxos e a diocese de Belley-Ars, um sinal da Provid\u00eancia, e at\u00e9 mesmo uma gra\u00e7a especial recebida de Deus, em um abrir e fechar de olhos, por media\u00e7\u00e3o de Bruno, com destino aos seus amigos leigos. A id\u00e9ia de dedicar essa Casa, de longa hist\u00f3ria cartusiana, foi apresentada e aceita \u2018ad experimentum\u2019 no Cap\u00edtulo Geral de 2001, no ano mesmo do<a href=\"https:\/\/chartreux.org\/pt\/textos\/mensagem-padre-2001.php\"> nono centen\u00e1rio da morte de S\u00e3o Bruno<\/a> (6 outubro 1101 &#8211; 2001).<\/p>\n\n\n\n<p>Esta casa da Fran\u00e7a, pode receber em retiro homens e mulheres, desejosos de viver um retiro numa cela cartusiana. O conjunto do ritmo da vida dessa Casa aproxima-se tanto quanto poss\u00edvel do da vida cartusiana. Para mais detalhes, ver o s\u00edtio <a href=\"http:\/\/selignac.chartreux.org\/\">http:\/\/selignac.chartreux.org<\/a><\/p>\n\n\n\n<figure class=\"wp-block-embed is-type-video is-provider-vimeo wp-block-embed-vimeo wp-embed-aspect-16-9 wp-has-aspect-ratio\"><div class=\"wp-block-embed__wrapper\">\n<iframe src=\"https:\/\/player.vimeo.com\/video\/1015410107?dnt=1&amp;app_id=122963\" width=\"680\" height=\"383\" frameborder=\"0\" allow=\"autoplay; fullscreen; picture-in-picture; clipboard-write; encrypted-media; web-share\" referrerpolicy=\"strict-origin-when-cross-origin\"><\/iframe>\n<\/div><\/figure>\n\n\n\n<h3 class=\"wp-block-heading\">Retiros de discernimento \u00e0 vida cartusiana<\/h3>\n\n\n\n<p>Como se diz mais acima, a nossa voca\u00e7\u00e3o solit\u00e1ria s\u00f3 nos permite aceitar para retiro os candidatos que pensam numa poss\u00edvel voca\u00e7\u00e3o cartusiana. Um m\u00ednimo de discernimento \u00e9, contudo, necess\u00e1rio para assegurar-se de que tal retiro \u00e9 oportuno.<\/p>\n\n\n\n<p>O candidato deve, por conseguinte, fazer-se conhecer suficientemente e escrever para explicar o seu pedido, assim como dar algumas informa\u00e7\u00f5es sobre a sua idade, os seus estudos, a sua situa\u00e7\u00e3o atual no plano familiar e profissional. Por \u00faltimo, e sobretudo, explicar\u00e1 a sua caminhada para a vida religiosa (desde quando o pensa? Teve contacto com outros mosteiros? Como conheceu a Cartuxa? Etc.). \u00c9 favor notar que o limite de idade para os homens \u00e9 de 45 anos.<\/p>\n\n\n\n<p>Para aqueles que tenham dificuldade de fazer isso por escrito, se n\u00e3o moram longe, \u00e9 poss\u00edvel vir meio dia ao mosteiro para falar com o Padre Mestre.<\/p>\n\n\n\n<p>Desejamos igualmente que o candidato nos fa\u00e7a chegar um informe a seu respeito dum padre ou religioso que o conhe\u00e7a de perto e que possa confirmar a seriedade da sua aspira\u00e7\u00e3o. Se esta aspira\u00e7\u00e3o \u00e0 vida religiosa foi seguida desde certo tempo por um padre espiritual, \u00e9 desej\u00e1vel que seja ele mesmo quem possa contatar conosco.<\/p>\n\n\n\n<p>Quando no interc\u00e2mbio desta primeira etapa parece recomend\u00e1vel de fazer um retiro, duas situa\u00e7\u00f5es s\u00e3o poss\u00edveis :<\/p>\n\n\n\n<ul class=\"wp-block-list f2j\">\n<li>Se o candidato s\u00f3 deseja um simples contacto, pode-se fazer um retiro de uma semana. Mas \u00e9 demasiado pouco tempo; nenhuma decis\u00e3o poder\u00e1 ser tomada \u00e0 sa\u00edda de tal prova.<\/li>\n\n\n\n<li>Se o candidato deseja um retiro de discernimento, \u00e9 necess\u00e1rio prever mais ou menos tr\u00eas semanas. N\u00e3o pedimos nada para estes retiros, mas o candidato deve pagar ele mesmo a sua viagem de ida e volta, e prever, por conseguinte, que tem de amortizar o bilhete de regresso. Os detalhes ser\u00e3o comunicados pela Casa com a que tenha contatado.<\/li>\n<\/ul>\n\n\n\n<p>Aqui surge frequentemente a quest\u00e3o: qual a casa a escolher? Normalmente, os candidatos s\u00e3o orientados para uma casa na sua pr\u00f3pria \u00e1rea cultural, a fim de facilitar as adapta\u00e7\u00f5es. Cada comunidade tem a sua pr\u00f3pria fisionomia, mas em cada uma das nossas casas a ess\u00eancia da vida Cartusiana \u00e9 vivida de uma forma semelhante. Na Am\u00e9rica Latina h\u00e1 duas casas, Maria Medianeira no Brasil e San Jos\u00e9 na Argentina. Em ambas a salmodia est\u00e1 no vern\u00e1culo. Como n\u00e3o existem cartuxas masculinas em todas as l\u00ednguas principais, em todos os nossos mosteiros \u00e9 poss\u00edvel receber estrangeiros, mas estes ter\u00e3o de aprender rapidamente a l\u00edngua em uso. O franc\u00eas, sendo a l\u00edngua oficial da Ordem, \u00e9 frequentemente falado ou conhecido nas outras casas.<\/p>\n\n\n\n<h3 class=\"wp-block-heading\">Candidatos d&rsquo;outros pa\u00edses diferentes do Brasil<\/h3>\n\n\n\n<p>Os candidatos que v\u00eam de pa\u00edses diferentes do Brasil t\u00eam que fazer frente a condi\u00e7\u00f5es especiais.<\/p>\n\n\n\n<p>N\u00e3o \u00e9 poss\u00edvel ao mosteiro pagar a viagem para um retiro, devido \u00e0s despesas elevadas que isso representa, ao n\u00famero de pedidos que nos chegam e ao fato de a maior parte das vezes esta viagem ser in\u00fatil; com efeito, apenas um quarto dos que recebemos a fazer um retiro no mosteiro escolhe fazer um postulantado. \u00c9, por conseguinte, necess\u00e1rio fazer primeiro um discernimento bastante acentuado no lugar. Este discernimento comporta v\u00e1rios elementos :<\/p>\n\n\n\n<p>O candidato deve dar-nos uma exposi\u00e7\u00e3o suficientemente detalhada da sua vida e suas motiva\u00e7\u00f5es: Idade, fam\u00edlia, estudos, trabalho, centros de interesse, rela\u00e7\u00f5es com os outros (amigos e amigas). Recep\u00e7\u00e3o dos sacramentos: Batismo, Crisma. Pedir \u00e0 par\u00f3quia de batismo os certificados correspondentes. Encaminhamento da sua voca\u00e7\u00e3o: Em que \u00e9poca da sua vida apareceu pela primeira vez, em que circunst\u00e2ncias? Quais foram as suas etapas: leitura, contacto com religiosos, retiros, etc. Como conheceu a Cartuxa? Dimens\u00f5es atuais da sua vida crist\u00e3 (compromisso com a par\u00f3quia, obras caritativas, ora\u00e7\u00e3o pessoal, vida de ora\u00e7\u00e3o, Lectio Divina, etc.).<\/p>\n\n\n\n<p>O candidato deve fornecer um atestado de sa\u00fade vindo de um m\u00e9dico ou hospital.<\/p>\n\n\n\n<p>O candidato deve dar-nos as refer\u00eancias pelo menos de um (preferivelmente dois) padre(s) ou religioso(s) que o conhe\u00e7am bem e que possa(m) garantir a seriedade da sua dilig\u00eancia. \u00c9 desej\u00e1vel que esse(s) padre(s) tenha(m) um conhecimento suficiente da vida mon\u00e1stica contemplativa.<\/p>\n\n\n\n<p>Se a correspond\u00eancia com os padres de que se acaba de falar incita a prosseguir o estudo de uma poss\u00edvel voca\u00e7\u00e3o, o candidato dever\u00e1 fazer no seu pa\u00eds ou num pa\u00eds pr\u00f3ximo um retiro suficientemente prolongado (um m\u00eas ou mais) em condi\u00e7\u00f5es de solid\u00e3o pr\u00f3xima da nossa vida. Dever\u00e1 para isso dirigir-se a um mosteiro beneditino ou cisterciense que aceite, em rela\u00e7\u00e3o conosco, lev\u00e1-lo a fazer este retiro em condi\u00e7\u00f5es um pouco especiais, e acompanhado por um monge suscept\u00edvel de fazer um primeiro discernimento. Somente ap\u00f3s estas quatro etapas, se elas decorreram de forma suficientemente positivas, se poderia evocar a possibilidade de ingressar numa Cartuxa.<\/p>\n\n\n\n<p>Para isso v\u00e1rios elementos devem ainda ser tomados em considera\u00e7\u00e3o :<\/p>\n\n\n\n<ul class=\"wp-block-list\">\n<li>1. Despesas de viagem.<\/li>\n\n\n\n<li>2. Obten\u00e7\u00e3o do visto: \u00e9 uma dilig\u00eancia que pode ser longa. N\u00e3o basta vir com um visto de turista que n\u00e3o permitiria o estabelecimento de uma autoriza\u00e7\u00e3o de resid\u00eancia. Um visto de longa dura\u00e7\u00e3o \u00e9 necess\u00e1rio e, para isso, \u00e9 necess\u00e1rio que o candidato tenha um passaporte v\u00e1lido e um certificado fornecido pelo mosteiro, assumindo a responsabilidade.<\/li>\n<\/ul>\n\n\n\n<p><\/p>\n","protected":false},"excerpt":{"rendered":"<p>S\u00f3 os candidatos eventuais \u00e0 vida cartusiana podem fazer um retiro vocacional no mosteiro, ap\u00f3s um [&hellip;]<\/p>\n","protected":false},"author":1,"featured_media":0,"parent":4897,"menu_order":2,"comment_status":"closed","ping_status":"closed","template":"template-full-width.php","meta":{"footnotes":""},"class_list":["post-4740","page","type-page","status-publish","hentry"],"_links":{"self":[{"href":"https:\/\/chartreux.org\/moines\/wp-json\/wp\/v2\/pages\/4740","targetHints":{"allow":["GET"]}}],"collection":[{"href":"https:\/\/chartreux.org\/moines\/wp-json\/wp\/v2\/pages"}],"about":[{"href":"https:\/\/chartreux.org\/moines\/wp-json\/wp\/v2\/types\/page"}],"author":[{"embeddable":true,"href":"https:\/\/chartreux.org\/moines\/wp-json\/wp\/v2\/users\/1"}],"replies":[{"embeddable":true,"href":"https:\/\/chartreux.org\/moines\/wp-json\/wp\/v2\/comments?post=4740"}],"version-history":[{"count":1,"href":"https:\/\/chartreux.org\/moines\/wp-json\/wp\/v2\/pages\/4740\/revisions"}],"predecessor-version":[{"id":7224,"href":"https:\/\/chartreux.org\/moines\/wp-json\/wp\/v2\/pages\/4740\/revisions\/7224"}],"up":[{"embeddable":true,"href":"https:\/\/chartreux.org\/moines\/wp-json\/wp\/v2\/pages\/4897"}],"wp:attachment":[{"href":"https:\/\/chartreux.org\/moines\/wp-json\/wp\/v2\/media?parent=4740"}],"curies":[{"name":"wp","href":"https:\/\/api.w.org\/{rel}","templated":true}]}}