{"id":4736,"date":"2021-09-15T21:25:19","date_gmt":"2021-09-15T19:25:19","guid":{"rendered":"https:\/\/chartreux.org\/moines\/?page_id=4736"},"modified":"2025-07-27T11:12:08","modified_gmt":"2025-07-27T09:12:08","slug":"retiros","status":"publish","type":"page","link":"https:\/\/chartreux.org\/moines\/es\/recursos\/retiros\/","title":{"rendered":"Retiros"},"content":{"rendered":"\n<p>\u00danicamente los eventuales candidatos a la vida cartujana pueden hacer un retiro en el interior de uno de nuestros monasterios, despu\u00e9s de previo acuerdo con el maestro de novicios de la casa (ver detalles m\u00e1s abajo). <\/p>\n\n\n\n<h3 class=\"wp-block-heading\">Retiros Espirituales<\/h3>\n\n\n\n<p>La vocaci\u00f3n a la vida solitaria no nos permite  recibir en retiro en el monasterio a los que buscan s\u00f3lo un oasis espiritual. Pero ahora existe una posibilidad para los laicos que quieren hacer un retiro en el esp\u00edritu de san Bruno y en un ambiente cartujano.<\/p>\n\n\n\n<h4 class=\"wp-block-heading\">Maison St Bruno (antigua Cartuja de S\u00e9lignac, Francia)<\/h4>\n\n\n<div class=\"wp-block-image\">\n<figure class=\"alignleft size-large is-resized\"><img decoding=\"async\" width=\"1024\" height=\"1024\" src=\"https:\/\/chartreux.org\/moines\/wp-content\/uploads\/2021\/05\/FullSizeRender_4-1024x1024.jpg\" alt=\"\" class=\"wp-image-3558\" style=\"width:279px;height:279px\" srcset=\"https:\/\/chartreux.org\/moines\/wp-content\/uploads\/2021\/05\/FullSizeRender_4-1024x1024.jpg 1024w, https:\/\/chartreux.org\/moines\/wp-content\/uploads\/2021\/05\/FullSizeRender_4-300x300.jpg 300w, https:\/\/chartreux.org\/moines\/wp-content\/uploads\/2021\/05\/FullSizeRender_4-150x150.jpg 150w, https:\/\/chartreux.org\/moines\/wp-content\/uploads\/2021\/05\/FullSizeRender_4-768x768.jpg 768w, https:\/\/chartreux.org\/moines\/wp-content\/uploads\/2021\/05\/FullSizeRender_4.jpg 1280w\" sizes=\"(max-width: 1024px) 100vw, 1024px\" \/><\/figure>\n<\/div>\n\n\n<p>Algunos ver\u00e1n en la creaci\u00f3n de la Casa Saint Bruno, gestionada simult\u00e1neamente por la Orden Cartujana y la di\u00f3cesis de Belley-Ars, un signo de la Providencia e incluso una gracia especial recibida de Dios bajo la forma de un pesta\u00f1eo de san Bruno a sus amigos laicos, ya que la idea de esta Casa, una novedad en la historia cartujana, fue sometida y aceptada &lsquo;ad experimentum&rsquo; por el Cap\u00edtulo General de 2001, a\u00f1o del <a href=\"https:\/\/chartreux.org\/es\/textos\/mensaje-padre-2001.php\">noveno centenario de la muerte de saint Bruno<\/a> (6 oct. 1101 &#8211; 2001).<\/p>\n\n\n\n<p>Esta casa puede recibir hombres y mujeres deseosos de vivir un retiro en una celda de cartujos. El conjunto de la vida de esta casa se aproxima lo m\u00e1s possible al de la vida de una cartuja. Para m\u00e1s detalles, ver el sitio <a href=\"http:\/\/selignac.chartreux.org\/\">http:\/\/selignac.chartreux.org<\/a><\/p>\n\n\n\n<figure class=\"wp-block-embed is-type-video is-provider-vimeo wp-block-embed-vimeo wp-embed-aspect-16-9 wp-has-aspect-ratio\"><div class=\"wp-block-embed__wrapper\">\n<iframe src=\"https:\/\/player.vimeo.com\/video\/1015410107?dnt=1&amp;app_id=122963\" width=\"680\" height=\"383\" frameborder=\"0\" allow=\"autoplay; fullscreen; picture-in-picture; clipboard-write; encrypted-media; web-share\" referrerpolicy=\"strict-origin-when-cross-origin\"><\/iframe>\n<\/div><\/figure>\n\n\n\n<h3 class=\"wp-block-heading\">Retiros de discernimiento a la vida cartujana<\/h3>\n\n\n\n<p>Como queda dicho, en coherencia con nuestra vocaci\u00f3n erem\u00edtica, s\u00f3lo podemos aceptar en retiro a los candidatos que piensan en una posible vocaci\u00f3n cartujana. Un m\u00ednimo de discernimiento debe ser hecho previamente, para asegurar que tal experiencia es oportuna.<\/p>\n\n\n\n<p>Si deseas estudiar la posibilidad de tal vocaci\u00f3n, lo primero ser\u00eda hablar con tu padre espiritual, si tienes uno. Su acuerdo no es obligatorio, pero es mejor cuando es posible. Luego, debes escribir a una casa tratando de hacerte conocer lo suficiente, es decir, dando informaciones sobre tu edad, tus estudios, tu situaci\u00f3n familiar y eventualmente profesional. Tambi\u00e9n y sobre todo d\u00ed algo sobre tu recorrido espiritual y tu encaminamiento hacia la vida religiosa (\u00bfdesde cu\u00e1ndo piensas en ella?, \u00bfhas tenido contactos con otros monasterios?), y hacia la cartuja (\u00bfc\u00f3mo llegaste a saber de ella?, \u00bfpor qu\u00e9 te atrae?). Debes saber que el l\u00edmite de edad para los hombres es de 45 a\u00f1os.<\/p>\n\n\n\n<p>Para los que tienen dificultad en hacer eso por escrito, y que viven relativamente cerca, es posible venir medio d\u00eda al monasterio para hablar directamente con el maestro de novicios. Si existe alguna otra dificultad, explica la situaci\u00f3n y se ver\u00e1 lo que se puede hacer.<\/p>\n\n\n\n<p>Deseamos igualmente poder contactar a un sacerdote o religioso que te conozca bien y que pueda confirmar la seriedad de la intenci\u00f3n. Si has sido seguido desde hace alg\u00fan tiempo por un padre espiritual, lo mejor ser\u00eda que nos des su direcci\u00f3n o una carta de su parte. Sin embargo, no se trata de una condici\u00f3n estricta, pues no todos tienen un padre espiritual.<\/p>\n\n\n\n<p>Si, despu\u00e9s de esta primera etapa, un retiro parece conveniente, dos situaciones son posibles:<\/p>\n\n\n\n<ul class=\"wp-block-list f2j\">\n<li>Si lo que deseas es un simple primer contacto, podr\u00eda proponerse un retiro de una semana, pero es muy poco tiempo para entrar en la vida cartujana o para permitir tomar una decisi\u00f3n.<\/li>\n\n\n\n<li>Si deseas un verdadero retiro de discernimiento (es decir, destinado a responder a la pregunta: \u00bfe<span class=\"italique\">s mi vocaci\u00f3n o no?<\/span>), hay que separar alrededor de tres semanas. Por estos retiros no pedimos nada, pero debes asumir t\u00fa mismo los viajes de ida y de vuelta. Los detalles ser\u00e1n comunicados por la casa que hayas contactado.<\/li>\n<\/ul>\n\n\n\n<p>Aqu\u00ed se presenta a menudo la siguiente pregunta: \u00bfQu\u00e9 casa escoger? Normalmente los candidatos son orientados a una casa de su propia \u00e1rea cultural, precisamente para facilitar la inserci\u00f3n. Cada comunidad tiene su fisionom\u00eda, pero en cada una de nuestras casas lo esencial de la vida cartujana es vivido de forma semejante. Existen sin embargo algunas diferencias. En algunas casas europeas, como Porta Coeli, La Valsainte o Marienau, la salmodia es en lat\u00edn. En otras es cantada en vern\u00e1culo. Pero todas las casas de monjes siguen la misma regla y las diferencias no son marcadas. Como no existen muchas casas, y que no todas las principales lenguas del mundo est\u00e1n representadas, en todas las casas se reciben extranjeros. Siendo el franc\u00e9s la lengua oficial de la Orden, se conoce con frecuencia en las otras casas.<\/p>\n\n\n\n<p>Actualmente existen dos casas de lengua espa\u00f1ola con noviciado en Europa: Miraflores y Porta Coeli (ambas en Espa\u00f1a), y una en Am\u00e9rica Latina: San Jos\u00e9 (Argentina). Como el portugu\u00e9s es f\u00e1cil de aprender para un hispano hablante, existe tambi\u00e9n la posibilidad de la casa brasile\u00f1a.<\/p>\n\n\n\n<h3 class=\"wp-block-heading\">Retiros de discernimiento para los candidatos de pa\u00edses lejanos<\/h3>\n\n\n\n<p>Para los candidatos europeos, no existe dificultad particular si escogen una casa espa\u00f1ola o europea. En cambio para los candidatos latinoamericanos que deseen entrar en Europa existen condiciones particulares, pues la entrada en la Uni\u00f3n Europea no es siempre f\u00e1cil; depende mucho del pa\u00eds de origen. Los que vienen de pa\u00edses lejanos tienen que hacer un discernimiento previo mucho m\u00e1s profundo.<\/p>\n\n\n\n<p>Los candidatos deber\u00e1n pagar ellos mismos su viaje de ida y vuelta para hacer la experiencia en una cartuja. Las exigencias de entrada son diferentes en los distintos pa\u00edses, por eso debe preguntarse a la cartuja que se ha contactado sobre las condiciones actuales (las cuales cambian a menudo). Para un retiro de discernimiento, en general suele bastar la obtenci\u00f3n de una visa de turista (cuando \u00e9sta es solicitada), pero no para entrar definitivamente en el monasterio, para lo cual lo m\u00e1s a menudo se necesita una visa de larga duraci\u00f3n, que permitir\u00e1 hacer las diligencias para llegar a obtener un t\u00edtulo de residencia estable. Para esto es necesario adem\u00e1s un documento oficial del monasterio, una constancia de alojamiento.<\/p>\n\n\n\n<p>El monasterio no puede asumir los gastos de viaje para los candidatos que desean hacer un retiro de discernimiento y no disponen de medios suficientes; \u00e9stos son a menudo elevados y la mayor parte de las veces ser\u00eda in\u00fatil, pues s\u00f3lo un reducido n\u00famero de candidatos deciden luego entrar en el postulantado. Pero si el caso lo merita, tal vez se pueda encontrar una soluci\u00f3n parcial.<\/p>\n\n\n\n<p> As\u00ed pues, se podr\u00eda resumir:<\/p>\n\n\n\n<ol class=\"wp-block-list f2j\">\n<li>Asumir los gastos de viaje.<\/li>\n\n\n\n<li>Obtenci\u00f3n de visa (si \u00e9sta es pedida). A menudo es un papeleo largo.<\/li>\n<\/ol>\n\n\n\n<p><\/p>\n","protected":false},"excerpt":{"rendered":"<p>\u00danicamente los eventuales candidatos a la vida cartujana pueden hacer un retiro en el interior de [&hellip;]<\/p>\n","protected":false},"author":1,"featured_media":0,"parent":4894,"menu_order":2,"comment_status":"closed","ping_status":"closed","template":"template-full-width.php","meta":{"footnotes":""},"class_list":["post-4736","page","type-page","status-publish","hentry"],"_links":{"self":[{"href":"https:\/\/chartreux.org\/moines\/wp-json\/wp\/v2\/pages\/4736","targetHints":{"allow":["GET"]}}],"collection":[{"href":"https:\/\/chartreux.org\/moines\/wp-json\/wp\/v2\/pages"}],"about":[{"href":"https:\/\/chartreux.org\/moines\/wp-json\/wp\/v2\/types\/page"}],"author":[{"embeddable":true,"href":"https:\/\/chartreux.org\/moines\/wp-json\/wp\/v2\/users\/1"}],"replies":[{"embeddable":true,"href":"https:\/\/chartreux.org\/moines\/wp-json\/wp\/v2\/comments?post=4736"}],"version-history":[{"count":1,"href":"https:\/\/chartreux.org\/moines\/wp-json\/wp\/v2\/pages\/4736\/revisions"}],"predecessor-version":[{"id":7221,"href":"https:\/\/chartreux.org\/moines\/wp-json\/wp\/v2\/pages\/4736\/revisions\/7221"}],"up":[{"embeddable":true,"href":"https:\/\/chartreux.org\/moines\/wp-json\/wp\/v2\/pages\/4894"}],"wp:attachment":[{"href":"https:\/\/chartreux.org\/moines\/wp-json\/wp\/v2\/media?parent=4736"}],"curies":[{"name":"wp","href":"https:\/\/api.w.org\/{rel}","templated":true}]}}