{"id":4723,"date":"2021-09-15T21:06:47","date_gmt":"2021-09-15T19:06:47","guid":{"rendered":"https:\/\/chartreux.org\/moines\/?page_id=4723"},"modified":"2024-03-19T19:04:56","modified_gmt":"2024-03-19T18:04:56","slug":"contactos","status":"publish","type":"page","link":"https:\/\/chartreux.org\/moines\/es\/recursos\/contactos\/","title":{"rendered":"Contactos"},"content":{"rendered":"\n<p>Como los cartujos han escogido una vida solitaria, se agradecer\u00e1 respetar su soledad. Un intercambio epistolar es incompatible con su vida, e incluso a sus parientes pr\u00f3ximos escriben s\u00f3lo rara vez. Sin embargo, si usted se interroga sobre una eventual vocaci\u00f3n cartujana, puede escribir a una de las direcciones indicadas en la p\u00e1gina \u00ab\u00a0Los Monasterios\u00a0\u00bb.<\/p>\n\n\n\n<p>Si piensa en una vocaci\u00f3n y encuentra alguna dificultad en contactar alguna de las casas o no sabe a cu\u00e1l dirigirse, env\u00ede su mensaje a <img decoding=\"async\" width=\"250\" height=\"21\" class=\"wp-image-6983\" style=\"width: 250px;\" src=\"https:\/\/chartreux.org\/moines\/wp-content\/uploads\/2023\/12\/vacations_new2.png\" alt=\"vacations\">(direcci\u00f3n general exclusiva para las vocaciones; no se responder\u00e1 sobre otro asunto). La informaci\u00f3n ser\u00e1 transmitida a la casa m\u00e1s apropiada.<\/p>\n\n\n\n<p>Para dar sus impresiones o se\u00f1alar alg\u00fan deseo sobre este sitio, usted puede escribir a <img decoding=\"async\" width=\"250\" height=\"21\" class=\"wp-image-6985\" style=\"width: 250px;\" src=\"https:\/\/chartreux.org\/moines\/wp-content\/uploads\/2023\/12\/contact_new2.png\" alt=\"contact_new\"> <img decoding=\"async\" src=\"\/$\/email\/contact2chartreuseinfo.png\" alt=\"\">. En general no se responder\u00e1 (gracias por su comprensi\u00f3n).<\/p>\n\n\n\n<p>Para asuntos hist\u00f3ricos o cient\u00edficos, se puede contactar:<\/p>\n\n\n\n<p>Pedro de Manuel<br>Asociaci\u00f3n de Amigos de la Cartuja de Montalegre<br>c. Rocafort 244, 2a 10a<br>08029 Barcelona<br>Espa\u00f1a<br>pdemanuel@outlook.com<\/p>\n\n\n\n<p>o bien:<\/p>\n\n\n\n<p>Alain Girard<br>Centre de Recherches Cartusiennes<br>Mus\u00e9e<br>30130 Pont-Saint-Esprit<br>Francia<\/p>\n\n\n\n<p>o bien:<\/p>\n\n\n\n<p>Sylvain Excoffon<br>Universit\u00e9 de Sant-Etienne<br>Francia<br>sylvain.excoffon@univ-st-etienne<\/p>\n\n\n\n<h3 class=\"wp-block-heading\">Intenciones de oraci\u00f3n particulares ?<\/h3>\n\n\n\n<p>Lamentamos no poder ofrecer la posibilidad de un buz\u00f3n de intenciones de oraci\u00f3n. Nuestra p\u00e1gina web recibe en promedio 25.000 consultas por mes. Ser\u00eda imposible. Pero sabed que los cartujos rezan siempre por todos, siempre, as\u00ed como por las grandes intenciones de la Iglesia y las necesidades del mundo. No necesitan conocer los detalles, los cuales son conocidos por Dios, Padre de misericordia. <\/p>\n\n\n\n<p><\/p>\n\n\n\n<p class=\"has-text-align-center\"><strong>STAT CRUX DUM VOLVITUR ORBIS<\/strong><\/p>\n","protected":false},"excerpt":{"rendered":"<p>Como los cartujos han escogido una vida solitaria, se agradecer\u00e1 respetar su soledad. Un intercambio epistolar [&hellip;]<\/p>\n","protected":false},"author":1,"featured_media":0,"parent":4894,"menu_order":0,"comment_status":"closed","ping_status":"closed","template":"template-full-width.php","meta":{"footnotes":""},"class_list":["post-4723","page","type-page","status-publish","hentry"],"_links":{"self":[{"href":"https:\/\/chartreux.org\/moines\/wp-json\/wp\/v2\/pages\/4723","targetHints":{"allow":["GET"]}}],"collection":[{"href":"https:\/\/chartreux.org\/moines\/wp-json\/wp\/v2\/pages"}],"about":[{"href":"https:\/\/chartreux.org\/moines\/wp-json\/wp\/v2\/types\/page"}],"author":[{"embeddable":true,"href":"https:\/\/chartreux.org\/moines\/wp-json\/wp\/v2\/users\/1"}],"replies":[{"embeddable":true,"href":"https:\/\/chartreux.org\/moines\/wp-json\/wp\/v2\/comments?post=4723"}],"version-history":[{"count":1,"href":"https:\/\/chartreux.org\/moines\/wp-json\/wp\/v2\/pages\/4723\/revisions"}],"predecessor-version":[{"id":7091,"href":"https:\/\/chartreux.org\/moines\/wp-json\/wp\/v2\/pages\/4723\/revisions\/7091"}],"up":[{"embeddable":true,"href":"https:\/\/chartreux.org\/moines\/wp-json\/wp\/v2\/pages\/4894"}],"wp:attachment":[{"href":"https:\/\/chartreux.org\/moines\/wp-json\/wp\/v2\/media?parent=4723"}],"curies":[{"name":"wp","href":"https:\/\/api.w.org\/{rel}","templated":true}]}}