{"id":4722,"date":"2021-09-15T21:06:39","date_gmt":"2021-09-15T19:06:39","guid":{"rendered":"https:\/\/chartreux.org\/moines\/?page_id=4722"},"modified":"2023-12-30T14:16:46","modified_gmt":"2023-12-30T13:16:46","slug":"contatos","status":"publish","type":"page","link":"https:\/\/chartreux.org\/moines\/pt\/recursos-2\/contatos\/","title":{"rendered":"Contatos"},"content":{"rendered":"\n<p>Os monges cartuxos que escolheram uma vida solit\u00e1ria ficar-lhe-\u00e3o gratos por respeitar a sua solid\u00e3o. O correio normal \u00e9 incompat\u00edvel com a sua vida, e mesmo para os seus parentes mais pr\u00f3ximos raramente escrevem. No entanto, se estiver a pensar numa poss\u00edvel voca\u00e7\u00e3o para a sua vida, pode escrever para uma das casas se encontram na p\u00e1gina \u00ab\u00a0<a href=\"https:\/\/chartreux.org\/moines\/pt\/mosteiros\/\" data-type=\"page\" data-id=\"2978\">Mosteiros<\/a>\u00ab\u00a0.<\/p>\n\n\n\n<p>Se pensa em uma voca\u00e7\u00e3o e n\u00e3o consegue contato diretamente com uma das casas ou ainda, se n\u00e3o tem certeza qual delas \u00e9 a ideal, por favor, escreva para: <img decoding=\"async\" width=\"250\" height=\"21\" class=\"wp-image-6983\" style=\"width: 250px;\" src=\"https:\/\/chartreux.org\/moines\/wp-content\/uploads\/2023\/12\/vacations_new2.png\" alt=\"vacations\"><img decoding=\"async\" class=\"email\" src=\"\/$\/email\/vocations2chartreuseinfo.png\" alt=\"\"> (Este endere\u00e7o \u00e9 apenas para as voca\u00e7\u00f5es; qualquer mensagem sobre outro assunto n\u00e3o ser\u00e1 respondida). A informa\u00e7\u00e3o ser\u00e1 encaminhada para a casa mais apropriada.<\/p>\n\n\n\n<p>Caso tenha d\u00favidas, cr\u00edticas ou sugest\u00f5es sobre este site, pode escrever para o endere\u00e7o: <img decoding=\"async\" width=\"250\" height=\"21\" class=\"wp-image-6985\" style=\"width: 250px;\" src=\"https:\/\/chartreux.org\/moines\/wp-content\/uploads\/2023\/12\/contact_new2.png\" alt=\"contact_new\"><img decoding=\"async\" class=\"email\" src=\"\/$\/email\/contact2chartreuseinfo.png\" alt=\"\"> Sua mensagem ser\u00e1 lida mas raramente ser\u00e1 respondida (obrigado pela sua compreens\u00e3o).<\/p>\n\n\n\n<p class=\"t0\">Para quest\u00f5es hist\u00f3ricas e cient\u00edficas, pode entrar em contato atrav\u00e9s dos endere\u00e7os abaixo:<\/p>\n\n\n\n<div class=\"adresses\">\n<div class=\"bloc2\">\n<p class=\"t0 gras\">Centre de Recherches Cartusiennes<br>Mus\u00e9e<br>30130 Pont-Saint-Esprit<br>France<\/p>\n<\/div>\n<p>E tamb\u00e9m:<\/p>\n<div class=\"bloc2\">\n<p class=\"t0 gras\">Alain Girard<br>Maison des chevaliers<br>30130 Pont-Saint-Esprit<br>France<\/p>\n<\/div>\n<\/div>\n\n\n\n<h4 class=\"wp-block-heading\">Inten\u00e7\u00f5es especiais de ora\u00e7\u00e3o?<\/h4>\n\n\n\n<p>No momento, devido ao grande n\u00famero de visitas ao site, n\u00e3o temos essa possibilidade de ora\u00e7\u00e3o, mas \u00e9 preciso saber que os cartuxos rezam por todos, sempre, assim como pelas grandes inten\u00e7\u00f5es da Igreja e pelas necessidades do mundo. As necessidades e seus detalhes j\u00e1 s\u00e3o conhecidos de Deus, Pai de miseric\u00f3rdia.<\/p>\n\n\n\n<p class=\"has-text-align-center\"><strong>STAT CRUX DUM VOLVITUR ORBIS<\/strong><\/p>\n","protected":false},"excerpt":{"rendered":"<p>Os monges cartuxos que escolheram uma vida solit\u00e1ria ficar-lhe-\u00e3o gratos por respeitar a sua solid\u00e3o. O [&hellip;]<\/p>\n","protected":false},"author":1,"featured_media":0,"parent":4897,"menu_order":0,"comment_status":"closed","ping_status":"closed","template":"template-full-width.php","meta":{"footnotes":""},"class_list":["post-4722","page","type-page","status-publish","hentry"],"_links":{"self":[{"href":"https:\/\/chartreux.org\/moines\/wp-json\/wp\/v2\/pages\/4722","targetHints":{"allow":["GET"]}}],"collection":[{"href":"https:\/\/chartreux.org\/moines\/wp-json\/wp\/v2\/pages"}],"about":[{"href":"https:\/\/chartreux.org\/moines\/wp-json\/wp\/v2\/types\/page"}],"author":[{"embeddable":true,"href":"https:\/\/chartreux.org\/moines\/wp-json\/wp\/v2\/users\/1"}],"replies":[{"embeddable":true,"href":"https:\/\/chartreux.org\/moines\/wp-json\/wp\/v2\/comments?post=4722"}],"version-history":[{"count":0,"href":"https:\/\/chartreux.org\/moines\/wp-json\/wp\/v2\/pages\/4722\/revisions"}],"up":[{"embeddable":true,"href":"https:\/\/chartreux.org\/moines\/wp-json\/wp\/v2\/pages\/4897"}],"wp:attachment":[{"href":"https:\/\/chartreux.org\/moines\/wp-json\/wp\/v2\/media?parent=4722"}],"curies":[{"name":"wp","href":"https:\/\/api.w.org\/{rel}","templated":true}]}}