{"id":4721,"date":"2021-09-15T21:06:32","date_gmt":"2021-09-15T19:06:32","guid":{"rendered":"https:\/\/chartreux.org\/moines\/?page_id=4721"},"modified":"2023-12-29T01:37:49","modified_gmt":"2023-12-29T00:37:49","slug":"kontakte","status":"publish","type":"page","link":"https:\/\/chartreux.org\/moines\/de\/ressourcen\/kontakte\/","title":{"rendered":"Kontakte"},"content":{"rendered":"\n<p>Kart\u00e4user, die ein einsames Leben gew\u00e4hlt haben, werden Ihnen dankbar sein, wenn Sie ihre Einsamkeit respektieren. Eine regelm\u00e4\u00dfige Korrespondenz ist mit ihrem Leben unvereinbar, und selbst an ihre engsten Verwandten schreiben sie nur selten. Wenn Sie sich jedoch Fragen \u00fcber eine m\u00f6gliche Berufung zu ihrem Leben stellen, k\u00f6nnen Sie an eines der H\u00e4user schreiben, deren Adresse Sie auf der Seite \u00ab\u00a0Die Kl\u00f6ster\u00a0\u00bb finden.<\/p>\n\n\n\n<p>Wenn Sie an eine Berufung denken und Schwierigkeiten haben, eines der Ordensh\u00e4user zu erreichen, oder nicht genau wissen, an welches Sie sich wenden sollen, richten Sie Ihr Schreiben an: <img decoding=\"async\" width=\"250\" height=\"21\" class=\"wp-image-6983\" style=\"width: 250px;\" src=\"https:\/\/chartreux.org\/moines\/wp-content\/uploads\/2023\/12\/vacations_new2.png\" alt=\"vacations\"> <img decoding=\"async\" class=\"email\" src=\"\/$\/email\/vocations2chartreuseinfo.png\" alt=\"\">(Exklusive Adresse f\u00fcr Berufungen; Nachrichten zu anderen Themen werden nicht beantwortet). Die Informationen werden an das am besten geeignete Haus weitergeleitet.<\/p>\n\n\n\n<p>Wenn du deine Meinung oder einen Wunsch zu dieser Website \u00e4u\u00dfern m\u00f6chtest, kannst du dem Webmaster der Website unter folgender Adresse schreiben: <img decoding=\"async\" width=\"250\" height=\"21\" class=\"wp-image-6985\" style=\"width: 250px;\" src=\"https:\/\/chartreux.org\/moines\/wp-content\/uploads\/2023\/12\/contact_new2.png\" alt=\"contact_new\">. Es wird selten geantwortet (bitte haben Sie Verst\u00e4ndnis).<\/p>\n\n\n\n<p class=\"t0\">F\u00fcr historische und wissenschaftliche Fragen kann man sich wenden an:<\/p>\n\n\n\n<div class=\"adresses\">\n<div class=\"bloc2\">\n<p class=\"t0 gras\">Centre de Recherches Cartusiennes<br>Mus\u00e9e<br>30130 Pont-Saint-Esprit<br>France<\/p>\n<\/div>\n<p>oder :<\/p>\n<div class=\"bloc2\">\n<p class=\"t0 gras\">Alain Girard<br>Maison des chevaliers<br>30130 Pont-Saint-Esprit<br>France<\/p>\n<\/div>\n<p>oder auch :<\/p>\n<p>Sylvain Excoffon<br>Universit\u00e9 de Saint-\u00c9tienne<br>France<br>sylvain.excoffon@univ-st-etienne<\/p>\n<\/div>\n\n\n\n<h4 class=\"wp-block-heading\">Besondere Gebetsanliegen?<\/h4>\n\n\n\n<p>Wir bedauern, dass wir Ihnen nicht die M\u00f6glichkeit einer Box mit Gebetsanliegen anbieten k\u00f6nnen. Unsere Website hat durchschnittlich 25.000 Zugriffe pro Monat. Das w\u00e4re nicht zu bew\u00e4ltigen. Aber Sie sollten wissen, dass die Kart\u00e4user immer f\u00fcr alle beten, ebenso wie f\u00fcr die gro\u00dfen Anliegen der Kirche und die N\u00f6te der Welt. Sie m\u00fcssen nicht die Einzelheiten kennen, die Gott, dem Vater der Barmherzigkeit, bekannt sind.<\/p>\n\n\n\n<p class=\"has-text-align-center\"><strong>STAT CRUX DUM VOLVITUR ORBIS<\/strong><\/p>\n","protected":false},"excerpt":{"rendered":"<p>Kart\u00e4user, die ein einsames Leben gew\u00e4hlt haben, werden Ihnen dankbar sein, wenn Sie ihre Einsamkeit respektieren. [&hellip;]<\/p>\n","protected":false},"author":1,"featured_media":0,"parent":4896,"menu_order":0,"comment_status":"closed","ping_status":"closed","template":"template-full-width.php","meta":{"footnotes":""},"class_list":["post-4721","page","type-page","status-publish","hentry"],"_links":{"self":[{"href":"https:\/\/chartreux.org\/moines\/wp-json\/wp\/v2\/pages\/4721","targetHints":{"allow":["GET"]}}],"collection":[{"href":"https:\/\/chartreux.org\/moines\/wp-json\/wp\/v2\/pages"}],"about":[{"href":"https:\/\/chartreux.org\/moines\/wp-json\/wp\/v2\/types\/page"}],"author":[{"embeddable":true,"href":"https:\/\/chartreux.org\/moines\/wp-json\/wp\/v2\/users\/1"}],"replies":[{"embeddable":true,"href":"https:\/\/chartreux.org\/moines\/wp-json\/wp\/v2\/comments?post=4721"}],"version-history":[{"count":0,"href":"https:\/\/chartreux.org\/moines\/wp-json\/wp\/v2\/pages\/4721\/revisions"}],"up":[{"embeddable":true,"href":"https:\/\/chartreux.org\/moines\/wp-json\/wp\/v2\/pages\/4896"}],"wp:attachment":[{"href":"https:\/\/chartreux.org\/moines\/wp-json\/wp\/v2\/media?parent=4721"}],"curies":[{"name":"wp","href":"https:\/\/api.w.org\/{rel}","templated":true}]}}