{"id":4720,"date":"2021-09-15T21:06:25","date_gmt":"2021-09-15T19:06:25","guid":{"rendered":"https:\/\/chartreux.org\/moines\/?page_id=4720"},"modified":"2023-12-29T01:36:18","modified_gmt":"2023-12-29T00:36:18","slug":"contatti","status":"publish","type":"page","link":"https:\/\/chartreux.org\/moines\/it\/risorse\/contatti\/","title":{"rendered":"Contatti"},"content":{"rendered":"\n<p class=\"t0 ecarteur3\">I certosini che hanno scelto una vita solitaria vi saranno grati per aver rispettato la loro solitudine. La posta regolare \u00e8 incompatibile con la loro vita, e anche ai loro parenti stretti scrivono raramente. Tuttavia, se avete delle domande su una possibile vocazione alla loro vita, potete scrivere a una delle case i cui indirizzi troverete nella pagina \u00ab\u00a0I monasteri\u00a0\u00bb.<\/p>\n\n\n\n<p>Se stai pensando a una vocazione e hai difficolt\u00e0 a contattare una delle case dell&rsquo;Ordine o non sei sicuro di quale contattare, scrivi a\u00a0: <img decoding=\"async\" class=\"email\" src=\"\/$\/email\/vocations2chartreuseinfo.png\" alt=\"\"><img decoding=\"async\" width=\"250\" height=\"21\" class=\"wp-image-6983\" style=\"width: 250px;\" src=\"https:\/\/chartreux.org\/moines\/wp-content\/uploads\/2023\/12\/vacations_new2.png\" alt=\"vacations\">(Questo indirizzo \u00e8 solo per le vocazioni; qualsiasi messaggio su un altro argomento non avr\u00e0 risposta). Le informazioni saranno inoltrate alla casa pi\u00f9 appropriata.<\/p>\n\n\n\n<p>Per per esprimere le vostre impressioni o esprimere un desiderio riguardo a questo sito, potete scrivere al Webmaster all&rsquo;indirizzo: <img decoding=\"async\" class=\"email\" src=\"\/$\/email\/contact2chartreuseinfo.png\" alt=\"\"><img decoding=\"async\" width=\"250\" height=\"21\" class=\"wp-image-6985\" style=\"width: 250px;\" src=\"https:\/\/chartreux.org\/moines\/wp-content\/uploads\/2023\/12\/contact_new2.png\" alt=\"contact_new\"> Raramente sar\u00e0 risposto (grazie per la vostra comprensione).<\/p>\n\n\n\n<p class=\"t0\">Per domande storiche e scientifiche, si prega di contattare:<\/p>\n\n\n\n<div class=\"adresses\">\n<div class=\"bloc2\">\n<p class=\"t0 gras\">Centre de Recherches Cartusiennes<br>Mus\u00e9e<br>30130 Pont-Saint-Esprit<br>France<\/p>\n<\/div>\n<p>o anche :<\/p>\n<div class=\"bloc2\">\n<p class=\"t0 gras\">Alain Girard<br>Maison des chevaliers<br>30130 Pont-Saint-Esprit<br>France<\/p>\n<\/div>\n<p class=\"t0 gras\">Sylvain Excoffon<br>Universit\u00e9 Saint-Etienne<br>France<br>sylvain.excoffon@univ-st-etienne<\/p>\n<\/div>\n\n\n\n<h3 class=\"wp-block-heading\">Intenzioni di preghiera speciali?<\/h3>\n\n\n\n<p>Siamo spiacenti di non poterle offrire la possibilit\u00e0 di una cassetta delle intenzioni di preghiera. Il nostro sito riceve una media di 25.000 visite al mese. Questo sarebbe ingestibile. Ma dovete sapere che i certosini pregano per tutti, sempre, cos\u00ec come per le grandi intenzioni della Chiesa e le necessit\u00e0 del mondo. Non hanno bisogno di conoscere i dettagli, che sono noti a Dio, Padre di misericordia.<\/p>\n\n\n\n<p class=\"has-text-align-center\"><strong>STAT CRUX DUM VOLVITUR ORBIS<\/strong><\/p>\n","protected":false},"excerpt":{"rendered":"<p>I certosini che hanno scelto una vita solitaria vi saranno grati per aver rispettato la loro [&hellip;]<\/p>\n","protected":false},"author":1,"featured_media":0,"parent":4895,"menu_order":0,"comment_status":"closed","ping_status":"closed","template":"template-full-width.php","meta":{"footnotes":""},"class_list":["post-4720","page","type-page","status-publish","hentry"],"_links":{"self":[{"href":"https:\/\/chartreux.org\/moines\/wp-json\/wp\/v2\/pages\/4720","targetHints":{"allow":["GET"]}}],"collection":[{"href":"https:\/\/chartreux.org\/moines\/wp-json\/wp\/v2\/pages"}],"about":[{"href":"https:\/\/chartreux.org\/moines\/wp-json\/wp\/v2\/types\/page"}],"author":[{"embeddable":true,"href":"https:\/\/chartreux.org\/moines\/wp-json\/wp\/v2\/users\/1"}],"replies":[{"embeddable":true,"href":"https:\/\/chartreux.org\/moines\/wp-json\/wp\/v2\/comments?post=4720"}],"version-history":[{"count":0,"href":"https:\/\/chartreux.org\/moines\/wp-json\/wp\/v2\/pages\/4720\/revisions"}],"up":[{"embeddable":true,"href":"https:\/\/chartreux.org\/moines\/wp-json\/wp\/v2\/pages\/4895"}],"wp:attachment":[{"href":"https:\/\/chartreux.org\/moines\/wp-json\/wp\/v2\/media?parent=4720"}],"curies":[{"name":"wp","href":"https:\/\/api.w.org\/{rel}","templated":true}]}}