{"id":4710,"date":"2021-09-15T20:52:03","date_gmt":"2021-09-15T18:52:03","guid":{"rendered":"https:\/\/chartreux.org\/moines\/?page_id=4710"},"modified":"2022-05-25T11:13:57","modified_gmt":"2022-05-25T09:13:57","slug":"livros","status":"publish","type":"page","link":"https:\/\/chartreux.org\/moines\/pt\/recursos-2\/livros\/","title":{"rendered":"Livros"},"content":{"rendered":"<h4 class=\"titre\">Publica\u00e7oes cartusianas em portugu\u00eas<\/h4>\n<h3 class=\"librairie\">Livros<\/h3>\n<dl class=\"librairie\">\n<dt>\n<dl class=\"librairie\"><\/dl>\n<\/dt>\n<\/dl>\n<dl class=\"librairie\">\n<dt>\n<p>Um Cartuxo, <strong><em>A Cartuxa, uma vida para a vida da Igreja<\/em><\/strong>. Ed. Gr\u00e1fica Eborense, \u00c9vora, 1979.<\/p>\n<p><strong><em>1084-1984 &#8211; A Cartuxa: a uni\u00e3o com Deus pelo sil\u00eancio de solid\u00e3o. Nono centen\u00e1rio da funda\u00e7\u00e3o da Cartuxa<\/em><\/strong>. \u00c9vora, Scala Coeli, 1984.<\/p>\n<p>Um Cartuxo,<strong><em> A Cartuxa e a vida cartusiana<\/em><\/strong>. Ed. Gr\u00e1fica Eborense, \u00c9vora, 1995.<\/p>\n<p>Um monge contemplativo,<strong><em> Deus \u00e9 Amor<\/em><\/strong><em>.<\/em> Petr\u00f3polis, Editora Vozes, 1995.<\/p>\n<p>Giorgio Pap\u00e1sogli,<strong><em> Deus responde no deserto: S\u00e3o Bruno, o Santo da Cartuxa<\/em><\/strong><em>.<\/em> Ed. Gr\u00e1fica Livraria Editorial Pax, Braga, 1996.<\/p>\n<p>Giuseppe Gioia,<strong><em> Testemunhas de bondade<\/em><\/strong><em>.<\/em> Ed. A. O., Braga, 1996. <strong>Edi\u00e7\u00e3o em CD, <em>Livro \u00e1udio<\/em><\/strong>: Ed. Molokai, S\u00e3o Paulo, 2019.<\/p>\n<p><strong><em>Lectio Divina, ontem e hoje<\/em><\/strong>. Dentro vai inclu\u00edda <em><strong>A Escada dos Monges<\/strong><\/em>, de Guigo II, o Cartuxo. Ed. Subiaco, Juiz de Fora, 1999.<\/p>\n<p>Emanuel Matos Silva,<strong><em> Solid\u00e3o, sil\u00eancio e presen\u00e7a, aproxima\u00e7\u00e3o teol\u00f3gico-espiritual \u00e0 solid\u00e3o a partir de s\u00e3o Bruno<\/em><\/strong>. Ed. Gr\u00e1fica de Coimbra, Coimbra, 2000.<\/p>\n<p>Um Cartuxo,<strong><em> Palavras do deserto, homilias de um Cartuxo<\/em><\/strong>. Ed. Edipucrs, Porto Alegre, 2002.<\/p>\n<p>Monge da Ordem dos Cartuxos,<strong><em> O discernimento de esp\u00edritos<\/em><\/strong><em>.<\/em> Ed. Paulinas, S\u00e3o Paulo, 2003.<\/p>\n<p><strong><em>Palavras de monges Cartuxos<\/em><\/strong>. Ed. Edipucrs, Porto Alegre, 2004.<\/p>\n<p><strong><em>A Cartuxa: Actas do col\u00f3quio internacional, f\u00f3rum Eug\u00e9nio de Almeida. \u00c9vora, 8 e 9 de outubro de 2004<\/em><\/strong>. \u00c9vora, Funda\u00e7\u00e3o Eug\u00e9nio de Almeida, 2004.<\/p>\n<p>Juan Mayo Escudero,<strong><em> Iconografia de S\u00e3o Bruno<\/em><\/strong>. Analecta Cartusiana n. 237, Salzburgo, 2006.<\/p>\n<p>Dom Agostinho Guillerand,<strong><em> Sil\u00eancio da Cartuxa<\/em><\/strong><em>.<\/em> Ed. Subiaco, Juiz de Fora, 2007.<\/p>\n<p>Nacho Doce e Paulo Moura,<strong><em> O segredo da Cartuxa<\/em><\/strong>. Pedra da Lua, Lisboa, 2007.<\/p>\n<p><strong><em>La Cartuja<\/em><\/strong><strong><em> en Am\u00e9rica. A Cartuxa em Am\u00e9rica. The Carthusians in America<\/em><\/strong>. VV.AA. Analecta Cartusiana n. 258, Salzburgo, 2008.<\/p>\n<p>Ludolfo da Sax\u00f3nia,<strong><em> Vita Christi<\/em><\/strong>. Estudos Lingu\u00edsticos e Lematiza\u00e7\u00e3o do Vocabul\u00e1rio &#8211; Jos\u00e9 Barbosa Machado (edi\u00e7\u00e3o em portugu\u00eas do s\u00e9c. XV). 4 Volumes. Edi\u00e7\u00f5es Vercial, Braga, 2010-2016.<\/p>\n<p>Emanuel Matos Silva,<strong><em> Solid\u00e3o para a Epifania de Deus<\/em><\/strong>. Funda\u00e7\u00e3o Eug\u00e9nio de Almeida, \u00c9vora, 2010.<\/p>\n<p>Fran\u00e7ois de Sales Pollien, Joseph Tissot,<strong><em> A vida interior simplificada e reduzida ao seu fundamento<\/em><\/strong>. Ed. Cultor de Livros, S\u00e3o Paulo, 2011. 2\u00aa ed. 2020, na Cole\u00e7\u00e3o: <em>Cl\u00e1ssicos de Espiritualidade<\/em>, n\u00ba 11.<\/p>\n<p>Um monge de Scala Coeli,<strong><em> A Ora\u00e7\u00e3o de Jesus<\/em><\/strong>. Ed. Apostolado da Ora\u00e7\u00e3o, Braga, 2013.<\/p>\n<p>Um Cartuxo,<strong><em> A Missa mist\u00e9rio nupcial<\/em><\/strong>. Ed. Subiaco, Juiz de Fora, 1\u00aa ed. 2015, 2\u00aa ed. 2019.<\/p>\n<p><strong><em>O culto imemorial de S\u00e3o Bruno. Considera\u00e7\u00f5es<\/em><\/strong><em>. <strong>A comemora\u00e7\u00e3o do V Centen\u00e1rio da canoniza\u00e7\u00e3o equipolente de S\u00e3o Bruno<\/strong><\/em> e outros artigos de VV.AA. Analecta Cartusiana n. 315, Salzburgo, 2015.<\/p>\n<p>Um Cartuxo,<strong><em> A vida em Deus<\/em><\/strong>. Ed. Quadrante, S\u00e3o Paulo, 2015.<\/p>\n<p><strong>Guilherme de St-Thierry,<em> Carta de Ouro<\/em><\/strong>. Ed. Ecclesiae, Campinas-SP, 2018.<\/p>\n<p><strong>Vanderlei de Lima, <em>O caminho cartusiano pelo deserto. Magist\u00e9rio dos \u00faltimos Papas sobre a Cartuxa<\/em><\/strong>. Ed. do Autor, Amaparo (S\u00e3o Paulo). 2018.<\/p>\n<p><strong>Jean-Paul Galichet, monge Cartuxo,<em> Contempla\u00e7\u00e3o e Sacerd\u00f3cio<\/em><\/strong>. Ed. Molokai, S\u00e3o Paulo. 2019.<\/p>\n<p><strong>Um monge Cartuxo,<em> Introdu\u00e7\u00e3o \u00e0 Vida Interior<\/em><\/strong>. Por um monge\u00a0Cartuxo<em>.<\/em> Ed. Molokai, S\u00e3o Paulo, 2019.<\/p>\n<p><strong><em>Antologia de autores cartuxos<\/em><\/strong>. Ed. Cultor de Livros, S\u00e3o Paulo, 2020.<\/p>\n<p>Um Cartuxo de Scala Coeli,<strong><em> Di\u00e1logo com S\u00e3o Bruno<\/em><\/strong>. Ed. Academia Tubuciana, Abrantes, 2020.<\/p>\n<p>Um Cartuxo,<strong><em> O Ros\u00e1rio das Cl\u00e1usulas. Uma Lectio orante com Nossa Senhora<\/em><\/strong>. Um cartuxo. Ed. Cultor de Livros, S\u00e3o Paulo. 2\u00aa ed., 2010 e 3\u00aa ed., 2021.<\/p>\n<p>Um Cartuxo,<strong><em> Escritos espirituais<\/em><\/strong>. Ed. Molokai, S\u00e3o Paulo. 2021.<\/p>\n<p>\u00a0<\/p>\n<\/dt>\n<\/dl>\n<h3 class=\"librairie\" style=\"text-align: left;\">Compacts disques<\/h3>\n<dl class=\"librairie\">\n<dt>Jubilate Deo<\/dt>\n<dd>Cantos n\u00b02 dos monges da Gran Cartuxa.<\/dd>\n<dt>In Principio<\/dt>\n<dd>Cantos Cartuxos n\u00b04 : O Vangelo de S\u00e3o Jo\u00e3o.<\/dd>\n<dt>Cantate Deo<\/dt>\n<dd>Cantos das monjas d&rsquo;Espanha.<\/dd>\n<dt>In The Silence of the Word<\/dt>\n<dd>Cantos dos monges d&rsquo;Inglaterra.<\/dd>\n<\/dl>\n<div class=\"adresses\">\n<div class=\"bloc\">\n<p class=\"t0 gras\">No Museo da Correrie de la Grande Chartreuse<\/p>\n<p class=\"t0 gras\">Encomendas :<br \/><a href=\"http:\/\/www.musee-grande-chartreuse.fr\/fr\/vente-en-ligne\" target=\"_blank\" rel=\"noreferrer noopener\">www.musee-grande-chartreuse.fr\/fr\/vente-en-ligne<\/a><\/p>\n<p class=\"t0 gras\">Encomenda por correio:<\/p>\n<\/div>\n<\/div>\n\n\n<div class=\"wp-block-columns is-layout-flex wp-container-core-columns-is-layout-9d6595d7 wp-block-columns-is-layout-flex\">\n<div class=\"wp-block-column is-layout-flow wp-block-column-is-layout-flow\">\n<p>Chartreuse Diffusion<br>Magasin de la Correrie<br>38380 Saint Pierre de Chartreuse<br>France&nbsp;<\/p>\n<\/div>\n\n\n\n<div class=\"wp-block-column is-layout-flow wp-block-column-is-layout-flow\">\n<p>Chartreuse Diffusion<br>Service Commercial<br>10 Boulevard Kofler<br>38500 Voiron<br>France<\/p>\n<\/div>\n<\/div>\n\n\n\n<h3 class=\"has-text-align-left wp-block-heading\">DVD&rsquo;s<\/h3>\n\n\n\n<iframe src=\"https:\/\/www.youtube.com\/embed\/40d4urx7GpY\" allow=\"accelerometer; autoplay; clipboard-write; encrypted-media; gyroscope; picture-in-picture\" allowfullscreen=\"\" width=\"560\" height=\"315\" frameborder=\"0\"><\/iframe>\n\n\n\n<div class=\"wp-block-columns is-layout-flex wp-container-core-columns-is-layout-9d6595d7 wp-block-columns-is-layout-flex\">\n<div class=\"wp-block-column is-layout-flow wp-block-column-is-layout-flow\">\n<figure class=\"wp-block-image size-large\"><img decoding=\"async\" src=\"https:\/\/chartreux.org\/moniales\/wp-content\/uploads\/2020\/09\/DVD-annonce.jpg\" alt=\"\" class=\"wp-image-1071\"\/><\/figure>\n<\/div>\n\n\n\n<div class=\"wp-block-column is-layout-flow wp-block-column-is-layout-flow\">\n<p>DVD  <strong>Saint Bruno, P\u00e8re des Chartreux<\/strong><br>Un film de Marc Jeanson.  50 min. (em franc\u00eas)<\/p>\n\n\n\n<p><br>Encomendas:<br><a rel=\"noreferrer noopener\" href=\"http:\/\/www.musee-grande-chartreuse.fr\/fr\/vente-en-ligne\" target=\"_blank\">www.musee-grande-chartreuse.fr\/fr\/vente-en-ligne<\/a><br>o:<br><a rel=\"noreferrer noopener\" href=\"http:\/\/www.dcx.fr\" target=\"_blank\">www.dcx.fr<\/a><\/p>\n\n\n\n<p>Vers\u00e3o italiana dispon\u00edvel: <br>DVD  <strong>San Bruno, Padre dei certosini<\/strong><\/p>\n\n\n\n<p><br>Encomendas :<br>Museo della Certosa, Serra San Bruno, Italia<\/p>\n\n\n\n<p><a href=\"http:\/\/www.museocertosa.org\/serra-gift.html\">http:\/\/www.museocertosa.org\/serra-gift.html<\/a><\/p>\n<\/div>\n<\/div>\n\n\n\n<iframe src=\"https:\/\/player.vimeo.com\/video\/244650113\" allow=\"autoplay; fullscreen\" allowfullscreen=\"\" width=\"640\" height=\"360\" frameborder=\"0\"><\/iframe>\n\n\n\n<div class=\"wp-block-columns is-layout-flex wp-container-core-columns-is-layout-9d6595d7 wp-block-columns-is-layout-flex\">\n<div class=\"wp-block-column is-layout-flow wp-block-column-is-layout-flow\">\n<figure class=\"wp-block-image size-large\"><img decoding=\"async\" src=\"https:\/\/chartreux.org\/moniales\/wp-content\/uploads\/2020\/10\/DSCN0041b-997x1024.jpg\" alt=\"\" class=\"wp-image-1745\"\/><\/figure>\n<\/div>\n\n\n\n<div class=\"wp-block-column is-layout-flow wp-block-column-is-layout-flow\">\n<p>DVD  <strong>Une vie en Chartreuse: de la nuit du monde \u00e0 la Nuit Pascale.<\/strong><br>R\u00e9alisation: Les Ateliers des Forges. 49 min.<br>Commandes :<\/p>\n\n\n\n<p><a rel=\"noreferrer noopener\" href=\"http:\/\/www.musee-grande-chartreuse.fr\/fr\/vente-en-ligne\" target=\"_blank\">Mus\u00e9e de la Grande Chartreuse<\/a><br><a rel=\"noreferrer noopener\" href=\"http:\/\/www.musee-grande-chartreuse.fr\/fr\/vente-en-ligne\" target=\"_blank\">www.musee-grande-chartreuse.fr\/fr\/vente-en-ligne<\/a><\/p>\n<\/div>\n<\/div>\n\n\n\n<p><\/p>\n","protected":false},"excerpt":{"rendered":"<p>Publica\u00e7oes cartusianas em portugu\u00eas Livros Um Cartuxo, A Cartuxa, uma vida para a vida da Igreja. [&hellip;]<\/p>\n","protected":false},"author":1,"featured_media":0,"parent":4897,"menu_order":1,"comment_status":"closed","ping_status":"closed","template":"template-full-width.php","meta":{"footnotes":""},"class_list":["post-4710","page","type-page","status-publish","hentry"],"_links":{"self":[{"href":"https:\/\/chartreux.org\/moines\/wp-json\/wp\/v2\/pages\/4710","targetHints":{"allow":["GET"]}}],"collection":[{"href":"https:\/\/chartreux.org\/moines\/wp-json\/wp\/v2\/pages"}],"about":[{"href":"https:\/\/chartreux.org\/moines\/wp-json\/wp\/v2\/types\/page"}],"author":[{"embeddable":true,"href":"https:\/\/chartreux.org\/moines\/wp-json\/wp\/v2\/users\/1"}],"replies":[{"embeddable":true,"href":"https:\/\/chartreux.org\/moines\/wp-json\/wp\/v2\/comments?post=4710"}],"version-history":[{"count":0,"href":"https:\/\/chartreux.org\/moines\/wp-json\/wp\/v2\/pages\/4710\/revisions"}],"up":[{"embeddable":true,"href":"https:\/\/chartreux.org\/moines\/wp-json\/wp\/v2\/pages\/4897"}],"wp:attachment":[{"href":"https:\/\/chartreux.org\/moines\/wp-json\/wp\/v2\/media?parent=4710"}],"curies":[{"name":"wp","href":"https:\/\/api.w.org\/{rel}","templated":true}]}}