{"id":3612,"date":"2021-06-02T22:17:21","date_gmt":"2021-06-02T20:17:21","guid":{"rendered":"https:\/\/chartreux.org\/moines\/?page_id=3612"},"modified":"2024-11-17T01:02:48","modified_gmt":"2024-11-17T00:02:48","slug":"autres-sites","status":"publish","type":"page","link":"https:\/\/chartreux.org\/moines\/ressources\/autres-sites\/","title":{"rendered":"Autres sites"},"content":{"rendered":"\n<div style=\"height:40px\" aria-hidden=\"true\" class=\"wp-block-spacer\"><\/div>\n\n\n\n<h2 class=\"wp-block-heading\">Maisons avec leur propre site internet<\/h2>\n\n\n\n<p><a href=\"http:\/\/www.certosini.info\">Chartreuse de Farneta<\/a> (en italien)<\/p>\n\n\n\n<p><a href=\"http:\/\/www.cartuja.org\">Chartreuse de Miraflores<\/a> (en espagnol) <\/p>\n\n\n\n<p><a href=\"http:\/\/www.parkminster.org.uk\" data-type=\"URL\" data-id=\"http:\/\/www.parkminster.org.uk\">Chartreuse de Parkminster<\/a> (en anglais)<\/p>\n\n\n\n<p><a href=\"http:\/\/cartujadeportacoeli.org\" data-type=\"URL\" data-id=\"http:\/\/cartujadeportacoeli.org\">Chartreuse de Porta Coeli<\/a> (en espagnol)<\/p>\n\n\n\n<p><a href=\"http:\/\/kartuzija-pleterje.si\" data-type=\"URL\" data-id=\"http:\/\/kartuzija-pleterje.si\">Chartreuse de Pleterje<\/a> (multilangue)<\/p>\n\n\n\n<p><a href=\"http:\/\/www.certosini.info\" data-type=\"URL\" data-id=\"http:\/\/www.certosini.info\">Chartreuse de Serra San Bruno<\/a> (en italien)<\/p>\n\n\n\n<p><a href=\"https:\/\/www.carthusiansusa.org\/\">Chartreuse de la Transfiguration<\/a> (en anglais)<\/p>\n\n\n\n<p><a href=\"https:\/\/www.cartujasanjose.org\/\">Chartreuse de San Jos\u00e9<\/a> (en espagnol)<\/p>\n\n\n\n<p><a href=\"http:\/\/www.cartoixamontalegre.com\/\" data-type=\"URL\" data-id=\"http:\/\/www.cartoixamontalegre.com\/\">Chartreuse de Montal\u00e8gre<\/a> (en catalan et castillan)<\/p>\n\n\n\n<h3 class=\"wp-block-heading\">Autres sites li\u00e9s \u00e0 l&rsquo;Ordre <\/h3>\n\n\n\n<p><a href=\"http:\/\/www.musee-grande-chartreuse.fr\" data-type=\"URL\" data-id=\"www.musee-grande-chartreuse.fr\">Mus\u00e9e de la Correrie &#8211; Grande Chartreuse<\/a> (France)<\/p>\n\n\n\n<p><a href=\"http:\/\/www.museocertosa.org\" data-type=\"URL\" data-id=\"http:\/\/www.museocertosa.org\">Mus\u00e9e de la Chartreuse de Serra San Bruno<\/a> (Italie)<\/p>\n\n\n\n<p><a href=\"http:\/\/selignac.chartreux.org\" data-type=\"URL\" data-id=\"http:\/\/selignac.chartreux.org\">Maison Saint Bruno &#8211; Chartreuse de S\u00e9lignac<\/a> (France)<\/p>\n\n\n\n<p><a href=\"http:\/\/www.vocatiochartreux.org\" data-type=\"URL\" data-id=\"http:\/\/www.vocatiochartreux.org\">Vocation<\/a><\/p>\n\n\n\n<p><a href=\"http:\/\/www.saintbruno.org\" data-type=\"URL\" data-id=\"www.saintbruno.org\">International Fellowship of St Bruno<\/a> (\u00c9tats-Unis)<\/p>\n\n\n\n<p><a href=\"https:\/\/www.chartreuse.fr\/\" data-type=\"URL\" data-id=\"https:\/\/www.chartreuse.fr\/\">La liqueur de Chartreuse<\/a><\/p>\n\n\n\n<div class=\"wp-block-columns is-layout-flex wp-container-core-columns-is-layout-9d6595d7 wp-block-columns-is-layout-flex\">\n<div class=\"wp-block-column is-layout-flow wp-block-column-is-layout-flow\">\n<figure class=\"wp-block-image\"><img decoding=\"async\" src=\"https:\/\/chartreux.org\/moniales\/wp-content\/uploads\/2020\/11\/musee_home_900.jpg\" alt=\"\"\/><\/figure>\n<\/div>\n\n\n\n<div class=\"wp-block-column is-layout-flow wp-block-column-is-layout-flow\">\n<figure class=\"wp-block-image\"><img decoding=\"async\" src=\"https:\/\/chartreux.org\/moniales\/wp-content\/uploads\/2020\/11\/chartreuse.jpg\" alt=\"\"\/><\/figure>\n<\/div>\n<\/div>\n\n\n\n<div style=\"height:40px\" aria-hidden=\"true\" class=\"wp-block-spacer\"><\/div>\n\n\n\n<h2 class=\"wp-block-heading\">Information pour les chercheurs<\/h2>\n\n\n\n<p>Analecta Cartusiana<\/p>\n\n\n\n<p><a href=\"http:\/\/analectacartusiana.blogspot.com\" data-type=\"URL\" data-id=\"analectacartusiana.blogspot.com\">Analecta Cartusiana Blog<\/a><\/p>\n\n\n\n<p><a href=\"https:\/\/brunonis.net\/\" data-type=\"URL\" data-id=\"https:\/\/brunonis.net\/\">Brunonis Blog<\/a><\/p>\n\n\n\n<p><a href=\"http:\/\/www.cartusiana.org\" data-type=\"URL\" data-id=\"www.cartusiana.org\">Cartusiana<\/a><\/p>\n\n\n\n<p><a href=\"https:\/\/cercornum.univ-st-etienne.fr\/analectacartusiana\/\" data-type=\"URL\" data-id=\"https:\/\/cercornum.univ-st-etienne.fr\/analectacartusiana\/\">CERCOR &#8211; Analecta Cartusiana<\/a><br>(Centre europ\u00e9en de recherche sur les communaut\u00e9s, congr\u00e9gations et ordres religieux &#8211; Universit\u00e9 de Saint-\u00c9tienne)<\/p>\n\n\n\n<p><a href=\"http:\/\/www.chartreuses.blogspot.com\" data-type=\"URL\" data-id=\"www.chartreuses.blogspot.com\">Chartreuses-Kart\u00e4user-Charterhouse-Cartuja<\/a><\/p>\n\n\n\n<p><a href=\"http:\/\/www.kartause.net\" data-type=\"URL\" data-id=\"www.kartause.net\">Kartause Aggsbach Blog<\/a> <\/p>\n\n\n\n<p><\/p>\n\n\n\n<div style=\"height:40px\" aria-hidden=\"true\" class=\"wp-block-spacer\"><\/div>\n\n\n\n<h2 class=\"wp-block-heading\">Quelques chartreuses devenues mus\u00e9es<\/h2>\n\n\n\n<p>Mus\u00e9e National Germanique <a href=\"https:\/\/www.gnm.de\/\" data-type=\"URL\" data-id=\"https:\/\/www.gnm.de\/\">Chartreuse de Nuremberg<\/a> (Allemagne)<\/p>\n\n\n\n<p><a href=\"https:\/\/www.museum.de\/museen\/kart%C3%A4usermuseum-t%C3%BCckelhausen\" data-type=\"URL\" data-id=\"https:\/\/www.museum.de\/museen\/kart%C3%A4usermuseum-t%C3%BCckelhausen\">Mus\u00e9e de la Chartreuse de T\u00fcckelhausen<\/a> (Allemagne) &#8211; Avec exposition cartusienne permanente<\/p>\n\n\n\n<p><a href=\"https:\/\/www.kartause.net\/\" data-type=\"URL\" data-id=\"https:\/\/www.kartause.net\/\">Chartreuse d&rsquo;Aggsbach<\/a> (Autriche) &#8211; Avec exposition cartusienne permanente<\/p>\n\n\n\n<p><a href=\"https:\/\/www.kartause-gaming.at\/die-kartause.html\" data-type=\"URL\" data-id=\"https:\/\/www.kartause-gaming.at\/die-kartause.html\">Chartreuse de Gaming<\/a> (Autriche)<\/p>\n\n\n\n<p><a href=\"https:\/\/www.monasteriodeelpaular.com\/\" data-type=\"URL\" data-id=\"https:\/\/www.monasteriodeelpaular.com\/\">Chartreuse de El Paular<\/a> (Espagne)<\/p>\n\n\n\n<p><a href=\"https:\/\/cartujadegranada.com\/\" data-type=\"URL\" data-id=\"https:\/\/cartujadegranada.com\/\">Chartreuse de Grenade<\/a> (Espagne)<\/p>\n\n\n\n<p><a href=\"http:\/\/Sevilla https:\/\/www.visitarsevilla.com\/que-ver\/monumentos\/el-monasterio-de-la-cartuja\/\" data-type=\"URL\" data-id=\"Sevilla https:\/\/www.visitarsevilla.com\/que-ver\/monumentos\/el-monasterio-de-la-cartuja\/\">Chartreuse de S\u00e9ville<\/a> (Espagne)<\/p>\n\n\n\n<p><a href=\"http:\/\/www.cote-dopale.com\/tourisme\/chartreuse-de-neuville\" data-type=\"URL\" data-id=\"http:\/\/www.cote-dopale.com\/tourisme\/chartreuse-de-neuville\">Chartreuse de Montreuil-sur-mer<\/a> (France) &#8211; Avec exposition cartusienne permanente <\/p>\n\n\n\n<p><a href=\"https:\/\/chartreuse-molsheim.info\/\" data-type=\"URL\" data-id=\"https:\/\/chartreuse-molsheim.info\/\">Mus\u00e9e de la Chartreuse de Molsheim<\/a> (France) &#8211; Avec exposition cartusienne permanente<\/p>\n\n\n\n<p><a href=\"https:\/\/chartreuse-saintecroixenjarez.com\/fr\/visites-sainte-croix-en-jarez\/visites-individuelles#!\/page\/visites-guidees\" data-type=\"URL\" data-id=\"https:\/\/chartreuse-saintecroixenjarez.com\/fr\/visites-sainte-croix-en-jarez\/visites-individuelles#!\/page\/visites-guidees\">Chartreuse de Sainte-Croix-en-Jarez<\/a> (France)<\/p>\n\n\n\n<p><a href=\"https:\/\/www.msn.unipi.it\/it\/la-certosa\/\" data-type=\"URL\" data-id=\"https:\/\/www.msn.unipi.it\/it\/la-certosa\/\">Mus\u00e9e de la Chartreuse de Calci, Pisa<\/a> (Italie)<\/p>\n\n\n\n<p><a href=\"http:\/\/www.certosadifirenze.it\/\" data-type=\"URL\" data-id=\"http:\/\/www.certosadifirenze.it\/\">Chartreuse de Galluzzo, Florence<\/a> (Italie)<\/p>\n\n\n\n<p><a href=\"https:\/\/fr.wikipedia.org\/wiki\/Chartreuse_Saint-Martin_de_Naples\" data-type=\"URL\" data-id=\"https:\/\/fr.wikipedia.org\/wiki\/Chartreuse_Saint-Martin_de_Naples\">Chartreuse de Naples<\/a> (Italie)<\/p>\n\n\n\n<p><a href=\"https:\/\/fr.wikipedia.org\/wiki\/Chartreuse_de_Padula\" data-type=\"URL\" data-id=\"https:\/\/fr.wikipedia.org\/wiki\/Chartreuse_de_Padula\">Chartreuse de Padula<\/a> (Italie) &#8211; Patrimoine de l&rsquo;humanit\u00e9 <a href=\"https:\/\/whc.unesco.org\/fr\/list\/842\" data-type=\"URL\" data-id=\"https:\/\/whc.unesco.org\/fr\/list\/842\">UNESCO<\/a><\/p>\n\n\n\n<p><a href=\"http:\/\/www.museo.certosadipavia.beniculturali.it\/\" data-type=\"URL\" data-id=\"http:\/\/www.museo.certosadipavia.beniculturali.it\/\">Mus\u00e9e de la Chartreuse de Pavie<\/a> (Italie)<\/p>\n\n\n\n<p><a href=\"http:\/\/www.polomusealelazio.beniculturali.it\/certosa-di-trisulti\" data-type=\"URL\" data-id=\"http:\/\/www.polomusealelazio.beniculturali.it\/certosa-di-trisulti\">Chartreuse de Trisulti<\/a> (Italie)<\/p>\n\n\n\n<p><a href=\"https:\/\/www.kartause.ch\/fr\/lhistoire-de-la-kartause-ittingen\" data-type=\"URL\" data-id=\"https:\/\/www.kartause.ch\/fr\/lhistoire-de-la-kartause-ittingen\">Mus\u00e9e de la Chartreuse d&rsquo;Ittingen<\/a> (Suisse) &#8211; Avec exposition cartusienne permanente<\/p>\n\n\n\n<div style=\"height:40px\" aria-hidden=\"true\" class=\"wp-block-spacer\"><\/div>\n\n\n<div class=\"wp-block-image\">\n<figure class=\"aligncenter size-full\"><img decoding=\"async\" width=\"700\" height=\"467\" src=\"https:\/\/chartreux.org\/moines\/wp-content\/uploads\/2021\/11\/Nuremberg-eglise-1.jpg\" alt=\"\" class=\"wp-image-5308\" srcset=\"https:\/\/chartreux.org\/moines\/wp-content\/uploads\/2021\/11\/Nuremberg-eglise-1.jpg 700w, https:\/\/chartreux.org\/moines\/wp-content\/uploads\/2021\/11\/Nuremberg-eglise-1-300x200.jpg 300w\" sizes=\"(max-width: 700px) 100vw, 700px\" \/><figcaption class=\"wp-element-caption\">La Chartreuse de Nuremberg, Allemagne<\/figcaption><\/figure>\n<\/div>","protected":false},"excerpt":{"rendered":"<p>Maisons avec leur propre site internet Chartreuse de Farneta (en italien) Chartreuse de Miraflores (en espagnol) [&hellip;]<\/p>\n","protected":false},"author":1,"featured_media":0,"parent":770,"menu_order":6,"comment_status":"closed","ping_status":"closed","template":"template-full-width.php","meta":{"footnotes":""},"class_list":["post-3612","page","type-page","status-publish","hentry"],"_links":{"self":[{"href":"https:\/\/chartreux.org\/moines\/wp-json\/wp\/v2\/pages\/3612","targetHints":{"allow":["GET"]}}],"collection":[{"href":"https:\/\/chartreux.org\/moines\/wp-json\/wp\/v2\/pages"}],"about":[{"href":"https:\/\/chartreux.org\/moines\/wp-json\/wp\/v2\/types\/page"}],"author":[{"embeddable":true,"href":"https:\/\/chartreux.org\/moines\/wp-json\/wp\/v2\/users\/1"}],"replies":[{"embeddable":true,"href":"https:\/\/chartreux.org\/moines\/wp-json\/wp\/v2\/comments?post=3612"}],"version-history":[{"count":1,"href":"https:\/\/chartreux.org\/moines\/wp-json\/wp\/v2\/pages\/3612\/revisions"}],"predecessor-version":[{"id":7190,"href":"https:\/\/chartreux.org\/moines\/wp-json\/wp\/v2\/pages\/3612\/revisions\/7190"}],"up":[{"embeddable":true,"href":"https:\/\/chartreux.org\/moines\/wp-json\/wp\/v2\/pages\/770"}],"wp:attachment":[{"href":"https:\/\/chartreux.org\/moines\/wp-json\/wp\/v2\/media?parent=3612"}],"curies":[{"name":"wp","href":"https:\/\/api.w.org\/{rel}","templated":true}]}}