{"id":3342,"date":"2021-05-19T02:45:02","date_gmt":"2021-05-19T00:45:02","guid":{"rendered":"https:\/\/chartreux.org\/moines\/?page_id=3342"},"modified":"2021-12-01T10:56:18","modified_gmt":"2021-12-01T09:56:18","slug":"la-giornata-del-certosino","status":"publish","type":"page","link":"https:\/\/chartreux.org\/moines\/it\/la-giornata-del-certosino\/","title":{"rendered":"La giornata"},"content":{"rendered":"\n<div class=\"wp-block-columns is-layout-flex wp-container-core-columns-is-layout-9d6595d7 wp-block-columns-is-layout-flex\">\n<div class=\"wp-block-column is-layout-flow wp-block-column-is-layout-flow\">\n<p><\/p>\n<div id=\"toc_container\">\n<ul class=\"toc_list\">\n  <li><a href=\"#1\">1. La notte: il grande ufficio notturno<\/a><\/li>\n  <li><a href=\"#2\">2. Mattinata: santa messa, lectio divina, studio<\/a><\/li>\n  <li><a href=\"#3\">3. Mezzogiorno e pomeriggio: pasto, ricreazione, lavoro manuale<\/a><\/li>\n  <li><a href=\"#4\">4. Il termine della giornata<\/a><\/li>\n<\/ul>\n<\/div>\n<\/div>\n\n\n\n<div class=\"wp-block-column is-layout-flow wp-block-column-is-layout-flow\">\n<blockquote class=\"wp-block-quote is-layout-flow wp-block-quote-is-layout-flow\"><p><em>\u00abMarta, Marta, tu ti preoccupi e ti agiti per molte cose, ma una sola \u00e8 la cosa di cui c&rsquo;\u00e8 bisogno. Maria si \u00e8 scelta la parte migliore, che non le sar\u00e0 tolta\u00bb.<\/em><br>(Luca 10, 41-42)<\/p><\/blockquote>\n\n\n\n<p><\/p>\n<\/div>\n<\/div>\n\n\n\n<p>Spieghiamo qui, per tappe, l\u2019orario di un normale giorno feriale per un monaco del chiostro, evidenziando alcune particolarit\u00e0 per i fratelli laici. Si tratta di un orario di massima che, in realt\u00e0, pu\u00f2 variare leggermente di casa in casa, pur mantenendo la stessa struttura di base. <\/p>\n\n\n\n<p>Mattutino, Lodi, Prima, Terza, Sesta, Nona, Vespro e Compieta sono i nomi degli uffici liturgici che scandiscono la giornata. Alcuni si cantano in chiesa, in comune, altri si recitano in solitudine, nell&rsquo;oratorio della cella. Ogni ora dell&rsquo;ufficio della giornata \u00e8 preceduta o seguita dall&rsquo;ufficio della Beata Vergine Maria, caratteristica certosina che deriva da una tradizione molto antica.<\/p>\n\n\n\n<hr class=\"wp-block-separator is-style-default\"\/>\n\n\n\n<div style=\"height:40px\" aria-hidden=\"true\" class=\"wp-block-spacer\"><\/div>\n\n\n\n<h3 class=\"wp-block-heading\" id=\"1\">1. La notte: il grande ufficio notturno<\/h3>\n\n\n\n<p><strong>23:30: levata. Mattutino della Beata Vergine Maria.<\/strong><br><strong>Preghiera personale in cella. I fratelli si alzano a mezzanotte.<\/strong><br><strong>00:15: In chiesa, ufficio di Mattutino, seguito da Lodi e Angelus.<\/strong><br><strong>Tra le 2:15 e le 3:15: ritorno in cella, Lodi della Beata Vergine Maria e riposo.<\/strong><\/p>\n\n\n\n<div class=\"wp-block-columns is-layout-flex wp-container-core-columns-is-layout-9d6595d7 wp-block-columns-is-layout-flex\">\n<div class=\"wp-block-column is-layout-flow wp-block-column-is-layout-flow\">\n<figure class=\"wp-block-image size-large\"><img decoding=\"async\" width=\"1024\" height=\"752\" src=\"https:\/\/chartreux.org\/moines\/wp-content\/uploads\/2021\/01\/Off-nuit-02-2-1024x752.jpg\" alt=\"\" class=\"wp-image-1440\" srcset=\"https:\/\/chartreux.org\/moines\/wp-content\/uploads\/2021\/01\/Off-nuit-02-2-1024x752.jpg 1024w, https:\/\/chartreux.org\/moines\/wp-content\/uploads\/2021\/01\/Off-nuit-02-2-300x220.jpg 300w, https:\/\/chartreux.org\/moines\/wp-content\/uploads\/2021\/01\/Off-nuit-02-2-768x564.jpg 768w, https:\/\/chartreux.org\/moines\/wp-content\/uploads\/2021\/01\/Off-nuit-02-2.jpg 1470w\" sizes=\"(max-width: 1024px) 100vw, 1024px\" \/><\/figure>\n<\/div>\n\n\n\n<div class=\"wp-block-column is-layout-flow wp-block-column-is-layout-flow\">\n<figure class=\"wp-block-image size-large\"><img decoding=\"async\" width=\"1024\" height=\"749\" src=\"https:\/\/chartreux.org\/moines\/wp-content\/uploads\/2021\/01\/Off-nuit-01-2-1024x749.jpg\" alt=\"\" class=\"wp-image-1441\" srcset=\"https:\/\/chartreux.org\/moines\/wp-content\/uploads\/2021\/01\/Off-nuit-01-2-1024x749.jpg 1024w, https:\/\/chartreux.org\/moines\/wp-content\/uploads\/2021\/01\/Off-nuit-01-2-300x219.jpg 300w, https:\/\/chartreux.org\/moines\/wp-content\/uploads\/2021\/01\/Off-nuit-01-2-768x562.jpg 768w, https:\/\/chartreux.org\/moines\/wp-content\/uploads\/2021\/01\/Off-nuit-01-2.jpg 1300w\" sizes=\"(max-width: 1024px) 100vw, 1024px\" \/><\/figure>\n<\/div>\n<\/div>\n\n\n\n<p><\/p>\n\n\n\n<p>Nel cuore della notte, qualunque sia la stagione, tutti i giorni nessuno escluso, i certosini sono in chiesa, dove tutta la comunit\u00e0 si riunisce, per questo lungo ufficio, che comprende <strong>Mattutino<\/strong> e <strong>Lodi<\/strong>. I certosini pregano mentre il mondo dorme. Di notte, come una sentinella, il certosino sta davanti a Dio per lodarlo, per ascoltare la sua Parola e per farsi carico delle sofferenze e delle preoccupazioni del mondo. Questo ufficio, pi\u00f9 o meno prolungato a seconda del giorno liturgico, rappresenta uno dei momenti pi\u00f9 ricchi e pi\u00f9 propri della giornata certosina.<\/p>\n\n\n\n<p>L&rsquo;ufficio di Mattutino \u00e8 caratterizzato dalla recita cantata dei Salmi, intervallata da letture bibliche e patristiche, silenzio e preghiere di intercessione. Pu\u00f2 essere in latino o in lingua vernacola. Lodi \u00e8 un ufficio di lode e ringraziamento per il giorno che comincia.<\/p>\n\n\n\n<div class=\"wp-block-image\"><figure class=\"aligncenter size-full\"><img decoding=\"async\" width=\"525\" height=\"525\" src=\"https:\/\/chartreux.org\/moines\/wp-content\/uploads\/2021\/12\/OffNuitCarre.jpg\" alt=\"\" class=\"wp-image-5728\" srcset=\"https:\/\/chartreux.org\/moines\/wp-content\/uploads\/2021\/12\/OffNuitCarre.jpg 525w, https:\/\/chartreux.org\/moines\/wp-content\/uploads\/2021\/12\/OffNuitCarre-300x300.jpg 300w, https:\/\/chartreux.org\/moines\/wp-content\/uploads\/2021\/12\/OffNuitCarre-150x150.jpg 150w\" sizes=\"(max-width: 525px) 100vw, 525px\" \/><\/figure><\/div>\n\n\n\n<p>Quattro volte al giorno, la preghiera dell&rsquo;<strong>Angelus<\/strong> (in Certosa composta di solo tre Ave Maria) venera il mistero dell&rsquo;Incarnazione del Figlio di Dio e ricorda la visita dell&rsquo;angelo Gabriele alla Vergine Maria, durante la quale ella acconsent\u00ec a divenire la madre di Cristo: il suo \u00ab\u00a0s\u00ec\u00a0\u00bb ha aperto l&rsquo;umanit\u00e0 e l&rsquo;intera creazione all\u2019opera della Redenzione.<\/p>\n\n\n\n<p>Rientrato in cella, il monaco certosino torna al suo oratorio per un&rsquo;ultima preghiera prima di andare a riposare: le Lodi della Beata Vergine Maria. Sia nei giorni feriali che festivi, questo breve ufficio trapunta la giornata del certosino, come un filo che lo lega alla preghiera della Madre di Dio, che sa essere anche la sua propria madre.<\/p>\n\n\n\n<p>I fratelli, se non hanno preso parte alle Lodi, fanno in cella, prostrati, quella che chiamiamo \u00ab\u00a0preghiera materna\u00a0\u00bb (cos\u00ec chiamata poich\u00e9 recitata nella lingua natia): una preghiera spontanea e fiduciosa che racchiude tutte le grandi intenzioni della Chiesa e del mondo.<\/p>\n\n\n\n<hr class=\"wp-block-separator is-style-default\"\/>\n\n\n\n<div style=\"height:40px\" aria-hidden=\"true\" class=\"wp-block-spacer\"><\/div>\n\n\n\n<h3 class=\"wp-block-heading\" id=\"2\">2. Mattinata: santa messa, <em>lectio divina<\/em>, studio<\/h3>\n\n\n\n<p><strong>6:30 o 6:45: levata.<\/strong><br><strong>7:00: Ufficio di Prima, seguito da Angelus. Preghiera o lettura in preparazione alla messa.<\/strong><br><strong>8:00: Messa conventuale.<\/strong> <strong>Poi, per i padri, celebrazione della Messa in solitudine, in una cappella.<\/strong><br><strong>Per i fratelli, preghiera ed inizio lavoro.<\/strong><br><strong>10:00: Ufficio di Terza, in cella. Poi <em>lectio divina<\/em> e studio.<\/strong><\/p>\n\n\n\n<div class=\"wp-block-columns is-layout-flex wp-container-core-columns-is-layout-9d6595d7 wp-block-columns-is-layout-flex\">\n<div class=\"wp-block-column is-layout-flow wp-block-column-is-layout-flow\">\n<figure class=\"wp-block-image size-large\"><img decoding=\"async\" width=\"1024\" height=\"768\" src=\"https:\/\/chartreux.org\/moines\/wp-content\/uploads\/2021\/01\/PL-messe-1024x768.jpg\" alt=\"\" class=\"wp-image-1471\" srcset=\"https:\/\/chartreux.org\/moines\/wp-content\/uploads\/2021\/01\/PL-messe-1024x768.jpg 1024w, https:\/\/chartreux.org\/moines\/wp-content\/uploads\/2021\/01\/PL-messe-300x225.jpg 300w, https:\/\/chartreux.org\/moines\/wp-content\/uploads\/2021\/01\/PL-messe-768x576.jpg 768w, https:\/\/chartreux.org\/moines\/wp-content\/uploads\/2021\/01\/PL-messe.jpg 1300w\" sizes=\"(max-width: 1024px) 100vw, 1024px\" \/><\/figure>\n<\/div>\n\n\n\n<div class=\"wp-block-column is-layout-flow wp-block-column-is-layout-flow\">\n<figure class=\"wp-block-image size-large\"><img decoding=\"async\" width=\"1024\" height=\"768\" src=\"https:\/\/chartreux.org\/moines\/wp-content\/uploads\/2021\/01\/DMJstudy044F-1024x768.jpg\" alt=\"\" class=\"wp-image-1472\" srcset=\"https:\/\/chartreux.org\/moines\/wp-content\/uploads\/2021\/01\/DMJstudy044F-1024x768.jpg 1024w, https:\/\/chartreux.org\/moines\/wp-content\/uploads\/2021\/01\/DMJstudy044F-300x225.jpg 300w, https:\/\/chartreux.org\/moines\/wp-content\/uploads\/2021\/01\/DMJstudy044F-768x576.jpg 768w, https:\/\/chartreux.org\/moines\/wp-content\/uploads\/2021\/01\/DMJstudy044F.jpg 1216w\" sizes=\"(max-width: 1024px) 100vw, 1024px\" \/><\/figure>\n<\/div>\n<\/div>\n\n\n\n<p><a href=\"#toc_container\" class=\"returnToTop\"> Torna all\u2019inizio! \u2191 <\/a><\/p>\n\n\n\n<p>Avendo riposato dopo il lungo servizio notturno, il certosino si alza intorno alle 6.30 per essere pronto per l\u2019ufficio di <strong>Prima<\/strong>, seguito dall&rsquo;Angelus. Non fa colazione.<\/p>\n\n\n\n<p>La <strong>messa conventuale<\/strong> riunisce per la seconda volta la comunit\u00e0 nella chiesa. \u00c8 anch\u2019 essa cantata, secondo la tradizione gregoriana certosina. \u00ab\u00a0Eucaristia\u00a0\u00bb \u00e8 una parola di origine greca che significa \u00ab\u00a0ringraziamento\u00a0\u00bb: designa l\u2019azione liturgica che riunisce i fedeli per celebrare il mistero della nostra Redenzione, memoriale dell&rsquo;offerta perfetta che il Figlio rende al Padre, sulla Croce. \u00c8 memoria attualizzante del suo santo sacrificio, delle sue parole e dei suoi gesti sul pane e sul vino: <em>\u00ab\u00a0Questo \u00e8 il mio Corpo &#8230; questo \u00e8 il mio Sangue, versato per voi\u00a0\u00bb<\/em>. Nell\u2019Eucaristia il Signore si dona in nutrimento spirituale ai suoi discepoli per unirli intimamente al suo Mistero filiale e per sostenerne il cammino.<\/p>\n\n\n\n<p>L&rsquo;Eucaristia \u00e8 la fonte della vita spirituale e il culmine di tutta la vita della Chiesa. Cristo, lo stesso Figlio di Dio, si fa presente in mezzo a noi, per donarci la sua grazia e la sua forza e per unirci e trasformarci in s\u00e9. Veniamo cos\u00ec associati all&rsquo;offerta d&rsquo;amore e di lode che egli rende al Padre. Inseriti in questo movimento verso il Padre, vi portiamo tutto ci\u00f2 che abbiamo e tutto ci\u00f2 che siamo, offrendo a Dio la nostra vita di consacrazione. Questa offerta comune, di Cristo e delle sue membra, si riversa come grazia su tutta l&rsquo;umanit\u00e0.<\/p>\n\n\n\n<p>Con la celebrazione eucaristica, il sacerdote realizza quella che \u00e8 la sua ragione primaria d&rsquo;essere. Per questo, prima o dopo la messa conventuale, ogni monaco sacerdote celebra una messa letta in solitudine. Il rito \u00e8 ancora pi\u00f9 sobrio. Momento di grande intimit\u00e0 con Cristo, in questa celebrazione, il certosino comprende pi\u00f9 che mai che la sua solitudine non lo colloca fuori dal mondo, ma nel cuore stesso del progetto divino.<\/p>\n\n\n\n<p>La <em>lectio divina<\/em> \u00e8 la lettura meditata ed orante della Bibbia. La tradizione monastica invita a riservarle almeno mezz&rsquo;ora ogni giorno. Normalmente il resto della mattinata \u00e8 dedicato agli studi sacri o alla lettura spirituale. Gli uffici di Terza, Sesta e Nona, chiamati \u00ab\u00a0Ore Minori\u00a0\u00bb, scandiscono la giornata del monaco, al ritmo di circa ogni due ore, richiamandolo cos\u00ec costantemente alla preghiera.<\/p>\n\n\n\n<h3 class=\"wp-block-heading\" id=\"3\">3. <strong>Mezzogiorno e pomeriggio: pasto, ricreazione, lavoro manuale<\/strong><\/h3>\n\n\n\n<p><strong>12:00: Angelus. Ufficio di Sesta. Pasto.<\/strong><br><strong>Dopo il pasto c&rsquo;\u00e8 un momento chiamato \u00ab\u00a0ricreazione\u00a0\u00bb, che pu\u00f2 essere utilizzato liberamente.<\/strong><br><strong>14:00: Ufficio di Nona. Per i padri normalmente segue un tempo di lavoro manuale in cella. I fratelli laici tornano al loro lavoro nelle obbedienze.<\/strong><\/p>\n\n\n\n<div class=\"wp-block-columns is-layout-flex wp-container-core-columns-is-layout-9d6595d7 wp-block-columns-is-layout-flex\">\n<div class=\"wp-block-column is-layout-flow wp-block-column-is-layout-flow\">\n<figure class=\"wp-block-image size-large\"><img decoding=\"async\" width=\"940\" height=\"704\" src=\"https:\/\/chartreux.org\/moines\/wp-content\/uploads\/2021\/03\/0X4A7074b.jpg\" alt=\"\" class=\"wp-image-1833\" srcset=\"https:\/\/chartreux.org\/moines\/wp-content\/uploads\/2021\/03\/0X4A7074b.jpg 940w, https:\/\/chartreux.org\/moines\/wp-content\/uploads\/2021\/03\/0X4A7074b-300x225.jpg 300w, https:\/\/chartreux.org\/moines\/wp-content\/uploads\/2021\/03\/0X4A7074b-768x575.jpg 768w\" sizes=\"(max-width: 940px) 100vw, 940px\" \/><figcaption> <\/figcaption><\/figure>\n<\/div>\n\n\n\n<div class=\"wp-block-column is-layout-flow wp-block-column-is-layout-flow\">\n<figure class=\"wp-block-image size-large\"><img decoding=\"async\" width=\"1024\" height=\"769\" src=\"https:\/\/chartreux.org\/moines\/wp-content\/uploads\/2021\/01\/S1010076-1024x769.jpg\" alt=\"\" class=\"wp-image-1475\" srcset=\"https:\/\/chartreux.org\/moines\/wp-content\/uploads\/2021\/01\/S1010076-1024x769.jpg 1024w, https:\/\/chartreux.org\/moines\/wp-content\/uploads\/2021\/01\/S1010076-300x225.jpg 300w, https:\/\/chartreux.org\/moines\/wp-content\/uploads\/2021\/01\/S1010076-768x577.jpg 768w, https:\/\/chartreux.org\/moines\/wp-content\/uploads\/2021\/01\/S1010076.jpg 1300w\" sizes=\"(max-width: 1024px) 100vw, 1024px\" \/><\/figure>\n<\/div>\n<\/div>\n\n\n\n<p>A mezzogiorno, un fratello distribuisce il pasto ai monaci attraverso gli sportelli delle loro celle. Il pasto \u00e8 preso in solitudine, dopo l&rsquo;ufficio di Sesta. Ad eccezione della carne, dalla quale, in spirito di sacrificio, ci si astiene per tutta la vita, verdure, cereali, pesce, uova, formaggi e frutta sono provveduti in modo equilibrato e sufficiente.<\/p>\n\n\n\n<p>Una volta alla settimana, normalmente il venerd\u00ec, si osserva un\u2019\u201dastinenza\u201d, cio\u00e8 ci si accontenta di pane ed acqua.<\/p>\n\n\n\n<p>Il tempo dopo il pasto fino alle 14:00 rimane abbastanza libero: ricreazione, piccoli lavori di manutenzione, giardinaggio, ecc.; sempre per\u00f2 portando lo sguardo del cuore su Colui che lo abita, qualunque cosa si faccia&#8230;<\/p>\n\n\n\n<p>L&rsquo;equilibrio tra studio e lavoro manuale \u00e8 unico per ogni monaco e si concorda con il Priore o con il maestro dei novizi. Ci\u00f2 consente di custodire lungo gli anni (la longevit\u00e0 dei certosini \u00e8 proverbiale!) un buon equilibrio umano e spirituale.<\/p>\n\n\n\n<div class=\"wp-block-columns is-layout-flex wp-container-core-columns-is-layout-9d6595d7 wp-block-columns-is-layout-flex\">\n<div class=\"wp-block-column is-layout-flow wp-block-column-is-layout-flow\">\n<figure class=\"wp-block-image size-large\"><img decoding=\"async\" width=\"1024\" height=\"766\" src=\"https:\/\/chartreux.org\/moines\/wp-content\/uploads\/2021\/01\/HH-en-obediencias-040-1024x766.jpg\" alt=\"\" class=\"wp-image-1477\" srcset=\"https:\/\/chartreux.org\/moines\/wp-content\/uploads\/2021\/01\/HH-en-obediencias-040-1024x766.jpg 1024w, https:\/\/chartreux.org\/moines\/wp-content\/uploads\/2021\/01\/HH-en-obediencias-040-300x225.jpg 300w, https:\/\/chartreux.org\/moines\/wp-content\/uploads\/2021\/01\/HH-en-obediencias-040-768x575.jpg 768w, https:\/\/chartreux.org\/moines\/wp-content\/uploads\/2021\/01\/HH-en-obediencias-040.jpg 1300w\" sizes=\"(max-width: 1024px) 100vw, 1024px\" \/><figcaption> <\/figcaption><\/figure>\n<\/div>\n\n\n\n<div class=\"wp-block-column is-layout-flow wp-block-column-is-layout-flow\">\n<figure class=\"wp-block-image size-large\"><img decoding=\"async\" width=\"1024\" height=\"768\" src=\"https:\/\/chartreux.org\/moines\/wp-content\/uploads\/2021\/01\/2-4-agosto-2006-004-1024x768.jpg\" alt=\"\" class=\"wp-image-1476\" srcset=\"https:\/\/chartreux.org\/moines\/wp-content\/uploads\/2021\/01\/2-4-agosto-2006-004-1024x768.jpg 1024w, https:\/\/chartreux.org\/moines\/wp-content\/uploads\/2021\/01\/2-4-agosto-2006-004-300x225.jpg 300w, https:\/\/chartreux.org\/moines\/wp-content\/uploads\/2021\/01\/2-4-agosto-2006-004-768x576.jpg 768w, https:\/\/chartreux.org\/moines\/wp-content\/uploads\/2021\/01\/2-4-agosto-2006-004-1536x1152.jpg 1536w, https:\/\/chartreux.org\/moines\/wp-content\/uploads\/2021\/01\/2-4-agosto-2006-004.jpg 2048w\" sizes=\"(max-width: 1024px) 100vw, 1024px\" \/><\/figure>\n<\/div>\n<\/div>\n\n\n\n<p>In estate il lavoro manuale consiste principalmente nel giardinaggio (il monaco pu\u00f2 coltivare fiori o ortaggi), ma anche nella rilegatoria, nel tornio per legno ed in altre attivit\u00e0, secondo le capacit\u00e0 personali. In inverno, a seconda della casa, si tratta soprattutto di tagliare la legna per la stufa. Talvolta il lavoro consister\u00e0 nel prestare un servizio ad un confratello malato o alla comunit\u00e0, con lavori di sartoria, di segreteria o di qualsiasi altro compito dettato dalla necessit\u00e0 comune.<\/p>\n\n\n\n<div class=\"wp-block-image\"><figure class=\"aligncenter size-large is-resized\"><img decoding=\"async\" src=\"https:\/\/chartreux.org\/moines\/wp-content\/uploads\/2021\/03\/con-lena.jpg\" alt=\"\" class=\"wp-image-1835\" width=\"369\" height=\"492\" srcset=\"https:\/\/chartreux.org\/moines\/wp-content\/uploads\/2021\/03\/con-lena.jpg 705w, https:\/\/chartreux.org\/moines\/wp-content\/uploads\/2021\/03\/con-lena-225x300.jpg 225w\" sizes=\"(max-width: 369px) 100vw, 369px\" \/><\/figure><\/div>\n\n\n\n<h3 class=\"wp-block-heading\" id=\"4\">4. ll termine della giornata<\/h3>\n\n\n\n<p><strong>Le 16:00 segnano la fine delle attivit\u00e0 manuali. Vespri della Vergine Maria in cella. 16:15: Vespri in chiesa.<\/strong><br><strong>17:00: Lettura spirituale e preghiera personale.<\/strong><br><strong>Verso le 18:00: piccola cena.<\/strong><br><strong>18:45: Angelus e ufficio di Compieta. Verso le 19.30 o le 20.00: riposo<\/strong><\/p>\n\n\n\n<div class=\"wp-block-columns is-layout-flex wp-container-core-columns-is-layout-9d6595d7 wp-block-columns-is-layout-flex\">\n<div class=\"wp-block-column is-layout-flow wp-block-column-is-layout-flow\">\n<figure class=\"wp-block-image size-large\"><img decoding=\"async\" width=\"940\" height=\"705\" src=\"https:\/\/chartreux.org\/moines\/wp-content\/uploads\/2021\/03\/SerraVespri01.jpg\" alt=\"\" class=\"wp-image-1824\" srcset=\"https:\/\/chartreux.org\/moines\/wp-content\/uploads\/2021\/03\/SerraVespri01.jpg 940w, https:\/\/chartreux.org\/moines\/wp-content\/uploads\/2021\/03\/SerraVespri01-300x225.jpg 300w, https:\/\/chartreux.org\/moines\/wp-content\/uploads\/2021\/03\/SerraVespri01-768x576.jpg 768w\" sizes=\"(max-width: 940px) 100vw, 940px\" \/><\/figure>\n<\/div>\n\n\n\n<div class=\"wp-block-column is-layout-flow wp-block-column-is-layout-flow\">\n<figure class=\"wp-block-image size-large\"><img decoding=\"async\" width=\"940\" height=\"705\" src=\"https:\/\/chartreux.org\/moines\/wp-content\/uploads\/2021\/03\/SerraComplies.jpg\" alt=\"\" class=\"wp-image-1826\" srcset=\"https:\/\/chartreux.org\/moines\/wp-content\/uploads\/2021\/03\/SerraComplies.jpg 940w, https:\/\/chartreux.org\/moines\/wp-content\/uploads\/2021\/03\/SerraComplies-300x225.jpg 300w, https:\/\/chartreux.org\/moines\/wp-content\/uploads\/2021\/03\/SerraComplies-768x576.jpg 768w\" sizes=\"(max-width: 940px) 100vw, 940px\" \/><\/figure>\n<\/div>\n<\/div>\n\n\n\n<p>L&rsquo;ufficio dei Vespri (dal greco \u00ab\u00a0hesperos\u00a0\u00bb, \u00ab\u00a0tramonto\u00a0\u00bb) conclude il pomeriggio. \u00c8 il tempo in cui si termina con gratitudine ogni attivit\u00e0, un tempo di raccoglimento e di quiete. Con l\u2019ufficio di Vespro, la fraternit\u00e0 monastica eleva il proprio ringraziamento esultante alla presenza del suo Signore, nell&rsquo;attesa del suo definitivo ritorno.<\/p>\n\n\n\n<p>Al ritorno dai <strong>Vespri<\/strong>, i certosini fanno una piccola cena. Durante il grande digiuno, che chiamiamo \u201cdigiuno d&rsquo;Ordine\u201d (che va dal 14 settembre, festa dell\u2019Esaltazione della Santa Croce, fino a Pasqua), questa piccola cena si riduce a pane ed una bevanda, fatta eccezione per domeniche e solennit\u00e0. I venerd\u00ec che non cadono in solennit\u00e0 si \u00e8 a pane ed acqua.<\/p>\n\n\n\n<p>Ritornando all&rsquo;oratorio prima di coricarsi, il certosino recita l&rsquo;ultima preghiera della giornata, <strong>Compieta<\/strong> (\u201calla conclusione\u201d). Presentando a Dio la sua lode e le preoccupazioni del mondo intero, implora la sua protezione per la notte. \u00c8 stata una giornata serena ma intensa, ora pu\u00f2 riposare.<\/p>\n\n\n\n<hr class=\"wp-block-separator is-style-default\"\/>\n\n\n\n<div style=\"height:40px\" aria-hidden=\"true\" class=\"wp-block-spacer\"><\/div>\n\n\n\n<p>Oltre ai momenti stabiliti dalla preghiera liturgica delle Ore, il certosino \u00e8 invitato a dedicare momenti di preghiera personale lungo tutta la giornata, approfondendo di continuo la propria relazione con Cristo nella preghiera del cuore.<\/p>\n\n\n\n<div class=\"wp-block-image\"><figure class=\"aligncenter size-large\"><img decoding=\"async\" width=\"940\" height=\"365\" src=\"https:\/\/chartreux.org\/moines\/wp-content\/uploads\/2021\/03\/The04.jpg\" alt=\"\" class=\"wp-image-1821\" srcset=\"https:\/\/chartreux.org\/moines\/wp-content\/uploads\/2021\/03\/The04.jpg 940w, https:\/\/chartreux.org\/moines\/wp-content\/uploads\/2021\/03\/The04-300x116.jpg 300w, https:\/\/chartreux.org\/moines\/wp-content\/uploads\/2021\/03\/The04-768x298.jpg 768w\" sizes=\"(max-width: 940px) 100vw, 940px\" \/><figcaption> <\/figcaption><\/figure><\/div>\n\n\n\n<p><a href=\"#toc_container\" class=\"returnToTop\"> Torna all\u2019inizio! \u2191 <\/a><\/p>\n","protected":false},"excerpt":{"rendered":"<p>1. La notte: il grande ufficio notturno 2. Mattinata: santa messa, lectio divina, studio 3. Mezzogiorno [&hellip;]<\/p>\n","protected":false},"author":1,"featured_media":0,"parent":0,"menu_order":0,"comment_status":"closed","ping_status":"closed","template":"template-full-width.php","meta":{"footnotes":""},"class_list":["post-3342","page","type-page","status-publish","hentry"],"_links":{"self":[{"href":"https:\/\/chartreux.org\/moines\/wp-json\/wp\/v2\/pages\/3342","targetHints":{"allow":["GET"]}}],"collection":[{"href":"https:\/\/chartreux.org\/moines\/wp-json\/wp\/v2\/pages"}],"about":[{"href":"https:\/\/chartreux.org\/moines\/wp-json\/wp\/v2\/types\/page"}],"author":[{"embeddable":true,"href":"https:\/\/chartreux.org\/moines\/wp-json\/wp\/v2\/users\/1"}],"replies":[{"embeddable":true,"href":"https:\/\/chartreux.org\/moines\/wp-json\/wp\/v2\/comments?post=3342"}],"version-history":[{"count":0,"href":"https:\/\/chartreux.org\/moines\/wp-json\/wp\/v2\/pages\/3342\/revisions"}],"wp:attachment":[{"href":"https:\/\/chartreux.org\/moines\/wp-json\/wp\/v2\/media?parent=3342"}],"curies":[{"name":"wp","href":"https:\/\/api.w.org\/{rel}","templated":true}]}}