{"id":3340,"date":"2021-05-19T02:44:52","date_gmt":"2021-05-19T00:44:52","guid":{"rendered":"https:\/\/chartreux.org\/moines\/?page_id=3340"},"modified":"2021-12-01T10:58:10","modified_gmt":"2021-12-01T09:58:10","slug":"la-jornada-del-cartujo","status":"publish","type":"page","link":"https:\/\/chartreux.org\/moines\/es\/la-jornada-del-cartujo\/","title":{"rendered":"La jornada"},"content":{"rendered":"\n<div class=\"wp-block-columns is-layout-flex wp-container-core-columns-is-layout-9d6595d7 wp-block-columns-is-layout-flex\">\n<div class=\"wp-block-column is-layout-flow wp-block-column-is-layout-flow\">\n<p><\/p>\n<div id=\"toc_container\">\n<ul class=\"toc_list\">\n  <li><a href=\"#1\">1. La noche: el gran oficio nocturno<\/a><\/li>\n  <li><a href=\"#2\">2. La ma\u00f1ana: santa misa, lectio divina, estudio<\/a><\/li>\n  <li><a href=\"#3\">3. Mediod\u00eda y tarde: comida, recreaci\u00f3n, trabajo manual<\/a><\/li>\n  <li><a href=\"#4\">4. Fin de la jornada<\/a><\/li>\n<\/ul>\n<\/div>\n<\/div>\n\n\n\n<div class=\"wp-block-column is-layout-flow wp-block-column-is-layout-flow\">\n<blockquote class=\"wp-block-quote is-layout-flow wp-block-quote-is-layout-flow\"><p><em>\u00ab\u00a0Marta, Marta, te preocupas y te agitas por muchas cosas, y hay necesidad de pocas, o mejor, de una sola. Mar\u00eda a elegido la mejor parte, que no le sera quitada.\u00a0\u00bb<\/em><br>(Lucas 10, 41-42)<\/p><\/blockquote>\n<\/div>\n<\/div>\n\n\n\n<p>Aqu\u00ed explicamos, por etapas, el horario de una jornada t\u00edpica de un d\u00eda de semana para un monje de claustro, se\u00f1alando algunas particularidades para los hermanos conversos. Se trata de un horario t\u00edpico que, en la realidad, var\u00eda un poco seg\u00fan las casas, aunque manteniendo la misma estructura.<\/p>\n\n\n\n<p>Maitines, Laudes, Prima, Tercia, Sexta, Nona, V\u00edsperas y Completas son los nombres de los oficios lit\u00fargicos que marcan el ritmo de la jornada. Algunos se cantan en la iglesia, en com\u00fan, otros se recitan en soledad, en el oratorio de la celda. Cada hora del oficio diario es precedida o seguida por el oficio de la Sant\u00edsima Virgen, caracter\u00edstica cartujana que pertenece a una tradici\u00f3n muy antigua.<\/p>\n\n\n\n<hr class=\"wp-block-separator is-style-default\"\/>\n\n\n\n<div style=\"height:40px\" aria-hidden=\"true\" class=\"wp-block-spacer\"><\/div>\n\n\n\n<h3 class=\"wp-block-heading\" id=\"1\">1. La noche: el gran oficio nocturno<\/h3>\n\n\n\n<p><strong>23.30: Levantarse. Maitines de la Virgen Mar\u00eda. Oraci\u00f3n personal en la celda. Los hermanos se levantan a medianoche.<br>00.15: En la iglesia, oficio de Maitines seguido de Laudes. <strong>\u00c1<\/strong>ngelus.<br>Entre 02.15 et 03.15 de la madrugada: Regreso a la celda y acostarse despu\u00e9s de recitar Laudes de la Sant\u00edsima<\/strong> <strong>Virgen.<\/strong><\/p>\n\n\n\n<div class=\"wp-block-columns is-layout-flex wp-container-core-columns-is-layout-9d6595d7 wp-block-columns-is-layout-flex\">\n<div class=\"wp-block-column is-layout-flow wp-block-column-is-layout-flow\">\n<figure class=\"wp-block-image size-large\"><img decoding=\"async\" width=\"1024\" height=\"752\" src=\"https:\/\/chartreux.org\/moines\/wp-content\/uploads\/2021\/01\/Off-nuit-02-2-1024x752.jpg\" alt=\"\" class=\"wp-image-1440\" srcset=\"https:\/\/chartreux.org\/moines\/wp-content\/uploads\/2021\/01\/Off-nuit-02-2-1024x752.jpg 1024w, https:\/\/chartreux.org\/moines\/wp-content\/uploads\/2021\/01\/Off-nuit-02-2-300x220.jpg 300w, https:\/\/chartreux.org\/moines\/wp-content\/uploads\/2021\/01\/Off-nuit-02-2-768x564.jpg 768w, https:\/\/chartreux.org\/moines\/wp-content\/uploads\/2021\/01\/Off-nuit-02-2.jpg 1470w\" sizes=\"(max-width: 1024px) 100vw, 1024px\" \/><\/figure>\n<\/div>\n\n\n\n<div class=\"wp-block-column is-layout-flow wp-block-column-is-layout-flow\">\n<figure class=\"wp-block-image size-large\"><img decoding=\"async\" width=\"1024\" height=\"749\" src=\"https:\/\/chartreux.org\/moines\/wp-content\/uploads\/2021\/01\/Off-nuit-01-2-1024x749.jpg\" alt=\"\" class=\"wp-image-1441\" srcset=\"https:\/\/chartreux.org\/moines\/wp-content\/uploads\/2021\/01\/Off-nuit-01-2-1024x749.jpg 1024w, https:\/\/chartreux.org\/moines\/wp-content\/uploads\/2021\/01\/Off-nuit-01-2-300x219.jpg 300w, https:\/\/chartreux.org\/moines\/wp-content\/uploads\/2021\/01\/Off-nuit-01-2-768x562.jpg 768w, https:\/\/chartreux.org\/moines\/wp-content\/uploads\/2021\/01\/Off-nuit-01-2.jpg 1300w\" sizes=\"(max-width: 1024px) 100vw, 1024px\" \/><\/figure>\n<\/div>\n<\/div>\n\n\n\n<p><\/p>\n\n\n\n<p>En el coraz\u00f3n de la noche, cualquiera sea la estaci\u00f3n, todos los d\u00edas sin excepci\u00f3n, los cartujos est\u00e1n en la iglesia, donde se congrega toda la comunidad, para este largo oficio compuesto por <strong>Maitines<\/strong> y <strong>Laudes<\/strong>. Los cartujos rezan mientras el mundo duerme. Por la noche, como un centinela, el cartujo permanece levantado, delante de Dios, para alabarlo, para escuchar su Palabra, para asumir los sufrimientos y las preocupaciones del mundo. Este oficio, m\u00e1s o menos extendido seg\u00fan los d\u00edas, representa uno de los momentos m\u00e1s ricos de la jornada cartujana.<\/p>\n\n\n\n<p>El oficio de Maitines se caracteriza por la recitaci\u00f3n cantada de los Salmos, intercalada con lecturas b\u00edblicas y patr\u00edsticas, momentos de silencio, y oraciones de intercesi\u00f3n. Puede ser en lat\u00edn o en la lengua propia del pa\u00eds donde se sit\u00faa el monasterio. Las Laudes son un oficio de alabanza y acci\u00f3n de gracias por el d\u00eda que asoma.<\/p>\n\n\n\n<div class=\"wp-block-image\"><figure class=\"aligncenter size-full\"><img decoding=\"async\" width=\"525\" height=\"525\" src=\"https:\/\/chartreux.org\/moines\/wp-content\/uploads\/2021\/12\/OffNuitCarre.jpg\" alt=\"\" class=\"wp-image-5728\" srcset=\"https:\/\/chartreux.org\/moines\/wp-content\/uploads\/2021\/12\/OffNuitCarre.jpg 525w, https:\/\/chartreux.org\/moines\/wp-content\/uploads\/2021\/12\/OffNuitCarre-300x300.jpg 300w, https:\/\/chartreux.org\/moines\/wp-content\/uploads\/2021\/12\/OffNuitCarre-150x150.jpg 150w\" sizes=\"(max-width: 525px) 100vw, 525px\" \/><\/figure><\/div>\n\n\n\n<p>Cuatro veces al d\u00eda, la oraci\u00f3n del <strong>\u00c1ngelus<\/strong> (en la Cartuja compuesta s\u00f3lo por tres <em>Avemar\u00edas<\/em>) venera el misterio de la Encarnaci\u00f3n del Hijo de Dios. Recuerda la visita del \u00e1ngel Gabriel a la Virgen Mar\u00eda, durante la cual acepta ser la madre de Cristo, pronunciando el \u00abs\u00ed\u00bb que encamina a la Humanidad y a la Creaci\u00f3n entera hacia la Redenci\u00f3n.<\/p>\n\n\n\n<p>De regreso en la celda, el cartujo vuelve a su oratorio para una \u00faltima oraci\u00f3n antes de reanudar su descanso: las Laudes de la Sant\u00edsima Virgen. Ya sea en tiempo ordinario o en tiempo de fiesta, este breve oficio teje a lo largo del d\u00eda del cartujo una suerte de hilo conductor que lo une a la oraci\u00f3n de la Madre de Cristo, que es tambi\u00e9n la suya.<\/p>\n\n\n\n<p>Cuando los hermanos no se quedan en Laudes, hacen en la celda, postrados, lo que llamamos la \u00aboraci\u00f3n materna\u00bb: una oraci\u00f3n espont\u00e1nea y confiada que abarca todas las grandes intenciones de la Iglesia y del mundo.<\/p>\n\n\n\n<hr class=\"wp-block-separator is-style-default\"\/>\n\n\n\n<div style=\"height:40px\" aria-hidden=\"true\" class=\"wp-block-spacer\"><\/div>\n\n\n\n<h3 class=\"wp-block-heading\" id=\"2\">2. La ma\u00f1ana: santa misa, <em>lectio divina<\/em>, estudio<\/h3>\n\n\n\n<p><strong>06.30 o 06.45: Levantarse.<br>07.00: Oficio de Prima, seguido del \u00c1ngelus. Oraci\u00f3n o lectura preparando las de la misa.<br>08.00: Misa conventual en la iglesia. Despu\u00e9s, para los padres, celebraci\u00f3n de la misa en soledad, en una capilla. Para los hermanos, oraci\u00f3n y luego comienzo del trabajo.<br>10.00: Oficio de Tercia, en la celda. Despu\u00e9s <em>\u2018lectio divina\u2019<\/em>, estudio.<\/strong><\/p>\n\n\n\n<div class=\"wp-block-columns is-layout-flex wp-container-core-columns-is-layout-9d6595d7 wp-block-columns-is-layout-flex\">\n<div class=\"wp-block-column is-layout-flow wp-block-column-is-layout-flow\">\n<figure class=\"wp-block-image size-large\"><img decoding=\"async\" width=\"1024\" height=\"768\" src=\"https:\/\/chartreux.org\/moines\/wp-content\/uploads\/2021\/01\/PL-messe-1024x768.jpg\" alt=\"\" class=\"wp-image-1471\" srcset=\"https:\/\/chartreux.org\/moines\/wp-content\/uploads\/2021\/01\/PL-messe-1024x768.jpg 1024w, https:\/\/chartreux.org\/moines\/wp-content\/uploads\/2021\/01\/PL-messe-300x225.jpg 300w, https:\/\/chartreux.org\/moines\/wp-content\/uploads\/2021\/01\/PL-messe-768x576.jpg 768w, https:\/\/chartreux.org\/moines\/wp-content\/uploads\/2021\/01\/PL-messe.jpg 1300w\" sizes=\"(max-width: 1024px) 100vw, 1024px\" \/><\/figure>\n<\/div>\n\n\n\n<div class=\"wp-block-column is-layout-flow wp-block-column-is-layout-flow\">\n<figure class=\"wp-block-image size-large\"><img decoding=\"async\" width=\"1024\" height=\"768\" src=\"https:\/\/chartreux.org\/moines\/wp-content\/uploads\/2021\/01\/DMJstudy044F-1024x768.jpg\" alt=\"\" class=\"wp-image-1472\" srcset=\"https:\/\/chartreux.org\/moines\/wp-content\/uploads\/2021\/01\/DMJstudy044F-1024x768.jpg 1024w, https:\/\/chartreux.org\/moines\/wp-content\/uploads\/2021\/01\/DMJstudy044F-300x225.jpg 300w, https:\/\/chartreux.org\/moines\/wp-content\/uploads\/2021\/01\/DMJstudy044F-768x576.jpg 768w, https:\/\/chartreux.org\/moines\/wp-content\/uploads\/2021\/01\/DMJstudy044F.jpg 1216w\" sizes=\"(max-width: 1024px) 100vw, 1024px\" \/><\/figure>\n<\/div>\n<\/div>\n\n\n\n<p><a href=\"#toc_container\" class=\"returnToTop\"> Volver arriba! \u2191 <\/a><\/p>\n\n\n\n<p>Repuesto del largo oficio nocturno, el cartujo se levanta alrededor de las 06.30 a.m. para estar listo para el oficio de <strong>Prima<\/strong>, seguido del \u00c1ngelus. No toma desayuno.<\/p>\n\n\n\n<p>La <strong>misa conventual<\/strong> re\u00fane por segunda vez a la comunidad en la iglesia. Siempre es cantada, seg\u00fan la tradici\u00f3n gregoriana cartujana. \u00abEucarist\u00eda\u00bb es una palabra de origen griego que significa \u00abacci\u00f3n de gracias\u00bb. Designa aquella acci\u00f3n lit\u00fargica que re\u00fane a los fieles para celebrar el misterio de nuestra Redenci\u00f3n, memorial de la ofrenda perfecta del Hijo de Dios a su Padre en la Cruz, que revivimos con \u00e9l; actualizaci\u00f3n de su sacrificio santo, de sus palabras y sus gestos sobre el pan y el vino: <em>\u00abEste es mi Cuerpo&#8230; esta es mi Sangre, que se entregan por vosotros\u00bb<\/em>. \u00c9l, que se entrega en alimento espiritual para sostener el camino de sus disc\u00edpulos.<\/p>\n\n\n\n<p>La Eucarist\u00eda es fuente de vida espiritual y c\u00falmen de toda la vida de la Iglesia. Cristo, el mism\u00edsimo Hijo de Dios, se hace presente entre nosotros. Viene para darnos su gracia y su fuerza, para llevarnos con \u00e9l y asociarnos a la ofrenda de amor y de alabanza que hace a su Padre. En este impulso hacia el Padre, venimos con todo lo que tenemos y todo lo que somos; traemos todos los momentos de nuestra vida consagrada a Dios. Esta ofrenda com\u00fan, de Cristo y de los suyos, repercute luego en gracias sobre toda la humanidad.<\/p>\n\n\n\n<p>Puesto que la acci\u00f3n de Cristo se realiza continuamente en la Eucarist\u00eda, el sacerdote, cuando celebra la misa, lleva a cabo lo que constituye su raz\u00f3n de ser principal. Por eso, antes o despu\u00e9s de la misa conventual, cada monje sacerdote celebra una misa le\u00edda en soledad. El rito es a\u00fan m\u00e1s sobrio. Momento de gran intimidad con Cristo. En esta celebraci\u00f3n el cartujo comprende, m\u00e1s que en cualquier otro momento, que su soledad no lo sit\u00faa fuera del mundo, sino en el coraz\u00f3n mismo del proyecto divino.<\/p>\n\n\n\n<p>La <em>lectio divina<\/em> es la lectura meditada, orante, de la Biblia. La tradici\u00f3n mon\u00e1stica quiere que se le reserve al menos una media hora todos los d\u00edas. Normalmente el resto de la ma\u00f1ana se dedica a los estudios sagrados o a la lectura espiritual.<\/p>\n\n\n\n<p>Aproximadamente cada dos horas, los oficios de <strong>Tercia<\/strong>, <strong>Sexta<\/strong> y <strong>Nona<\/strong>, llamados \u00abHoras Menores\u00bb, marcan el ritmo de la jornada del monje, para hacerlo volver siempre a la oraci\u00f3n.<\/p>\n\n\n\n<h3 class=\"wp-block-heading\" id=\"3\">3. Mediod\u00eda y tarde: comida, recreaci\u00f3n, trabajo manual<\/h3>\n\n\n\n<p><strong>12.00: \u00c1ngelus. Oficio de Sexta. Comida.<br>Despu\u00e9s de la comida sigue un tiempo llamado \u00abrecreaci\u00f3n\u00bb, que se puede utilizar libremente.<br>14.00: Oficio de Nona. Para los padres normalmente sigue un tiempo de trabajo manual en la celda. Los hermanos conversos vuelven a su trabajo en las obediencias.<\/strong><\/p>\n\n\n\n<div class=\"wp-block-columns is-layout-flex wp-container-core-columns-is-layout-9d6595d7 wp-block-columns-is-layout-flex\">\n<div class=\"wp-block-column is-layout-flow wp-block-column-is-layout-flow\">\n<figure class=\"wp-block-image size-large\"><img decoding=\"async\" width=\"940\" height=\"704\" src=\"https:\/\/chartreux.org\/moines\/wp-content\/uploads\/2021\/03\/0X4A7074b.jpg\" alt=\"\" class=\"wp-image-1833\" srcset=\"https:\/\/chartreux.org\/moines\/wp-content\/uploads\/2021\/03\/0X4A7074b.jpg 940w, https:\/\/chartreux.org\/moines\/wp-content\/uploads\/2021\/03\/0X4A7074b-300x225.jpg 300w, https:\/\/chartreux.org\/moines\/wp-content\/uploads\/2021\/03\/0X4A7074b-768x575.jpg 768w\" sizes=\"(max-width: 940px) 100vw, 940px\" \/><figcaption> <\/figcaption><\/figure>\n<\/div>\n\n\n\n<div class=\"wp-block-column is-layout-flow wp-block-column-is-layout-flow\">\n<figure class=\"wp-block-image size-large\"><img decoding=\"async\" width=\"1024\" height=\"769\" src=\"https:\/\/chartreux.org\/moines\/wp-content\/uploads\/2021\/01\/S1010076-1024x769.jpg\" alt=\"\" class=\"wp-image-1475\" srcset=\"https:\/\/chartreux.org\/moines\/wp-content\/uploads\/2021\/01\/S1010076-1024x769.jpg 1024w, https:\/\/chartreux.org\/moines\/wp-content\/uploads\/2021\/01\/S1010076-300x225.jpg 300w, https:\/\/chartreux.org\/moines\/wp-content\/uploads\/2021\/01\/S1010076-768x577.jpg 768w, https:\/\/chartreux.org\/moines\/wp-content\/uploads\/2021\/01\/S1010076.jpg 1300w\" sizes=\"(max-width: 1024px) 100vw, 1024px\" \/><\/figure>\n<\/div>\n<\/div>\n\n\n\n<p>A mediod\u00eda un hermano deposita en el ventanillo la comida del monje para el d\u00eda. El cartujo come solo, despu\u00e9s de recitar el oficio de <strong>Sexta<\/strong>. Con exclusi\u00f3n de la carne, de la que se abstiene toda su vida por esp\u00edritu de sacrificio, su dieta est\u00e1 compuesta por hortalizas, cereales, pescado, huevos, quesos, frutas; todo est\u00e1 previsto para que la comida principal satisfaga las necesidades nutritivas del d\u00eda.<\/p>\n\n\n\n<p>Una vez por semana, normalmente los viernes, hace \u00ababstinencia\u00bb, es decir, se contenta con pan y agua.<\/p>\n\n\n\n<p>El tiempo que sigue a la comida, hasta las 02 p.m., no tiene un destino definido. Mantenimiento de la celda, jardiner\u00eda, descanso, el cartujo se ocupa de la \u00abcustodia del coraz\u00f3n\u00bb, atento siempre a fijar la mirada en Aquel que lo habita, haga lo que haga&#8230;<\/p>\n\n\n\n<p>El equilibrio entre estudio y trabajo manual es propio de cada uno, de conformidad con el Prior (o el maestro de novicios). Porque es necesario ajustar el ejercicio de las diversas actividades para asegurar el mejor equilibrio humano a largo plazo. La longevidad de los cartujos es proverbial. <\/p>\n\n\n\n<div class=\"wp-block-columns is-layout-flex wp-container-core-columns-is-layout-9d6595d7 wp-block-columns-is-layout-flex\">\n<div class=\"wp-block-column is-layout-flow wp-block-column-is-layout-flow\">\n<figure class=\"wp-block-image size-large\"><img decoding=\"async\" width=\"1024\" height=\"766\" src=\"https:\/\/chartreux.org\/moines\/wp-content\/uploads\/2021\/01\/HH-en-obediencias-040-1024x766.jpg\" alt=\"\" class=\"wp-image-1477\" srcset=\"https:\/\/chartreux.org\/moines\/wp-content\/uploads\/2021\/01\/HH-en-obediencias-040-1024x766.jpg 1024w, https:\/\/chartreux.org\/moines\/wp-content\/uploads\/2021\/01\/HH-en-obediencias-040-300x225.jpg 300w, https:\/\/chartreux.org\/moines\/wp-content\/uploads\/2021\/01\/HH-en-obediencias-040-768x575.jpg 768w, https:\/\/chartreux.org\/moines\/wp-content\/uploads\/2021\/01\/HH-en-obediencias-040.jpg 1300w\" sizes=\"(max-width: 1024px) 100vw, 1024px\" \/><figcaption> <\/figcaption><\/figure>\n<\/div>\n\n\n\n<div class=\"wp-block-column is-layout-flow wp-block-column-is-layout-flow\">\n<figure class=\"wp-block-image size-large\"><img decoding=\"async\" width=\"1024\" height=\"768\" src=\"https:\/\/chartreux.org\/moines\/wp-content\/uploads\/2021\/01\/2-4-agosto-2006-004-1024x768.jpg\" alt=\"\" class=\"wp-image-1476\" srcset=\"https:\/\/chartreux.org\/moines\/wp-content\/uploads\/2021\/01\/2-4-agosto-2006-004-1024x768.jpg 1024w, https:\/\/chartreux.org\/moines\/wp-content\/uploads\/2021\/01\/2-4-agosto-2006-004-300x225.jpg 300w, https:\/\/chartreux.org\/moines\/wp-content\/uploads\/2021\/01\/2-4-agosto-2006-004-768x576.jpg 768w, https:\/\/chartreux.org\/moines\/wp-content\/uploads\/2021\/01\/2-4-agosto-2006-004-1536x1152.jpg 1536w, https:\/\/chartreux.org\/moines\/wp-content\/uploads\/2021\/01\/2-4-agosto-2006-004.jpg 2048w\" sizes=\"(max-width: 1024px) 100vw, 1024px\" \/><\/figure>\n<\/div>\n<\/div>\n\n\n\n<p>En verano, el trabajo manual consiste principalmente en la jardiner\u00eda (el monje puede cultivar flores o verduras), aunque tambi\u00e9n puede dedicarse a la encuadernaci\u00f3n, al torno de madera, y a otras actividades seg\u00fan las habilidades de cada uno. En invierno, seg\u00fan las casas, es sobre todo la \u00able\u00f1era\u00bb la que ocupa al monje: cortar madera para calefaccionarse con la estufa en el clima riguroso de la monta\u00f1a. Pero el trabajo tambi\u00e9n puede consistir en prestar un servicio a un hermano enfermo o a la comunidad, por ejemplo, ayudar en la costura, en la secretar\u00eda o cualquier otra tarea dictada por las necesidades de la vida com\u00fan.<\/p>\n\n\n\n<div class=\"wp-block-image\"><figure class=\"aligncenter size-large is-resized\"><img decoding=\"async\" src=\"https:\/\/chartreux.org\/moines\/wp-content\/uploads\/2021\/03\/con-lena.jpg\" alt=\"\" class=\"wp-image-1835\" width=\"369\" height=\"492\" srcset=\"https:\/\/chartreux.org\/moines\/wp-content\/uploads\/2021\/03\/con-lena.jpg 705w, https:\/\/chartreux.org\/moines\/wp-content\/uploads\/2021\/03\/con-lena-225x300.jpg 225w\" sizes=\"(max-width: 369px) 100vw, 369px\" \/><\/figure><\/div>\n\n\n\n<h3 class=\"wp-block-heading\" id=\"4\">4. Fin de la jornada<\/h3>\n\n\n\n<p><strong>16.00: La campana indica el final de las actividades. V\u00edsperas de la Virgen Mar\u00eda en la celda.<br>16.15: V\u00edsperas en la iglesia y a continuaci\u00f3n regreso a la celda.<\/strong><br><strong>17.00: Lectura espiritual. Oraci\u00f3n.<br>Entre 18.00 y 18.30: Colaci\u00f3n.<br>18.45: \u00c1ngelus y oficio de Completas.<br>Entre 19.30 y 20.00: Acostarse.<\/strong><\/p>\n\n\n\n<div class=\"wp-block-columns is-layout-flex wp-container-core-columns-is-layout-9d6595d7 wp-block-columns-is-layout-flex\">\n<div class=\"wp-block-column is-layout-flow wp-block-column-is-layout-flow\">\n<figure class=\"wp-block-image size-large\"><img decoding=\"async\" width=\"940\" height=\"705\" src=\"https:\/\/chartreux.org\/moines\/wp-content\/uploads\/2021\/03\/SerraVespri01.jpg\" alt=\"\" class=\"wp-image-1824\" srcset=\"https:\/\/chartreux.org\/moines\/wp-content\/uploads\/2021\/03\/SerraVespri01.jpg 940w, https:\/\/chartreux.org\/moines\/wp-content\/uploads\/2021\/03\/SerraVespri01-300x225.jpg 300w, https:\/\/chartreux.org\/moines\/wp-content\/uploads\/2021\/03\/SerraVespri01-768x576.jpg 768w\" sizes=\"(max-width: 940px) 100vw, 940px\" \/><\/figure>\n<\/div>\n\n\n\n<div class=\"wp-block-column is-layout-flow wp-block-column-is-layout-flow\">\n<figure class=\"wp-block-image size-large\"><img decoding=\"async\" width=\"940\" height=\"705\" src=\"https:\/\/chartreux.org\/moines\/wp-content\/uploads\/2021\/03\/SerraComplies.jpg\" alt=\"\" class=\"wp-image-1826\" srcset=\"https:\/\/chartreux.org\/moines\/wp-content\/uploads\/2021\/03\/SerraComplies.jpg 940w, https:\/\/chartreux.org\/moines\/wp-content\/uploads\/2021\/03\/SerraComplies-300x225.jpg 300w, https:\/\/chartreux.org\/moines\/wp-content\/uploads\/2021\/03\/SerraComplies-768x576.jpg 768w\" sizes=\"(max-width: 940px) 100vw, 940px\" \/><\/figure>\n<\/div>\n<\/div>\n\n\n\n<p>El oficio de V\u00edsperas (palabra procedente del griego \u00abh\u00e9speros\u00bb que significa \u00abpuesta del sol\u00bb), cierra la tarde. Hora de la conclusi\u00f3n agradecida de la actividad, del retorno a la calma. En este oficio, la fraternidad mon\u00e1stica eleva su acci\u00f3n de gracias regocij\u00e1ndose por la presencia de su Se\u00f1or y permanece a la espera de su regreso definitivo.<\/p>\n\n\n\n<p>Al regreso de <strong>V\u00edsperas<\/strong> y antes del oficio de <strong>Completas<\/strong>, el cartujo toma una colaci\u00f3n o una comida ligera. Durante el gran ayuno, que llamamos \u00abayuno de Orden\u00bb (que se extiende desde el 14 de septiembre, fiesta de la Exaltaci\u00f3n de la Santa Cruz, hasta Pascua) esta colaci\u00f3n se reduce a pan con una bebida, a excepci\u00f3n de los domingos y solemnidades. En los viernes en que no cae solemnidad el ayuno es a pan y agua.<\/p>\n\n\n\n<p>Retornando a su oratorio antes de acostarse, el cartujo corona su jornada con la \u00faltima oraci\u00f3n del d\u00eda, las <strong>Completas<\/strong> (del lat\u00edn \u00abcomplere\u00bb, completar, acabar). Una \u00faltima vez presenta a Dios su alabanza y las preocupaciones del mundo entero, e implora su protecci\u00f3n para la noche. Fue un d\u00eda sereno pero intenso, ahora puede descansar.<\/p>\n\n\n\n<hr class=\"wp-block-separator is-style-default\"\/>\n\n\n\n<div style=\"height:40px\" aria-hidden=\"true\" class=\"wp-block-spacer\"><\/div>\n\n\n\n<p>Adem\u00e1s de los momentos establecidos por la oraci\u00f3n lit\u00fargica de las Horas, el cartujo est\u00e1 invitado a dedicar momentos de oraci\u00f3n personal durante el d\u00eda, a profundizar su relaci\u00f3n personal con Jesucristo, para llegar, en la medida de lo posible, a la oraci\u00f3n continua.<\/p>\n\n\n\n<div class=\"wp-block-image\"><figure class=\"aligncenter size-large\"><img decoding=\"async\" width=\"940\" height=\"365\" src=\"https:\/\/chartreux.org\/moines\/wp-content\/uploads\/2021\/03\/The04.jpg\" alt=\"\" class=\"wp-image-1821\" srcset=\"https:\/\/chartreux.org\/moines\/wp-content\/uploads\/2021\/03\/The04.jpg 940w, https:\/\/chartreux.org\/moines\/wp-content\/uploads\/2021\/03\/The04-300x116.jpg 300w, https:\/\/chartreux.org\/moines\/wp-content\/uploads\/2021\/03\/The04-768x298.jpg 768w\" sizes=\"(max-width: 940px) 100vw, 940px\" \/><figcaption> <\/figcaption><\/figure><\/div>\n\n\n\n<p><a href=\"#toc_container\" class=\"returnToTop\"> Volver arriba! \u2191 <\/a><\/p>\n","protected":false},"excerpt":{"rendered":"<p>1. La noche: el gran oficio nocturno 2. La ma\u00f1ana: santa misa, lectio divina, estudio 3. [&hellip;]<\/p>\n","protected":false},"author":1,"featured_media":0,"parent":0,"menu_order":0,"comment_status":"closed","ping_status":"closed","template":"template-full-width.php","meta":{"footnotes":""},"class_list":["post-3340","page","type-page","status-publish","hentry"],"_links":{"self":[{"href":"https:\/\/chartreux.org\/moines\/wp-json\/wp\/v2\/pages\/3340","targetHints":{"allow":["GET"]}}],"collection":[{"href":"https:\/\/chartreux.org\/moines\/wp-json\/wp\/v2\/pages"}],"about":[{"href":"https:\/\/chartreux.org\/moines\/wp-json\/wp\/v2\/types\/page"}],"author":[{"embeddable":true,"href":"https:\/\/chartreux.org\/moines\/wp-json\/wp\/v2\/users\/1"}],"replies":[{"embeddable":true,"href":"https:\/\/chartreux.org\/moines\/wp-json\/wp\/v2\/comments?post=3340"}],"version-history":[{"count":0,"href":"https:\/\/chartreux.org\/moines\/wp-json\/wp\/v2\/pages\/3340\/revisions"}],"wp:attachment":[{"href":"https:\/\/chartreux.org\/moines\/wp-json\/wp\/v2\/media?parent=3340"}],"curies":[{"name":"wp","href":"https:\/\/api.w.org\/{rel}","templated":true}]}}