{"id":3339,"date":"2021-05-19T02:44:48","date_gmt":"2021-05-19T00:44:48","guid":{"rendered":"https:\/\/chartreux.org\/moines\/?page_id=3339"},"modified":"2021-12-01T10:58:55","modified_gmt":"2021-12-01T09:58:55","slug":"tageslauf-eines-kartausers","status":"publish","type":"page","link":"https:\/\/chartreux.org\/moines\/de\/tageslauf-eines-kartausers\/","title":{"rendered":"Der Tag"},"content":{"rendered":"\n<div class=\"wp-block-columns is-layout-flex wp-container-core-columns-is-layout-9d6595d7 wp-block-columns-is-layout-flex\">\n<div class=\"wp-block-column is-layout-flow wp-block-column-is-layout-flow\">\n<p><\/p>\n<div id=\"toc_container\">\n<ul class=\"toc_list\">\n  <li><a href=\"#1\">1. Das Gro\u00dfe Nachtoffizium<\/a><\/li>\n  <li><a href=\"#2\">2. Vormittag: Heilige Messe, lectio divina, Studium<\/a><\/li>\n  <li><a href=\"#3\">3. Mittag und Nachmittag: Mittagessen, Erholung, Handarbeit<\/a><\/li>\n  <li><a href=\"#4\">4. Das Ende des Tages<\/a><\/li>\n<\/ul>\n<\/div>\n<\/div>\n\n\n\n<div class=\"wp-block-column is-layout-flow wp-block-column-is-layout-flow\">\n<blockquote class=\"wp-block-quote is-layout-flow wp-block-quote-is-layout-flow\"><p><em>\u00ab\u00a0Marta, Marta, du machst dir viele Sorgen und M\u00fchen. Aber nur eines ist notwendig. Maria hat das Bessere gew\u00e4hlt, das soll ihr nicht genommen werden.\u00a0\u00bb<\/em><br>(Lukas 10, 41-42)<\/p><\/blockquote>\n<\/div>\n<\/div>\n\n\n\n<p>Wir erkl\u00e4ren hier den Ablauf eines gew\u00f6hnlichen Wochentages f\u00fcr einen Pater im Kloster, wobei wir auf einige Besonderheiten f\u00fcr die Laienbr\u00fcder hinweisen. Es handelt sich gewisserma\u00dfen um einen Standard-Zeitplan, der zwar von Haus zu Haus ein wenig variiert, aber doch immer die gleiche Struktur beibeh\u00e4lt.<\/p>\n\n\n\n<p>Matutin, Laudes, Prim, Terz, Sext, Non, Vesper und Komplet sind die Namen der einzelnen Horen des Stundengebets, die dem Tag seinen Rhythmus verleihen. Einige davon werden in der Kirche gemeinsam gesungen, andere werden in der Einsamkeit rezitiert, im Oratorium der Zelle. Jeder Hore des Stundengebets geht das Offizium der Seligen Jungfrau Maria voraus, ein Merkmal der kartusianischen Liturgie, das zu einer sehr alten Tradition geh\u00f6rt.<\/p>\n\n\n\n<hr class=\"wp-block-separator is-style-default\"\/>\n\n\n\n<div style=\"height:40px\" aria-hidden=\"true\" class=\"wp-block-spacer\"><\/div>\n\n\n\n<h3 class=\"wp-block-heading\" id=\"1\">1. Das Gro\u00dfe Nachtoffizium<\/h3>\n\n\n\n<p><strong>23.30 Uhr: Aufstehen. Matutin der Seligen Jungfrau Maria. Pers\u00f6nliches Gebet in der Zelle. Die Br\u00fcder stehen um Mitternacht auf.<\/strong><br><strong>0.15 Uhr: In der Kirche, Matutin des kanonischen Offiziums, gefolgt von den Laudes. Angelus.<\/strong><br><strong>Zwischen 2.15 und 3.15 Uhr nachts: R\u00fcckkehr in die Zelle. Nach der Laudes der Seligen Jungfrau Maria folgt die zweite Nachtruhe (Schlafenszeit).<\/strong><\/p>\n\n\n\n<div class=\"wp-block-columns is-layout-flex wp-container-core-columns-is-layout-9d6595d7 wp-block-columns-is-layout-flex\">\n<div class=\"wp-block-column is-layout-flow wp-block-column-is-layout-flow\">\n<figure class=\"wp-block-image size-large\"><img decoding=\"async\" width=\"1024\" height=\"752\" src=\"https:\/\/chartreux.org\/moines\/wp-content\/uploads\/2021\/01\/Off-nuit-02-2-1024x752.jpg\" alt=\"\" class=\"wp-image-1440\" srcset=\"https:\/\/chartreux.org\/moines\/wp-content\/uploads\/2021\/01\/Off-nuit-02-2-1024x752.jpg 1024w, https:\/\/chartreux.org\/moines\/wp-content\/uploads\/2021\/01\/Off-nuit-02-2-300x220.jpg 300w, https:\/\/chartreux.org\/moines\/wp-content\/uploads\/2021\/01\/Off-nuit-02-2-768x564.jpg 768w, https:\/\/chartreux.org\/moines\/wp-content\/uploads\/2021\/01\/Off-nuit-02-2.jpg 1470w\" sizes=\"(max-width: 1024px) 100vw, 1024px\" \/><\/figure>\n<\/div>\n\n\n\n<div class=\"wp-block-column is-layout-flow wp-block-column-is-layout-flow\">\n<figure class=\"wp-block-image size-large\"><img decoding=\"async\" width=\"1024\" height=\"749\" src=\"https:\/\/chartreux.org\/moines\/wp-content\/uploads\/2021\/01\/Off-nuit-01-2-1024x749.jpg\" alt=\"\" class=\"wp-image-1441\" srcset=\"https:\/\/chartreux.org\/moines\/wp-content\/uploads\/2021\/01\/Off-nuit-01-2-1024x749.jpg 1024w, https:\/\/chartreux.org\/moines\/wp-content\/uploads\/2021\/01\/Off-nuit-01-2-300x219.jpg 300w, https:\/\/chartreux.org\/moines\/wp-content\/uploads\/2021\/01\/Off-nuit-01-2-768x562.jpg 768w, https:\/\/chartreux.org\/moines\/wp-content\/uploads\/2021\/01\/Off-nuit-01-2.jpg 1300w\" sizes=\"(max-width: 1024px) 100vw, 1024px\" \/><\/figure>\n<\/div>\n<\/div>\n\n\n\n<p><\/p>\n\n\n\n<p>Mitten in der Nacht, egal zu welcher Jahreszeit, jeden Tag ohne Ausnahme, sind die Kart\u00e4userm\u00f6nche in der Kirche, wo sich die ganze Gemeinschaft zu diesem langen Offizium, bestehend aus <strong>Matutin<\/strong> und <strong>Laudes<\/strong>, versammelt. Die Kart\u00e4userm\u00f6nche beten, w\u00e4hrend die Welt schl\u00e4ft. Wie ein W\u00e4chter steht der Kart\u00e4userm\u00f6nch nachts vor Gott, um ihn zu loben, auf sein Wort zu h\u00f6ren und f\u00fcr die Leiden und Sorgen der Welt zu beten. Dieses Offizium, das je nach Tag mehr oder weniger ausgedehnt ist, stellt einen der wertvollsten Momente des Kart\u00e4usertages dar.<\/p>\n\n\n\n<p>Die Matutin ist gekennzeichnet durch das gesungene Rezitieren von Psalmen, durchsetzt mit biblischen und patristischen Lesungen, Zeiten der Stille und F\u00fcrbittgebeten. Je nach Kloster kann sie auf Latein oder in der Sprache des Landes, in dem sich das Kloster befindet, abgehalten werden. Die Laudes sind ein Offizium des Lobes und der Danksagung f\u00fcr den anbrechenden Tag.<\/p>\n\n\n\n<div class=\"wp-block-image\"><figure class=\"aligncenter size-full\"><img decoding=\"async\" width=\"525\" height=\"525\" src=\"https:\/\/chartreux.org\/moines\/wp-content\/uploads\/2021\/12\/OffNuitCarre.jpg\" alt=\"\" class=\"wp-image-5728\" srcset=\"https:\/\/chartreux.org\/moines\/wp-content\/uploads\/2021\/12\/OffNuitCarre.jpg 525w, https:\/\/chartreux.org\/moines\/wp-content\/uploads\/2021\/12\/OffNuitCarre-300x300.jpg 300w, https:\/\/chartreux.org\/moines\/wp-content\/uploads\/2021\/12\/OffNuitCarre-150x150.jpg 150w\" sizes=\"(max-width: 525px) 100vw, 525px\" \/><\/figure><\/div>\n\n\n\n<p>Viermal am Tag verehren wir mit dem <strong>Angelusgebet<\/strong> (im Kart\u00e4userkloster nur aus drei Ave Maria bestehend) das Geheimnis der Menschwerdung des Gottessohnes. Es erinnert an den Besuch des Engels Gabriel bei der Jungfrau Maria, bei dem sie ihre Zustimmung gibt, Mutter des Messias zu werden, indem sie jenes \u201eJa\u201c ausspricht, das die Menschheit und die ganze Sch\u00f6pfung zur Erl\u00f6sung hin \u00f6ffnet.<\/p>\n\n\n\n<p>Zur\u00fcck in seiner Zelle, begibt sich der Kart\u00e4userm\u00f6nch erneut in sein Oratorium, um ein letztes Gebet zu verrichten, bevor er sich zur Ruhe begibt: die Laudes der Muttergottes. Ob an gew\u00f6hnlichen Tagen oder an Festtagen, dieses kurze Offizium durchwebt den Tag des Kart\u00e4users wie ein roter Faden, der ihn mit dem Gebet der Mutter Christi verbindet, die auch seine eigene Mutter ist.<\/p>\n\n\n\n<p>Die Br\u00fcder, wenn sie nicht zur Laudes in der Kirche geblieben sind, verrichten in der Zelle auf dem Boden hingestreckt das, was wir \u201edas Mutter-Gebet\u201c nennen: ein spontanes und vertrauensvolles Gebet in ihrer Muttersprache, das alle gro\u00dfen Anliegen der Kirche und der Welt umfasst.<\/p>\n\n\n\n<hr class=\"wp-block-separator is-style-default\"\/>\n\n\n\n<div style=\"height:40px\" aria-hidden=\"true\" class=\"wp-block-spacer\"><\/div>\n\n\n\n<h3 class=\"wp-block-heading\" id=\"2\">2. Vormittag: Heilige Messe, <em>lectio divina<\/em>, Studium<\/h3>\n\n\n\n<p><strong>6.30 Uhr oder 6.45 Uhr: Aufstehen.<\/strong><br><strong>7.00 Uhr: Prim, gefolgt vom Angelus. Gebet oder Lesung zur Vorbereitung auf die Messe.<\/strong><br><strong>8.00 Uhr: Konventamt in der Kirche. Dann, f\u00fcr die Patres, Feier der hl. Messe alleine in einer Kapelle. F\u00fcr die Br\u00fcder: Gebet, dann Beginn der Arbeit.<\/strong><br><strong>10.00 Uhr: Terz, in der Zelle. Dann \u201a<em>lectio divina<\/em>\u2018, Studium.<\/strong><\/p>\n\n\n\n<div class=\"wp-block-columns is-layout-flex wp-container-core-columns-is-layout-9d6595d7 wp-block-columns-is-layout-flex\">\n<div class=\"wp-block-column is-layout-flow wp-block-column-is-layout-flow\">\n<figure class=\"wp-block-image size-large\"><img decoding=\"async\" width=\"1024\" height=\"768\" src=\"https:\/\/chartreux.org\/moines\/wp-content\/uploads\/2021\/01\/PL-messe-1024x768.jpg\" alt=\"\" class=\"wp-image-1471\" srcset=\"https:\/\/chartreux.org\/moines\/wp-content\/uploads\/2021\/01\/PL-messe-1024x768.jpg 1024w, https:\/\/chartreux.org\/moines\/wp-content\/uploads\/2021\/01\/PL-messe-300x225.jpg 300w, https:\/\/chartreux.org\/moines\/wp-content\/uploads\/2021\/01\/PL-messe-768x576.jpg 768w, https:\/\/chartreux.org\/moines\/wp-content\/uploads\/2021\/01\/PL-messe.jpg 1300w\" sizes=\"(max-width: 1024px) 100vw, 1024px\" \/><\/figure>\n<\/div>\n\n\n\n<div class=\"wp-block-column is-layout-flow wp-block-column-is-layout-flow\">\n<figure class=\"wp-block-image size-large\"><img decoding=\"async\" width=\"1024\" height=\"768\" src=\"https:\/\/chartreux.org\/moines\/wp-content\/uploads\/2021\/01\/DMJstudy044F-1024x768.jpg\" alt=\"\" class=\"wp-image-1472\" srcset=\"https:\/\/chartreux.org\/moines\/wp-content\/uploads\/2021\/01\/DMJstudy044F-1024x768.jpg 1024w, https:\/\/chartreux.org\/moines\/wp-content\/uploads\/2021\/01\/DMJstudy044F-300x225.jpg 300w, https:\/\/chartreux.org\/moines\/wp-content\/uploads\/2021\/01\/DMJstudy044F-768x576.jpg 768w, https:\/\/chartreux.org\/moines\/wp-content\/uploads\/2021\/01\/DMJstudy044F.jpg 1216w\" sizes=\"(max-width: 1024px) 100vw, 1024px\" \/><\/figure>\n<\/div>\n<\/div>\n\n\n\n<p>Nachdem er sich von dem langen Nachtoffizium ausgeruht hat, steht der Kart\u00e4userm\u00f6nch gegen 6.30 Uhr auf, um f\u00fcr die <strong>Prim<\/strong>, gefolgt vom Angelus, bereit zu sein. Er fr\u00fchst\u00fcckt nicht.<\/p>\n\n\n\n<p>Die <strong>Konventmesse<\/strong> versammelt die Gemeinschaft zum zweiten Mal in der Kirche. Sie wird immer gesungen, mit gregorianischem Choral in der kartusianischen Tradition. Diese liturgische Handlung feiert das Geheimnis unserer Erl\u00f6sung, ein Gedenken und eine Vergegenw\u00e4rtigung der vollkommenen Hingabe des Sohnes Gottes an seinen Vater am Kreuz.<\/p>\n\n\n\n<p>Die Eucharistie ist die Quelle des geistlichen Lebens und der H\u00f6hepunkt des ganzen Lebens der Kirche: Christus macht sich selbst unter uns gegenw\u00e4rtig. Er kommt, um uns seine Gnade und Kraft zu bringen, er, der sich selbst als geistige Nahrung gibt, um das Voranschreiten seiner J\u00fcnger zu unterst\u00fctzen, um uns mit sich zu nehmen und uns mit dem Opfer der Liebe und des Lobes zu verbinden, das er seinem Vater darbringt. In diesem Aufschwung zum Vater hin kommen wir mit allem, was wir haben und allem, was wir sind, und bringen so jeden Augenblick unseres geweihten Lebens vor Gott. Dieses gemeinsame Opfer von Christus und seinen J\u00fcngern l\u00e4sst Gnaden auf die ganze Menschheit ausstr\u00f6men.<\/p>\n\n\n\n<p><a href=\"#toc_container\" class=\"returnToTop\"> zur\u00fcck nach oben \u2191 <\/a><\/p>\n\n\n\n<p>Weil sich das Wirken Christi st\u00e4ndig in der Eucharistie verwirklicht, vollzieht der Priester, wenn er die Messe feiert, das, was sein wesentlicher Daseinsgrund ist. Deshalb feiert jeder Priesterm\u00f6nch vor oder nach der Konventmesse eine Messe in der Einsamkeit. Der Ritus dieser stillen Messe ist noch n\u00fcchterner. Es ist ein Moment gro\u00dfer Vertrautheit mit Christus. In dieser Feier versteht der Kart\u00e4user mehr als anderswo, dass er in seiner Einsamkeit nicht au\u00dferhalb der Welt steht, sondern im Herzen des g\u00f6ttlichen Heilsplans.<\/p>\n\n\n\n<p><em>Lectio divina<\/em> ist das meditative, betende Lesen der Bibel. Nach monastischer Tradition ist daf\u00fcr jeden Tag mindestens eine halbe Stunde vorgesehen. Normalerweise ist der Rest des Vormittags dem Studium oder der geistlichen Lekt\u00fcre gewidmet.<\/p>\n\n\n\n<p>Die Offizien der <strong>Terz<\/strong>, der <strong>Sext<\/strong> und der <strong>Non<\/strong>, die sogenannten \u201ekleinen Horen\u201c, strukturieren den Tag des M\u00f6nchs im Rhythmus von etwa zwei Stunden, um ihn immer wieder zum Gebet zur\u00fcckzubringen.<\/p>\n\n\n\n<h3 class=\"wp-block-heading\" id=\"3\">3. Mittag und Nachmittag: Mittagessen, Erholung, Handarbeit<\/h3>\n\n\n\n<p><strong>12.00 Uhr: Angelus, Sext, Mittagessen.<\/strong><br><strong>Nach dem Essen folgt eine Zeit, die wir Erholung oder Rekreation nennen. Sie kann frei genutzt werden.<\/strong><br><strong>14.00 Uhr: Non. F\u00fcr die Patres folgt normalerweise eine Zeit der Handarbeit in der Zelle. Die Laienbr\u00fcder kehren zu ihrer Arbeit in den Ob\u00f6dienzen zur\u00fcck.<\/strong><\/p>\n\n\n\n<div class=\"wp-block-columns is-layout-flex wp-container-core-columns-is-layout-9d6595d7 wp-block-columns-is-layout-flex\">\n<div class=\"wp-block-column is-layout-flow wp-block-column-is-layout-flow\">\n<figure class=\"wp-block-image size-large\"><img decoding=\"async\" width=\"940\" height=\"704\" src=\"https:\/\/chartreux.org\/moines\/wp-content\/uploads\/2021\/03\/0X4A7074b.jpg\" alt=\"\" class=\"wp-image-1833\" srcset=\"https:\/\/chartreux.org\/moines\/wp-content\/uploads\/2021\/03\/0X4A7074b.jpg 940w, https:\/\/chartreux.org\/moines\/wp-content\/uploads\/2021\/03\/0X4A7074b-300x225.jpg 300w, https:\/\/chartreux.org\/moines\/wp-content\/uploads\/2021\/03\/0X4A7074b-768x575.jpg 768w\" sizes=\"(max-width: 940px) 100vw, 940px\" \/><figcaption> <\/figcaption><\/figure>\n<\/div>\n\n\n\n<div class=\"wp-block-column is-layout-flow wp-block-column-is-layout-flow\">\n<figure class=\"wp-block-image size-large\"><img decoding=\"async\" width=\"1024\" height=\"769\" src=\"https:\/\/chartreux.org\/moines\/wp-content\/uploads\/2021\/01\/S1010076-1024x769.jpg\" alt=\"\" class=\"wp-image-1475\" srcset=\"https:\/\/chartreux.org\/moines\/wp-content\/uploads\/2021\/01\/S1010076-1024x769.jpg 1024w, https:\/\/chartreux.org\/moines\/wp-content\/uploads\/2021\/01\/S1010076-300x225.jpg 300w, https:\/\/chartreux.org\/moines\/wp-content\/uploads\/2021\/01\/S1010076-768x577.jpg 768w, https:\/\/chartreux.org\/moines\/wp-content\/uploads\/2021\/01\/S1010076.jpg 1300w\" sizes=\"(max-width: 1024px) 100vw, 1024px\" \/><\/figure>\n<\/div>\n<\/div>\n\n\n\n<p>Zur Mittagszeit bringt ein Bruder zu jeder Zelle die Mahlzeit des M\u00f6nchs f\u00fcr den Tag. Dieser isst allein in seiner Zelle, nachdem er die <strong>Sext<\/strong> gebetet hat. Mit Ausnahme von Fleisch, auf das er sein ganzes Leben lang im Geiste der Aufopferung verzichtet, gibt es Gem\u00fcse, Getreide, Fisch, Eier, K\u00e4se, Obst, um den N\u00e4hrstoffbedarf des Tages zu decken.<\/p>\n\n\n\n<p>Einmal in der Woche, in der Regel freitags, macht er \u201eAbstinenz\u201c, d.h. er begn\u00fcgt sich mit Brot und Wasser.<\/p>\n\n\n\n<p>F\u00fcr die Zeit nach dem Essen, bis 14.00 Uhr, gibt es keine vorgeschriebene Besch\u00e4ftigung. Ob er die Zelle reinigt, etwas im Garten arbeitet oder sich einfach nur ausruht, der Kart\u00e4user bleibt stets wachsam, indem er sein Herz beh\u00fctet und darauf bedacht ist, seinen Blick auf den Einen zu richten, der in ihm wohnt \u2026<\/p>\n\n\n\n<p>Das Gleichgewicht zwischen Studium und Handarbeit muss jeder f\u00fcr sich selbst finden, in Absprache mit dem Prior (oder Novizenmeister). Denn es ist notwendig, die verschiedenartigen Aktivit\u00e4ten aufeinander abzustimmen, um zu einer guten und auch auf die Dauer tragf\u00e4higen menschlichen Ausgeglichenheit zu gelangen \u2013 die dadurch erm\u00f6glichte Langlebigkeit der Kart\u00e4userm\u00f6nche ist geradezu sprichw\u00f6rtlich.<\/p>\n\n\n\n<div class=\"wp-block-columns is-layout-flex wp-container-core-columns-is-layout-9d6595d7 wp-block-columns-is-layout-flex\">\n<div class=\"wp-block-column is-layout-flow wp-block-column-is-layout-flow\">\n<figure class=\"wp-block-image size-large\"><img decoding=\"async\" width=\"1024\" height=\"766\" src=\"https:\/\/chartreux.org\/moines\/wp-content\/uploads\/2021\/01\/HH-en-obediencias-040-1024x766.jpg\" alt=\"\" class=\"wp-image-1477\" srcset=\"https:\/\/chartreux.org\/moines\/wp-content\/uploads\/2021\/01\/HH-en-obediencias-040-1024x766.jpg 1024w, https:\/\/chartreux.org\/moines\/wp-content\/uploads\/2021\/01\/HH-en-obediencias-040-300x225.jpg 300w, https:\/\/chartreux.org\/moines\/wp-content\/uploads\/2021\/01\/HH-en-obediencias-040-768x575.jpg 768w, https:\/\/chartreux.org\/moines\/wp-content\/uploads\/2021\/01\/HH-en-obediencias-040.jpg 1300w\" sizes=\"(max-width: 1024px) 100vw, 1024px\" \/><figcaption> <\/figcaption><\/figure>\n<\/div>\n\n\n\n<div class=\"wp-block-column is-layout-flow wp-block-column-is-layout-flow\">\n<figure class=\"wp-block-image size-large\"><img decoding=\"async\" width=\"1024\" height=\"768\" src=\"https:\/\/chartreux.org\/moines\/wp-content\/uploads\/2021\/01\/2-4-agosto-2006-004-1024x768.jpg\" alt=\"\" class=\"wp-image-1476\" srcset=\"https:\/\/chartreux.org\/moines\/wp-content\/uploads\/2021\/01\/2-4-agosto-2006-004-1024x768.jpg 1024w, https:\/\/chartreux.org\/moines\/wp-content\/uploads\/2021\/01\/2-4-agosto-2006-004-300x225.jpg 300w, https:\/\/chartreux.org\/moines\/wp-content\/uploads\/2021\/01\/2-4-agosto-2006-004-768x576.jpg 768w, https:\/\/chartreux.org\/moines\/wp-content\/uploads\/2021\/01\/2-4-agosto-2006-004-1536x1152.jpg 1536w, https:\/\/chartreux.org\/moines\/wp-content\/uploads\/2021\/01\/2-4-agosto-2006-004.jpg 2048w\" sizes=\"(max-width: 1024px) 100vw, 1024px\" \/><\/figure>\n<\/div>\n<\/div>\n\n\n\n<p>Im Sommer besteht die Handarbeit vor allem aus Gartenarbeit (der M\u00f6nch kann Blumen oder Gem\u00fcse anbauen), aber es sind auch Buchbinden, Drechseln und andere T\u00e4tigkeiten m\u00f6glich, je nach den pers\u00f6nlichen F\u00e4higkeiten. Im Winter ist es \u2013 je nach Kloster \u2013 vor allem das Holzs\u00e4gen, das den M\u00f6nch besch\u00e4ftigt: sein Holz zum Heizen des Ofens zu s\u00e4gen ist im rauen Klima der Berge \u00fcberlebenswichtig. Die Arbeit kann jedoch auch darin bestehen, einem kranken Mitbruder oder der Gemeinschaft einen Dienst zu erweisen, z.B. beim N\u00e4hen zu helfen, Sekretariatsarbeiten zu erledigen oder andere Aufgaben zu \u00fcbernehmen, die sich aus den Bed\u00fcrfnissen der Gemeinschaft ergeben.<\/p>\n\n\n\n<div class=\"wp-block-image\"><figure class=\"aligncenter size-large is-resized\"><img decoding=\"async\" src=\"https:\/\/chartreux.org\/moines\/wp-content\/uploads\/2021\/03\/con-lena.jpg\" alt=\"\" class=\"wp-image-1835\" width=\"369\" height=\"492\" srcset=\"https:\/\/chartreux.org\/moines\/wp-content\/uploads\/2021\/03\/con-lena.jpg 705w, https:\/\/chartreux.org\/moines\/wp-content\/uploads\/2021\/03\/con-lena-225x300.jpg 225w\" sizes=\"(max-width: 369px) 100vw, 369px\" \/><\/figure><\/div>\n\n\n\n<h3 class=\"wp-block-heading\" id=\"4\">4. Das Ende des Tages<\/h3>\n\n\n\n<p><strong>16.00 Uhr: Die Glocken l\u00e4uten zum Ende der Aktivit\u00e4ten. Gebet der Vesper der Seligen Jungfrau Maria in der Zelle.<\/strong><br><strong>16.15 Uhr: Vesper in der Kirche, danach R\u00fcckkehr in die Zelle.<\/strong><br><strong>17.00 Uhr: Geistliche Lesung, stilles Gebet.<\/strong><br><strong>Zwischen 18 Uhr und 18.30 Uhr: Abendessen.<\/strong><br><strong>18.45 Uhr: Angelus und Komplet.<\/strong><br><strong>Zwischen 19.30 und 20.00 Uhr: Zeit zum Schlafengehen.<\/strong><\/p>\n\n\n\n<div class=\"wp-block-columns is-layout-flex wp-container-core-columns-is-layout-9d6595d7 wp-block-columns-is-layout-flex\">\n<div class=\"wp-block-column is-layout-flow wp-block-column-is-layout-flow\">\n<figure class=\"wp-block-image size-large\"><img decoding=\"async\" width=\"940\" height=\"705\" src=\"https:\/\/chartreux.org\/moines\/wp-content\/uploads\/2021\/03\/SerraVespri01.jpg\" alt=\"\" class=\"wp-image-1824\" srcset=\"https:\/\/chartreux.org\/moines\/wp-content\/uploads\/2021\/03\/SerraVespri01.jpg 940w, https:\/\/chartreux.org\/moines\/wp-content\/uploads\/2021\/03\/SerraVespri01-300x225.jpg 300w, https:\/\/chartreux.org\/moines\/wp-content\/uploads\/2021\/03\/SerraVespri01-768x576.jpg 768w\" sizes=\"(max-width: 940px) 100vw, 940px\" \/><\/figure>\n<\/div>\n\n\n\n<div class=\"wp-block-column is-layout-flow wp-block-column-is-layout-flow\">\n<figure class=\"wp-block-image size-large\"><img decoding=\"async\" width=\"940\" height=\"705\" src=\"https:\/\/chartreux.org\/moines\/wp-content\/uploads\/2021\/03\/SerraComplies.jpg\" alt=\"\" class=\"wp-image-1826\" srcset=\"https:\/\/chartreux.org\/moines\/wp-content\/uploads\/2021\/03\/SerraComplies.jpg 940w, https:\/\/chartreux.org\/moines\/wp-content\/uploads\/2021\/03\/SerraComplies-300x225.jpg 300w, https:\/\/chartreux.org\/moines\/wp-content\/uploads\/2021\/03\/SerraComplies-768x576.jpg 768w\" sizes=\"(max-width: 940px) 100vw, 940px\" \/><\/figure>\n<\/div>\n<\/div>\n\n\n\n<p>Die Vesper (das Wort kommt vom Griechischen <em>hesperos<\/em>, was \u201eSonnenuntergang\u201c bedeutet), schlie\u00dft den Nachmittag ab. Dies ist die Stunde der dankbaren Beendigung der T\u00e4tigkeiten, der R\u00fcckkehr zur Ruhe. In dieser Gebetszeit dankt die kl\u00f6sterliche Gemeinschaft ihrem Herrn, sie erfreut sich seiner Gegenwart und erwartet seine endg\u00fcltige Wiederkehr.<\/p>\n\n\n\n<p>Zwischen <strong>Vesper<\/strong> und <strong>Komplet<\/strong> nimmt der Kart\u00e4user eine leichte Mahlzeit ein. W\u00e4hrend des Ordensfastens (das sich vom 14. September, dem Fest von Kreuzerh\u00f6hung, bis Ostern erstreckt), wird diese Mahlzeit auf etwas Brot mit einem Getr\u00e4nk reduziert, au\u00dfer an Sonntagen und Feiertagen. An allen Freitagen, die nicht auf einen Feiertag fallen, begn\u00fcgen wir uns mit Brot und Wasser.<\/p>\n\n\n\n<p>Vor dem Schlafengehen kehrt der Kart\u00e4user in sein Oratorium zur\u00fcck und vollendet seinen Tag mit dessen letzter Gebetszeit, der <strong>Komplet<\/strong> (vom lateinischen \u201ecomplere\u201c, zu Ende bringen). Ein letztes Mal tr\u00e4gt er Gott sein Lob und die Sorgen der ganzen Welt vor und erfleht seinen Schutz f\u00fcr die Nacht. Nach einem ruhigen und doch intensiven Tag kann er sich nun ausruhen.<\/p>\n\n\n\n<hr class=\"wp-block-separator is-style-default\"\/>\n\n\n\n<div style=\"height:40px\" aria-hidden=\"true\" class=\"wp-block-spacer\"><\/div>\n\n\n\n<p>Zus\u00e4tzlich zu den Momenten, die durch das liturgische Stundengebet festgelegt sind, ist der Kart\u00e4user dazu eingeladen, w\u00e4hrend des Tages immer wieder einige Momente dem pers\u00f6nlichen Gebet zu widmen, um seine Beziehung zu Jesus Christus zu vertiefen und um soweit wie m\u00f6glich zu einem ununterbrochenen Gebet zu gelangen.<\/p>\n\n\n\n<div class=\"wp-block-image\"><figure class=\"aligncenter size-large\"><img decoding=\"async\" width=\"940\" height=\"365\" src=\"https:\/\/chartreux.org\/moines\/wp-content\/uploads\/2021\/03\/The04.jpg\" alt=\"\" class=\"wp-image-1821\" srcset=\"https:\/\/chartreux.org\/moines\/wp-content\/uploads\/2021\/03\/The04.jpg 940w, https:\/\/chartreux.org\/moines\/wp-content\/uploads\/2021\/03\/The04-300x116.jpg 300w, https:\/\/chartreux.org\/moines\/wp-content\/uploads\/2021\/03\/The04-768x298.jpg 768w\" sizes=\"(max-width: 940px) 100vw, 940px\" \/><figcaption> <\/figcaption><\/figure><\/div>\n\n\n\n<p><a href=\"#toc_container\" class=\"returnToTop\"> zur\u00fcck nach oben \u2191 <\/a><\/p>\n","protected":false},"excerpt":{"rendered":"<p>1. Das Gro\u00dfe Nachtoffizium 2. Vormittag: Heilige Messe, lectio divina, Studium 3. Mittag und Nachmittag: Mittagessen, [&hellip;]<\/p>\n","protected":false},"author":1,"featured_media":0,"parent":0,"menu_order":0,"comment_status":"closed","ping_status":"closed","template":"template-full-width.php","meta":{"footnotes":""},"class_list":["post-3339","page","type-page","status-publish","hentry"],"_links":{"self":[{"href":"https:\/\/chartreux.org\/moines\/wp-json\/wp\/v2\/pages\/3339","targetHints":{"allow":["GET"]}}],"collection":[{"href":"https:\/\/chartreux.org\/moines\/wp-json\/wp\/v2\/pages"}],"about":[{"href":"https:\/\/chartreux.org\/moines\/wp-json\/wp\/v2\/types\/page"}],"author":[{"embeddable":true,"href":"https:\/\/chartreux.org\/moines\/wp-json\/wp\/v2\/users\/1"}],"replies":[{"embeddable":true,"href":"https:\/\/chartreux.org\/moines\/wp-json\/wp\/v2\/comments?post=3339"}],"version-history":[{"count":0,"href":"https:\/\/chartreux.org\/moines\/wp-json\/wp\/v2\/pages\/3339\/revisions"}],"wp:attachment":[{"href":"https:\/\/chartreux.org\/moines\/wp-json\/wp\/v2\/media?parent=3339"}],"curies":[{"name":"wp","href":"https:\/\/api.w.org\/{rel}","templated":true}]}}