{"id":2913,"date":"2021-05-04T03:20:01","date_gmt":"2021-05-04T01:20:01","guid":{"rendered":"https:\/\/chartreux.org\/moines\/?page_id=2913"},"modified":"2024-09-11T11:17:04","modified_gmt":"2024-09-11T09:17:04","slug":"rahmen-des-monchslebens","status":"publish","type":"page","link":"https:\/\/chartreux.org\/moines\/de\/rahmen-des-monchslebens\/","title":{"rendered":"Der \u00e4u\u00dfere Rahmen"},"content":{"rendered":"\n<div class=\"wp-block-columns is-layout-flex wp-container-core-columns-is-layout-9d6595d7 wp-block-columns-is-layout-flex\">\n<div class=\"wp-block-column is-layout-flow wp-block-column-is-layout-flow\">\n<p><\/p>\n<div id=\"toc_container\">\n<ul class=\"toc_list\">\n  <li><a href=\"#1\">1. Die Abgeschiedenheit (\u201eW\u00fcste\u201c)<\/a><\/li>\n  <li><a href=\"#2\">2. Die Klausur<\/a><\/li>\n  <li><a href=\"#3\">3. Die Zelle<\/a><\/li>\n<\/ul>\n<\/div>\n<\/div>\n\n\n\n<div class=\"wp-block-column is-layout-flow wp-block-column-is-layout-flow\" style=\"flex-basis:65.2%\">\n<blockquote class=\"wp-block-quote is-layout-flow wp-block-quote-is-layout-flow\">\n<p><strong><em>\u00ab\u00a0Richtet euren Sinn auf das Himmlische und nicht auf das Irdische! Denn ihr seid gestorben, und euer Leben ist mit Christus verborgen in Gott.\u00a0\u00bb <\/em><\/strong><br>(Kolosser 3, 2-3)<strong><em><br><\/em><\/strong><\/p>\n<\/blockquote>\n\n\n\n<p><\/p>\n<\/div>\n<\/div>\n\n\n\n<h3 class=\"wp-block-heading\" id=\"1\">1. Die Abgeschiedenheit (\u201eW\u00fcste\u201c)<\/h3>\n\n\n\n<p>Die Absicht Brunos und seiner Gef\u00e4hrten war es, die Spiritualit\u00e4t der W\u00fcste wiederzufinden: alles zu verlassen, um in der Einsamkeit allein f\u00fcr Gott zu leben. Sie strebten nach Einsamkeit als nach einem Mittel, das das Gebet beg\u00fcnstigt, die Begegnung mit Gott allein, die Armut des Geistes, die Authentizit\u00e4t, die Demut. Die Kart\u00e4user-Eremiten leben auch heute noch in abgeschiedenen \u201eW\u00fcsten\u201c nach dem Vorbild der Urspr\u00fcnge des Ordens, wo sie ein Leben des Gebets und der Arbeit f\u00fchren.<\/p>\n\n\n\n<p>Die Einsamkeit des Kart\u00e4users wird durch drei konzentrische Kreise gew\u00e4hrleistet und gesch\u00fctzt: die W\u00fcste, die Klausur und die Zelle. Sie sind wie drei aufeinanderfolgende W\u00e4lle, die zum \u201eAllerheiligsten\u201c f\u00fchren, wo der M\u00f6nch im Verborgenen betet: \u201eWenn du betest, geh in dein Zimmer, schlie\u00dfe die T\u00fcr zu und bete zu deinem Vater, der im Verborgenen ist; dein Vater, der im Verborgenen sieht, wird es dir vergelten\u201c (Mt 6,6).<\/p>\n\n\n\n<p>Unsere Kl\u00f6ster werden normalerweise an Orten gebaut, die weit weg von jeder Behausung, vom L\u00e4rm der Stra\u00dfen, in einer l\u00e4ndlichen Umgebung liegen. Als \u201eW\u00fcste\u201c bzw. Ein\u00f6de bezeichnen wir ein ziemlich gro\u00dfes Gebiet, welches das Kloster umgibt und dessen Grenzen festgelegt sind. Wir gehen nicht \u00fcber die Grenzen der W\u00fcste hinaus ohne eine Sondergenehmigung, au\u00dfer beim w\u00f6chentlichen Spaziergang, wo wird jedoch innerhalb der vom Generalkapitel f\u00fcr jedes Haus festgelegten Grenzen bleiben.<\/p>\n\n\n\n<div class=\"wp-block-columns is-layout-flex wp-container-core-columns-is-layout-9d6595d7 wp-block-columns-is-layout-flex\">\n<div class=\"wp-block-column is-layout-flow wp-block-column-is-layout-flow\">\n<figure class=\"wp-block-image size-large\"><img decoding=\"async\" width=\"1024\" height=\"768\" src=\"https:\/\/chartreux.org\/moines\/wp-content\/uploads\/2021\/02\/PA220026-1024x768.jpg\" alt=\"\" class=\"wp-image-1658\" srcset=\"https:\/\/chartreux.org\/moines\/wp-content\/uploads\/2021\/02\/PA220026-1024x768.jpg 1024w, https:\/\/chartreux.org\/moines\/wp-content\/uploads\/2021\/02\/PA220026-300x225.jpg 300w, https:\/\/chartreux.org\/moines\/wp-content\/uploads\/2021\/02\/PA220026-768x576.jpg 768w, https:\/\/chartreux.org\/moines\/wp-content\/uploads\/2021\/02\/PA220026-1536x1152.jpg 1536w, https:\/\/chartreux.org\/moines\/wp-content\/uploads\/2021\/02\/PA220026.jpg 1600w\" sizes=\"(max-width: 1024px) 100vw, 1024px\" \/><figcaption class=\"wp-element-caption\"> <\/figcaption><\/figure>\n<\/div>\n\n\n\n<div class=\"wp-block-column is-layout-flow wp-block-column-is-layout-flow\">\n<figure class=\"wp-block-image size-large\"><img decoding=\"async\" width=\"940\" height=\"705\" src=\"https:\/\/chartreux.org\/moines\/wp-content\/uploads\/2021\/02\/Valsainte-spaciement-2.jpg\" alt=\"\" class=\"wp-image-1656\" srcset=\"https:\/\/chartreux.org\/moines\/wp-content\/uploads\/2021\/02\/Valsainte-spaciement-2.jpg 940w, https:\/\/chartreux.org\/moines\/wp-content\/uploads\/2021\/02\/Valsainte-spaciement-2-300x225.jpg 300w, https:\/\/chartreux.org\/moines\/wp-content\/uploads\/2021\/02\/Valsainte-spaciement-2-768x576.jpg 768w\" sizes=\"(max-width: 940px) 100vw, 940px\" \/><\/figure>\n\n\n\n<p><\/p>\n<\/div>\n<\/div>\n\n\n\n<h3 class=\"wp-block-heading\" id=\"2\">2. Die Klausur<\/h3>\n\n\n\n<p>Jede Kartause ist von einer Klausurmauer umgeben, sodass das Kloster zu einem abgeschlossenen, doch auf den Himmel hin offenen Bereich wird, innerhalb dessen wir uns besser mit Gott verbinden k\u00f6nnen. Das Leben eines M\u00f6nchs spielt sich g\u00e4nzlich innerhalb dieses Bereiches ab und alles ist so eingerichtet, dass er die Klausur nicht zu verlassen braucht.<\/p>\n\n\n\n<p>Die Lebensweise der Kart\u00e4user spiegelt sich in dem wider, was von au\u00dfen zu sehen ist, n\u00e4mlich in den Geb\u00e4uden. F\u00fcr ihr eremitisches Leben, das durch einen gewissen Anteil an Gemeinschaftsleben gemildert wird, schlossen sich die ersten Kart\u00e4user in der N\u00e4he von Wasserquellen zusammen, und ihre H\u00fctten \u00e4hnelten jenen der Holzf\u00e4ller: einfach und solide, erste Entw\u00fcrfe dessen, was die Kart\u00e4userzellen einmal sein w\u00fcrden. Von Anfang an waren die einzelnen Behausungen klar voneinander abgegrenzt und zugleich miteinander verbunden durch einen \u00fcberdachten Gang, der zur Kirche f\u00fchrte (die als einzige aus Stein erbaut war); so lie\u00dfen sie bereits die typisch kartusianische Anordnung des Klostergel\u00e4ndes erahnen. In jedem Kart\u00e4userkloster gibt es n\u00e4mlich drei Hauptteile:<\/p>\n\n\n<div class=\"wp-block-image\">\n<figure class=\"alignright size-large is-resized\"><img decoding=\"async\" width=\"453\" height=\"722\" src=\"https:\/\/chartreux.org\/moines\/wp-content\/uploads\/2021\/05\/PSdrone13ebon.jpg\" alt=\"\" class=\"wp-image-3430\" style=\"width:286px;height:456px\" srcset=\"https:\/\/chartreux.org\/moines\/wp-content\/uploads\/2021\/05\/PSdrone13ebon.jpg 453w, https:\/\/chartreux.org\/moines\/wp-content\/uploads\/2021\/05\/PSdrone13ebon-188x300.jpg 188w\" sizes=\"(max-width: 453px) 100vw, 453px\" \/><\/figure>\n<\/div>\n\n\n<p><strong>A. Der gro\u00dfe Kreuzgang<\/strong><\/p>\n\n\n\n<p>Der gro\u00dfe Kreuzgang verbindet die einzelnen Zellen, in denen die Patres \u2013 oder die Chorschwestern \u2013 ihr einsames Leben f\u00fchren. Manchmal gibt es einen zweiten Kreuzgang f\u00fcr die Konversbr\u00fcder oder -schwestern (z.B. bei den Kart\u00e4usern die Kartause von San Jos\u00e9, bei den Kart\u00e4userinnen die Kartause von Trinit\u00e0).<\/p>\n\n\n\n<p><strong>B. Die Orte des Gemeinschaftslebens<\/strong><\/p>\n\n\n\n<p>Dann gibt es noch den kleinen Kreuzgang, um den herum die Orte des Gemeinschaftslebens angeordnet sind: vor allem die Kirche, der Kapitelsaal und das Refektorium. In diesem Teil des Klosters befinden sich auch einige Arbeitsst\u00e4tten: die K\u00fcche, die Essensausgabe, die Sakristei usw. Oft befinden sich in diesem Teil auch die Privatkapellen der Patres.<\/p>\n\n\n\n<p><strong>C. Die Werkst\u00e4tten oder Ob\u00f6dienzen<\/strong><\/p>\n\n\n\n<p>Die Arbeitspl\u00e4tze der Br\u00fcder werden als \u201eOb\u00f6dienzen\u201c bezeichnet (von lat. oboedire = gehorchen). Die l\u00e4rmintensiven Werkst\u00e4tten (Schreinerei, Schmiede, Bauernhof usw.) liegen etwas abseits vom Rest des Klosters, um dessen Stille nicht zu st\u00f6ren. Die Br\u00fcder haben alle notwendigen Ger\u00e4te, um ihre Aufgaben zu erf\u00fcllen.<\/p>\n\n\n\n<p>Es gibt \u201egro\u00dfe H\u00e4user\u201c wie die Grande Chartreuse (mit mehr als 30 Zellen, deren heutige Bausubstanz aus dem 17. Jahrhundert stammt) oder die Kartause von Parkminster (in England); und \u201ekleine H\u00e4user\u201c wie die Kartause von Portes (im franz\u00f6sischen Departement Ain) oder jene von Montrieux in S\u00fcdfrankreich, welche die urspr\u00fcngliche Gestalt einer Kartause bewahrt haben, mit ihren zw\u00f6lf M\u00f6nchszellen, die um den Friedhof gruppiert sind.<\/p>\n\n\n<div class=\"wp-block-image\">\n<figure class=\"aligncenter size-large is-resized\"><img decoding=\"async\" width=\"980\" height=\"653\" src=\"https:\/\/chartreux.org\/moines\/wp-content\/uploads\/2021\/02\/GCGrand_cloitre.jpg\" alt=\"\" class=\"wp-image-1654\" style=\"width:532px;height:354px\" srcset=\"https:\/\/chartreux.org\/moines\/wp-content\/uploads\/2021\/02\/GCGrand_cloitre.jpg 980w, https:\/\/chartreux.org\/moines\/wp-content\/uploads\/2021\/02\/GCGrand_cloitre-300x200.jpg 300w, https:\/\/chartreux.org\/moines\/wp-content\/uploads\/2021\/02\/GCGrand_cloitre-768x512.jpg 768w\" sizes=\"(max-width: 980px) 100vw, 980px\" \/><figcaption class=\"wp-element-caption\"> <\/figcaption><\/figure>\n<\/div>\n\n\n<p><a href=\"#toc_container\" class=\"returnToTop\"> zur\u00fcck nach oben \u2191 <\/a><\/p>\n\n\n\n<p>F\u00fcr den Kart\u00e4userm\u00f6nch ist sein Kloster der Ort, an dem sein inneres Leben verankert ist; deshalb legt er dort das Gel\u00fcbde der Best\u00e4ndigkeit ab. \u201eKraft der Profess wird der M\u00f6nch in die Gemeinschaft als die ihm von Gott geschenkte Familie eingereiht, in der er mit Leib und Geist Wurzel fassen soll\u201c (Statuten 30.1). F\u00fcr den Kart\u00e4user ist diese Best\u00e4ndigkeit das Zeichen seiner vollkommenen Hingabe an Gott, denn er verpflichtet sich, sein ganzes Leben lang in seiner Berufung und an diesem bestimmten Ort zu verharren. \u201eWir wissen, wie sehr die Geduld und die Beharrlichkeit in den uns vom Herrn vorherbestimmten Verh\u00e4ltnissen f\u00fcr die Betrachtung der g\u00f6ttlichen Geheimnisse f\u00f6rderlich sind. Unm\u00f6glich kann ja ein Mensch seinen Sinn fest auf einen Punkt richten, der nicht zuvor seinen Leib dauernd an einen Ort gebunden hat\u201c (Statuten 30.8).<\/p>\n\n\n<div class=\"wp-block-image\">\n<figure class=\"aligncenter size-large is-resized\"><img decoding=\"async\" width=\"1024\" height=\"576\" src=\"https:\/\/chartreux.org\/moines\/wp-content\/uploads\/2021\/02\/P32-1024x576.jpg\" alt=\"\" class=\"wp-image-1653\" style=\"width:534px;height:300px\" srcset=\"https:\/\/chartreux.org\/moines\/wp-content\/uploads\/2021\/02\/P32-1024x576.jpg 1024w, https:\/\/chartreux.org\/moines\/wp-content\/uploads\/2021\/02\/P32-300x169.jpg 300w, https:\/\/chartreux.org\/moines\/wp-content\/uploads\/2021\/02\/P32-768x432.jpg 768w, https:\/\/chartreux.org\/moines\/wp-content\/uploads\/2021\/02\/P32-1536x864.jpg 1536w, https:\/\/chartreux.org\/moines\/wp-content\/uploads\/2021\/02\/P32.jpg 1920w\" sizes=\"(max-width: 1024px) 100vw, 1024px\" \/><\/figure>\n<\/div>\n\n\n<h3 class=\"wp-block-heading\" id=\"3\">3. Die Zelle<\/h3>\n\n\n\n<p>Die Zelle ist eine \u201eW\u00fcste innerhalb der W\u00fcste\u201c. Sie ist das pers\u00f6nliche Heiligtum, in dem der M\u00f6nch seine Beziehung zum Herrn vorz\u00fcglich lebt. Jeder M\u00f6nch im gro\u00dfen Kreuzgang verbringt die meiste Zeit seines Lebens in einer Zelle. Doch dieses Wort darf nicht in die Irre f\u00fchren: In Wirklichkeit handelt es sich dabei um eine kleine Einsiedelei oder ein H\u00e4uschen mit Wohnraum, Werkstatt und Garten. In dieser Einsiedelei l\u00e4dt die Abwesenheit des L\u00e4rms der Welt zur Innerlichkeit und Einsamkeit ein, zum H\u00f6ren auf das Wort Gottes. Sie ist der \u00fcbliche Rahmen f\u00fcr seine t\u00e4glichen Besch\u00e4ftigungen, wo der Kart\u00e4user betet, arbeitet, isst und schl\u00e4ft. Er verl\u00e4sst sie nur zu den gemeinsamen Aktivit\u00e4ten, die die Regel vorsieht: liturgisches Gebet in der Kirche, w\u00f6chentliche Erholung und Spaziergang. <\/p>\n\n\n<div class=\"wp-block-image\">\n<figure class=\"aligncenter size-large\"><img decoding=\"async\" width=\"1024\" height=\"485\" src=\"https:\/\/chartreux.org\/moines\/wp-content\/uploads\/2021\/02\/lectio-divina.jpg\" alt=\"\" class=\"wp-image-1725\" srcset=\"https:\/\/chartreux.org\/moines\/wp-content\/uploads\/2021\/02\/lectio-divina.jpg 1024w, https:\/\/chartreux.org\/moines\/wp-content\/uploads\/2021\/02\/lectio-divina-300x142.jpg 300w, https:\/\/chartreux.org\/moines\/wp-content\/uploads\/2021\/02\/lectio-divina-768x364.jpg 768w\" sizes=\"(max-width: 1024px) 100vw, 1024px\" \/><\/figure>\n<\/div>\n\n\n<div class=\"wp-block-columns is-layout-flex wp-container-core-columns-is-layout-9d6595d7 wp-block-columns-is-layout-flex\">\n<div class=\"wp-block-column is-layout-flow wp-block-column-is-layout-flow\">\n<figure class=\"wp-block-image size-large\"><img decoding=\"async\" width=\"683\" height=\"1024\" src=\"https:\/\/chartreux.org\/moines\/wp-content\/uploads\/2021\/02\/avemaria_novicio_c.jpg\" alt=\"\" class=\"wp-image-1735\" srcset=\"https:\/\/chartreux.org\/moines\/wp-content\/uploads\/2021\/02\/avemaria_novicio_c.jpg 683w, https:\/\/chartreux.org\/moines\/wp-content\/uploads\/2021\/02\/avemaria_novicio_c-200x300.jpg 200w\" sizes=\"(max-width: 683px) 100vw, 683px\" \/><\/figure>\n<\/div>\n\n\n\n<div class=\"wp-block-column is-layout-flow wp-block-column-is-layout-flow\">\n<figure class=\"wp-block-image size-large\"><img decoding=\"async\" width=\"627\" height=\"940\" src=\"https:\/\/chartreux.org\/moines\/wp-content\/uploads\/2021\/02\/0X4A7038.jpg\" alt=\"\" class=\"wp-image-1662\" srcset=\"https:\/\/chartreux.org\/moines\/wp-content\/uploads\/2021\/02\/0X4A7038.jpg 627w, https:\/\/chartreux.org\/moines\/wp-content\/uploads\/2021\/02\/0X4A7038-200x300.jpg 200w\" sizes=\"(max-width: 627px) 100vw, 627px\" \/><\/figure>\n<\/div>\n\n\n\n<div class=\"wp-block-column is-layout-flow wp-block-column-is-layout-flow\">\n<figure class=\"wp-block-image size-large\"><img decoding=\"async\" width=\"627\" height=\"940\" src=\"https:\/\/chartreux.org\/moines\/wp-content\/uploads\/2021\/02\/0X4A7210.jpg\" alt=\"\" class=\"wp-image-1661\" srcset=\"https:\/\/chartreux.org\/moines\/wp-content\/uploads\/2021\/02\/0X4A7210.jpg 627w, https:\/\/chartreux.org\/moines\/wp-content\/uploads\/2021\/02\/0X4A7210-200x300.jpg 200w\" sizes=\"(max-width: 627px) 100vw, 627px\" \/><\/figure>\n<\/div>\n<\/div>\n\n\n\n<p>In seiner Zelle findet der M\u00f6nch zur Ausgeglichenheit, indem er sich verschiedenartiger Handarbeit widmen kann, je nach seinen F\u00e4higkeiten und Interessen. Er kann das Buchbinden, Drechslerei, einfache Tischlerarbeiten usw. lernen. Er muss jedoch f\u00fcr jede dem Gemeinwohl dienliche Arbeit zur Verf\u00fcgung stehen, die ihm der Obere anvertrauen kann.<\/p>\n\n\n\n<p>Die Laienbr\u00fcder haben auch eine Zelle, doch ist diese oft kleiner als die der Patres und ohne Garten oder Werkstatt, weil sie gew\u00f6hnlich au\u00dferhalb der Zelle im ganzen Kloster arbeiten.<\/p>\n\n\n\n<p>Dieser dreifache Schutz der W\u00fcste, der Klausur und der Zelle bewahrt den M\u00f6nch vor dem L\u00e4rm, der das innere Leben verfl\u00fcchtigt; er erm\u00f6glicht es ihm, zur inneren Stille zu gelangen, tief in sein Herz zu gehen, wo Gott unaufdringlich auf ihn wartet. Aber das Eintreten in die innere Stille ist nicht das Werk eines einzigen Tages. Ein Kart\u00e4user k\u00e4mpft gegen seine Gedanken, Begierden, b\u00f6sen Neigungen, gegen Leistungsstreben und alles andere an, was ihn vom Wesentlichen ablenkt. Sein Lebensrahmen beg\u00fcnstigt die \u201eGabe der Tr\u00e4nen\u201c, welche die Seele l\u00e4utert in einer st\u00e4ndigen Umkehr. Der M\u00f6nch muss in seiner Zelle alles \u00dcberfl\u00fcssige vermeiden, sich nicht belasten, um zur inneren Einfachheit zu gelangen und um sich ganz zu ent\u00e4u\u00dfern. Allein mit Gott, muss er alles beseitigen, was ihn daran hindert, ganz bei Gott zu sein: seine Berufung ist die Vereinigung mit Gott.<\/p>\n\n\n<div class=\"wp-block-image\">\n<figure class=\"aligncenter size-large is-resized\"><img decoding=\"async\" width=\"680\" height=\"940\" src=\"https:\/\/chartreux.org\/moines\/wp-content\/uploads\/2021\/02\/0X4A6714.jpg\" alt=\"\" class=\"wp-image-1660\" style=\"width:419px;height:578px\" srcset=\"https:\/\/chartreux.org\/moines\/wp-content\/uploads\/2021\/02\/0X4A6714.jpg 680w, https:\/\/chartreux.org\/moines\/wp-content\/uploads\/2021\/02\/0X4A6714-217x300.jpg 217w\" sizes=\"(max-width: 680px) 100vw, 680px\" \/><\/figure>\n<\/div>\n\n\n<p><a href=\"#toc_container\" class=\"returnToTop\"> zur\u00fcck nach oben \u2191 <\/a><\/p>\n","protected":false},"excerpt":{"rendered":"<p>1. Die Abgeschiedenheit (\u201eW\u00fcste\u201c) 2. Die Klausur 3. Die Zelle \u00ab\u00a0Richtet euren Sinn auf das Himmlische [&hellip;]<\/p>\n","protected":false},"author":1,"featured_media":0,"parent":0,"menu_order":0,"comment_status":"closed","ping_status":"closed","template":"template-full-width.php","meta":{"footnotes":""},"class_list":["post-2913","page","type-page","status-publish","hentry"],"_links":{"self":[{"href":"https:\/\/chartreux.org\/moines\/wp-json\/wp\/v2\/pages\/2913","targetHints":{"allow":["GET"]}}],"collection":[{"href":"https:\/\/chartreux.org\/moines\/wp-json\/wp\/v2\/pages"}],"about":[{"href":"https:\/\/chartreux.org\/moines\/wp-json\/wp\/v2\/types\/page"}],"author":[{"embeddable":true,"href":"https:\/\/chartreux.org\/moines\/wp-json\/wp\/v2\/users\/1"}],"replies":[{"embeddable":true,"href":"https:\/\/chartreux.org\/moines\/wp-json\/wp\/v2\/comments?post=2913"}],"version-history":[{"count":1,"href":"https:\/\/chartreux.org\/moines\/wp-json\/wp\/v2\/pages\/2913\/revisions"}],"predecessor-version":[{"id":7159,"href":"https:\/\/chartreux.org\/moines\/wp-json\/wp\/v2\/pages\/2913\/revisions\/7159"}],"wp:attachment":[{"href":"https:\/\/chartreux.org\/moines\/wp-json\/wp\/v2\/media?parent=2913"}],"curies":[{"name":"wp","href":"https:\/\/api.w.org\/{rel}","templated":true}]}}