{"id":2910,"date":"2021-05-04T03:19:43","date_gmt":"2021-05-04T01:19:43","guid":{"rendered":"https:\/\/chartreux.org\/moines\/?page_id=2910"},"modified":"2021-11-24T20:47:31","modified_gmt":"2021-11-24T19:47:31","slug":"il-quadro-di-vita","status":"publish","type":"page","link":"https:\/\/chartreux.org\/moines\/it\/il-quadro-di-vita\/","title":{"rendered":"Il quadro di vita"},"content":{"rendered":"\n<div class=\"wp-block-columns is-layout-flex wp-container-core-columns-is-layout-9d6595d7 wp-block-columns-is-layout-flex\">\n<div class=\"wp-block-column is-layout-flow wp-block-column-is-layout-flow\">\n<p><\/p>\n<div id=\"toc_container\">\n<ul class=\"toc_list\">\n  <li><a href=\"#1\">1. Il deserto<\/a><\/li>\n  <li><a href=\"#2\">2. La clausura<\/a><\/li>\n  <li><a href=\"#3\">3. La cella<\/a><\/li>\n<\/ul>\n<\/div>\n<\/div>\n\n\n\n<div class=\"wp-block-column is-layout-flow wp-block-column-is-layout-flow\" style=\"flex-basis:65.2%\">\n<blockquote class=\"wp-block-quote is-layout-flow wp-block-quote-is-layout-flow\"><p><strong><em>\u00ab\u00a0Pensate alle cose di lass\u00f9, non a quelle della terra. Voi infatti siete morti e la vostra vita \u00e8 ormai nascosta con Cristo in Dio!\u00a0\u00bb<\/em>  (Colossesi 3, 2-3)<em><br><\/em><\/strong><\/p><\/blockquote>\n\n\n\n<p><\/p>\n<\/div>\n<\/div>\n\n\n\n<h3 class=\"wp-block-heading\" id=\"1\">1. Il deserto<\/h3>\n\n\n\n<p>Il progetto di Bruno e dei suoi compagni era quello di riscoprire la spiritualit\u00e0 del deserto: lasciare tutto e vivere solo per Dio, nella solitudine. Essi riscoprirono il valore eccellente della solitudine come mezzo, perch\u00e9 la solitudine favorisce l\u2019incontro personale con Dio, la povert\u00e0 di spirito, l&rsquo;autenticit\u00e0, l&rsquo;umilt\u00e0. Come gli antichi anacoreti, gli eremiti certosini vivono nei \u00ab\u00a0deserti\u00a0\u00bb, spendendovi anch\u2019essi la loro vita di preghiera e di lavoro.<\/p>\n\n\n\n<p>La solitudine della Certosa \u00e8 assicurata e protetta da tre cerchi concentrici: il deserto, la clausura e la cella. Questi sono come cerchi concentrici che conducono al \u201csancta sanctorum\u201d, dove il monaco prega in segreto: <em>\u201cQuando preghi, entra nella tua camera e, chiusa la porta, prega il Padre tuo nel segreto; e il Padre tuo, che vede nel segreto, ti ricompenser\u00e0.\u201d<\/em> (Mt 6, 6).<\/p>\n\n\n\n<p>Chiamiamo \u00ab\u00a0deserto\u00a0\u00bb il territorio abbastanza vasto che circonda il monastero, i cui confini sono determinati. I nostri monasteri sono normalmente costruiti in un ambiente naturale, lontano da qualsiasi abitazione e strada rumorosa. Le passeggiate settimanali possono andare oltre questo deserto, ma non oltre i limiti stabiliti dal Capitolo Generale per ogni casa. Non possiamo uscire dai confini del deserto senza un permesso speciale.<\/p>\n\n\n\n<div class=\"wp-block-columns is-layout-flex wp-container-core-columns-is-layout-9d6595d7 wp-block-columns-is-layout-flex\">\n<div class=\"wp-block-column is-layout-flow wp-block-column-is-layout-flow\">\n<figure class=\"wp-block-image size-large\"><img decoding=\"async\" width=\"1024\" height=\"768\" src=\"https:\/\/chartreux.org\/moines\/wp-content\/uploads\/2021\/02\/PA220026-1024x768.jpg\" alt=\"\" class=\"wp-image-1658\" srcset=\"https:\/\/chartreux.org\/moines\/wp-content\/uploads\/2021\/02\/PA220026-1024x768.jpg 1024w, https:\/\/chartreux.org\/moines\/wp-content\/uploads\/2021\/02\/PA220026-300x225.jpg 300w, https:\/\/chartreux.org\/moines\/wp-content\/uploads\/2021\/02\/PA220026-768x576.jpg 768w, https:\/\/chartreux.org\/moines\/wp-content\/uploads\/2021\/02\/PA220026-1536x1152.jpg 1536w, https:\/\/chartreux.org\/moines\/wp-content\/uploads\/2021\/02\/PA220026.jpg 1600w\" sizes=\"(max-width: 1024px) 100vw, 1024px\" \/><figcaption> <\/figcaption><\/figure>\n<\/div>\n\n\n\n<div class=\"wp-block-column is-layout-flow wp-block-column-is-layout-flow\">\n<figure class=\"wp-block-image size-large\"><img decoding=\"async\" width=\"940\" height=\"705\" src=\"https:\/\/chartreux.org\/moines\/wp-content\/uploads\/2021\/02\/Valsainte-spaciement-2.jpg\" alt=\"\" class=\"wp-image-1656\" srcset=\"https:\/\/chartreux.org\/moines\/wp-content\/uploads\/2021\/02\/Valsainte-spaciement-2.jpg 940w, https:\/\/chartreux.org\/moines\/wp-content\/uploads\/2021\/02\/Valsainte-spaciement-2-300x225.jpg 300w, https:\/\/chartreux.org\/moines\/wp-content\/uploads\/2021\/02\/Valsainte-spaciement-2-768x576.jpg 768w\" sizes=\"(max-width: 940px) 100vw, 940px\" \/><\/figure>\n\n\n\n<p><\/p>\n<\/div>\n<\/div>\n\n\n\n<h3 class=\"wp-block-heading\" id=\"2\">2. La clausura<\/h3>\n\n\n\n<p>Una certosa \u00e8 un recinto a cielo aperto per meglio entrare in comunione con Dio. Ogni certosa \u00e8 circondata da un muro di clausura. La vita del monaco si svolge all&rsquo;interno dello spazio claustrale. Nel monastero tutto \u00e8 organizzato in modo che il monaco non ne debba uscire. <\/p>\n\n\n\n<p>La vocazione certosina, una vita solitaria temperata di vita comune, trova riflesso nell\u2019architettura stessa di una certosa. I primi eremi certosini, raggruppati vicino a una sorgente, somigliavano a capanne di legno: semplici e solide, un primo abbozzo di ci\u00f2 che sarebbero state le celle certosine. Ben distinti tra loro e collegati da un loggiato coperto che conduceva alla chiesa (unica costruzione in pietra), prefiguravano il modello organizzativo dello spazio monastico certosino. In ogni monastero certosino ci sono quindi tre parti principali:<\/p>\n\n\n\n<div class=\"wp-block-image\"><figure class=\"alignright size-large is-resized\"><img decoding=\"async\" src=\"https:\/\/chartreux.org\/moines\/wp-content\/uploads\/2021\/05\/PSdrone13ebon.jpg\" alt=\"\" class=\"wp-image-3430\" width=\"282\" height=\"450\" srcset=\"https:\/\/chartreux.org\/moines\/wp-content\/uploads\/2021\/05\/PSdrone13ebon.jpg 453w, https:\/\/chartreux.org\/moines\/wp-content\/uploads\/2021\/05\/PSdrone13ebon-188x300.jpg 188w\" sizes=\"(max-width: 282px) 100vw, 282px\" \/><\/figure><\/div>\n\n\n\n<p><strong>A.<\/strong> <strong>Il grande chiostro<\/strong> <br>Il grande chiostro riunisce le singole celle dove i Padri &#8211; o le monache del coro &#8211; conducono vita solitaria. A volte c&rsquo;\u00e8 un secondo chiostro per i fratelli laici &#8211; o suore laiche &#8211; (come accade nella certosa maschile di San Jos\u00e9, o in quella femminile della Trinit\u00e0).<\/p>\n\n\n\n<p><strong>B.<\/strong> <strong>Luoghi comunitari<\/strong><br>C&rsquo;\u00e8 poi il chiostro piccolo, attorno al quale si trovano i luoghi di vita comune: principalmente la chiesa, il capitolo e il refettorio. In questa parte del monastero ci sono anche alcuni luoghi di lavoro ad essi associati: cucina, dispensa, sacrestia, ecc. Le singole cappelle si trovano spesso in questa parte del monastero.<\/p>\n\n\n\n<p><strong>C.<\/strong> <strong>\u201cLe obbedienze\u201d<\/strong><br>I luoghi di lavoro dei fratelli li chiamiamo \u201cobbedienze\u201d. Le obbedienze pi\u00f9 rumorose (falegnameria, fucina, fattoria, ecc.) si trovano un po&rsquo; lontane dal resto del monastero, per non disturbare il silenzio. Sono fornite di tutte le attrezzature necessarie per svolgere i vari servizi.<\/p>\n\n\n\n<p class=\"has-black-color has-text-color\">Ci sono \u00a0\u00bb case grandi \u00ab\u00a0, come la Gran Certosa (con oltre 30 celle, la cui costruzione attuale risale al XVII secolo) o la Certosa di Parkminster, in Inghilterra; e &lsquo;case piccole&rsquo;, come la Certosa di Portes, nell&rsquo;Ain, o la Certosa de Montrieux, nel sud della Francia: queste hanno mantenuto l&rsquo;aspetto di una primitiva certosa, con le tipiche 12 celle di monaci del chiostro, raggruppate intorno al cimitero. <\/p>\n\n\n\n<div class=\"wp-block-image\"><figure class=\"aligncenter size-large is-resized\"><img decoding=\"async\" src=\"https:\/\/chartreux.org\/moines\/wp-content\/uploads\/2021\/02\/GCGrand_cloitre.jpg\" alt=\"\" class=\"wp-image-1654\" width=\"532\" height=\"354\" srcset=\"https:\/\/chartreux.org\/moines\/wp-content\/uploads\/2021\/02\/GCGrand_cloitre.jpg 980w, https:\/\/chartreux.org\/moines\/wp-content\/uploads\/2021\/02\/GCGrand_cloitre-300x200.jpg 300w, https:\/\/chartreux.org\/moines\/wp-content\/uploads\/2021\/02\/GCGrand_cloitre-768x512.jpg 768w\" sizes=\"(max-width: 532px) 100vw, 532px\" \/><figcaption> <\/figcaption><\/figure><\/div>\n\n\n\n<p><a href=\"#toc_container\" class=\"returnToTop\"> Torna all\u2019inizio! \u2191 <\/a><\/p>\n\n\n\n<p class=\"has-black-color has-text-color\">Per il monaco certosino, la casa di professione \u00e8 l&rsquo;ancora della vita interiore; ecco perch\u00e9 vi fa voto di stabilit\u00e0. <em>\u00ab\u00a0In forza della professione il monaco \u00e8 inserito nella comunit\u00e0 come nella famiglia datagli da Dio, nella quale dovr\u00e0 stabilirsi col corpo e con lo spirito\u00a0\u00bb<\/em> (Statuti 30.1). Per il certosino, questa stabilit\u00e0 \u00e8 il segno della sua completa oblazione a Dio, per la quale si lega per tutta la vita ad un luogo specifico. Infatti, <em>\u00ab\u00a0il perseverare pazientemente nelle circostanze stabilite per noi dal Signore giova alla contemplazione delle realt\u00e0 divine. \u00c8 impossibile infatti all&rsquo;uomo fissare di continuo l&rsquo;animo in un&rsquo;unica realt<a>\u00e0<\/a>, se prima non avr\u00e0 stabilito con perseveranza il suo corpo in un determinato luogo.\u00a0\u00bb<\/em> (Statuti 30.8).<\/p>\n\n\n\n<div class=\"wp-block-image\"><figure class=\"aligncenter size-large is-resized\"><img decoding=\"async\" src=\"https:\/\/chartreux.org\/moines\/wp-content\/uploads\/2021\/02\/P32-1024x576.jpg\" alt=\"\" class=\"wp-image-1653\" width=\"534\" height=\"300\" srcset=\"https:\/\/chartreux.org\/moines\/wp-content\/uploads\/2021\/02\/P32-1024x576.jpg 1024w, https:\/\/chartreux.org\/moines\/wp-content\/uploads\/2021\/02\/P32-300x169.jpg 300w, https:\/\/chartreux.org\/moines\/wp-content\/uploads\/2021\/02\/P32-768x432.jpg 768w, https:\/\/chartreux.org\/moines\/wp-content\/uploads\/2021\/02\/P32-1536x864.jpg 1536w, https:\/\/chartreux.org\/moines\/wp-content\/uploads\/2021\/02\/P32.jpg 1920w\" sizes=\"(max-width: 534px) 100vw, 534px\" \/><\/figure><\/div>\n\n\n\n<h3 class=\"wp-block-heading\" id=\"3\">3. La cella<\/h3>\n\n\n\n<p>La cella \u00e8 un deserto nel deserto. \u00c8 il santuario personale dove il monaco vive la sua relazione con il Signore. Ogni monaco del chiostro trascorre la maggior parte della sua vita in una \u00ab\u00a0cella\u00a0\u00bb. Questa parola non deve per\u00f2 ingannare, perch\u00e9 si tratta in realt\u00e0 di un piccolo eremo o casetta, con una stanza di ingresso, una stanza centrale, un laboratorio ed un giardino. Nell\u2019 eremo l&rsquo;assenza del rumore del mondo invita il monaco all&rsquo;interiorit\u00e0, alla solitudine ed all&rsquo;ascolto della Parola di Dio. Esso costituisce la cornice delle sue occupazioni quotidiane: vi prega, lavora, mangia, dorme. Lo lascia solo per gli incontri comunitari previsti dagli statuti: preghiera liturgica conventuale, ricreazione settimanale e spaziamento.<\/p>\n\n\n\n<div class=\"wp-block-image\"><figure class=\"aligncenter size-large\"><img decoding=\"async\" width=\"1024\" height=\"485\" src=\"https:\/\/chartreux.org\/moines\/wp-content\/uploads\/2021\/02\/lectio-divina.jpg\" alt=\"\" class=\"wp-image-1725\" srcset=\"https:\/\/chartreux.org\/moines\/wp-content\/uploads\/2021\/02\/lectio-divina.jpg 1024w, https:\/\/chartreux.org\/moines\/wp-content\/uploads\/2021\/02\/lectio-divina-300x142.jpg 300w, https:\/\/chartreux.org\/moines\/wp-content\/uploads\/2021\/02\/lectio-divina-768x364.jpg 768w\" sizes=\"(max-width: 1024px) 100vw, 1024px\" \/><\/figure><\/div>\n\n\n\n<div class=\"wp-block-columns is-layout-flex wp-container-core-columns-is-layout-9d6595d7 wp-block-columns-is-layout-flex\">\n<div class=\"wp-block-column is-layout-flow wp-block-column-is-layout-flow\">\n<figure class=\"wp-block-image size-large\"><img decoding=\"async\" width=\"683\" height=\"1024\" src=\"https:\/\/chartreux.org\/moines\/wp-content\/uploads\/2021\/02\/avemaria_novicio_c.jpg\" alt=\"\" class=\"wp-image-1735\" srcset=\"https:\/\/chartreux.org\/moines\/wp-content\/uploads\/2021\/02\/avemaria_novicio_c.jpg 683w, https:\/\/chartreux.org\/moines\/wp-content\/uploads\/2021\/02\/avemaria_novicio_c-200x300.jpg 200w\" sizes=\"(max-width: 683px) 100vw, 683px\" \/><\/figure>\n<\/div>\n\n\n\n<div class=\"wp-block-column is-layout-flow wp-block-column-is-layout-flow\">\n<figure class=\"wp-block-image size-large\"><img decoding=\"async\" width=\"627\" height=\"940\" src=\"https:\/\/chartreux.org\/moines\/wp-content\/uploads\/2021\/02\/0X4A7038.jpg\" alt=\"\" class=\"wp-image-1662\" srcset=\"https:\/\/chartreux.org\/moines\/wp-content\/uploads\/2021\/02\/0X4A7038.jpg 627w, https:\/\/chartreux.org\/moines\/wp-content\/uploads\/2021\/02\/0X4A7038-200x300.jpg 200w\" sizes=\"(max-width: 627px) 100vw, 627px\" \/><\/figure>\n<\/div>\n\n\n\n<div class=\"wp-block-column is-layout-flow wp-block-column-is-layout-flow\">\n<figure class=\"wp-block-image size-large\"><img decoding=\"async\" width=\"627\" height=\"940\" src=\"https:\/\/chartreux.org\/moines\/wp-content\/uploads\/2021\/02\/0X4A7210.jpg\" alt=\"\" class=\"wp-image-1661\" srcset=\"https:\/\/chartreux.org\/moines\/wp-content\/uploads\/2021\/02\/0X4A7210.jpg 627w, https:\/\/chartreux.org\/moines\/wp-content\/uploads\/2021\/02\/0X4A7210-200x300.jpg 200w\" sizes=\"(max-width: 627px) 100vw, 627px\" \/><\/figure>\n<\/div>\n<\/div>\n\n\n\n<p>In cella il monaco imparer\u00e0 pian piano a vivere con equilibrio, aiutato in questo anche dal lavoro manuale, svolto secondo le proprie capacit\u00e0 ed interessi. Potr\u00e0 applicarsi alla legatoria, alla pittura di icone, al tornio per legno, ecc.; rimane comunque sempre disponibile per qualsiasi lavoro gli venisse richiesto per l\u2019utilit\u00e0 comune.<\/p>\n\n\n\n<p class=\"has-black-color has-text-color\">Anche i fratelli laici hanno una cella, ma pi\u00f9 piccola e spesso senza giardino o laboratorio, poich\u00e9 solitamente lavorano nelle obbedienze del monastero.<\/p>\n\n\n\n<p class=\"has-text-align-center\">*<\/p>\n\n\n\n<p class=\"has-black-color has-text-color\">Questa triplice protezione del deserto, del muro di cinta e della cella aiuta il monaco a coltivare il silenzio interiore e ad entrare profondamente nel suo cuore, dove Dio, discretamente, lo attende. Per il certosino entrare nel silenzio del cuore non \u00e8 sicuramente lavoro di un giorno. Esso richiede una lotta molto lucida contro i pensieri e i desideri che lo distolgono dall&rsquo;essenziale, contro le proprie inclinazioni malvagie e le tentazioni dell\u2019efficienza. L&rsquo;ambiente di vita della Certosa \u00e8 concepito per favorire il \u00ab\u00a0dono delle lacrime\u00a0\u00bb o purificazione del cuore, immagine che esprime il cammino di continua conversione. Il monaco dovr\u00e0 anche liberarsi di quanto nella sua cella \u00e8 superfluo, cercando anche in ci\u00f2 di perseguire la disappropriazione e la semplicit\u00e0 interiore. Solo con Dio solo, dovr\u00e0 rimuovere in s\u00e9 tutto ci\u00f2 che gli impedisce di essere presente a Dio, poich\u00e9 l&rsquo;unione con lui \u00e8 il cuore stesso della sua vocazione.<\/p>\n\n\n\n<div class=\"wp-block-image\"><figure class=\"aligncenter size-large is-resized\"><img decoding=\"async\" src=\"https:\/\/chartreux.org\/moines\/wp-content\/uploads\/2021\/02\/0X4A6714.jpg\" alt=\"\" class=\"wp-image-1660\" width=\"420\" height=\"580\" srcset=\"https:\/\/chartreux.org\/moines\/wp-content\/uploads\/2021\/02\/0X4A6714.jpg 680w, https:\/\/chartreux.org\/moines\/wp-content\/uploads\/2021\/02\/0X4A6714-217x300.jpg 217w\" sizes=\"(max-width: 420px) 100vw, 420px\" \/><\/figure><\/div>\n\n\n\n<p><a href=\"#toc_container\" class=\"returnToTop\"> Torna all\u2019inizio! \u2191 <\/a><\/p>\n","protected":false},"excerpt":{"rendered":"<p>1. Il deserto 2. La clausura 3. La cella \u00ab\u00a0Pensate alle cose di lass\u00f9, non a [&hellip;]<\/p>\n","protected":false},"author":1,"featured_media":0,"parent":0,"menu_order":0,"comment_status":"closed","ping_status":"closed","template":"template-full-width.php","meta":{"footnotes":""},"class_list":["post-2910","page","type-page","status-publish","hentry"],"_links":{"self":[{"href":"https:\/\/chartreux.org\/moines\/wp-json\/wp\/v2\/pages\/2910","targetHints":{"allow":["GET"]}}],"collection":[{"href":"https:\/\/chartreux.org\/moines\/wp-json\/wp\/v2\/pages"}],"about":[{"href":"https:\/\/chartreux.org\/moines\/wp-json\/wp\/v2\/types\/page"}],"author":[{"embeddable":true,"href":"https:\/\/chartreux.org\/moines\/wp-json\/wp\/v2\/users\/1"}],"replies":[{"embeddable":true,"href":"https:\/\/chartreux.org\/moines\/wp-json\/wp\/v2\/comments?post=2910"}],"version-history":[{"count":1,"href":"https:\/\/chartreux.org\/moines\/wp-json\/wp\/v2\/pages\/2910\/revisions"}],"predecessor-version":[{"id":7157,"href":"https:\/\/chartreux.org\/moines\/wp-json\/wp\/v2\/pages\/2910\/revisions\/7157"}],"wp:attachment":[{"href":"https:\/\/chartreux.org\/moines\/wp-json\/wp\/v2\/media?parent=2910"}],"curies":[{"name":"wp","href":"https:\/\/api.w.org\/{rel}","templated":true}]}}