{"id":2903,"date":"2021-05-04T03:12:46","date_gmt":"2021-05-04T01:12:46","guid":{"rendered":"https:\/\/chartreux.org\/moines\/?page_id=2903"},"modified":"2021-12-03T09:56:24","modified_gmt":"2021-12-03T08:56:24","slug":"el-camino-cartujano","status":"publish","type":"page","link":"https:\/\/chartreux.org\/moines\/es\/el-camino-cartujano\/","title":{"rendered":"El camino cartujano"},"content":{"rendered":"\n<div class=\"wp-block-columns is-layout-flex wp-container-core-columns-is-layout-9d6595d7 wp-block-columns-is-layout-flex\">\n<div class=\"wp-block-column is-layout-flow wp-block-column-is-layout-flow\">\n<p><\/p>\n<div id=\"toc_container\">\n<ul class=\"toc_list\">\n  <li><a href=\"#1\">1. La finalidad<\/a><\/li>\n  <li><a href=\"#2\">2. La soledad<\/a><\/li>\n  <li><a href=\"#3\">3. Una comuni\u00f3n de solitarios <\/a><\/li>\n  <li><a href=\"#4\">4. En el coraz\u00f3n de la Iglesia y del mundo<\/a><\/li>\n<\/ul>\n<\/div>\n<\/div>\n\n\n\n<div class=\"wp-block-column is-layout-flow wp-block-column-is-layout-flow\">\n<blockquote class=\"wp-block-quote is-layout-flow wp-block-quote-is-layout-flow\"><p><strong><em>\u00ab<strong><em>Separados de todos, nos unimos a todos para, en nombre de todos, permanecer en la presencia del Dios vivo<\/em><\/strong>.\u00bb<\/em> (Estatutos 34.2)<\/strong><\/p><\/blockquote>\n<\/div>\n<\/div>\n\n\n\n<h3 class=\"wp-block-heading\" id=\"1\">1. La finalidad<\/h3>\n\n\n\n<p><em>O Bonitas&nbsp;!<\/em> \u00a1Oh Bondad&nbsp;! Tal era el grito de alegr\u00eda que brotaba del coraz\u00f3n de Bruno, inflamado de amor divino. La finalidad exclusiva del camino cartujano es la <strong>contemplaci\u00f3n<\/strong>: por el poder del Esp\u00edritu, vivir tan continuamente como sea posible en la luz del amor de Dios por nosotros, manifestado en Cristo. Es entrar en una relaci\u00f3n \u00edntima, profunda y constante con Dios para <em>\u00abdescubrir la inmensidad del amor\u00bb<\/em> (Estatutos 35.1). Esto supone de nuestra parte la pureza de coraz\u00f3n y la caridad: <em>\u00abDichosos los limpios de coraz\u00f3n, porque ver\u00e1n a Dios\u00bb<\/em> (Mt 5,8). La tradici\u00f3n mon\u00e1stica llama igualmente a esta finalidad la oraci\u00f3n pura o continua.<\/p>\n\n\n\n<p>Pero la entrada en el reposo contemplativo supone un largo camino. El monje <em>\u00abno puede entrar en este reposo sin pasar por la prueba de un duro combate: son las austeridades a las que se aplica como un familiar de la Cruz, o las visitas del Se\u00f1or, que viene a probarlo como el oro en el fuego. As\u00ed, purificado por la paciencia, alimentado y fortalecido por la meditaci\u00f3n asidua de la Escritura, introducido en las profundidades de su coraz\u00f3n por la gracia del Esp\u00edritu Santo, podr\u00e1 ya no s\u00f3lo servir a Dios, sino unirse a \u00e9l\u00bb<\/em> (Estatutos 3.2).<\/p>\n\n\n\n<p>Toda la vida mon\u00e1stica consiste pues en esta marcha hacia Dios y todos los valores de nuestra vida est\u00e1n orientados hacia ese fin. Estos valores ayudan al monje a unificar su vida en la caridad y le introducen en lo profundo de su coraz\u00f3n. A decir verdad, no es este fin el que nos distingue de los dem\u00e1s monjes contemplativos (benedictinos, cistercienses\u2026), sino el camino tomado. Las caracter\u00edsticas esenciales de la senda cartujana son: la soledad, una cierta dosis de vida comunitaria, y una liturgia adaptada. Es la espiritualidad del desierto.<\/p>\n\n\n\n<p>Compartimos algunos valores mon\u00e1sticos con los otros monjes contemplativos, por ejemplo: la aplicaci\u00f3n a la liturgia, la ascesis (vigilias y ayunos), el silencio, el trabajo, la pobreza, la castidad, la obediencia, la escucha de la Palabra, la oraci\u00f3n asidua, la humildad. Otros, nos son propios.<\/p>\n\n\n\n<div class=\"wp-block-image\"><figure class=\"aligncenter size-large is-resized\"><img decoding=\"async\" src=\"https:\/\/chartreux.org\/moines\/wp-content\/uploads\/2021\/02\/0X4A6854b.jpg\" alt=\"\" class=\"wp-image-1649\" width=\"535\" height=\"356\" srcset=\"https:\/\/chartreux.org\/moines\/wp-content\/uploads\/2021\/02\/0X4A6854b.jpg 940w, https:\/\/chartreux.org\/moines\/wp-content\/uploads\/2021\/02\/0X4A6854b-300x200.jpg 300w, https:\/\/chartreux.org\/moines\/wp-content\/uploads\/2021\/02\/0X4A6854b-768x512.jpg 768w\" sizes=\"(max-width: 535px) 100vw, 535px\" \/><\/figure><\/div>\n\n\n\n<h3 class=\"wp-block-heading\" id=\"2\">2. La soledad<\/h3>\n\n\n\n<p>La primera caracter\u00edstica esencial de nuestra vida es la vocaci\u00f3n a la soledad consagrada, a la cual estamos especialmente llamados. El monje cartujo busca a Dios en la soledad. <em>\u00abEl empe\u00f1o y prop\u00f3sito nuestros son principalmente vacar al silencio y soledad de la celda. \u00c9sta es, pues, la tierra santa y el lugar donde el Se\u00f1or y su siervo conversan a menudo como entre amigos; donde el alma fiel se une frecuentemente a la Palabra de Dios, y la esposa vive en compa\u00f1\u00eda del Esposo; donde se unen lo terreno y lo celestial, lo humano y lo divino\u00bb<\/em> (Estatutos 4.1). Pero el cartujo no ha elegido la soledad por ella misma, sino porque ha visto all\u00ed un excelente medio, para \u00e9l, de llegar a una mayor uni\u00f3n con Dios y con todos los hombres. La soledad cartujana se vive en tres niveles: la separaci\u00f3n del mundo, la guarda de la celda y la soledad interior o del coraz\u00f3n.<\/p>\n\n\n\n<p>La separaci\u00f3n del mundo se lleva a cabo por la clausura. No salimos del monasterio m\u00e1s que para el espaciamiento (paseo semanal). No recibimos visitas ni ejercemos apostolado externo alguno. En el monasterio no tenemos radio ni televisi\u00f3n. El Prior es quien recibe las noticias y transmite a los monjes aquello que no deben ignorar. De esta manera se dan las condiciones necesarias para que se desarrolle el silencio interior que permite al alma permanecer atenta a la presencia de Dios.<\/p>\n\n\n\n<p>La celda es una ermita acondicionada para garantizarle al cartujo una soledad tan completa como sea posible, asegur\u00e1ndole al mismo tiempo lo necesario para vivir. Cada celda consiste en un apartamento de dos plantas rodeado de un peque\u00f1o jard\u00edn, donde el monje permanece en soledad la mayor parte del d\u00eda, durante toda su vida. Debido a esta soledad cada una de nuestras casas recibe el nombre de \u00abdesierto\u00bb o \u00aberemitorio\u00bb.&nbsp;&nbsp;<\/p>\n\n\n\n<p>Sin embargo, la clausura y la guarda de la celda no aseguran m\u00e1s que una soledad externa. No es sino el primer paso que busca favorecer la soledad interior, o pureza del coraz\u00f3n: mantener su esp\u00edritu alejado de todo cuanto no es Dios o que no conduce a Dios. En este nivel es donde el cartujo se enfrenta con las veleidades de su imaginaci\u00f3n y las fluctuaciones de su sensibilidad. Mientras el monje dispute con su \u00ab\u00a0yo\u00a0\u00bb, sus sensibilidades, sus pensamientos in\u00fatiles, sus deseos irreales, a\u00fan no estar\u00e1 centrado en Dios. Es aqu\u00ed donde experimenta su fragilidad y el poder del Esp\u00edritu, y donde aprende poco a poco <em>\u00ab&#8230;la costumbre de la tranquila escucha del coraz\u00f3n, que deje entrar a Dios por todas sus puertas y sendas\u00bb<\/em> (Estatutos 4,2).<\/p>\n\n\n\n<p><a href=\"#toc_container\" class=\"returnToTop\"> Volver arriba! \u2191 <\/a><\/p>\n\n\n\n<div class=\"wp-block-image\"><figure class=\"aligncenter size-large is-resized\"><img decoding=\"async\" src=\"https:\/\/chartreux.org\/moines\/wp-content\/uploads\/2021\/02\/0X4A6917-2.jpg\" alt=\"\" class=\"wp-image-1651\" width=\"779\" height=\"518\" srcset=\"https:\/\/chartreux.org\/moines\/wp-content\/uploads\/2021\/02\/0X4A6917-2-300x200.jpg 300w, https:\/\/chartreux.org\/moines\/wp-content\/uploads\/2021\/02\/0X4A6917-2-768x512.jpg 768w\" sizes=\"(max-width: 779px) 100vw, 779px\" \/><\/figure><\/div>\n\n\n\n<p>Acogida? En la Cartuja las celebraciones lit\u00fargicas no tienen una finalidad pastoral. De esta manera se explica por qu\u00e9 no se admiten a participar en los oficios o en la Misa celebrados en la iglesia de nuestros monasterios a las personas que no pertenecen a la Orden. En virtud de nuestra vocaci\u00f3n a la soledad, la acogida se limita a las familias de los monjes (dos d\u00edas al a\u00f1o) y a los aspirantes a nuestro g\u00e9nero de vida.<\/p>\n\n\n\n<h3 class=\"wp-block-heading\" id=\"3\">3. Una comuni\u00f3n de solitarios<\/h3>\n\n\n\n<p><em>\u00abLa gracia del Esp\u00edritu Santo congrega a los solitarios para formar una comuni\u00f3n en el amor, a imagen de la Iglesia, que es una y se extiende por todas partes\u00bb<\/em> (Estatutos 21.1). La originalidad de la Cartuja se debe, en segundo lugar, a la parte de vida com\u00fan que est\u00e1 indisolublemente ligada al aspecto solitario. Este fue el toque genial de san Bruno, inspirado por el Esp\u00edritu Santo, que supo combinar desde el principio una proporci\u00f3n equilibrada de vida solitaria y de vida com\u00fan, para hacer de la Cartuja una comuni\u00f3n de solitarios para Dios. Soledad y vida fraterna se equilibran mutuamente. La vida en com\u00fan permite que el monasterio funcione, pero tambi\u00e9n es un elemento importante para verificar la autenticidad de nuestra caridad, porque de lo contrario ser\u00eda f\u00e1cil para el solitario vivir en la ilusi\u00f3n.<\/p>\n\n\n\n<p>La vida comunitaria se concretiza diariamente en la liturgia cantada en la iglesia, una obra de equipo para la gloria de Dios. Los d\u00edas ordinarios tiene lugar tres veces al d\u00eda: nos reunimos en la iglesia a medianoche para el largo oficio nocturno (que incluye Maitines y Laudes), para la misa conventual por la ma\u00f1ana, y para las V\u00edsperas por la tarde.<\/p>\n\n\n\n<div class=\"wp-block-image\"><figure class=\"aligncenter size-large is-resized\"><img decoding=\"async\" src=\"https:\/\/chartreux.org\/moines\/wp-content\/uploads\/2021\/01\/Marienau-Refectoire-1.jpg\" alt=\"\" class=\"wp-image-1445\" width=\"566\" height=\"318\" srcset=\"https:\/\/chartreux.org\/moines\/wp-content\/uploads\/2021\/01\/Marienau-Refectoire-1.jpg 1000w, https:\/\/chartreux.org\/moines\/wp-content\/uploads\/2021\/01\/Marienau-Refectoire-1-300x169.jpg 300w, https:\/\/chartreux.org\/moines\/wp-content\/uploads\/2021\/01\/Marienau-Refectoire-1-768x432.jpg 768w\" sizes=\"(max-width: 566px) 100vw, 566px\" \/><\/figure><\/div>\n\n\n\n<p>Los domingos y solemnidades son los d\u00edas en los cuales se pone m\u00e1s de manifiesto el aspecto comunitario de nuestra vida: rezamos casi todos los oficios en la iglesia, tomamos el almuerzo juntos, en silencio, en el refectorio (mientras escuchamos una lectura), y por la tarde nos reunimos en el Cap\u00edtulo, donde se tratan asuntos de inter\u00e9s com\u00fan, y despu\u00e9s tiene lugar la recreaci\u00f3n semanal. Adem\u00e1s, el primer d\u00eda libre de la semana damos un largo paseo de unas cuatro horas (el espaciamiento), durante el cual podemos hablar libremente, lo que nos permite conocernos mejor y apoyarnos mutuamente. Algunas veces al a\u00f1o tiene lugar una recreaci\u00f3n com\u00fan, donde se re\u00fanen padres, hermanos y novicios.<\/p>\n\n\n\n<p>Estas recreaciones y paseos tienen como fin cultivar el afecto mutuo y favorecer la uni\u00f3n de los corazones, al mismo tiempo que aseguran el equilibrio f\u00edsico.<\/p>\n\n\n\n<div class=\"wp-block-columns is-layout-flex wp-container-core-columns-is-layout-9d6595d7 wp-block-columns-is-layout-flex\">\n<div class=\"wp-block-column is-layout-flow wp-block-column-is-layout-flow\" style=\"flex-basis:25%\">\n<figure class=\"wp-block-image size-large\"><img decoding=\"async\" width=\"496\" height=\"740\" src=\"https:\/\/chartreux.org\/moines\/wp-content\/uploads\/2021\/04\/2-paseo-pinos-2.jpg\" alt=\"\" class=\"wp-image-2844\" srcset=\"https:\/\/chartreux.org\/moines\/wp-content\/uploads\/2021\/04\/2-paseo-pinos-2.jpg 496w, https:\/\/chartreux.org\/moines\/wp-content\/uploads\/2021\/04\/2-paseo-pinos-2-201x300.jpg 201w\" sizes=\"(max-width: 496px) 100vw, 496px\" \/><\/figure>\n<\/div>\n\n\n\n<div class=\"wp-block-column is-layout-flow wp-block-column-is-layout-flow\" style=\"flex-basis:50%\">\n<figure class=\"wp-block-image size-large\"><img decoding=\"async\" width=\"740\" height=\"555\" src=\"https:\/\/chartreux.org\/moines\/wp-content\/uploads\/2021\/04\/Easter-2011-085.jpg\" alt=\"\" class=\"wp-image-2845\" srcset=\"https:\/\/chartreux.org\/moines\/wp-content\/uploads\/2021\/04\/Easter-2011-085.jpg 740w, https:\/\/chartreux.org\/moines\/wp-content\/uploads\/2021\/04\/Easter-2011-085-300x225.jpg 300w\" sizes=\"(max-width: 740px) 100vw, 740px\" \/><\/figure>\n<\/div>\n\n\n\n<div class=\"wp-block-column is-layout-flow wp-block-column-is-layout-flow\" style=\"flex-basis:25%\">\n<figure class=\"wp-block-image size-large\"><img decoding=\"async\" width=\"533\" height=\"800\" src=\"https:\/\/chartreux.org\/moines\/wp-content\/uploads\/2021\/04\/GC05.jpg\" alt=\"\" class=\"wp-image-2842\" srcset=\"https:\/\/chartreux.org\/moines\/wp-content\/uploads\/2021\/04\/GC05.jpg 533w, https:\/\/chartreux.org\/moines\/wp-content\/uploads\/2021\/04\/GC05-200x300.jpg 200w\" sizes=\"(max-width: 533px) 100vw, 533px\" \/><\/figure>\n<\/div>\n<\/div>\n\n\n\n<p class=\"has-vivid-cyan-blue-color has-text-color popmake-5870\"><strong>Preguntas frecuentes sobre la vida ordinaria<\/strong><\/p>\n\n\n\n<h3 class=\"wp-block-heading\" id=\"4\">4. En el coraz\u00f3n de la Iglesia y del mundo<\/h3>\n\n\n\n<p><strong>La alabanza<\/strong> <br>Entrando en lo profundo de su coraz\u00f3n el solitario cartujo llega a hacerse presente, en Cristo, en todo ser humano. Los contemplativos est\u00e1n en el coraz\u00f3n de la Iglesia. Cumplen una funci\u00f3n esencial de la comunidad eclesial: la glorificaci\u00f3n de Dios. El cartujo se retira al desierto, ante todo, para adorar a Dios, alabarlo, contemplarlo, dejarse seducir por \u00c9l, entregarse a \u00c9l, en nombre de todos los hombres. La Iglesia le encarga que, en nombre de todos, sea un alma de oraci\u00f3n continua.<\/p>\n\n\n\n<p><strong>La intercesi\u00f3n<\/strong><br>Desde siempre la Iglesia reconoce que los monjes entregados \u00fanicamente a la contemplaci\u00f3n desempe\u00f1an un rol de intercesi\u00f3n. Como representantes de toda la humanidad, cada d\u00eda, en todos los oficios lit\u00fargicos y en el momento de la Eucarist\u00eda, rezan por todos los vivos y todos los difuntos.<\/p>\n\n\n\n<p><strong>La penitencia<\/strong> <br>La pr\u00e1ctica asc\u00e9tica asocia al cartujo a la obra de Cristo, para la redenci\u00f3n del mundo: <em>\u00abPor la penitencia participamos en la obra de salvaci\u00f3n de Cristo, el cual redimi\u00f3 al mundo esclavo del pecado, especialmente con su oraci\u00f3n al Padre y sacrific\u00e1ndose a S\u00ed mismo. Por esto, los que pretendemos vivir este aspecto de la misi\u00f3n de Cristo, aunque no nos dediquemos a ninguna acci\u00f3n externa, sin embargo ejercitamos el apostolado de una manera preeminente\u00bb<\/em> (Estatutos 34.4).<\/p>\n\n\n\n<p><strong>Testimonio<\/strong> <br><em>\u00abTendiendo por nuestra profesi\u00f3n \u00fanicamente a Aquel que es, damos testimonio ante un mundo demasiado implicado en las cosas terrenas, de que fuera de \u00c9l no hay Dios. Nuestra vida manifiesta que los bienes celestiales est\u00e1n presentes ya en este mundo, preanuncia la resurrecci\u00f3n y  anticipa de alg\u00fan modo la renovaci\u00f3n del mundo\u00bb<\/em> (Estatutos 34.3). No es por la palabra ni por el contacto personal que el solitario realiza semejante testimonio. Por su sola presencia, el monje atestigua que Dios existe, que puede llenar una vida y colmar el coraz\u00f3n del hombre.<\/p>\n\n\n\n<p class=\"has-text-align-center\">*<\/p>\n\n\n\n<p>El monje est\u00e1 al servicio de toda la humanidad, asumi\u00e9ndola en lo m\u00e1s profundo de su coraz\u00f3n cuando se presenta delante de Dios; \u00e9l lleva sin cesar esa humanidad herida consigo. Es as\u00ed \u00fatil, no en el sentido en que el mundo entiende esta palabra, sino en la resonancia de la vida divina en el hombre. El cartujo se desprende de las cosas de este mundo para vivir m\u00e1s cerca de Dios. Esto se realiza m\u00e1s en el orden del ser (ser para Dios) que en el del hacer. El hombre que vive en Dios y de \u00e9l, lleva consigo a la humanidad entera, puesto que <em>\u00abtoda alma que se eleva, eleva al mundo\u00bb <\/em>(venerable \u00c9lisabeth Leseur).<\/p>\n\n\n\n<div class=\"wp-block-image\"><figure class=\"aligncenter size-large is-resized\"><img decoding=\"async\" src=\"https:\/\/chartreux.org\/moines\/wp-content\/uploads\/2021\/01\/2-orando-019-768x1024.jpg\" alt=\"\" class=\"wp-image-1426\" width=\"517\" height=\"689\" srcset=\"https:\/\/chartreux.org\/moines\/wp-content\/uploads\/2021\/01\/2-orando-019-768x1024.jpg 768w, https:\/\/chartreux.org\/moines\/wp-content\/uploads\/2021\/01\/2-orando-019-225x300.jpg 225w, https:\/\/chartreux.org\/moines\/wp-content\/uploads\/2021\/01\/2-orando-019-1152x1536.jpg 1152w, https:\/\/chartreux.org\/moines\/wp-content\/uploads\/2021\/01\/2-orando-019.jpg 1536w\" sizes=\"(max-width: 517px) 100vw, 517px\" \/><\/figure><\/div>\n\n\n\n<p><a href=\"#toc_container\" class=\"returnToTop\"> Volver arriba! \u2191 <\/a><\/p>\n","protected":false},"excerpt":{"rendered":"<p>1. La finalidad 2. La soledad 3. Una comuni\u00f3n de solitarios 4. En el coraz\u00f3n de [&hellip;]<\/p>\n","protected":false},"author":1,"featured_media":0,"parent":0,"menu_order":0,"comment_status":"closed","ping_status":"closed","template":"template-full-width.php","meta":{"footnotes":""},"class_list":["post-2903","page","type-page","status-publish","hentry"],"_links":{"self":[{"href":"https:\/\/chartreux.org\/moines\/wp-json\/wp\/v2\/pages\/2903","targetHints":{"allow":["GET"]}}],"collection":[{"href":"https:\/\/chartreux.org\/moines\/wp-json\/wp\/v2\/pages"}],"about":[{"href":"https:\/\/chartreux.org\/moines\/wp-json\/wp\/v2\/types\/page"}],"author":[{"embeddable":true,"href":"https:\/\/chartreux.org\/moines\/wp-json\/wp\/v2\/users\/1"}],"replies":[{"embeddable":true,"href":"https:\/\/chartreux.org\/moines\/wp-json\/wp\/v2\/comments?post=2903"}],"version-history":[{"count":0,"href":"https:\/\/chartreux.org\/moines\/wp-json\/wp\/v2\/pages\/2903\/revisions"}],"wp:attachment":[{"href":"https:\/\/chartreux.org\/moines\/wp-json\/wp\/v2\/media?parent=2903"}],"curies":[{"name":"wp","href":"https:\/\/api.w.org\/{rel}","templated":true}]}}