{"id":2897,"date":"2021-05-04T03:01:44","date_gmt":"2021-05-04T01:01:44","guid":{"rendered":"https:\/\/chartreux.org\/moines\/?page_id=2897"},"modified":"2021-11-24T20:37:11","modified_gmt":"2021-11-24T19:37:11","slug":"la-vida-espiritual","status":"publish","type":"page","link":"https:\/\/chartreux.org\/moines\/es\/la-vida-espiritual\/","title":{"rendered":"Vida espiritual"},"content":{"rendered":"\n<div class=\"wp-block-columns is-layout-flex wp-container-core-columns-is-layout-9d6595d7 wp-block-columns-is-layout-flex\">\n<div class=\"wp-block-column is-layout-flow wp-block-column-is-layout-flow\" style=\"flex-basis:66.66%\">\n<p><\/p>\n<div id=\"toc_container\">\n<ul class=\"toc_list\">\n  <li><a href=\"#1\">1\u00b0 panel : La orientaci\u00f3n fundamental<\/a><\/li>\n  <li><a href=\"#2\">2\u00b0 panel : El lugar de la purificaci\u00f3n<\/a><\/li>\n  <li><a href=\"#3\">3\u00b0 panel : La obra de la gracia<\/a><\/li>\n<\/ul>\n<\/div>\n<\/div>\n\n\n\n<div class=\"wp-block-column is-layout-flow wp-block-column-is-layout-flow\" style=\"flex-basis:33.33%\"><\/div>\n<\/div>\n\n\n\n<h3 class=\"has-text-align-center wp-block-heading\" id=\"1\">Tr\u00edptico<br><br>1\u00b0 panel : La orientaci\u00f3n fundamental<\/h3>\n\n\n\n<p>El fondo de la vida cristiana es el amor: de Dios y de los hombres, en y por Cristo. Algunos expresan su caridad en las obras apost\u00f3licas, pero existen tambi\u00e9n hombres y mujeres que se consagran a solo Dios en la vida contemplativa.<\/p>\n\n\n\n<div class=\"wp-block-image\"><figure class=\"alignleft size-large is-resized\"><img decoding=\"async\" src=\"https:\/\/chartreux.org\/moines\/wp-content\/uploads\/2021\/01\/2-P1010039-768x1024.jpg\" alt=\"\" class=\"wp-image-1322\" width=\"416\" height=\"555\" srcset=\"https:\/\/chartreux.org\/moines\/wp-content\/uploads\/2021\/01\/2-P1010039-768x1024.jpg 768w, https:\/\/chartreux.org\/moines\/wp-content\/uploads\/2021\/01\/2-P1010039-225x300.jpg 225w, https:\/\/chartreux.org\/moines\/wp-content\/uploads\/2021\/01\/2-P1010039-1152x1536.jpg 1152w, https:\/\/chartreux.org\/moines\/wp-content\/uploads\/2021\/01\/2-P1010039.jpg 1536w\" sizes=\"(max-width: 416px) 100vw, 416px\" \/><\/figure><\/div>\n\n\n\n<p>Y Dios llama libremente a quien quiere. Es una invitaci\u00f3n \u00edntima a compartir la vida entera con \u00e9l, a seguirlo de cerca. A veces esto se impone de una manera ineludible y radical: <em>\u00ab\u00a1T\u00fa me has seducido, Se\u00f1or, y yo me dej\u00e9 seducir! \u00a1Has sido m\u00e1s fuerte y has prevalecido!\u00bb <\/em>(Jr 20,7). Quien ha experimentado el amor de Dios, tratar\u00e1 de responder a su amor.<\/p>\n\n\n\n<p>Peque\u00f1o grupo que ha recibido la misma llamada, dentro del cual cada uno vive solitariamente la mayor parte del tiempo, estos monjes est\u00e1n unidos bajo un prior y se re\u00fanen tres veces al d\u00eda para la santa Eucarist\u00eda y el canto de la Liturgia de las Horas. Prosiguen incansablemente, ya sea en la celda, en los talleres de trabajo o en los campos, su b\u00fasqueda de Dios. Es la vocaci\u00f3n la que los ha conducido hasta este lugar, la que los ha reunido.<\/p>\n\n\n\n<p>Atra\u00eddos por los libres espacios interiores, han elegido esta soledad, donde se imponen voluntariamente importantes restricciones, con el \u00fanico fin de estar m\u00e1s abiertos al Absoluto de Dios y a la caridad de Cristo. Estabilizados en este lugar, bastante alejados del mundo, llevan una vida pobre y sencilla, sumisos en todo, en el celibato, como Cristo su Maestro, para estar m\u00e1s disponibles a los dones de la salvaci\u00f3n y a la comuni\u00f3n fraterna.<\/p>\n\n\n\n<p>Escuchan constantemente, en la oraci\u00f3n y la meditaci\u00f3n, la llamada a ser m\u00e1s, a obrar mejor. La Palabra de Dios llena su silencio. Por el despojo y el trabajo son solidarios con todos los que sufren, dondequiera que se encuentren. Con esta atracci\u00f3n en el fondo del coraz\u00f3n, se dirigen hacia horizontes cada vez m\u00e1s remotos, en los que s\u00f3lo se dibuja la imagen de Dios en Cristo, crucificado pero vivo, esperanza de su gloria.<\/p>\n\n\n\n<p> As\u00ed, en pleno coraz\u00f3n de la humanidad, pero ocultos al mundo, son la memoria inextinguible de sus or\u00edgenes divinos, el constante recordatorio de un destino espiritual para todos los hombres, la salvaguardia de una libertad personal cada vez m\u00e1s amenazada y sofocada, el ardiente deseo de lo Eterno, la garant\u00eda de un progreso interior ilimitado, aunque circunscripto a un espacio reducido: sujetos a la soledad del eremitorio y de la celda, para florecer mejor en el Coraz\u00f3n de Dios.<\/p>\n\n\n\n<p><\/p>\n\n\n\n<h3 class=\"has-text-align-center wp-block-heading\" id=\"2\"><br>2\u00b0 panel : El lugar de la purificaci\u00f3n<\/h3>\n\n\n\n<p><em>\u00abDios resiste a los orgullosos, pero da su gracia a los humildes\u00bb<\/em> (1Pe 5,5). El desierto es un fuego purificador.<\/p>\n\n\n\n<p>En la soledad todo lo que somos en verdad sale a la superficie. Todas las bajezas que hemos dejado entrar en nosotros se ponen de manifiesto, todo el mal que nos habita se desvela. Descubrimos nuestra propia miseria, nuestra debilidad profunda, nuestra impotencia visceral.<\/p>\n\n\n\n<p><a href=\"#toc_container\" class=\"returnToTop\"> Volver arriba! \u2191 <\/a><\/p>\n\n\n\n<p>Aqu\u00ed no es posible disimular los artilugios que empleamos para esconder aquellos aspectos de nosotros mismos que nos desagradan y que, sobre todo, est\u00e1n tan alejados del deseo de Aquel que todo lo ve y todo lo penetra. Se hace evidente que nos justificamos demasiado f\u00e1cilmente considerando nuestros defectos como rasgos de car\u00e1cter.<\/p>\n\n\n\n<div class=\"wp-block-image\"><figure class=\"alignright size-large is-resized\"><img decoding=\"async\" src=\"https:\/\/chartreux.org\/moines\/wp-content\/uploads\/2020\/11\/Ser-Brun-c-1.jpg\" alt=\"\" class=\"wp-image-885\" width=\"322\" height=\"577\" srcset=\"https:\/\/chartreux.org\/moines\/wp-content\/uploads\/2020\/11\/Ser-Brun-c-1.jpg 481w, https:\/\/chartreux.org\/moines\/wp-content\/uploads\/2020\/11\/Ser-Brun-c-1-167x300.jpg 167w\" sizes=\"(max-width: 322px) 100vw, 322px\" \/><\/figure><\/div>\n\n\n\n<p>Aqu\u00ed nos volvemos vulnerables; no hay escapatoria. No hay distracci\u00f3n que suavice, ni excusa que dispense. Resulta imposible mirar hacia otro lado, evitar el cara a cara con la realidad profunda de lo que somos.<\/p>\n\n\n\n<p>Aqu\u00ed las falsas construcciones, todas esas murallas que hemos levantado para protegernos, se agrietan. Porque \u00a1\u00bfQui\u00e9n podr\u00e1 decir cu\u00e1n a menudo buscamos enga\u00f1arnos a nosotros mismos, tanto o m\u00e1s que a los dem\u00e1s?! Pero la pretensi\u00f3n de conocer las realidades divinas se disuelve ante Aquel que sigue siendo totalmente Otro.<\/p>\n\n\n\n<p>Es un camino abrupto, en la oscuridad, a tientas, guiados s\u00f3lo por la fe, pero que es un camino de verdad. Todas nuestras seguridades personales quedar\u00e1n enganchadas de las espinas del camino y nos dejar\u00e1n con esta \u00fanica certeza: no podemos hacer nada por nuestros propios medios.<\/p>\n\n\n\n<p>Es all\u00ed donde Dios nos espera, puesto que un vaso se puede llenar s\u00f3lo si est\u00e1 vac\u00edo; y, si \u00c9l quiere llenarnos de s\u00ed mismo, \u00c9l deber\u00e1 primero despojarnos de lo que estorba. Para realizar una obra infinitamente delicada, el divino Artista necesita una materia sin resistencia. Entonces su mano sabr\u00e1 suscitar de nuestra miseria maravillas que quedar\u00e1n ocultas a nuestros ojos. Toda nuestra alegr\u00eda ser\u00e1 dejarnos transformar por Aquel que tiene por nombre: Amor.<\/p>\n\n\n\n<h3 class=\"has-text-align-center wp-block-heading\" id=\"3\"><br>3\u00b0 panel : La obra de la gracia<\/h3>\n\n\n\n<p>El alma a la que se le ha dado despreciar el mundo y despreciarse a s\u00ed misma hasta el olvido, a quien se le ha dado -en otras palabras- tener por nada lo que no es, esta alma despojada de s\u00ed misma ve a la Sabidur\u00eda divina tomar el lugar de su yo. Toda imagen creada y todo deseo limitado han sido borrados por las sucesivas pruebas que la han purificado, y se convierte en ese espejo sin mancha del que habla Salom\u00f3n (Sab 7, 26). El Padre se contempla en ella, inund\u00e1ndola con su gloria y con los ardores de su amor.<\/p>\n\n\n\n<p>Las \u00abdevociones\u00bb en las que se dispersan m\u00e1s o menos las potencias del alma al comienzo de una vida de oraci\u00f3n, adquieren un sentido \u00fanico. Las \u00abpr\u00e1cticas\u00bb se reducen a un solo acto, <em>aceptado<\/em> m\u00e1s que provocado, de un valor inmenso, porque es de orden divino. Consiste en dejar que Dios sea en nosotros mismos. Se le puede llamar caridad, fe, confianza, adoraci\u00f3n, propiciaci\u00f3n, acci\u00f3n de gracias. Todas las palabras son sin\u00f3nimos y sus conceptos parecen fusionarse, como sustancias en fuego, en el crisol del coraz\u00f3n deslumbrado donde arde el mism\u00edsimo Amor subsistente.<\/p>\n\n\n\n<p>Cuando un ser alcanza su perfecci\u00f3n volviendo a su principio, no encuentra la abundancia de vida s\u00f3lo para s\u00ed mismo, sino que salva a los dem\u00e1s al comunicarles esta vida que extrae de su fuente.<\/p>\n\n\n\n<p>Obrando s\u00f3lo en Dios y por Dios, el hombre de oraci\u00f3n se sit\u00faa en el centro mismo de los corazones, y comunica a todos algo la misma plenitud de gracia que lo conforma. <em>\u00abEl que cree en m\u00ed, de su seno brotar\u00e1n manantiales de agua viva\u00bb, <\/em>dice el Se\u00f1or. <em>\u00ab\u00c9l se refer\u00eda, <\/em>a\u00f1ade san Juan<em>, al Esp\u00edritu que deb\u00edan recibir los que creyeran en \u00e9l\u00bb<\/em> (Jn 7, 38-39). Siendo perfectamente hombre, ve realizarse en s\u00ed mismo el deseo de la humanidad: ser uno con Cristo. Se convierte de alg\u00fan modo en el Amado mismo, el deseado de las colinas eternas.<\/p>\n\n\n\n<p>Quien se ha perdido en el abrazo de la esencia divina, que se deja engendrar con Jes\u00fas seg\u00fan la voluntad del Padre, participa en la espiraci\u00f3n del Esp\u00edritu consolador y \u00e9l mismo se convierte en consolador. \u00c9l brinda a las almas, sin volverse atr\u00e1s, la alegr\u00eda eterna de la que se embriaga; ilumina y reconforta al mundo porque no se ocupa m\u00e1s que de Dios.<\/p>\n\n\n\n<p>Sin duda, estas cosas parecer\u00e1n locura para la sabidur\u00eda del mundo, ya que el mundo vive de apariencias perecederas, y nosotros hablamos de la pura y eterna realidad. Sus caminos no son los nuestros, nuestros pensamientos no son los suyos (Is 55, 8). Pero todav\u00eda un poco m\u00e1s de tiempo y la espera de toda la naturaleza ser\u00e1 colmada por la glorificaci\u00f3n de los hijos de Dios.<\/p>\n\n\n\n<p>Para alcanzar sin rodeos la fuente de toda fecundidad \u2013que se encuentra en las alturas de la contemplaci\u00f3n\u2013 el cartujo se abaja hasta lo m\u00e1s profundo de su nada, donde se impone por la renuncia continua la muerte total a s\u00ed mismo y al mundo, y as\u00ed realiza su espl\u00e9ndido ideal: vivir de Dios en la soledad.<\/p>\n\n\n\n<p>O Bonitas&nbsp;!<\/p>\n\n\n\n<div class=\"wp-block-image\"><figure class=\"aligncenter size-large\"><img decoding=\"async\" width=\"1024\" height=\"430\" src=\"https:\/\/chartreux.org\/moines\/wp-content\/uploads\/2020\/11\/PL-spaci8rec-1024x430.jpg\" alt=\"\" class=\"wp-image-888\" srcset=\"https:\/\/chartreux.org\/moines\/wp-content\/uploads\/2020\/11\/PL-spaci8rec-1024x430.jpg 1024w, https:\/\/chartreux.org\/moines\/wp-content\/uploads\/2020\/11\/PL-spaci8rec-300x126.jpg 300w, https:\/\/chartreux.org\/moines\/wp-content\/uploads\/2020\/11\/PL-spaci8rec-768x323.jpg 768w, https:\/\/chartreux.org\/moines\/wp-content\/uploads\/2020\/11\/PL-spaci8rec-1536x645.jpg 1536w, https:\/\/chartreux.org\/moines\/wp-content\/uploads\/2020\/11\/PL-spaci8rec.jpg 1638w\" sizes=\"(max-width: 1024px) 100vw, 1024px\" \/><\/figure><\/div>\n\n\n\n<p><a href=\"#toc_container\" class=\"returnToTop\"> Volver arriba! \u2191 <\/a><\/p>\n","protected":false},"excerpt":{"rendered":"<p>1\u00b0 panel : La orientaci\u00f3n fundamental 2\u00b0 panel : El lugar de la purificaci\u00f3n 3\u00b0 panel [&hellip;]<\/p>\n","protected":false},"author":1,"featured_media":0,"parent":0,"menu_order":0,"comment_status":"closed","ping_status":"closed","template":"template-full-width.php","meta":{"footnotes":""},"class_list":["post-2897","page","type-page","status-publish","hentry"],"_links":{"self":[{"href":"https:\/\/chartreux.org\/moines\/wp-json\/wp\/v2\/pages\/2897","targetHints":{"allow":["GET"]}}],"collection":[{"href":"https:\/\/chartreux.org\/moines\/wp-json\/wp\/v2\/pages"}],"about":[{"href":"https:\/\/chartreux.org\/moines\/wp-json\/wp\/v2\/types\/page"}],"author":[{"embeddable":true,"href":"https:\/\/chartreux.org\/moines\/wp-json\/wp\/v2\/users\/1"}],"replies":[{"embeddable":true,"href":"https:\/\/chartreux.org\/moines\/wp-json\/wp\/v2\/comments?post=2897"}],"version-history":[{"count":0,"href":"https:\/\/chartreux.org\/moines\/wp-json\/wp\/v2\/pages\/2897\/revisions"}],"wp:attachment":[{"href":"https:\/\/chartreux.org\/moines\/wp-json\/wp\/v2\/media?parent=2897"}],"curies":[{"name":"wp","href":"https:\/\/api.w.org\/{rel}","templated":true}]}}